{"id":8794,"date":"2019-10-01T14:37:32","date_gmt":"2019-10-01T12:37:32","guid":{"rendered":"https:\/\/www.industri-sl.com\/transport\/lkw\/retrovisores\/"},"modified":"2025-05-22T11:01:11","modified_gmt":"2025-05-22T09:01:11","slug":"rueckspiegel","status":"publish","type":"page","link":"https:\/\/www.industri-sl.com\/de\/transport\/lkw\/rueckspiegel\/","title":{"rendered":"Kundenspezifische R\u00fcckspiegel f\u00fcr Lkw"},"content":{"rendered":"<h2>Kundenspezifische Fertigung von R\u00fcckspiegeln f\u00fcr Lkw<\/h2>\n<p>Bei INDUSTRI <a href=\"https:\/\/www.industri-sl.com\/de\/ueber-uns\/\">haben wir umfassende Erfahrung<\/a> in der Herstellung von Lkw-R\u00fcckspiegeln. Wir passen uns an den Bedarf unserer Kunden an, entwickeln f\u00fcr jedes Projekt ein spezifisches Design und \u00fcbernehmen auch die anschlie\u00dfende Herstellung des Teils. Dar\u00fcber hinaus f\u00fchrt unsere Qualit\u00e4tsabteilung Sichtbarkeitsstudien der R\u00fcckspiegel durch, um die geltenden Vorschriften f\u00fcr Systeme f\u00fcr indirekte Sicht einzuhalten und bietet einen umfassenden Service f\u00fcr den gesamten Prozess.<\/p>\n<p>Wir fertigen Spiegelplatten <strong>f\u00fcr beheizte und unbeheizte Spiegel<\/strong>, mechanische und elektrische Stellglieder (Motoren), Schalter und Joysticks, Polyester- und Polyurethangeh\u00e4use usw.<\/p>\n<h2>Welche Art von R\u00fcckspiegeln fertigen wir?<\/h2>\n<div><a class=\"boton gris\" href=\"#exteriores\">Au\u00dfenspiegel<\/a> <a class=\"boton gris\" href=\"#interiores\">Innenspiegel<\/a><a class=\"boton gris\" href=\"#componentes\">Bauteile f\u00fcr R\u00fcckspiegel<\/a><\/div>\n<div class=\"light-bg marcas\">\n\t<div class=\"flex\">\n\t\t<h2>unsere Kunden<\/h2>\n\n\t<\/div>\n\n\t<div class=\"flex\">\n\t\t<div class=\"caja\">\n\t\t\t<div class=\"flex marcas-logos\">\n\t\t\t\t<div><a href=\"https:\/\/www.industri-sl.com\/de\/transporte\/recambios\/tren\/caf\/\"><img decoding=\"async\" loading=\"lazy\" src=\"https:\/\/www.industri-sl.com\/wp-content\/themes\/industri\/img\/logo-caf.jpg\" alt=\"CAF\"><\/a><\/div>\n\t\t\t\t<div><a href=\"https:\/\/www.industri-sl.com\/de\/transporte\/recambios\/tren\/talgo\/\"><img decoding=\"async\" loading=\"lazy\" src=\"https:\/\/www.industri-sl.com\/wp-content\/themes\/industri\/img\/logo-talgo.jpg\" alt=\"Talgo\"><\/a><\/div>\n\t\t\t\t<div><img decoding=\"async\" loading=\"lazy\" src=\"https:\/\/www.industri-sl.com\/wp-content\/themes\/industri\/img\/logo-esg-rail.jpg\" alt=\"DBESGRail\"><\/div>\n\t\t\t<\/div>\n\t\t<\/div>\n\t<\/div>\n\t<div class=\"flex\">\n\t\t<div class=\"caja\">\n\t\t\t<div class=\"flex marcas-logos\">\n\t\t\t\t<div><a href=\"https:\/\/www.industri-sl.com\/de\/transporte\/recambios\/tren\/alstom\/\"><img decoding=\"async\" loading=\"lazy\" src=\"https:\/\/www.industri-sl.com\/wp-content\/themes\/industri\/img\/logo-alstom.jpg\" alt=\"ALSTOM\"><\/a><\/div>\n\t\t\t\t<div><img decoding=\"async\" loading=\"lazy\" src=\"https:\/\/www.industri-sl.com\/wp-content\/themes\/industri\/img\/logo-bombardier.jpg\" alt=\"Bombardier\"><\/div>\n\t\t\t\t<div><img decoding=\"async\" loading=\"lazy\" src=\"https:\/\/www.industri-sl.com\/wp-content\/themes\/industri\/img\/logo-stadler.jpg\" alt=\"Stadler\"><\/div>\n\t\t\t<\/div>\n\t\t<\/div>\n\t<\/div>\n\t<br>\n\t<a class=\"boton sin\" href=\"#formulario\">ANFRAGE ZUM ANGEBOT<\/a>\n<\/div>\n\n<h3 id=\"exteriores\" class=\"ancla\">Au\u00dfenspiegel<\/h3>\n<p><img loading=\"lazy\" decoding=\"async\" class=\"alignright size-medium wp-image-1784\" src=\"https:\/\/www.industri-sl.com\/wp-content\/uploads\/retrovisor-1-300x222.jpg\" alt=\"Au\u00dfenspiegel f\u00fcr Lkw\" width=\"300\" height=\"222\" srcset=\"https:\/\/www.industri-sl.com\/wp-content\/uploads\/retrovisor-1-300x222.jpg 300w, https:\/\/www.industri-sl.com\/wp-content\/uploads\/retrovisor-1-768x569.jpg 768w, https:\/\/www.industri-sl.com\/wp-content\/uploads\/retrovisor-1.jpg 800w\" sizes=\"auto, (max-width: 300px) 100vw, 300px\" \/>Mit dem Ziel, den Au\u00dfenspiegel so zu gestalten, dass er dem Bedarf <a href=\"https:\/\/www.industri-sl.com\/de\/kunden\/\">unserer Kunden<\/a> am besten entspricht, \u00fcbernehmen wir den gesamten Prozess vom Design \u00fcber die Zulassungsgenehmigung und Fertigung des Endprodukts bis hin zur Durchf\u00fchrung einer Sichtbarkeitsstudie, um alle geltenden Vorschriften zu Systemen f\u00fcr indirekte Sicht zu erf\u00fcllen.<\/p>\n<p>Bei INDUSTRI arbeiten wir w\u00e4hrend des gesamten Prozesses eng mit dem Kunden zusammen, um so <strong>die optimalen R\u00fcckspiegel f\u00fcr seine Lkw zu erzielen<\/strong>.<\/p>\n<h3 id=\"interiores\" class=\"ancla\">Innenspiegel<\/h3>\n<p>Die von INDUSTRI gefertigten Innenspiegel sind so konstruiert, dass sie im Innern des Lkws platziert werden, sodass <strong>sie dem Fahrer eine Rundumsicht des Fahrzeuginnenraums verschaffen<\/strong>.<\/p>\n<p>Der Innenspiegel ist an der Karosserie des Lastkraftwagens mittels eines Arms befestigt, <strong>der am Ende eine Halterung aufweist<\/strong>, die mit einem Kleber an einer anderen Platte mit \u00e4hnlichen Ma\u00dfen angebracht wird. Diese Platte wird mit 4 Schrauben an der Karosserie befestigt, sodass sich im Fall eines Zusammenpralls das gesamte Spiegelgeh\u00e4use und somit auch der Arm von der an der Karosserie befestigten Halterung l\u00f6st.<\/p>\n<p>Wir haben verschiedene Modelle von Innenspiegeln:<\/p>\n<h4>Ovale Innenspiegel<\/h4>\n<p><img loading=\"lazy\" decoding=\"async\" class=\"alignright size-medium wp-image-1872\" src=\"https:\/\/www.industri-sl.com\/wp-content\/uploads\/espejo-interior-oval-4-2-300x215.jpg\" alt=\"Ovale Innenspiegel f\u00fcr Lkw\" width=\"300\" height=\"215\" srcset=\"https:\/\/www.industri-sl.com\/wp-content\/uploads\/espejo-interior-oval-4-2-300x215.jpg 300w, https:\/\/www.industri-sl.com\/wp-content\/uploads\/espejo-interior-oval-4-2-768x551.jpg 768w, https:\/\/www.industri-sl.com\/wp-content\/uploads\/espejo-interior-oval-4-2.jpg 800w\" sizes=\"auto, (max-width: 300px) 100vw, 300px\" \/>Unsere ovalen Innenspiegel bestehen aus einem Geh\u00e4use oder Hauptk\u00f6rper aus Polyamid-6 <strong>mit einem entsprechenden Hohlraum zur Einh\u00e4usung des Spiegels<\/strong>. Der Spiegelhalter ist mittels 4 Senkkopfschrauben in das Hauptgeh\u00e4use eingearbeitet. Der Spiegel wird mit einem Doppelkleber auf die Halterung geklebt.<\/p>\n<p>An der R\u00fcckseite des Innenspiegelgeh\u00e4uses wird mithilfe einer Inbusschraube eine Armbefestigung angebracht, die als Scharnier f\u00fcr die Seitenschwenkbewegung und ebenso <strong>zur Befestigung des Armes dient<\/strong>.<\/p>\n<h4>Rechteckige Innenspiegel<\/h4>\n<p><img loading=\"lazy\" decoding=\"async\" class=\"alignright size-medium wp-image-1848\" src=\"https:\/\/www.industri-sl.com\/wp-content\/uploads\/espejo-rectangular-5-1-300x225.jpg\" alt=\"Rechteckige Innenspiegel f\u00fcr Lkw\" width=\"300\" height=\"225\" srcset=\"https:\/\/www.industri-sl.com\/wp-content\/uploads\/espejo-rectangular-5-1-300x225.jpg 300w, https:\/\/www.industri-sl.com\/wp-content\/uploads\/espejo-rectangular-5-1-768x576.jpg 768w, https:\/\/www.industri-sl.com\/wp-content\/uploads\/espejo-rectangular-5-1.jpg 800w\" sizes=\"auto, (max-width: 300px) 100vw, 300px\" \/>Diese Spiegel haben eine rechteckige Form und werden in den vom Kunden angegebenen Ma\u00dfen entworfen und hergestellt.  Sie sind mit einem r\u00fcckseitigen Befestigungsarm ausgestattet. Der Spiegel wird auf einer Stahlplatte befestigt und hat eine Gummiverkleidung, <strong>die f\u00fcr ein optisch anziehendes Aussehen sorgt<\/strong>.<\/p>\n<h4>Runde Innenspiegel<\/h4>\n<p><img loading=\"lazy\" decoding=\"async\" class=\"alignright size-medium wp-image-1840\" src=\"https:\/\/www.industri-sl.com\/wp-content\/uploads\/espejo-interior-redondo-4-1-300x215.jpg\" alt=\"Runde Innenspiegel f\u00fcr Lkw\" width=\"300\" height=\"215\" srcset=\"https:\/\/www.industri-sl.com\/wp-content\/uploads\/espejo-interior-redondo-4-1-300x215.jpg 300w, https:\/\/www.industri-sl.com\/wp-content\/uploads\/espejo-interior-redondo-4-1-768x551.jpg 768w, https:\/\/www.industri-sl.com\/wp-content\/uploads\/espejo-interior-redondo-4-1.jpg 800w\" sizes=\"auto, (max-width: 300px) 100vw, 300px\" \/><br \/>\nDiese R\u00fcckspiegel werden zur optimalen Anpassung an die Fahrzeugabmessungen mit dem vom Kunden vorgeschriebenen Durchmesser gefertigt. Zur Befestigung auf der gew\u00fcnschten Ebene sind sie an der R\u00fcckseite <strong>mit Metallarmen ausgestattet<\/strong>.<\/p>\n<h3 id=\"componentes\" class=\"ancla\">Bauteile<\/h3>\n<p>Zus\u00e4tzlich zur Komplettfertigung von R\u00fcckspiegeln f\u00fcr Busse entwickeln und fertigen wir bei INDUSTRI auch separat einige der Einzelteile f\u00fcr Au\u00dfen- und Innenspiegel.<\/p>\n<p>Diese Bau- und Ersatzteile der R\u00fcckspiegel sind <strong>f\u00fcr eine optimale Funktionsweise<\/strong> von Bussen und Reisebussen unerl\u00e4sslich. Zum Angebot geh\u00f6ren u.a. Stellschalter, Joystick-Schalter, Schwalbenschwanzverbindungen oder R\u00fcckspiegel.<\/p>\n<p>Wir verf\u00fcgen \u00fcber die folgenden Bauteile f\u00fcr Lkw-R\u00fcckspiegel:<\/p>\n<h4>Schwalbenschwanzverbindungen<\/h4>\n<p><img loading=\"lazy\" decoding=\"async\" class=\"alignright size-medium wp-image-1944\" src=\"https:\/\/www.industri-sl.com\/wp-content\/uploads\/cola-de-milano-2-1-300x225.jpg\" alt=\"Schwalbenschwanzverbindungen f\u00fcr Lkw\" width=\"300\" height=\"225\" srcset=\"https:\/\/www.industri-sl.com\/wp-content\/uploads\/cola-de-milano-2-1-300x225.jpg 300w, https:\/\/www.industri-sl.com\/wp-content\/uploads\/cola-de-milano-2-1-768x576.jpg 768w, https:\/\/www.industri-sl.com\/wp-content\/uploads\/cola-de-milano-2-1.jpg 800w\" sizes=\"auto, (max-width: 300px) 100vw, 300px\" \/>Je nach R\u00fcckspiegelmodell gibt es unterschiedliche Befestigungssysteme des R\u00fcckspiegels an der Karosserie des Krankenwagens:<\/p>\n<p>F\u00fcr fest installierte und nicht klappbare R\u00fcckspiegel werden Schwalbenschwanzverbindungen mit Nut und Feder verwendet. Beide Bauteile werden entweder aus Aluminium per Einspritzung oder Schwerkraft-Spritzguss hergestellt und lassen w\u00e4hrend der Fahrt weder Dreh-noch Verstellbewegungen zu. Die Nut der Schwalbenschwanzverbindung wird <strong>am Pfosten des Fahrzeugs befestigt<\/strong>, w\u00e4hrend die Feder am R\u00fcckspiegel selbst angebracht wird.<\/p>\n<h4>Schalter<\/h4>\n<p><img loading=\"lazy\" decoding=\"async\" class=\"alignright size-medium wp-image-1932\" src=\"https:\/\/www.industri-sl.com\/wp-content\/uploads\/interruptor-2-1-300x225.jpg\" alt=\"Schalter f\u00fcr Lkw\" width=\"300\" height=\"225\" srcset=\"https:\/\/www.industri-sl.com\/wp-content\/uploads\/interruptor-2-1-300x225.jpg 300w, https:\/\/www.industri-sl.com\/wp-content\/uploads\/interruptor-2-1-768x576.jpg 768w, https:\/\/www.industri-sl.com\/wp-content\/uploads\/interruptor-2-1.jpg 800w\" sizes=\"auto, (max-width: 300px) 100vw, 300px\" \/>Diese Schalter sind vom Typ Joystick und erm\u00f6glichen das Verstellen der R\u00fcckspiegelplatten aus dem Innern des Lastwagens, ohne dass der Fahrer sich von seinem Sitz bewegen muss, wodurch der Vorgang beschleunigt und die Sicherheit erh\u00f6ht wird.<\/p>\n<h4>R\u00fcckspiegel<\/h4>\n<p><img loading=\"lazy\" decoding=\"async\" class=\"wp-image-1924 alignright\" src=\"https:\/\/www.industri-sl.com\/wp-content\/uploads\/placa-de-espejo-1-2.jpg\" alt=\"R\u00fcckspiegel f\u00fcr Lkw\" width=\"315\" height=\"230\" srcset=\"https:\/\/www.industri-sl.com\/wp-content\/uploads\/placa-de-espejo-1-2.jpg 800w, https:\/\/www.industri-sl.com\/wp-content\/uploads\/placa-de-espejo-1-2-300x219.jpg 300w, https:\/\/www.industri-sl.com\/wp-content\/uploads\/placa-de-espejo-1-2-768x562.jpg 768w\" sizes=\"auto, (max-width: 315px) 100vw, 315px\" \/>Die R\u00fcckspiegel werden gem\u00e4\u00df <a href=\"https:\/\/www.industri-sl.com\/de\/ingenieurleistungen\/\">den Anforderungen des Kunden<\/a>, des R\u00fcckspiegelmodells und des Lkws entworfen.<\/p>\n<p>Die R\u00fcckspiegel haben unterschiedliche Abmessungen und Kr\u00fcmmungsradien. <strong>Einige dieser R\u00fcckspiegel sind beheizt<\/strong>, um zu vermeiden, dass sie bei K\u00e4lte beschlagen, wodurch die Sicht f\u00fcr den Fahrer bei schlechten Wetterverh\u00e4ltnissen verbessert wird.<br \/>\n&nbsp;<br \/>\n&nbsp;<\/p>\n<div class=\"otras-piezas\">\n<h4>Wir stellen auch andere ma\u00dfgefertigte Teile her:<\/h4>\n<div><a class=\"boton gris\" href=\"https:\/\/www.industri-sl.com\/de\/transport\/lkw\/vorhaenge\/\">Vorh\u00e4nge<\/a><\/div>\n<\/div>\n","protected":false},"excerpt":{"rendered":"<p>Kundenspezifische Fertigung von R\u00fcckspiegeln f\u00fcr Lkw Bei INDUSTRI haben wir umfassende Erfahrung in der Herstellung von Lkw-R\u00fcckspiegeln. Wir passen uns an den Bedarf unserer Kunden an, entwickeln f\u00fcr jedes Projekt ein spezifisches Design und \u00fcbernehmen auch die anschlie\u00dfende Herstellung des Teils. Dar\u00fcber hinaus f\u00fchrt unsere Qualit\u00e4tsabteilung Sichtbarkeitsstudien der R\u00fcckspiegel durch, um die geltenden Vorschriften f\u00fcr [&hellip;]<\/p>\n","protected":false},"author":3,"featured_media":0,"parent":8788,"menu_order":0,"comment_status":"closed","ping_status":"closed","template":"page-vehiculos.php","meta":{"footnotes":""},"class_list":["post-8794","page","type-page","status-publish","hentry"],"yoast_head":"<!-- This site is optimized with the Yoast SEO plugin v27.5 - https:\/\/yoast.com\/product\/yoast-seo-wordpress\/ -->\n<title>Fertigung kundenspezifischer R\u00fcckspiegel f\u00fcr Lkw - INDUSTRI<\/title>\n<meta name=\"description\" content=\"Bei INDUSTRI entwerfen und fertigen wir kundenspezifische R\u00fcckspiegel f\u00fcr Lkw, die dem Bedarf jedes Kunden entsprechen.\" \/>\n<meta name=\"robots\" content=\"index, follow, max-snippet:-1, max-image-preview:large, max-video-preview:-1\" \/>\n<link rel=\"canonical\" href=\"https:\/\/www.industri-sl.com\/de\/transport\/lkw\/rueckspiegel\/\" \/>\n<meta property=\"og:locale\" content=\"de_DE\" \/>\n<meta property=\"og:type\" content=\"article\" \/>\n<meta property=\"og:title\" content=\"Fertigung kundenspezifischer R\u00fcckspiegel f\u00fcr Lkw - INDUSTRI\" \/>\n<meta property=\"og:description\" content=\"Bei INDUSTRI entwerfen und fertigen wir kundenspezifische R\u00fcckspiegel f\u00fcr Lkw, die dem Bedarf jedes Kunden entsprechen.\" \/>\n<meta property=\"og:url\" content=\"https:\/\/www.industri-sl.com\/de\/transport\/lkw\/rueckspiegel\/\" \/>\n<meta property=\"og:site_name\" content=\"Industri SL\" \/>\n<meta property=\"article:modified_time\" content=\"2025-05-22T09:01:11+00:00\" \/>\n<meta property=\"og:image\" content=\"https:\/\/www.industri-sl.com\/wp-content\/uploads\/retrovisor-1-300x222.jpg\" \/>\n<meta name=\"twitter:card\" content=\"summary_large_image\" \/>\n<meta name=\"twitter:label1\" content=\"Gesch\u00e4tzte Lesezeit\" \/>\n\t<meta name=\"twitter:data1\" content=\"5\u00a0Minuten\" \/>\n<script type=\"application\/ld+json\" class=\"yoast-schema-graph\">{\"@context\":\"https:\\\/\\\/schema.org\",\"@graph\":[{\"@type\":\"WebPage\",\"@id\":\"https:\\\/\\\/www.industri-sl.com\\\/de\\\/transport\\\/lkw\\\/rueckspiegel\\\/\",\"url\":\"https:\\\/\\\/www.industri-sl.com\\\/de\\\/transport\\\/lkw\\\/rueckspiegel\\\/\",\"name\":\"Fertigung kundenspezifischer R\u00fcckspiegel f\u00fcr Lkw - INDUSTRI\",\"isPartOf\":{\"@id\":\"https:\\\/\\\/www.industri-sl.com\\\/de\\\/#website\"},\"primaryImageOfPage\":{\"@id\":\"https:\\\/\\\/www.industri-sl.com\\\/de\\\/transport\\\/lkw\\\/rueckspiegel\\\/#primaryimage\"},\"image\":{\"@id\":\"https:\\\/\\\/www.industri-sl.com\\\/de\\\/transport\\\/lkw\\\/rueckspiegel\\\/#primaryimage\"},\"thumbnailUrl\":\"https:\\\/\\\/www.industri-sl.com\\\/wp-content\\\/uploads\\\/retrovisor-1-300x222.jpg\",\"datePublished\":\"2019-10-01T12:37:32+00:00\",\"dateModified\":\"2025-05-22T09:01:11+00:00\",\"description\":\"Bei INDUSTRI entwerfen und fertigen wir kundenspezifische R\u00fcckspiegel f\u00fcr Lkw, die dem Bedarf jedes Kunden entsprechen.\",\"breadcrumb\":{\"@id\":\"https:\\\/\\\/www.industri-sl.com\\\/de\\\/transport\\\/lkw\\\/rueckspiegel\\\/#breadcrumb\"},\"inLanguage\":\"de\",\"potentialAction\":[{\"@type\":\"ReadAction\",\"target\":[\"https:\\\/\\\/www.industri-sl.com\\\/de\\\/transport\\\/lkw\\\/rueckspiegel\\\/\"]}]},{\"@type\":\"ImageObject\",\"inLanguage\":\"de\",\"@id\":\"https:\\\/\\\/www.industri-sl.com\\\/de\\\/transport\\\/lkw\\\/rueckspiegel\\\/#primaryimage\",\"url\":\"https:\\\/\\\/www.industri-sl.com\\\/wp-content\\\/uploads\\\/retrovisor-1-300x222.jpg\",\"contentUrl\":\"https:\\\/\\\/www.industri-sl.com\\\/wp-content\\\/uploads\\\/retrovisor-1-300x222.jpg\"},{\"@type\":\"BreadcrumbList\",\"@id\":\"https:\\\/\\\/www.industri-sl.com\\\/de\\\/transport\\\/lkw\\\/rueckspiegel\\\/#breadcrumb\",\"itemListElement\":[{\"@type\":\"ListItem\",\"position\":1,\"name\":\"Inicio\",\"item\":\"https:\\\/\\\/www.industri-sl.com\\\/de\\\/\"},{\"@type\":\"ListItem\",\"position\":2,\"name\":\"Gesch\u00e4ftsbereich Transport\",\"item\":\"https:\\\/\\\/www.industri-sl.com\\\/de\\\/transport\\\/\"},{\"@type\":\"ListItem\",\"position\":3,\"name\":\"Kundenspezifische Herstellung f\u00fcr Lkw\",\"item\":\"https:\\\/\\\/www.industri-sl.com\\\/de\\\/transport\\\/lkw\\\/\"},{\"@type\":\"ListItem\",\"position\":4,\"name\":\"Kundenspezifische R\u00fcckspiegel f\u00fcr Lkw\"}]},{\"@type\":\"WebSite\",\"@id\":\"https:\\\/\\\/www.industri-sl.com\\\/de\\\/#website\",\"url\":\"https:\\\/\\\/www.industri-sl.com\\\/de\\\/\",\"name\":\"Industri SL\",\"description\":\"\",\"publisher\":{\"@id\":\"https:\\\/\\\/www.industri-sl.com\\\/de\\\/#organization\"},\"potentialAction\":[{\"@type\":\"SearchAction\",\"target\":{\"@type\":\"EntryPoint\",\"urlTemplate\":\"https:\\\/\\\/www.industri-sl.com\\\/de\\\/?s={search_term_string}\"},\"query-input\":{\"@type\":\"PropertyValueSpecification\",\"valueRequired\":true,\"valueName\":\"search_term_string\"}}],\"inLanguage\":\"de\"},{\"@type\":\"Organization\",\"@id\":\"https:\\\/\\\/www.industri-sl.com\\\/de\\\/#organization\",\"name\":\"Industri SL\",\"url\":\"https:\\\/\\\/www.industri-sl.com\\\/de\\\/\",\"logo\":{\"@type\":\"ImageObject\",\"inLanguage\":\"de\",\"@id\":\"https:\\\/\\\/www.industri-sl.com\\\/de\\\/#\\\/schema\\\/logo\\\/image\\\/\",\"url\":\"https:\\\/\\\/www.industri-sl.com\\\/wp-content\\\/uploads\\\/industri-logo.png\",\"contentUrl\":\"https:\\\/\\\/www.industri-sl.com\\\/wp-content\\\/uploads\\\/industri-logo.png\",\"width\":248,\"height\":45,\"caption\":\"Industri SL\"},\"image\":{\"@id\":\"https:\\\/\\\/www.industri-sl.com\\\/de\\\/#\\\/schema\\\/logo\\\/image\\\/\"}}]}<\/script>\n<!-- \/ Yoast SEO plugin. -->","yoast_head_json":{"title":"Fertigung kundenspezifischer R\u00fcckspiegel f\u00fcr Lkw - INDUSTRI","description":"Bei INDUSTRI entwerfen und fertigen wir kundenspezifische R\u00fcckspiegel f\u00fcr Lkw, die dem Bedarf jedes Kunden entsprechen.","robots":{"index":"index","follow":"follow","max-snippet":"max-snippet:-1","max-image-preview":"max-image-preview:large","max-video-preview":"max-video-preview:-1"},"canonical":"https:\/\/www.industri-sl.com\/de\/transport\/lkw\/rueckspiegel\/","og_locale":"de_DE","og_type":"article","og_title":"Fertigung kundenspezifischer R\u00fcckspiegel f\u00fcr Lkw - INDUSTRI","og_description":"Bei INDUSTRI entwerfen und fertigen wir kundenspezifische R\u00fcckspiegel f\u00fcr Lkw, die dem Bedarf jedes Kunden entsprechen.","og_url":"https:\/\/www.industri-sl.com\/de\/transport\/lkw\/rueckspiegel\/","og_site_name":"Industri SL","article_modified_time":"2025-05-22T09:01:11+00:00","og_image":[{"url":"https:\/\/www.industri-sl.com\/wp-content\/uploads\/retrovisor-1-300x222.jpg","type":"","width":"","height":""}],"twitter_card":"summary_large_image","twitter_misc":{"Gesch\u00e4tzte Lesezeit":"5\u00a0Minuten"},"schema":{"@context":"https:\/\/schema.org","@graph":[{"@type":"WebPage","@id":"https:\/\/www.industri-sl.com\/de\/transport\/lkw\/rueckspiegel\/","url":"https:\/\/www.industri-sl.com\/de\/transport\/lkw\/rueckspiegel\/","name":"Fertigung kundenspezifischer R\u00fcckspiegel f\u00fcr Lkw - INDUSTRI","isPartOf":{"@id":"https:\/\/www.industri-sl.com\/de\/#website"},"primaryImageOfPage":{"@id":"https:\/\/www.industri-sl.com\/de\/transport\/lkw\/rueckspiegel\/#primaryimage"},"image":{"@id":"https:\/\/www.industri-sl.com\/de\/transport\/lkw\/rueckspiegel\/#primaryimage"},"thumbnailUrl":"https:\/\/www.industri-sl.com\/wp-content\/uploads\/retrovisor-1-300x222.jpg","datePublished":"2019-10-01T12:37:32+00:00","dateModified":"2025-05-22T09:01:11+00:00","description":"Bei INDUSTRI entwerfen und fertigen wir kundenspezifische R\u00fcckspiegel f\u00fcr Lkw, die dem Bedarf jedes Kunden entsprechen.","breadcrumb":{"@id":"https:\/\/www.industri-sl.com\/de\/transport\/lkw\/rueckspiegel\/#breadcrumb"},"inLanguage":"de","potentialAction":[{"@type":"ReadAction","target":["https:\/\/www.industri-sl.com\/de\/transport\/lkw\/rueckspiegel\/"]}]},{"@type":"ImageObject","inLanguage":"de","@id":"https:\/\/www.industri-sl.com\/de\/transport\/lkw\/rueckspiegel\/#primaryimage","url":"https:\/\/www.industri-sl.com\/wp-content\/uploads\/retrovisor-1-300x222.jpg","contentUrl":"https:\/\/www.industri-sl.com\/wp-content\/uploads\/retrovisor-1-300x222.jpg"},{"@type":"BreadcrumbList","@id":"https:\/\/www.industri-sl.com\/de\/transport\/lkw\/rueckspiegel\/#breadcrumb","itemListElement":[{"@type":"ListItem","position":1,"name":"Inicio","item":"https:\/\/www.industri-sl.com\/de\/"},{"@type":"ListItem","position":2,"name":"Gesch\u00e4ftsbereich Transport","item":"https:\/\/www.industri-sl.com\/de\/transport\/"},{"@type":"ListItem","position":3,"name":"Kundenspezifische Herstellung f\u00fcr Lkw","item":"https:\/\/www.industri-sl.com\/de\/transport\/lkw\/"},{"@type":"ListItem","position":4,"name":"Kundenspezifische R\u00fcckspiegel f\u00fcr Lkw"}]},{"@type":"WebSite","@id":"https:\/\/www.industri-sl.com\/de\/#website","url":"https:\/\/www.industri-sl.com\/de\/","name":"Industri SL","description":"","publisher":{"@id":"https:\/\/www.industri-sl.com\/de\/#organization"},"potentialAction":[{"@type":"SearchAction","target":{"@type":"EntryPoint","urlTemplate":"https:\/\/www.industri-sl.com\/de\/?s={search_term_string}"},"query-input":{"@type":"PropertyValueSpecification","valueRequired":true,"valueName":"search_term_string"}}],"inLanguage":"de"},{"@type":"Organization","@id":"https:\/\/www.industri-sl.com\/de\/#organization","name":"Industri SL","url":"https:\/\/www.industri-sl.com\/de\/","logo":{"@type":"ImageObject","inLanguage":"de","@id":"https:\/\/www.industri-sl.com\/de\/#\/schema\/logo\/image\/","url":"https:\/\/www.industri-sl.com\/wp-content\/uploads\/industri-logo.png","contentUrl":"https:\/\/www.industri-sl.com\/wp-content\/uploads\/industri-logo.png","width":248,"height":45,"caption":"Industri SL"},"image":{"@id":"https:\/\/www.industri-sl.com\/de\/#\/schema\/logo\/image\/"}}]}},"_links":{"self":[{"href":"https:\/\/www.industri-sl.com\/de\/wp-json\/wp\/v2\/pages\/8794","targetHints":{"allow":["GET"]}}],"collection":[{"href":"https:\/\/www.industri-sl.com\/de\/wp-json\/wp\/v2\/pages"}],"about":[{"href":"https:\/\/www.industri-sl.com\/de\/wp-json\/wp\/v2\/types\/page"}],"author":[{"embeddable":true,"href":"https:\/\/www.industri-sl.com\/de\/wp-json\/wp\/v2\/users\/3"}],"replies":[{"embeddable":true,"href":"https:\/\/www.industri-sl.com\/de\/wp-json\/wp\/v2\/comments?post=8794"}],"version-history":[{"count":0,"href":"https:\/\/www.industri-sl.com\/de\/wp-json\/wp\/v2\/pages\/8794\/revisions"}],"up":[{"embeddable":true,"href":"https:\/\/www.industri-sl.com\/de\/wp-json\/wp\/v2\/pages\/8788"}],"wp:attachment":[{"href":"https:\/\/www.industri-sl.com\/de\/wp-json\/wp\/v2\/media?parent=8794"}],"curies":[{"name":"wp","href":"https:\/\/api.w.org\/{rel}","templated":true}]}}