{"id":8791,"date":"2019-10-01T14:34:41","date_gmt":"2019-10-01T12:34:41","guid":{"rendered":"https:\/\/www.industri-sl.com\/transport\/lkw\/cortinas\/"},"modified":"2025-05-21T14:25:49","modified_gmt":"2025-05-21T12:25:49","slug":"vorhaenge","status":"publish","type":"page","link":"https:\/\/www.industri-sl.com\/de\/transport\/lkw\/vorhaenge\/","title":{"rendered":"Ma\u00dfgefertigte Vorh\u00e4nge f\u00fcr Lkw"},"content":{"rendered":"<h2>Fertigung kundenspezifischer Vorh\u00e4nge f\u00fcr Lkw<\/h2>\n<p>Wir fertigen alle Arten von Vorh\u00e4ngen f\u00fcr LKW. <a href=\"https:\/\/www.industri-sl.com\/de\/ingenieurleistungen\/\">Unsere F+E+I-Abteilung arbeitet<\/a>, um bei jedem Projekt eine effektive Kundenanpassung zu gew\u00e4hrleisten. Deshalb entwerfen wir genau den Vorhang, der Ihren Anforderungen am besten entspricht und liefern Ihnen das montierte Teil.<\/p>\n<p>Alle unsere Vorh\u00e4nge sind <strong>aus hochwertigen Materialien gefertigt<\/strong>, um den Wartungsaufwand auf ein Minimum zu reduzieren. In unserem Katalog finden Sie auch ein umfangreiches Sortiment an Grammaturen, Farben und Zubeh\u00f6r.<\/p>\n<h2>Welche Art von Vorh\u00e4ngen fertigen wir?<\/h2>\n<div><a class=\"boton gris\" href=\"#autofrenadas\">Rastrollos<\/a> <a class=\"boton gris\" href=\"#pantograficas\">Scherenrollos<\/a> <a class=\"boton gris\" href=\"#enrollables\">Elektrische Rollos<\/a> <a class=\"boton gris\" href=\"#mecanicas\">Mechanische Rollos<\/a><\/div>\n<div class=\"light-bg marcas\">\n\t<div class=\"flex\">\n\t\t<h2>unsere Kunden<\/h2>\n\n\t<\/div>\n\n\t<div class=\"flex\">\n\t\t<div class=\"caja\">\n\t\t\t<div class=\"flex marcas-logos\">\n\t\t\t\t<div><a href=\"https:\/\/www.industri-sl.com\/de\/transporte\/recambios\/tren\/caf\/\"><img decoding=\"async\" loading=\"lazy\" src=\"https:\/\/www.industri-sl.com\/wp-content\/themes\/industri\/img\/logo-caf.jpg\" alt=\"CAF\"><\/a><\/div>\n\t\t\t\t<div><a href=\"https:\/\/www.industri-sl.com\/de\/transporte\/recambios\/tren\/talgo\/\"><img decoding=\"async\" loading=\"lazy\" src=\"https:\/\/www.industri-sl.com\/wp-content\/themes\/industri\/img\/logo-talgo.jpg\" alt=\"Talgo\"><\/a><\/div>\n\t\t\t\t<div><img decoding=\"async\" loading=\"lazy\" src=\"https:\/\/www.industri-sl.com\/wp-content\/themes\/industri\/img\/logo-esg-rail.jpg\" alt=\"DBESGRail\"><\/div>\n\t\t\t<\/div>\n\t\t<\/div>\n\t<\/div>\n\t<div class=\"flex\">\n\t\t<div class=\"caja\">\n\t\t\t<div class=\"flex marcas-logos\">\n\t\t\t\t<div><a href=\"https:\/\/www.industri-sl.com\/de\/transporte\/recambios\/tren\/alstom\/\"><img decoding=\"async\" loading=\"lazy\" src=\"https:\/\/www.industri-sl.com\/wp-content\/themes\/industri\/img\/logo-alstom.jpg\" alt=\"ALSTOM\"><\/a><\/div>\n\t\t\t\t<div><img decoding=\"async\" loading=\"lazy\" src=\"https:\/\/www.industri-sl.com\/wp-content\/themes\/industri\/img\/logo-bombardier.jpg\" alt=\"Bombardier\"><\/div>\n\t\t\t\t<div><img decoding=\"async\" loading=\"lazy\" src=\"https:\/\/www.industri-sl.com\/wp-content\/themes\/industri\/img\/logo-stadler.jpg\" alt=\"Stadler\"><\/div>\n\t\t\t<\/div>\n\t\t<\/div>\n\t<\/div>\n\t<br>\n\t<a class=\"boton sin\" href=\"#formulario\">ANFRAGE ZUM ANGEBOT<\/a>\n<\/div>\n\n<h3 id=\"autofrenadas\" class=\"ancla\">Rastrollos<\/h3>\n<p><img loading=\"lazy\" decoding=\"async\" class=\"alignright wp-image-2156 size-medium\" src=\"https:\/\/www.industri-sl.com\/wp-content\/uploads\/cortina-autofrenada-2-2-300x225.jpg\" alt=\"Rastrollos f\u00fcr Lkw\" width=\"300\" height=\"225\" srcset=\"https:\/\/www.industri-sl.com\/wp-content\/uploads\/cortina-autofrenada-2-2-300x225.jpg 300w, https:\/\/www.industri-sl.com\/wp-content\/uploads\/cortina-autofrenada-2-2-768x576.jpg 768w, https:\/\/www.industri-sl.com\/wp-content\/uploads\/cortina-autofrenada-2-2.jpg 800w\" sizes=\"auto, (max-width: 300px) 100vw, 300px\" \/>Dieses Vorhangmodell hat eine l\u00e4ngere Lebensdauer als andere, da es <strong>ein sanftes Aufrollen erm\u00f6glicht<\/strong>, wenn der Benutzer den Vorhang pl\u00f6tzlich losl\u00e4sst, wodurch sich zudem der Komfort der Fahrg\u00e4ste erh\u00f6ht.<\/p>\n<p>Schauen Sie sich <strong>unser umfangreiches Sortiment an Stoffen, Farben und Zubeh\u00f6r<\/strong> f\u00fcr unsere Rastrollos an.<\/p>\n<h3 id=\"pantograficas\" class=\"ancla\">Scherenrollos<\/h3>\n<p><img loading=\"lazy\" decoding=\"async\" class=\"alignright wp-image-2363 size-medium\" src=\"https:\/\/www.industri-sl.com\/wp-content\/uploads\/cortina-london-1-3-e1576738920996-300x193.jpg\" alt=\"Scherenrollos f\u00fcr Lkw\" width=\"300\" height=\"193\" srcset=\"https:\/\/www.industri-sl.com\/wp-content\/uploads\/cortina-london-1-3-e1576738920996-300x193.jpg 300w, https:\/\/www.industri-sl.com\/wp-content\/uploads\/cortina-london-1-3-e1576738920996-768x495.jpg 768w, https:\/\/www.industri-sl.com\/wp-content\/uploads\/cortina-london-1-3-e1576738920996.jpg 792w\" sizes=\"auto, (max-width: 300px) 100vw, 300px\" \/>Dank eines <strong>von unserer F+E+I-Abteilung<\/strong> entwickelten Systems k\u00f6nnen diese Rollos je nach Platzierungsbedarf in verschiedenen Winkeln positioniert werden.<\/p>\n<p>Die elektrisch bet\u00e4tigten Scherenrollos sind mit einem r\u00fcckw\u00e4rtigen Scherensystem ausgestattet, dank dem die seitlichen F\u00fchrungsstangen des Vorhangs \u00fcberfl\u00fcssig werden. Sie sind mit lautlosen 24V-Motoren mit Endschaltern zum programmierbaren \u00d6ffnen und Schlie\u00dfen ausgestattet. Das Geh\u00e4use ist aus<strong> grau lackiertem Aluminium<\/strong>.<\/p>\n<p>Zus\u00e4tzlich zur Scherenausf\u00fchrung ist auch ein <strong>X-f\u00f6rmiges Modell lieferbar<\/strong>.<\/p>\n<h3 id=\"enrollables\" class=\"ancla\">Elektrische Rollos<\/h3>\n<p><img loading=\"lazy\" decoding=\"async\" class=\"alignright size-medium wp-image-2076\" src=\"https:\/\/www.industri-sl.com\/wp-content\/uploads\/cortina-electrica-enrollable-2-2-300x225.jpg\" alt=\"Elektrische Rollos f\u00fcr Lkw\" width=\"300\" height=\"225\" srcset=\"https:\/\/www.industri-sl.com\/wp-content\/uploads\/cortina-electrica-enrollable-2-2-300x225.jpg 300w, https:\/\/www.industri-sl.com\/wp-content\/uploads\/cortina-electrica-enrollable-2-2-768x576.jpg 768w, https:\/\/www.industri-sl.com\/wp-content\/uploads\/cortina-electrica-enrollable-2-2.jpg 800w\" sizes=\"auto, (max-width: 300px) 100vw, 300px\" \/>Die elektrischen Rollos sind je nach Verwendungszweck mit unterschiedlichen Motortypen ausgestattet. In der Regel verwenden <strong>wir bei INDUSTRI einen Rohrmotor<\/strong>. Diese Rollos werden mit einem Au\u00dfengeh\u00e4use aus Aluminium hergestellt, k\u00f6nnen aber auch ohne Geh\u00e4use gefertigt werden. <\/p>\n<p>Wir verf\u00fcgen \u00fcber eine gro\u00dfe Auswahl an Stoffen <strong>mit verschiedenen Grammaturen und Farben<\/strong>, die alle schwer entflammbar sind und die in der Automobilbranche g\u00fcltigen Brand- und Rauchschutzvorschriften erf\u00fcllen.<\/p>\n<h3 id=\"mecanicas\" class=\"ancla\">Mechanische Rollos<\/h3>\n<p><img loading=\"lazy\" decoding=\"async\" class=\"alignright size-medium wp-image-2813\" src=\"https:\/\/www.industri-sl.com\/wp-content\/uploads\/cortina-mecanica-2-3-300x225.jpg\" alt=\"Mechanische Rollos f\u00fcr Lkw\" width=\"300\" height=\"225\" srcset=\"https:\/\/www.industri-sl.com\/wp-content\/uploads\/cortina-mecanica-2-3-300x225.jpg 300w, https:\/\/www.industri-sl.com\/wp-content\/uploads\/cortina-mecanica-2-3-768x576.jpg 768w, https:\/\/www.industri-sl.com\/wp-content\/uploads\/cortina-mecanica-2-3.jpg 800w\" sizes=\"auto, (max-width: 300px) 100vw, 300px\" \/>Die mechanisch bet\u00e4tigten Rollos verf\u00fcgen \u00fcber einen Rasthebel und eine Zugkordel zum Aufrollen. Diese Zugkordel kann links oder rechts neben dem Vorhang angebracht werden.<\/p>\n<p>Die Rollos haben ein mattschwarzes Au\u00dfengeh\u00e4use aus eloxiertem Aluminium, <strong>das den Stoff sch\u00fctzt<\/strong>, k\u00f6nnen jedoch mit oder ohne Geh\u00e4use gefertigt werden. In diesen F\u00e4llen gibt es keinen Rasthebel und die Bet\u00e4tigung ist frei laufend.<\/p>\n<p>Dazu besteht die M\u00f6glichkeit, im unteren Teil unserer mechanisch bet\u00e4tigten Rollos als Sonnenschutz einen undurchl\u00e4ssigen Streifen einzuf\u00fcgen. Sie k\u00f6nnen auch <strong>mit einem kleinen zentralen Mechanismus<\/strong> versehen werden, der als Griff dient.<\/p>\n<div class=\"otras-piezas\">\n<h4>Wir stellen auch andere ma\u00dfgefertigte Teile her:<\/h4>\n<div><a class=\"boton gris\" href=\"https:\/\/www.industri-sl.com\/de\/transport\/lkw\/rueckspiegel\/\">R\u00fcckspiegel<\/a>\n<\/div>\n","protected":false},"excerpt":{"rendered":"<p>Fertigung kundenspezifischer Vorh\u00e4nge f\u00fcr Lkw Wir fertigen alle Arten von Vorh\u00e4ngen f\u00fcr LKW. Unsere F+E+I-Abteilung arbeitet, um bei jedem Projekt eine effektive Kundenanpassung zu gew\u00e4hrleisten. Deshalb entwerfen wir genau den Vorhang, der Ihren Anforderungen am besten entspricht und liefern Ihnen das montierte Teil. Alle unsere Vorh\u00e4nge sind aus hochwertigen Materialien gefertigt, um den Wartungsaufwand auf [&hellip;]<\/p>\n","protected":false},"author":3,"featured_media":0,"parent":8788,"menu_order":0,"comment_status":"closed","ping_status":"closed","template":"page-vehiculos.php","meta":{"footnotes":""},"class_list":["post-8791","page","type-page","status-publish","hentry"],"yoast_head":"<!-- This site is optimized with the Yoast SEO plugin v27.2 - https:\/\/yoast.com\/product\/yoast-seo-wordpress\/ -->\n<title>Fertigung kundenspezifischer Vorh\u00e4nge f\u00fcr Lkw - INDUSTRI<\/title>\n<meta name=\"description\" content=\"Bei INDUSTRI entwerfen und fertigen wir kundenspezifische Vorh\u00e4nge f\u00fcr Lkw, die dem Bedarf jedes Kunden entsprechen.\" \/>\n<meta name=\"robots\" content=\"index, follow, max-snippet:-1, max-image-preview:large, max-video-preview:-1\" \/>\n<link rel=\"canonical\" href=\"https:\/\/www.industri-sl.com\/de\/transport\/lkw\/vorhaenge\/\" \/>\n<meta property=\"og:locale\" content=\"de_DE\" \/>\n<meta property=\"og:type\" content=\"article\" \/>\n<meta property=\"og:title\" content=\"Fertigung kundenspezifischer Vorh\u00e4nge f\u00fcr Lkw - INDUSTRI\" \/>\n<meta property=\"og:description\" content=\"Bei INDUSTRI entwerfen und fertigen wir kundenspezifische Vorh\u00e4nge f\u00fcr Lkw, die dem Bedarf jedes Kunden entsprechen.\" \/>\n<meta property=\"og:url\" content=\"https:\/\/www.industri-sl.com\/de\/transport\/lkw\/vorhaenge\/\" \/>\n<meta property=\"og:site_name\" content=\"Industri SL\" \/>\n<meta property=\"article:modified_time\" content=\"2025-05-21T12:25:49+00:00\" \/>\n<meta property=\"og:image\" content=\"https:\/\/www.industri-sl.com\/wp-content\/uploads\/cortina-autofrenada-2-2-300x225.jpg\" \/>\n<meta name=\"twitter:card\" content=\"summary_large_image\" \/>\n<meta name=\"twitter:label1\" content=\"Gesch\u00e4tzte Lesezeit\" \/>\n\t<meta name=\"twitter:data1\" content=\"3\u00a0Minuten\" \/>\n<script type=\"application\/ld+json\" class=\"yoast-schema-graph\">{\"@context\":\"https:\/\/schema.org\",\"@graph\":[{\"@type\":\"WebPage\",\"@id\":\"https:\/\/www.industri-sl.com\/de\/transport\/lkw\/vorhaenge\/\",\"url\":\"https:\/\/www.industri-sl.com\/de\/transport\/lkw\/vorhaenge\/\",\"name\":\"Fertigung kundenspezifischer Vorh\u00e4nge f\u00fcr Lkw - INDUSTRI\",\"isPartOf\":{\"@id\":\"https:\/\/www.industri-sl.com\/de\/#website\"},\"primaryImageOfPage\":{\"@id\":\"https:\/\/www.industri-sl.com\/de\/transport\/lkw\/vorhaenge\/#primaryimage\"},\"image\":{\"@id\":\"https:\/\/www.industri-sl.com\/de\/transport\/lkw\/vorhaenge\/#primaryimage\"},\"thumbnailUrl\":\"https:\/\/www.industri-sl.com\/wp-content\/uploads\/cortina-autofrenada-2-2-300x225.jpg\",\"datePublished\":\"2019-10-01T12:34:41+00:00\",\"dateModified\":\"2025-05-21T12:25:49+00:00\",\"description\":\"Bei INDUSTRI entwerfen und fertigen wir kundenspezifische Vorh\u00e4nge f\u00fcr Lkw, die dem Bedarf jedes Kunden entsprechen.\",\"breadcrumb\":{\"@id\":\"https:\/\/www.industri-sl.com\/de\/transport\/lkw\/vorhaenge\/#breadcrumb\"},\"inLanguage\":\"de\",\"potentialAction\":[{\"@type\":\"ReadAction\",\"target\":[\"https:\/\/www.industri-sl.com\/de\/transport\/lkw\/vorhaenge\/\"]}]},{\"@type\":\"ImageObject\",\"inLanguage\":\"de\",\"@id\":\"https:\/\/www.industri-sl.com\/de\/transport\/lkw\/vorhaenge\/#primaryimage\",\"url\":\"https:\/\/www.industri-sl.com\/wp-content\/uploads\/cortina-autofrenada-2-2-300x225.jpg\",\"contentUrl\":\"https:\/\/www.industri-sl.com\/wp-content\/uploads\/cortina-autofrenada-2-2-300x225.jpg\"},{\"@type\":\"BreadcrumbList\",\"@id\":\"https:\/\/www.industri-sl.com\/de\/transport\/lkw\/vorhaenge\/#breadcrumb\",\"itemListElement\":[{\"@type\":\"ListItem\",\"position\":1,\"name\":\"Inicio\",\"item\":\"https:\/\/www.industri-sl.com\/de\/\"},{\"@type\":\"ListItem\",\"position\":2,\"name\":\"Gesch\u00e4ftsbereich Transport\",\"item\":\"https:\/\/www.industri-sl.com\/de\/transport\/\"},{\"@type\":\"ListItem\",\"position\":3,\"name\":\"Kundenspezifische Herstellung f\u00fcr Lkw\",\"item\":\"https:\/\/www.industri-sl.com\/de\/transport\/lkw\/\"},{\"@type\":\"ListItem\",\"position\":4,\"name\":\"Ma\u00dfgefertigte Vorh\u00e4nge f\u00fcr Lkw\"}]},{\"@type\":\"WebSite\",\"@id\":\"https:\/\/www.industri-sl.com\/de\/#website\",\"url\":\"https:\/\/www.industri-sl.com\/de\/\",\"name\":\"Industri SL\",\"description\":\"\",\"publisher\":{\"@id\":\"https:\/\/www.industri-sl.com\/de\/#organization\"},\"potentialAction\":[{\"@type\":\"SearchAction\",\"target\":{\"@type\":\"EntryPoint\",\"urlTemplate\":\"https:\/\/www.industri-sl.com\/de\/?s={search_term_string}\"},\"query-input\":{\"@type\":\"PropertyValueSpecification\",\"valueRequired\":true,\"valueName\":\"search_term_string\"}}],\"inLanguage\":\"de\"},{\"@type\":\"Organization\",\"@id\":\"https:\/\/www.industri-sl.com\/de\/#organization\",\"name\":\"Industri SL\",\"url\":\"https:\/\/www.industri-sl.com\/de\/\",\"logo\":{\"@type\":\"ImageObject\",\"inLanguage\":\"de\",\"@id\":\"https:\/\/www.industri-sl.com\/de\/#\/schema\/logo\/image\/\",\"url\":\"https:\/\/www.industri-sl.com\/wp-content\/uploads\/industri-logo.png\",\"contentUrl\":\"https:\/\/www.industri-sl.com\/wp-content\/uploads\/industri-logo.png\",\"width\":248,\"height\":45,\"caption\":\"Industri SL\"},\"image\":{\"@id\":\"https:\/\/www.industri-sl.com\/de\/#\/schema\/logo\/image\/\"}}]}<\/script>\n<!-- \/ Yoast SEO plugin. -->","yoast_head_json":{"title":"Fertigung kundenspezifischer Vorh\u00e4nge f\u00fcr Lkw - INDUSTRI","description":"Bei INDUSTRI entwerfen und fertigen wir kundenspezifische Vorh\u00e4nge f\u00fcr Lkw, die dem Bedarf jedes Kunden entsprechen.","robots":{"index":"index","follow":"follow","max-snippet":"max-snippet:-1","max-image-preview":"max-image-preview:large","max-video-preview":"max-video-preview:-1"},"canonical":"https:\/\/www.industri-sl.com\/de\/transport\/lkw\/vorhaenge\/","og_locale":"de_DE","og_type":"article","og_title":"Fertigung kundenspezifischer Vorh\u00e4nge f\u00fcr Lkw - INDUSTRI","og_description":"Bei INDUSTRI entwerfen und fertigen wir kundenspezifische Vorh\u00e4nge f\u00fcr Lkw, die dem Bedarf jedes Kunden entsprechen.","og_url":"https:\/\/www.industri-sl.com\/de\/transport\/lkw\/vorhaenge\/","og_site_name":"Industri SL","article_modified_time":"2025-05-21T12:25:49+00:00","og_image":[{"url":"https:\/\/www.industri-sl.com\/wp-content\/uploads\/cortina-autofrenada-2-2-300x225.jpg","type":"","width":"","height":""}],"twitter_card":"summary_large_image","twitter_misc":{"Gesch\u00e4tzte Lesezeit":"3\u00a0Minuten"},"schema":{"@context":"https:\/\/schema.org","@graph":[{"@type":"WebPage","@id":"https:\/\/www.industri-sl.com\/de\/transport\/lkw\/vorhaenge\/","url":"https:\/\/www.industri-sl.com\/de\/transport\/lkw\/vorhaenge\/","name":"Fertigung kundenspezifischer Vorh\u00e4nge f\u00fcr Lkw - INDUSTRI","isPartOf":{"@id":"https:\/\/www.industri-sl.com\/de\/#website"},"primaryImageOfPage":{"@id":"https:\/\/www.industri-sl.com\/de\/transport\/lkw\/vorhaenge\/#primaryimage"},"image":{"@id":"https:\/\/www.industri-sl.com\/de\/transport\/lkw\/vorhaenge\/#primaryimage"},"thumbnailUrl":"https:\/\/www.industri-sl.com\/wp-content\/uploads\/cortina-autofrenada-2-2-300x225.jpg","datePublished":"2019-10-01T12:34:41+00:00","dateModified":"2025-05-21T12:25:49+00:00","description":"Bei INDUSTRI entwerfen und fertigen wir kundenspezifische Vorh\u00e4nge f\u00fcr Lkw, die dem Bedarf jedes Kunden entsprechen.","breadcrumb":{"@id":"https:\/\/www.industri-sl.com\/de\/transport\/lkw\/vorhaenge\/#breadcrumb"},"inLanguage":"de","potentialAction":[{"@type":"ReadAction","target":["https:\/\/www.industri-sl.com\/de\/transport\/lkw\/vorhaenge\/"]}]},{"@type":"ImageObject","inLanguage":"de","@id":"https:\/\/www.industri-sl.com\/de\/transport\/lkw\/vorhaenge\/#primaryimage","url":"https:\/\/www.industri-sl.com\/wp-content\/uploads\/cortina-autofrenada-2-2-300x225.jpg","contentUrl":"https:\/\/www.industri-sl.com\/wp-content\/uploads\/cortina-autofrenada-2-2-300x225.jpg"},{"@type":"BreadcrumbList","@id":"https:\/\/www.industri-sl.com\/de\/transport\/lkw\/vorhaenge\/#breadcrumb","itemListElement":[{"@type":"ListItem","position":1,"name":"Inicio","item":"https:\/\/www.industri-sl.com\/de\/"},{"@type":"ListItem","position":2,"name":"Gesch\u00e4ftsbereich Transport","item":"https:\/\/www.industri-sl.com\/de\/transport\/"},{"@type":"ListItem","position":3,"name":"Kundenspezifische Herstellung f\u00fcr Lkw","item":"https:\/\/www.industri-sl.com\/de\/transport\/lkw\/"},{"@type":"ListItem","position":4,"name":"Ma\u00dfgefertigte Vorh\u00e4nge f\u00fcr Lkw"}]},{"@type":"WebSite","@id":"https:\/\/www.industri-sl.com\/de\/#website","url":"https:\/\/www.industri-sl.com\/de\/","name":"Industri SL","description":"","publisher":{"@id":"https:\/\/www.industri-sl.com\/de\/#organization"},"potentialAction":[{"@type":"SearchAction","target":{"@type":"EntryPoint","urlTemplate":"https:\/\/www.industri-sl.com\/de\/?s={search_term_string}"},"query-input":{"@type":"PropertyValueSpecification","valueRequired":true,"valueName":"search_term_string"}}],"inLanguage":"de"},{"@type":"Organization","@id":"https:\/\/www.industri-sl.com\/de\/#organization","name":"Industri SL","url":"https:\/\/www.industri-sl.com\/de\/","logo":{"@type":"ImageObject","inLanguage":"de","@id":"https:\/\/www.industri-sl.com\/de\/#\/schema\/logo\/image\/","url":"https:\/\/www.industri-sl.com\/wp-content\/uploads\/industri-logo.png","contentUrl":"https:\/\/www.industri-sl.com\/wp-content\/uploads\/industri-logo.png","width":248,"height":45,"caption":"Industri SL"},"image":{"@id":"https:\/\/www.industri-sl.com\/de\/#\/schema\/logo\/image\/"}}]}},"_links":{"self":[{"href":"https:\/\/www.industri-sl.com\/de\/wp-json\/wp\/v2\/pages\/8791","targetHints":{"allow":["GET"]}}],"collection":[{"href":"https:\/\/www.industri-sl.com\/de\/wp-json\/wp\/v2\/pages"}],"about":[{"href":"https:\/\/www.industri-sl.com\/de\/wp-json\/wp\/v2\/types\/page"}],"author":[{"embeddable":true,"href":"https:\/\/www.industri-sl.com\/de\/wp-json\/wp\/v2\/users\/3"}],"replies":[{"embeddable":true,"href":"https:\/\/www.industri-sl.com\/de\/wp-json\/wp\/v2\/comments?post=8791"}],"version-history":[{"count":0,"href":"https:\/\/www.industri-sl.com\/de\/wp-json\/wp\/v2\/pages\/8791\/revisions"}],"up":[{"embeddable":true,"href":"https:\/\/www.industri-sl.com\/de\/wp-json\/wp\/v2\/pages\/8788"}],"wp:attachment":[{"href":"https:\/\/www.industri-sl.com\/de\/wp-json\/wp\/v2\/media?parent=8791"}],"curies":[{"name":"wp","href":"https:\/\/api.w.org\/{rel}","templated":true}]}}