{"id":8788,"date":"2019-10-01T14:11:20","date_gmt":"2019-10-01T12:11:20","guid":{"rendered":"https:\/\/www.industri-sl.com\/transport\/camiones\/"},"modified":"2025-05-21T14:25:09","modified_gmt":"2025-05-21T12:25:09","slug":"lkw","status":"publish","type":"page","link":"https:\/\/www.industri-sl.com\/de\/transport\/lkw\/","title":{"rendered":"Kundenspezifische Herstellung f\u00fcr Lkw"},"content":{"rendered":"<h2>Kundenspezifische Fertigung von Zubeh\u00f6r f\u00fcr Lkw<\/h2>\n<p>INDUSTRI ist Anbieter von Ersatzteilen und Zubeh\u00f6r f\u00fcr alle Arten von Fahrzeugen, einschlie\u00dflich Lastkraftwagen. Wir verf\u00fcgen \u00fcber umfangreiche <a href=\"https:\/\/www.industri-sl.com\/de\/ingenieurleistungen\/\">Erfahrung in der Entwicklung und Herstellung von kundenspezifischen Teilen<\/a> f\u00fcr Lkw, insbesondere Vorh\u00e4nge und R\u00fcckspiegel. <\/p>\n<p>Wir \u00fcbernehmen den gesamten Prozess vom kundenspezifischen Design gem\u00e4\u00df dem spezifischen Bedarf des Kunden bis zur Fertigung des Teils. <a href=\"https:\/\/www.industri-sl.com\/de\/ueber-uns\/\">Unsere mehr als 50-j\u00e4hrige Erfahrung<\/a> in Verbindung mit modernsten Technologien erm\u00f6glicht uns, die Qualit\u00e4t unserer Produkte zu garantieren und unseren Kunden einen ausgezeichneten Service zu bieten.<\/p>\n<div class=\"otras-piezas\">\n<h4>Wir fertigen folgende Zubeh\u00f6rteile f\u00fcr Lkw:<\/h4>\n<div><a class=\"boton gris\" href=\"https:\/\/www.industri-sl.com\/de\/transport\/lkw\/vorhaenge\/\">Vorh\u00e4nge<\/a> <a class=\"boton gris\" href=\"https:\/\/www.industri-sl.com\/de\/transport\/lkw\/rueckspiegel\/\">R\u00fcckspiegel<\/a><\/div>\n<\/div>\n<div class=\"slider-gallery-wrapper \"><div class=\"slider-gallery\"><div id=\"sliderify-carousel-1\" class=\"owl-carousel\"><div class=\"sliderify-owl-item-inner\"><img decoding=\"async\" src=\"https:\/\/www.industri-sl.com\/wp-content\/uploads\/camion-1-1.jpg\"><\/div><div class=\"sliderify-owl-item-inner\"><img decoding=\"async\" src=\"https:\/\/www.industri-sl.com\/wp-content\/uploads\/retrovisor-1.jpg\"><\/div><\/div><!-- .owl-carousel --><\/div><!-- .slider-gallery --><\/div><!-- .slider-gallery-wrapper --><script>\n\t\t\tjQuery(document).ready(function($){\n\t\t\t\tcarousel1 = $('#sliderify-carousel-1');\ncarousel1.imagesLoaded(function(){carousel1.owlCarousel({items:2,\nstagePadding:0,\nnav:1,\nnavText:['<span><\/span><span><\/span>','<span><\/span><span><\/span>'],\ncenter:1,\nloop:1,\nmargin:0,\nautoWidth:false,\nautoHeight:true,\nstageOuterClass:'sliderify-stage-outer',\nstageClass:'sliderify-stage',\nnavContainerClass:'sliderify-nav',\ncontrolsClass:'sliderify-controls',\ndotsClass:'sliderify-dots',\ndotClass:'sliderify-dot',\nonInitialized:function(event){\n\t\t\t\tconsole.log('init');\n\t\t\t},\n});});\n});\n\t\t\t<\/script>\n","protected":false},"excerpt":{"rendered":"<p>Kundenspezifische Fertigung von Zubeh\u00f6r f\u00fcr Lkw INDUSTRI ist Anbieter von Ersatzteilen und Zubeh\u00f6r f\u00fcr alle Arten von Fahrzeugen, einschlie\u00dflich Lastkraftwagen. Wir verf\u00fcgen \u00fcber umfangreiche Erfahrung in der Entwicklung und Herstellung von kundenspezifischen Teilen f\u00fcr Lkw, insbesondere Vorh\u00e4nge und R\u00fcckspiegel. Wir \u00fcbernehmen den gesamten Prozess vom kundenspezifischen Design gem\u00e4\u00df dem spezifischen Bedarf des Kunden bis zur [&hellip;]<\/p>\n","protected":false},"author":3,"featured_media":0,"parent":8683,"menu_order":0,"comment_status":"closed","ping_status":"closed","template":"page-vehiculos.php","meta":{"footnotes":""},"class_list":["post-8788","page","type-page","status-publish","hentry"],"yoast_head":"<!-- This site is optimized with the Yoast SEO plugin v27.2 - https:\/\/yoast.com\/product\/yoast-seo-wordpress\/ -->\n<title>Fertigung kundenspezifischer Teile f\u00fcr Lkw - INDUSTRI<\/title>\n<meta name=\"description\" content=\"Bei INDUSTRI entwerfen und fertigen wir kundenspezifische Teile f\u00fcr Lkw, unter anderem R\u00fcckspiegel oder Vorh\u00e4nge.\" \/>\n<meta name=\"robots\" content=\"index, follow, max-snippet:-1, max-image-preview:large, max-video-preview:-1\" \/>\n<link rel=\"canonical\" href=\"https:\/\/www.industri-sl.com\/de\/transport\/lkw\/\" \/>\n<meta property=\"og:locale\" content=\"de_DE\" \/>\n<meta property=\"og:type\" content=\"article\" \/>\n<meta property=\"og:title\" content=\"Fertigung kundenspezifischer Teile f\u00fcr Lkw - INDUSTRI\" \/>\n<meta property=\"og:description\" content=\"Bei INDUSTRI entwerfen und fertigen wir kundenspezifische Teile f\u00fcr Lkw, unter anderem R\u00fcckspiegel oder Vorh\u00e4nge.\" \/>\n<meta property=\"og:url\" content=\"https:\/\/www.industri-sl.com\/de\/transport\/lkw\/\" \/>\n<meta property=\"og:site_name\" content=\"Industri SL\" \/>\n<meta property=\"article:modified_time\" content=\"2025-05-21T12:25:09+00:00\" \/>\n<meta property=\"og:image\" content=\"https:\/\/www.industri-sl.com\/wp-content\/uploads\/camion-1-1.jpg\" \/>\n<meta name=\"twitter:card\" content=\"summary_large_image\" \/>\n<meta name=\"twitter:label1\" content=\"Gesch\u00e4tzte Lesezeit\" \/>\n\t<meta name=\"twitter:data1\" content=\"1\u00a0Minute\" \/>\n<script type=\"application\/ld+json\" class=\"yoast-schema-graph\">{\"@context\":\"https:\/\/schema.org\",\"@graph\":[{\"@type\":\"WebPage\",\"@id\":\"https:\/\/www.industri-sl.com\/de\/transport\/lkw\/\",\"url\":\"https:\/\/www.industri-sl.com\/de\/transport\/lkw\/\",\"name\":\"Fertigung kundenspezifischer Teile f\u00fcr Lkw - INDUSTRI\",\"isPartOf\":{\"@id\":\"https:\/\/www.industri-sl.com\/de\/#website\"},\"datePublished\":\"2019-10-01T12:11:20+00:00\",\"dateModified\":\"2025-05-21T12:25:09+00:00\",\"description\":\"Bei INDUSTRI entwerfen und fertigen wir kundenspezifische Teile f\u00fcr Lkw, unter anderem R\u00fcckspiegel oder Vorh\u00e4nge.\",\"breadcrumb\":{\"@id\":\"https:\/\/www.industri-sl.com\/de\/transport\/lkw\/#breadcrumb\"},\"inLanguage\":\"de\",\"potentialAction\":[{\"@type\":\"ReadAction\",\"target\":[\"https:\/\/www.industri-sl.com\/de\/transport\/lkw\/\"]}]},{\"@type\":\"BreadcrumbList\",\"@id\":\"https:\/\/www.industri-sl.com\/de\/transport\/lkw\/#breadcrumb\",\"itemListElement\":[{\"@type\":\"ListItem\",\"position\":1,\"name\":\"Inicio\",\"item\":\"https:\/\/www.industri-sl.com\/de\/\"},{\"@type\":\"ListItem\",\"position\":2,\"name\":\"Gesch\u00e4ftsbereich Transport\",\"item\":\"https:\/\/www.industri-sl.com\/de\/transport\/\"},{\"@type\":\"ListItem\",\"position\":3,\"name\":\"Kundenspezifische Herstellung f\u00fcr Lkw\"}]},{\"@type\":\"WebSite\",\"@id\":\"https:\/\/www.industri-sl.com\/de\/#website\",\"url\":\"https:\/\/www.industri-sl.com\/de\/\",\"name\":\"Industri SL\",\"description\":\"\",\"publisher\":{\"@id\":\"https:\/\/www.industri-sl.com\/de\/#organization\"},\"potentialAction\":[{\"@type\":\"SearchAction\",\"target\":{\"@type\":\"EntryPoint\",\"urlTemplate\":\"https:\/\/www.industri-sl.com\/de\/?s={search_term_string}\"},\"query-input\":{\"@type\":\"PropertyValueSpecification\",\"valueRequired\":true,\"valueName\":\"search_term_string\"}}],\"inLanguage\":\"de\"},{\"@type\":\"Organization\",\"@id\":\"https:\/\/www.industri-sl.com\/de\/#organization\",\"name\":\"Industri SL\",\"url\":\"https:\/\/www.industri-sl.com\/de\/\",\"logo\":{\"@type\":\"ImageObject\",\"inLanguage\":\"de\",\"@id\":\"https:\/\/www.industri-sl.com\/de\/#\/schema\/logo\/image\/\",\"url\":\"https:\/\/www.industri-sl.com\/wp-content\/uploads\/industri-logo.png\",\"contentUrl\":\"https:\/\/www.industri-sl.com\/wp-content\/uploads\/industri-logo.png\",\"width\":248,\"height\":45,\"caption\":\"Industri SL\"},\"image\":{\"@id\":\"https:\/\/www.industri-sl.com\/de\/#\/schema\/logo\/image\/\"}}]}<\/script>\n<!-- \/ Yoast SEO plugin. -->","yoast_head_json":{"title":"Fertigung kundenspezifischer Teile f\u00fcr Lkw - INDUSTRI","description":"Bei INDUSTRI entwerfen und fertigen wir kundenspezifische Teile f\u00fcr Lkw, unter anderem R\u00fcckspiegel oder Vorh\u00e4nge.","robots":{"index":"index","follow":"follow","max-snippet":"max-snippet:-1","max-image-preview":"max-image-preview:large","max-video-preview":"max-video-preview:-1"},"canonical":"https:\/\/www.industri-sl.com\/de\/transport\/lkw\/","og_locale":"de_DE","og_type":"article","og_title":"Fertigung kundenspezifischer Teile f\u00fcr Lkw - INDUSTRI","og_description":"Bei INDUSTRI entwerfen und fertigen wir kundenspezifische Teile f\u00fcr Lkw, unter anderem R\u00fcckspiegel oder Vorh\u00e4nge.","og_url":"https:\/\/www.industri-sl.com\/de\/transport\/lkw\/","og_site_name":"Industri SL","article_modified_time":"2025-05-21T12:25:09+00:00","og_image":[{"url":"https:\/\/www.industri-sl.com\/wp-content\/uploads\/camion-1-1.jpg","type":"","width":"","height":""}],"twitter_card":"summary_large_image","twitter_misc":{"Gesch\u00e4tzte Lesezeit":"1\u00a0Minute"},"schema":{"@context":"https:\/\/schema.org","@graph":[{"@type":"WebPage","@id":"https:\/\/www.industri-sl.com\/de\/transport\/lkw\/","url":"https:\/\/www.industri-sl.com\/de\/transport\/lkw\/","name":"Fertigung kundenspezifischer Teile f\u00fcr Lkw - INDUSTRI","isPartOf":{"@id":"https:\/\/www.industri-sl.com\/de\/#website"},"datePublished":"2019-10-01T12:11:20+00:00","dateModified":"2025-05-21T12:25:09+00:00","description":"Bei INDUSTRI entwerfen und fertigen wir kundenspezifische Teile f\u00fcr Lkw, unter anderem R\u00fcckspiegel oder Vorh\u00e4nge.","breadcrumb":{"@id":"https:\/\/www.industri-sl.com\/de\/transport\/lkw\/#breadcrumb"},"inLanguage":"de","potentialAction":[{"@type":"ReadAction","target":["https:\/\/www.industri-sl.com\/de\/transport\/lkw\/"]}]},{"@type":"BreadcrumbList","@id":"https:\/\/www.industri-sl.com\/de\/transport\/lkw\/#breadcrumb","itemListElement":[{"@type":"ListItem","position":1,"name":"Inicio","item":"https:\/\/www.industri-sl.com\/de\/"},{"@type":"ListItem","position":2,"name":"Gesch\u00e4ftsbereich Transport","item":"https:\/\/www.industri-sl.com\/de\/transport\/"},{"@type":"ListItem","position":3,"name":"Kundenspezifische Herstellung f\u00fcr Lkw"}]},{"@type":"WebSite","@id":"https:\/\/www.industri-sl.com\/de\/#website","url":"https:\/\/www.industri-sl.com\/de\/","name":"Industri SL","description":"","publisher":{"@id":"https:\/\/www.industri-sl.com\/de\/#organization"},"potentialAction":[{"@type":"SearchAction","target":{"@type":"EntryPoint","urlTemplate":"https:\/\/www.industri-sl.com\/de\/?s={search_term_string}"},"query-input":{"@type":"PropertyValueSpecification","valueRequired":true,"valueName":"search_term_string"}}],"inLanguage":"de"},{"@type":"Organization","@id":"https:\/\/www.industri-sl.com\/de\/#organization","name":"Industri SL","url":"https:\/\/www.industri-sl.com\/de\/","logo":{"@type":"ImageObject","inLanguage":"de","@id":"https:\/\/www.industri-sl.com\/de\/#\/schema\/logo\/image\/","url":"https:\/\/www.industri-sl.com\/wp-content\/uploads\/industri-logo.png","contentUrl":"https:\/\/www.industri-sl.com\/wp-content\/uploads\/industri-logo.png","width":248,"height":45,"caption":"Industri SL"},"image":{"@id":"https:\/\/www.industri-sl.com\/de\/#\/schema\/logo\/image\/"}}]}},"_links":{"self":[{"href":"https:\/\/www.industri-sl.com\/de\/wp-json\/wp\/v2\/pages\/8788","targetHints":{"allow":["GET"]}}],"collection":[{"href":"https:\/\/www.industri-sl.com\/de\/wp-json\/wp\/v2\/pages"}],"about":[{"href":"https:\/\/www.industri-sl.com\/de\/wp-json\/wp\/v2\/types\/page"}],"author":[{"embeddable":true,"href":"https:\/\/www.industri-sl.com\/de\/wp-json\/wp\/v2\/users\/3"}],"replies":[{"embeddable":true,"href":"https:\/\/www.industri-sl.com\/de\/wp-json\/wp\/v2\/comments?post=8788"}],"version-history":[{"count":0,"href":"https:\/\/www.industri-sl.com\/de\/wp-json\/wp\/v2\/pages\/8788\/revisions"}],"up":[{"embeddable":true,"href":"https:\/\/www.industri-sl.com\/de\/wp-json\/wp\/v2\/pages\/8683"}],"wp:attachment":[{"href":"https:\/\/www.industri-sl.com\/de\/wp-json\/wp\/v2\/media?parent=8788"}],"curies":[{"name":"wp","href":"https:\/\/api.w.org\/{rel}","templated":true}]}}