{"id":8784,"date":"2019-10-01T12:24:54","date_gmt":"2019-10-01T10:24:54","guid":{"rendered":"https:\/\/www.industri-sl.com\/transport\/bus\/tubos-escape\/"},"modified":"2025-05-21T14:16:23","modified_gmt":"2025-05-21T12:16:23","slug":"auspuffrohre","status":"publish","type":"page","link":"https:\/\/www.industri-sl.com\/de\/transport\/bus\/auspuffrohre\/","title":{"rendered":"Kundenspezifische Auspuffrohre f\u00fcr Busse"},"content":{"rendered":"<h2>Kundenspezifische Fertigung von Auspuffrohren f\u00fcr Busse<\/h2>\n<p>INDUSTRI ist Spezialist f\u00fcr die Herstellung von Bau- und Ersatzteilen jeder Art f\u00fcr Busse, <strong>Reisebusse und Kleinbusse<\/strong>.<\/p>\n<p>Zu diesen Bauteilen geh\u00f6ren Auspuffblenden aus Edelstahl mit polierter und gl\u00e4nzender Oberfl\u00e4chenbehandlung.  <\/p>\n<p>Sie werden in verschiedenen Ausf\u00fchrungen und L\u00e4ngen gefertigt; wie bei all unseren Bauteilen passen wir uns den Anforderungen und <a href=\"https:\/\/www.industri-sl.com\/de\/ingenieurleistungen\/\">dem Bedarf des Kunden an<\/a>. Dies geschieht stets unter Ber\u00fccksichtigung der Art des Busses oder Kleinbusses, f\u00fcr den es bestimmt ist.<\/p>\n<h2>Welche Art von Auspuffrohre fertigen wir?<\/h2>\n<div><a class=\"boton gris\" href=\"#angulares\">Winkelauspuffrohre<\/a> <a class=\"boton gris\" href=\"#circulares\">Runde Auspuffrohre<\/a> <a class=\"boton gris\" href=\"#ovales\">Ovale Auspuffrohre<\/a><\/div>\n<div class=\"light-bg marcas\">\n\t<div class=\"flex\">\n\t\t<h2>unsere Kunden<\/h2>\n\n\t<\/div>\n\n\t<div class=\"flex\">\n\t\t<div class=\"caja\">\n\t\t\t<div class=\"flex marcas-logos\">\n\t\t\t\t<div><a href=\"https:\/\/www.industri-sl.com\/de\/transporte\/recambios\/tren\/caf\/\"><img decoding=\"async\" loading=\"lazy\" src=\"https:\/\/www.industri-sl.com\/wp-content\/themes\/industri\/img\/logo-caf.jpg\" alt=\"CAF\"><\/a><\/div>\n\t\t\t\t<div><a href=\"https:\/\/www.industri-sl.com\/de\/transporte\/recambios\/tren\/talgo\/\"><img decoding=\"async\" loading=\"lazy\" src=\"https:\/\/www.industri-sl.com\/wp-content\/themes\/industri\/img\/logo-talgo.jpg\" alt=\"Talgo\"><\/a><\/div>\n\t\t\t\t<div><img decoding=\"async\" loading=\"lazy\" src=\"https:\/\/www.industri-sl.com\/wp-content\/themes\/industri\/img\/logo-esg-rail.jpg\" alt=\"DBESGRail\"><\/div>\n\t\t\t<\/div>\n\t\t<\/div>\n\t<\/div>\n\t<div class=\"flex\">\n\t\t<div class=\"caja\">\n\t\t\t<div class=\"flex marcas-logos\">\n\t\t\t\t<div><a href=\"https:\/\/www.industri-sl.com\/de\/transporte\/recambios\/tren\/alstom\/\"><img decoding=\"async\" loading=\"lazy\" src=\"https:\/\/www.industri-sl.com\/wp-content\/themes\/industri\/img\/logo-alstom.jpg\" alt=\"ALSTOM\"><\/a><\/div>\n\t\t\t\t<div><img decoding=\"async\" loading=\"lazy\" src=\"https:\/\/www.industri-sl.com\/wp-content\/themes\/industri\/img\/logo-bombardier.jpg\" alt=\"Bombardier\"><\/div>\n\t\t\t\t<div><img decoding=\"async\" loading=\"lazy\" src=\"https:\/\/www.industri-sl.com\/wp-content\/themes\/industri\/img\/logo-stadler.jpg\" alt=\"Stadler\"><\/div>\n\t\t\t<\/div>\n\t\t<\/div>\n\t<\/div>\n\t<br>\n\t<a class=\"boton sin\" href=\"#formulario\">ANFRAGE ZUM ANGEBOT<\/a>\n<\/div>\n\n<h3 id=\"angulares\">Winkelauspuffrohre<\/h3>\n<p><img loading=\"lazy\" decoding=\"async\" class=\"size-medium wp-image-1828 alignright\" src=\"https:\/\/www.industri-sl.com\/wp-content\/uploads\/angular-1-300x216.jpg\" alt=\"Kundenspezifische Fertigung von Winkelauspuffrohre f\u00fcr Busse\" width=\"300\" height=\"216\" srcset=\"https:\/\/www.industri-sl.com\/wp-content\/uploads\/angular-1-300x216.jpg 300w, https:\/\/www.industri-sl.com\/wp-content\/uploads\/angular-1-768x552.jpg 768w, https:\/\/www.industri-sl.com\/wp-content\/uploads\/angular-1.jpg 800w\" sizes=\"auto, (max-width: 300px) 100vw, 300px\" \/>INDUSTRI ist Hersteller von Auspuffrohren <strong>aus Edelstahl in polierter<\/strong> oder gl\u00e4nzender Ausf\u00fchrung f\u00fcr Busse, Reisebusse und Kleinbusse.<\/p>\n<p>Wie alle unsere Bauteile werden Auspuffrohre <a href=\"https:\/\/www.industri-sl.com\/de\/kunden\/\">kundenspezifisch <\/a>gefertigt.<\/p>\n<p>Dies gilt vor allem f\u00fcr Winkelauspuffrohre aus 1 mm dickem AISI-304-Edelstahl, die in <strong>verschiedenen L\u00e4ngen und Durchmessern<\/strong> erh\u00e4ltlich sind.  <\/p>\n<p><a href=\"https:\/\/www.industri-sl.com\/de\/kontakt\/\">Kontaktieren Sie uns<\/a>, um konkreten Anwendungen anzufragen.<\/p>\n<h3 id=\"circulares\">Runde Auspuffrohre<\/h3>\n<p><img loading=\"lazy\" decoding=\"async\" class=\"size-medium wp-image-1824 alignright\" src=\"https:\/\/www.industri-sl.com\/wp-content\/uploads\/circular-1-300x216.jpg\" alt=\"Kundenspezifische Fertigung von Runde Auspuffrohren f\u00fcr Busse\" width=\"300\" height=\"216\" srcset=\"https:\/\/www.industri-sl.com\/wp-content\/uploads\/circular-1-300x216.jpg 300w, https:\/\/www.industri-sl.com\/wp-content\/uploads\/circular-1-768x552.jpg 768w, https:\/\/www.industri-sl.com\/wp-content\/uploads\/circular-1.jpg 800w\" sizes=\"auto, (max-width: 300px) 100vw, 300px\" \/>Die runden Auspuffrohre von INDUSTRI werden aus 1 mm dickem <strong>AISI-304-Edelstahl<\/strong> gefertigt.<\/p>\n<p>Wie bei all unseren Bau- und Ersatzteilen f\u00fcr Busse passen wir uns an den Bedarf und die technischen Anforderungen unserer Kunden an und sind in der Lage, runde Auspuffrohre <strong>mit verschiedenen Durchmessern und L\u00e4ngen<\/strong> zu entwerfen und herzustellen.<\/p>\n<p>Unsere Auspuffrohre haben eine polierte und gl\u00e4nzende Oberfl\u00e4chenbeschaffenheit, die ihnen ein <strong>hervorragendes Aussehen<\/strong> verleiht.<\/p>\n<h3 id=\"ovales\">Ovale Auspuffrohre<\/h3>\n<p><img loading=\"lazy\" decoding=\"async\" class=\"size-medium wp-image-1820 alignright\" src=\"https:\/\/www.industri-sl.com\/wp-content\/uploads\/oval-1-300x216.jpg\" alt=\"Kundenspezifische Fertigung von Ovale Auspuffrohren f\u00fcr Busse\" width=\"300\" height=\"216\" srcset=\"https:\/\/www.industri-sl.com\/wp-content\/uploads\/oval-1-300x216.jpg 300w, https:\/\/www.industri-sl.com\/wp-content\/uploads\/oval-1-768x552.jpg 768w, https:\/\/www.industri-sl.com\/wp-content\/uploads\/oval-1.jpg 800w\" sizes=\"auto, (max-width: 300px) 100vw, 300px\" \/>Bei INDUSTRI <strong>entwickeln und fertigen wir<\/strong> unter Erf\u00fcllung aller angegebenen technischen Anforderungen Bau- und Ersatzteile f\u00fcr Busse und Reisebusse, die ganz auf den Bedarf des Kunden zugeschnitten sind.<\/p>\n<p>Dies trifft auch f\u00fcr ovale Auspuffrohre zu, die, abh\u00e4ngig von den Eigenschaften des Fahrzeugs, mit <strong>verschiedenen L\u00e4ngen und Durchmessern<\/strong> geliefert werden k\u00f6nnen.<\/p>\n<p>Diese ovalen Auspuffrohre von INDUSTRI werden aus 1 mm dickem AISI-304-Edelstahl gefertigt und haben eine polierte und gl\u00e4nzende <strong>Oberfl\u00e4chenbeschaffenheit<\/strong>.<\/p>\n<div class=\"otras-piezas\">\n<h4>Wir stellen auch andere ma\u00dfgefertigte Teile her:<\/h4>\n<div><a class=\"boton gris\" href=\"https:\/\/www.industri-sl.com\/de\/transport\/bus\/rueckspiegel\/\">R\u00fcckspiegel<\/a> <a class=\"boton gris\" href=\"https:\/\/www.industri-sl.com\/de\/transport\/bus\/radkappen\/\">Radkappen<\/a> <a class=\"boton gris\" href=\"https:\/\/www.industri-sl.com\/de\/transport\/bus\/dieseltankdeckel\/\">Dieseltankdeckel<\/a> <a class=\"boton gris\" href=\"https:\/\/www.industri-sl.com\/de\/transport\/bus\/scharniere\/\">Scharniere<\/a> <a class=\"boton gris\" href=\"https:\/\/www.industri-sl.com\/de\/transport\/bus\/vorhaenge\/\">Vorh\u00e4nge<\/a> <a class=\"boton gris\" href=\"https:\/\/www.industri-sl.com\/de\/transport\/bus\/dachfenster\/\">Dachfenster<\/a><\/div>\n<\/div>\n","protected":false},"excerpt":{"rendered":"<p>Kundenspezifische Fertigung von Auspuffrohren f\u00fcr Busse INDUSTRI ist Spezialist f\u00fcr die Herstellung von Bau- und Ersatzteilen jeder Art f\u00fcr Busse, Reisebusse und Kleinbusse. Zu diesen Bauteilen geh\u00f6ren Auspuffblenden aus Edelstahl mit polierter und gl\u00e4nzender Oberfl\u00e4chenbehandlung. Sie werden in verschiedenen Ausf\u00fchrungen und L\u00e4ngen gefertigt; wie bei all unseren Bauteilen passen wir uns den Anforderungen und dem [&hellip;]<\/p>\n","protected":false},"author":3,"featured_media":0,"parent":8752,"menu_order":0,"comment_status":"closed","ping_status":"closed","template":"page-vehiculos.php","meta":{"footnotes":""},"class_list":["post-8784","page","type-page","status-publish","hentry"],"yoast_head":"<!-- This site is optimized with the Yoast SEO plugin v27.2 - https:\/\/yoast.com\/product\/yoast-seo-wordpress\/ -->\n<title>Fertigung kundenspezifischer Auspuffrohre f\u00fcr Busse - INDUSTRI<\/title>\n<meta name=\"description\" content=\"Bei INDUSTRI fertigen wir Auspuffblenden f\u00fcr Busse und Kleinbusse. Die Edelstahlteile erhalten bei uns ein poliertes und gl\u00e4nzendes Finish.\" \/>\n<meta name=\"robots\" content=\"index, follow, max-snippet:-1, max-image-preview:large, max-video-preview:-1\" \/>\n<link rel=\"canonical\" href=\"https:\/\/www.industri-sl.com\/de\/transport\/bus\/auspuffrohre\/\" \/>\n<meta property=\"og:locale\" content=\"de_DE\" \/>\n<meta property=\"og:type\" content=\"article\" \/>\n<meta property=\"og:title\" content=\"Fertigung kundenspezifischer Auspuffrohre f\u00fcr Busse - INDUSTRI\" \/>\n<meta property=\"og:description\" content=\"Bei INDUSTRI fertigen wir Auspuffblenden f\u00fcr Busse und Kleinbusse. Die Edelstahlteile erhalten bei uns ein poliertes und gl\u00e4nzendes Finish.\" \/>\n<meta property=\"og:url\" content=\"https:\/\/www.industri-sl.com\/de\/transport\/bus\/auspuffrohre\/\" \/>\n<meta property=\"og:site_name\" content=\"Industri SL\" \/>\n<meta property=\"article:modified_time\" content=\"2025-05-21T12:16:23+00:00\" \/>\n<meta property=\"og:image\" content=\"https:\/\/www.industri-sl.com\/wp-content\/uploads\/angular-1-300x216.jpg\" \/>\n<meta name=\"twitter:card\" content=\"summary_large_image\" \/>\n<meta name=\"twitter:label1\" content=\"Gesch\u00e4tzte Lesezeit\" \/>\n\t<meta name=\"twitter:data1\" content=\"2\u00a0Minuten\" \/>\n<script type=\"application\/ld+json\" class=\"yoast-schema-graph\">{\"@context\":\"https:\/\/schema.org\",\"@graph\":[{\"@type\":\"WebPage\",\"@id\":\"https:\/\/www.industri-sl.com\/de\/transport\/bus\/auspuffrohre\/\",\"url\":\"https:\/\/www.industri-sl.com\/de\/transport\/bus\/auspuffrohre\/\",\"name\":\"Fertigung kundenspezifischer Auspuffrohre f\u00fcr Busse - INDUSTRI\",\"isPartOf\":{\"@id\":\"https:\/\/www.industri-sl.com\/de\/#website\"},\"primaryImageOfPage\":{\"@id\":\"https:\/\/www.industri-sl.com\/de\/transport\/bus\/auspuffrohre\/#primaryimage\"},\"image\":{\"@id\":\"https:\/\/www.industri-sl.com\/de\/transport\/bus\/auspuffrohre\/#primaryimage\"},\"thumbnailUrl\":\"https:\/\/www.industri-sl.com\/wp-content\/uploads\/angular-1-300x216.jpg\",\"datePublished\":\"2019-10-01T10:24:54+00:00\",\"dateModified\":\"2025-05-21T12:16:23+00:00\",\"description\":\"Bei INDUSTRI fertigen wir Auspuffblenden f\u00fcr Busse und Kleinbusse. Die Edelstahlteile erhalten bei uns ein poliertes und gl\u00e4nzendes Finish.\",\"breadcrumb\":{\"@id\":\"https:\/\/www.industri-sl.com\/de\/transport\/bus\/auspuffrohre\/#breadcrumb\"},\"inLanguage\":\"de\",\"potentialAction\":[{\"@type\":\"ReadAction\",\"target\":[\"https:\/\/www.industri-sl.com\/de\/transport\/bus\/auspuffrohre\/\"]}]},{\"@type\":\"ImageObject\",\"inLanguage\":\"de\",\"@id\":\"https:\/\/www.industri-sl.com\/de\/transport\/bus\/auspuffrohre\/#primaryimage\",\"url\":\"https:\/\/www.industri-sl.com\/wp-content\/uploads\/angular-1-300x216.jpg\",\"contentUrl\":\"https:\/\/www.industri-sl.com\/wp-content\/uploads\/angular-1-300x216.jpg\"},{\"@type\":\"BreadcrumbList\",\"@id\":\"https:\/\/www.industri-sl.com\/de\/transport\/bus\/auspuffrohre\/#breadcrumb\",\"itemListElement\":[{\"@type\":\"ListItem\",\"position\":1,\"name\":\"Inicio\",\"item\":\"https:\/\/www.industri-sl.com\/de\/\"},{\"@type\":\"ListItem\",\"position\":2,\"name\":\"Gesch\u00e4ftsbereich Transport\",\"item\":\"https:\/\/www.industri-sl.com\/de\/transport\/\"},{\"@type\":\"ListItem\",\"position\":3,\"name\":\"Kundenspezifische Fertigung f\u00fcr Busse\",\"item\":\"https:\/\/www.industri-sl.com\/de\/transport\/bus\/\"},{\"@type\":\"ListItem\",\"position\":4,\"name\":\"Kundenspezifische Auspuffrohre f\u00fcr Busse\"}]},{\"@type\":\"WebSite\",\"@id\":\"https:\/\/www.industri-sl.com\/de\/#website\",\"url\":\"https:\/\/www.industri-sl.com\/de\/\",\"name\":\"Industri SL\",\"description\":\"\",\"publisher\":{\"@id\":\"https:\/\/www.industri-sl.com\/de\/#organization\"},\"potentialAction\":[{\"@type\":\"SearchAction\",\"target\":{\"@type\":\"EntryPoint\",\"urlTemplate\":\"https:\/\/www.industri-sl.com\/de\/?s={search_term_string}\"},\"query-input\":{\"@type\":\"PropertyValueSpecification\",\"valueRequired\":true,\"valueName\":\"search_term_string\"}}],\"inLanguage\":\"de\"},{\"@type\":\"Organization\",\"@id\":\"https:\/\/www.industri-sl.com\/de\/#organization\",\"name\":\"Industri SL\",\"url\":\"https:\/\/www.industri-sl.com\/de\/\",\"logo\":{\"@type\":\"ImageObject\",\"inLanguage\":\"de\",\"@id\":\"https:\/\/www.industri-sl.com\/de\/#\/schema\/logo\/image\/\",\"url\":\"https:\/\/www.industri-sl.com\/wp-content\/uploads\/industri-logo.png\",\"contentUrl\":\"https:\/\/www.industri-sl.com\/wp-content\/uploads\/industri-logo.png\",\"width\":248,\"height\":45,\"caption\":\"Industri SL\"},\"image\":{\"@id\":\"https:\/\/www.industri-sl.com\/de\/#\/schema\/logo\/image\/\"}}]}<\/script>\n<!-- \/ Yoast SEO plugin. -->","yoast_head_json":{"title":"Fertigung kundenspezifischer Auspuffrohre f\u00fcr Busse - INDUSTRI","description":"Bei INDUSTRI fertigen wir Auspuffblenden f\u00fcr Busse und Kleinbusse. Die Edelstahlteile erhalten bei uns ein poliertes und gl\u00e4nzendes Finish.","robots":{"index":"index","follow":"follow","max-snippet":"max-snippet:-1","max-image-preview":"max-image-preview:large","max-video-preview":"max-video-preview:-1"},"canonical":"https:\/\/www.industri-sl.com\/de\/transport\/bus\/auspuffrohre\/","og_locale":"de_DE","og_type":"article","og_title":"Fertigung kundenspezifischer Auspuffrohre f\u00fcr Busse - INDUSTRI","og_description":"Bei INDUSTRI fertigen wir Auspuffblenden f\u00fcr Busse und Kleinbusse. Die Edelstahlteile erhalten bei uns ein poliertes und gl\u00e4nzendes Finish.","og_url":"https:\/\/www.industri-sl.com\/de\/transport\/bus\/auspuffrohre\/","og_site_name":"Industri SL","article_modified_time":"2025-05-21T12:16:23+00:00","og_image":[{"url":"https:\/\/www.industri-sl.com\/wp-content\/uploads\/angular-1-300x216.jpg","type":"","width":"","height":""}],"twitter_card":"summary_large_image","twitter_misc":{"Gesch\u00e4tzte Lesezeit":"2\u00a0Minuten"},"schema":{"@context":"https:\/\/schema.org","@graph":[{"@type":"WebPage","@id":"https:\/\/www.industri-sl.com\/de\/transport\/bus\/auspuffrohre\/","url":"https:\/\/www.industri-sl.com\/de\/transport\/bus\/auspuffrohre\/","name":"Fertigung kundenspezifischer Auspuffrohre f\u00fcr Busse - INDUSTRI","isPartOf":{"@id":"https:\/\/www.industri-sl.com\/de\/#website"},"primaryImageOfPage":{"@id":"https:\/\/www.industri-sl.com\/de\/transport\/bus\/auspuffrohre\/#primaryimage"},"image":{"@id":"https:\/\/www.industri-sl.com\/de\/transport\/bus\/auspuffrohre\/#primaryimage"},"thumbnailUrl":"https:\/\/www.industri-sl.com\/wp-content\/uploads\/angular-1-300x216.jpg","datePublished":"2019-10-01T10:24:54+00:00","dateModified":"2025-05-21T12:16:23+00:00","description":"Bei INDUSTRI fertigen wir Auspuffblenden f\u00fcr Busse und Kleinbusse. Die Edelstahlteile erhalten bei uns ein poliertes und gl\u00e4nzendes Finish.","breadcrumb":{"@id":"https:\/\/www.industri-sl.com\/de\/transport\/bus\/auspuffrohre\/#breadcrumb"},"inLanguage":"de","potentialAction":[{"@type":"ReadAction","target":["https:\/\/www.industri-sl.com\/de\/transport\/bus\/auspuffrohre\/"]}]},{"@type":"ImageObject","inLanguage":"de","@id":"https:\/\/www.industri-sl.com\/de\/transport\/bus\/auspuffrohre\/#primaryimage","url":"https:\/\/www.industri-sl.com\/wp-content\/uploads\/angular-1-300x216.jpg","contentUrl":"https:\/\/www.industri-sl.com\/wp-content\/uploads\/angular-1-300x216.jpg"},{"@type":"BreadcrumbList","@id":"https:\/\/www.industri-sl.com\/de\/transport\/bus\/auspuffrohre\/#breadcrumb","itemListElement":[{"@type":"ListItem","position":1,"name":"Inicio","item":"https:\/\/www.industri-sl.com\/de\/"},{"@type":"ListItem","position":2,"name":"Gesch\u00e4ftsbereich Transport","item":"https:\/\/www.industri-sl.com\/de\/transport\/"},{"@type":"ListItem","position":3,"name":"Kundenspezifische Fertigung f\u00fcr Busse","item":"https:\/\/www.industri-sl.com\/de\/transport\/bus\/"},{"@type":"ListItem","position":4,"name":"Kundenspezifische Auspuffrohre f\u00fcr Busse"}]},{"@type":"WebSite","@id":"https:\/\/www.industri-sl.com\/de\/#website","url":"https:\/\/www.industri-sl.com\/de\/","name":"Industri SL","description":"","publisher":{"@id":"https:\/\/www.industri-sl.com\/de\/#organization"},"potentialAction":[{"@type":"SearchAction","target":{"@type":"EntryPoint","urlTemplate":"https:\/\/www.industri-sl.com\/de\/?s={search_term_string}"},"query-input":{"@type":"PropertyValueSpecification","valueRequired":true,"valueName":"search_term_string"}}],"inLanguage":"de"},{"@type":"Organization","@id":"https:\/\/www.industri-sl.com\/de\/#organization","name":"Industri SL","url":"https:\/\/www.industri-sl.com\/de\/","logo":{"@type":"ImageObject","inLanguage":"de","@id":"https:\/\/www.industri-sl.com\/de\/#\/schema\/logo\/image\/","url":"https:\/\/www.industri-sl.com\/wp-content\/uploads\/industri-logo.png","contentUrl":"https:\/\/www.industri-sl.com\/wp-content\/uploads\/industri-logo.png","width":248,"height":45,"caption":"Industri SL"},"image":{"@id":"https:\/\/www.industri-sl.com\/de\/#\/schema\/logo\/image\/"}}]}},"_links":{"self":[{"href":"https:\/\/www.industri-sl.com\/de\/wp-json\/wp\/v2\/pages\/8784","targetHints":{"allow":["GET"]}}],"collection":[{"href":"https:\/\/www.industri-sl.com\/de\/wp-json\/wp\/v2\/pages"}],"about":[{"href":"https:\/\/www.industri-sl.com\/de\/wp-json\/wp\/v2\/types\/page"}],"author":[{"embeddable":true,"href":"https:\/\/www.industri-sl.com\/de\/wp-json\/wp\/v2\/users\/3"}],"replies":[{"embeddable":true,"href":"https:\/\/www.industri-sl.com\/de\/wp-json\/wp\/v2\/comments?post=8784"}],"version-history":[{"count":0,"href":"https:\/\/www.industri-sl.com\/de\/wp-json\/wp\/v2\/pages\/8784\/revisions"}],"up":[{"embeddable":true,"href":"https:\/\/www.industri-sl.com\/de\/wp-json\/wp\/v2\/pages\/8752"}],"wp:attachment":[{"href":"https:\/\/www.industri-sl.com\/de\/wp-json\/wp\/v2\/media?parent=8784"}],"curies":[{"name":"wp","href":"https:\/\/api.w.org\/{rel}","templated":true}]}}