{"id":8782,"date":"2019-10-01T11:03:52","date_gmt":"2019-10-01T09:03:52","guid":{"rendered":"https:\/\/www.industri-sl.com\/transport\/bus\/tapas-gasoil\/"},"modified":"2025-05-21T14:17:25","modified_gmt":"2025-05-21T12:17:25","slug":"dieseltankdeckel","status":"publish","type":"page","link":"https:\/\/www.industri-sl.com\/de\/transport\/bus\/dieseltankdeckel\/","title":{"rendered":"Kundenspezifische Dieseltankdeckel f\u00fcr Busse"},"content":{"rendered":"<h2>Kundenspezifische Fertigung von Dieseltankdeckeln f\u00fcr Busse<\/h2>\n<p>Bei INDUSTRI fertigen wir Tankdeckel f\u00fcr Busse aus Kunststoff-Spritzguss. Sie werden am Tankeinf\u00fcllstutzen des Busses befestigt und <strong>dienen als Schutz- und Zierelement<\/strong> und k\u00f6nnen elektrisch oder von Hand bet\u00e4tigt werden.<\/p>\n<p>Sie bestehen aus <strong>zwei \u00fcber eine Achse verbundene Kunststoffteile<\/strong>. Der Hauptteil sch\u00fctzt den Kraftstofftank. Die Klappe verschlie\u00dft den Einf\u00fcllstutzen und erlaubt als Zierde oder Verbesserung des Aussehens die Anbringung eines Blechs im Farbton der Karosserie.<\/p>\n<h2>Welche Art von Dieseltankdeckel fertigen wir?<\/h2>\n<div><a class=\"boton gris\" href=\"#electricas\">Elektrische<\/a> <a class=\"boton gris\" href=\"#manuales\">Manuelle<\/a> <a class=\"boton gris\" href=\"#cerradura\">Verschlie\u00dfbare<\/a><\/div>\n<div class=\"light-bg marcas\">\n\t<div class=\"flex\">\n\t\t<h2>unsere Kunden<\/h2>\n\n\t<\/div>\n\n\t<div class=\"flex\">\n\t\t<div class=\"caja\">\n\t\t\t<div class=\"flex marcas-logos\">\n\t\t\t\t<div><a href=\"https:\/\/www.industri-sl.com\/de\/transporte\/recambios\/tren\/caf\/\"><img decoding=\"async\" loading=\"lazy\" src=\"https:\/\/www.industri-sl.com\/wp-content\/themes\/industri\/img\/logo-caf.jpg\" alt=\"CAF\"><\/a><\/div>\n\t\t\t\t<div><a href=\"https:\/\/www.industri-sl.com\/de\/transporte\/recambios\/tren\/talgo\/\"><img decoding=\"async\" loading=\"lazy\" src=\"https:\/\/www.industri-sl.com\/wp-content\/themes\/industri\/img\/logo-talgo.jpg\" alt=\"Talgo\"><\/a><\/div>\n\t\t\t\t<div><img decoding=\"async\" loading=\"lazy\" src=\"https:\/\/www.industri-sl.com\/wp-content\/themes\/industri\/img\/logo-esg-rail.jpg\" alt=\"DBESGRail\"><\/div>\n\t\t\t<\/div>\n\t\t<\/div>\n\t<\/div>\n\t<div class=\"flex\">\n\t\t<div class=\"caja\">\n\t\t\t<div class=\"flex marcas-logos\">\n\t\t\t\t<div><a href=\"https:\/\/www.industri-sl.com\/de\/transporte\/recambios\/tren\/alstom\/\"><img decoding=\"async\" loading=\"lazy\" src=\"https:\/\/www.industri-sl.com\/wp-content\/themes\/industri\/img\/logo-alstom.jpg\" alt=\"ALSTOM\"><\/a><\/div>\n\t\t\t\t<div><img decoding=\"async\" loading=\"lazy\" src=\"https:\/\/www.industri-sl.com\/wp-content\/themes\/industri\/img\/logo-bombardier.jpg\" alt=\"Bombardier\"><\/div>\n\t\t\t\t<div><img decoding=\"async\" loading=\"lazy\" src=\"https:\/\/www.industri-sl.com\/wp-content\/themes\/industri\/img\/logo-stadler.jpg\" alt=\"Stadler\"><\/div>\n\t\t\t<\/div>\n\t\t<\/div>\n\t<\/div>\n\t<br>\n\t<a class=\"boton sin\" href=\"#formulario\">ANFRAGE ZUM ANGEBOT<\/a>\n<\/div>\n\n<h3 id=\"electricas\">Elektrische Dieseltankdeckel<\/h3>\n<p><img loading=\"lazy\" decoding=\"async\" class=\"size-medium wp-image-1836 alignright\" src=\"https:\/\/www.industri-sl.com\/wp-content\/uploads\/tapa-gasoil1-300x225.jpg\" alt=\"Kundenspezifische Fertigung von Elektrische Dieseltankdeckeln f\u00fcr Busse\" width=\"300\" height=\"225\" srcset=\"https:\/\/www.industri-sl.com\/wp-content\/uploads\/tapa-gasoil1-300x225.jpg 300w, https:\/\/www.industri-sl.com\/wp-content\/uploads\/tapa-gasoil1-768x576.jpg 768w, https:\/\/www.industri-sl.com\/wp-content\/uploads\/tapa-gasoil1.jpg 800w\" sizes=\"auto, (max-width: 300px) 100vw, 300px\" \/>Elektrische Tankdeckel werden \u00fcber einen Elektromagneten aus dem Fahrerbereich im Businnenraum ge\u00f6ffnet. <strong>Damit wird ein unbeabsichtigtes \u00d6ffnen des Einf\u00fcllstutzens verhindert<\/strong>, da der Tankdeckel nur aus dem Innenraum des Fahrzeugs bet\u00e4tigt werden kann.  Er ist mit einem vollst\u00e4ndig abgedichteten Elektromagneten ausgestattet, der auch unter widrigen Bedingungen funktionieren kann.<\/p>\n<p>Um f\u00fcr eine einwandfreie Funktion zu sorgen, verf\u00fcgt das bewegliche Teil des Systems \u00fcber einen Gummibalg, der das Eindringen von Schmutz, Wasser, Lack oder Schlamm verhindert, die eventuell seine Funktion blockieren k\u00f6nnten. Der Balg fungiert als Schutzgeh\u00e4use des Bauteiles und sorgt daf\u00fcr, <strong>dass der Arbeitsbereich immer sauber bleibt<\/strong>.<\/p>\n<h3 id=\"manuales\">Manuelle Dieseltankdeckel<\/h3>\n<p><img loading=\"lazy\" decoding=\"async\" class=\"size-medium wp-image-1524 alignright\" src=\"https:\/\/www.industri-sl.com\/wp-content\/uploads\/tapa-gasoil-1-1-300x216.jpg\" alt=\"Kundenspezifische Fertigung von Manuelle Dieseltankdeckeln f\u00fcr Busse\" width=\"300\" height=\"216\" srcset=\"https:\/\/www.industri-sl.com\/wp-content\/uploads\/tapa-gasoil-1-1-300x216.jpg 300w, https:\/\/www.industri-sl.com\/wp-content\/uploads\/tapa-gasoil-1-1-768x552.jpg 768w, https:\/\/www.industri-sl.com\/wp-content\/uploads\/tapa-gasoil-1-1.jpg 800w\" sizes=\"auto, (max-width: 300px) 100vw, 300px\" \/>Bei manuellen Dieseltankdeckeln erfolgt die Schlie\u00dffunktion durch eine Feder, die ein <strong>ungewolltes \u00d6ffnen<\/strong> des Deckels verhindert.<\/p>\n<p>Das Funktionsprinzip ist <strong>einfach und effektiv<\/strong>. Der Tankdeckel erm\u00f6glicht zur optimalen Integration am Fahrzeug die Anbringung eines Blechs in der Farbe der Karosserie.<\/p>\n<p>Diese Tankdeckel sind <a href=\"https:\/\/www.industri-sl.com\/de\/ingenieurleistungen\/\">speziell f\u00fcr den Einbau<\/a> am Einf\u00fcllstutzen von Bussen gedacht, sowohl im Bereich von Diesel- als auch Wassertanks.<\/p>\n<p>Sie sind so konzipiert, dass sie unter Bedingungen mit extremer Verschmutzung, Wasser, Schlamm oder Farbe funktionieren, da sie sich normalerweise in der N\u00e4he<strong> der R\u00e4der der Busse befinden<\/strong>.<\/p>\n<h3 id=\"cerradura\">Verschlie\u00dfbare Dieseltankdeckel<\/h3>\n<p><img loading=\"lazy\" decoding=\"async\" class=\"size-medium wp-image-1832 alignright\" src=\"https:\/\/www.industri-sl.com\/wp-content\/uploads\/tapa-gasoil-2-1-300x225.jpg\" alt=\"Kundenspezifische Fertigung von Verschlie\u00dfbare Dieseltankdeckeln f\u00fcr Busse\" width=\"300\" height=\"225\" srcset=\"https:\/\/www.industri-sl.com\/wp-content\/uploads\/tapa-gasoil-2-1-300x225.jpg 300w, https:\/\/www.industri-sl.com\/wp-content\/uploads\/tapa-gasoil-2-1-768x575.jpg 768w, https:\/\/www.industri-sl.com\/wp-content\/uploads\/tapa-gasoil-2-1.jpg 800w\" sizes=\"auto, (max-width: 300px) 100vw, 300px\" \/>INDUSTRI stellt Dieseltankdeckel f\u00fcr Busse aus eingespritztem Kunststoff her. Diese Tankdeckel werden am Tankeinf\u00fcllstutzen des Busses eingebaut und <strong>dienen dort gleichzeitig als Schutz- und Zierelement<\/strong>.<\/p>\n<p>Die Deckel bestehen aus zwei Kunststoffteilen, die mit einer Achse verbunden sind. Dar\u00fcber hinaus erm\u00f6glicht der Deckel das Anbringen eines Blechs in der gleichen Farbe wie die Karosserie <strong>zur optimalen Integration<\/strong> mit dem Fahrzeug.<\/p>\n<p>Zus\u00e4tzlich fertigen wir verschlie\u00dfbare Tankdeckel, so dass nur der Fahrer auf den Tank zugreifen kann, wodurch <strong>die Sicherheit erh\u00f6ht wird<\/strong>.<\/p>\n<div class=\"otras-piezas\">\n<h4>Wir stellen auch andere ma\u00dfgefertigte Teile her:<\/h4>\n<div><a class=\"boton gris\" href=\"https:\/\/www.industri-sl.com\/de\/transport\/bus\/rueckspiegel\/\">R\u00fcckspiegel<\/a> <a class=\"boton gris\" href=\"https:\/\/www.industri-sl.com\/de\/transport\/bus\/trittstufen\/\">Trittstufen<\/a> <a class=\"boton gris\" href=\"https:\/\/www.industri-sl.com\/de\/transport\/bus\/radkappen\/\">Radkappen<\/a> <a class=\"boton gris\" href=\"https:\/\/www.industri-sl.com\/de\/transport\/bus\/scharniere\/\">Scharniere<\/a> <a class=\"boton gris\" href=\"https:\/\/www.industri-sl.com\/de\/transport\/bus\/auspuffrohre\/\">Auspuffrohre<\/a> <a class=\"boton gris\" href=\"https:\/\/www.industri-sl.com\/de\/transport\/bus\/dachfenster\/\">Dachfenster<\/a><\/div>\n<\/div>\n","protected":false},"excerpt":{"rendered":"<p>Kundenspezifische Fertigung von Dieseltankdeckeln f\u00fcr Busse Bei INDUSTRI fertigen wir Tankdeckel f\u00fcr Busse aus Kunststoff-Spritzguss. Sie werden am Tankeinf\u00fcllstutzen des Busses befestigt und dienen als Schutz- und Zierelement und k\u00f6nnen elektrisch oder von Hand bet\u00e4tigt werden. Sie bestehen aus zwei \u00fcber eine Achse verbundene Kunststoffteile. Der Hauptteil sch\u00fctzt den Kraftstofftank. Die Klappe verschlie\u00dft den Einf\u00fcllstutzen [&hellip;]<\/p>\n","protected":false},"author":3,"featured_media":0,"parent":8752,"menu_order":0,"comment_status":"closed","ping_status":"closed","template":"page-vehiculos.php","meta":{"footnotes":""},"class_list":["post-8782","page","type-page","status-publish","hentry"],"yoast_head":"<!-- This site is optimized with the Yoast SEO plugin v27.5 - https:\/\/yoast.com\/product\/yoast-seo-wordpress\/ -->\n<title>Fertigung kundenspezifischer Dieseltankdeckel f\u00fcr Busse - INDUSTRI<\/title>\n<meta name=\"description\" content=\"Bei INDUSTRI fertigen wir Tankdeckel f\u00fcr Busse aus Kunststoff-Spritzguss. Diese k\u00f6nnen elektrisch oder manuell bet\u00e4tigt werden.\" \/>\n<meta name=\"robots\" content=\"index, follow, max-snippet:-1, max-image-preview:large, max-video-preview:-1\" \/>\n<link rel=\"canonical\" href=\"https:\/\/www.industri-sl.com\/de\/transport\/bus\/dieseltankdeckel\/\" \/>\n<meta property=\"og:locale\" content=\"de_DE\" \/>\n<meta property=\"og:type\" content=\"article\" \/>\n<meta property=\"og:title\" content=\"Fertigung kundenspezifischer Dieseltankdeckel f\u00fcr Busse - INDUSTRI\" \/>\n<meta property=\"og:description\" content=\"Bei INDUSTRI fertigen wir Tankdeckel f\u00fcr Busse aus Kunststoff-Spritzguss. Diese k\u00f6nnen elektrisch oder manuell bet\u00e4tigt werden.\" \/>\n<meta property=\"og:url\" content=\"https:\/\/www.industri-sl.com\/de\/transport\/bus\/dieseltankdeckel\/\" \/>\n<meta property=\"og:site_name\" content=\"Industri SL\" \/>\n<meta property=\"article:modified_time\" content=\"2025-05-21T12:17:25+00:00\" \/>\n<meta property=\"og:image\" content=\"https:\/\/www.industri-sl.com\/wp-content\/uploads\/tapa-gasoil1-300x225.jpg\" \/>\n<meta name=\"twitter:card\" content=\"summary_large_image\" \/>\n<meta name=\"twitter:label1\" content=\"Gesch\u00e4tzte Lesezeit\" \/>\n\t<meta name=\"twitter:data1\" content=\"3\u00a0Minuten\" \/>\n<script type=\"application\/ld+json\" class=\"yoast-schema-graph\">{\"@context\":\"https:\\\/\\\/schema.org\",\"@graph\":[{\"@type\":\"WebPage\",\"@id\":\"https:\\\/\\\/www.industri-sl.com\\\/de\\\/transport\\\/bus\\\/dieseltankdeckel\\\/\",\"url\":\"https:\\\/\\\/www.industri-sl.com\\\/de\\\/transport\\\/bus\\\/dieseltankdeckel\\\/\",\"name\":\"Fertigung kundenspezifischer Dieseltankdeckel f\u00fcr Busse - INDUSTRI\",\"isPartOf\":{\"@id\":\"https:\\\/\\\/www.industri-sl.com\\\/de\\\/#website\"},\"primaryImageOfPage\":{\"@id\":\"https:\\\/\\\/www.industri-sl.com\\\/de\\\/transport\\\/bus\\\/dieseltankdeckel\\\/#primaryimage\"},\"image\":{\"@id\":\"https:\\\/\\\/www.industri-sl.com\\\/de\\\/transport\\\/bus\\\/dieseltankdeckel\\\/#primaryimage\"},\"thumbnailUrl\":\"https:\\\/\\\/www.industri-sl.com\\\/wp-content\\\/uploads\\\/tapa-gasoil1-300x225.jpg\",\"datePublished\":\"2019-10-01T09:03:52+00:00\",\"dateModified\":\"2025-05-21T12:17:25+00:00\",\"description\":\"Bei INDUSTRI fertigen wir Tankdeckel f\u00fcr Busse aus Kunststoff-Spritzguss. Diese k\u00f6nnen elektrisch oder manuell bet\u00e4tigt werden.\",\"breadcrumb\":{\"@id\":\"https:\\\/\\\/www.industri-sl.com\\\/de\\\/transport\\\/bus\\\/dieseltankdeckel\\\/#breadcrumb\"},\"inLanguage\":\"de\",\"potentialAction\":[{\"@type\":\"ReadAction\",\"target\":[\"https:\\\/\\\/www.industri-sl.com\\\/de\\\/transport\\\/bus\\\/dieseltankdeckel\\\/\"]}]},{\"@type\":\"ImageObject\",\"inLanguage\":\"de\",\"@id\":\"https:\\\/\\\/www.industri-sl.com\\\/de\\\/transport\\\/bus\\\/dieseltankdeckel\\\/#primaryimage\",\"url\":\"https:\\\/\\\/www.industri-sl.com\\\/wp-content\\\/uploads\\\/tapa-gasoil1-300x225.jpg\",\"contentUrl\":\"https:\\\/\\\/www.industri-sl.com\\\/wp-content\\\/uploads\\\/tapa-gasoil1-300x225.jpg\"},{\"@type\":\"BreadcrumbList\",\"@id\":\"https:\\\/\\\/www.industri-sl.com\\\/de\\\/transport\\\/bus\\\/dieseltankdeckel\\\/#breadcrumb\",\"itemListElement\":[{\"@type\":\"ListItem\",\"position\":1,\"name\":\"Inicio\",\"item\":\"https:\\\/\\\/www.industri-sl.com\\\/de\\\/\"},{\"@type\":\"ListItem\",\"position\":2,\"name\":\"Gesch\u00e4ftsbereich Transport\",\"item\":\"https:\\\/\\\/www.industri-sl.com\\\/de\\\/transport\\\/\"},{\"@type\":\"ListItem\",\"position\":3,\"name\":\"Kundenspezifische Fertigung f\u00fcr Busse\",\"item\":\"https:\\\/\\\/www.industri-sl.com\\\/de\\\/transport\\\/bus\\\/\"},{\"@type\":\"ListItem\",\"position\":4,\"name\":\"Kundenspezifische Dieseltankdeckel f\u00fcr Busse\"}]},{\"@type\":\"WebSite\",\"@id\":\"https:\\\/\\\/www.industri-sl.com\\\/de\\\/#website\",\"url\":\"https:\\\/\\\/www.industri-sl.com\\\/de\\\/\",\"name\":\"Industri SL\",\"description\":\"\",\"publisher\":{\"@id\":\"https:\\\/\\\/www.industri-sl.com\\\/de\\\/#organization\"},\"potentialAction\":[{\"@type\":\"SearchAction\",\"target\":{\"@type\":\"EntryPoint\",\"urlTemplate\":\"https:\\\/\\\/www.industri-sl.com\\\/de\\\/?s={search_term_string}\"},\"query-input\":{\"@type\":\"PropertyValueSpecification\",\"valueRequired\":true,\"valueName\":\"search_term_string\"}}],\"inLanguage\":\"de\"},{\"@type\":\"Organization\",\"@id\":\"https:\\\/\\\/www.industri-sl.com\\\/de\\\/#organization\",\"name\":\"Industri SL\",\"url\":\"https:\\\/\\\/www.industri-sl.com\\\/de\\\/\",\"logo\":{\"@type\":\"ImageObject\",\"inLanguage\":\"de\",\"@id\":\"https:\\\/\\\/www.industri-sl.com\\\/de\\\/#\\\/schema\\\/logo\\\/image\\\/\",\"url\":\"https:\\\/\\\/www.industri-sl.com\\\/wp-content\\\/uploads\\\/industri-logo.png\",\"contentUrl\":\"https:\\\/\\\/www.industri-sl.com\\\/wp-content\\\/uploads\\\/industri-logo.png\",\"width\":248,\"height\":45,\"caption\":\"Industri SL\"},\"image\":{\"@id\":\"https:\\\/\\\/www.industri-sl.com\\\/de\\\/#\\\/schema\\\/logo\\\/image\\\/\"}}]}<\/script>\n<!-- \/ Yoast SEO plugin. -->","yoast_head_json":{"title":"Fertigung kundenspezifischer Dieseltankdeckel f\u00fcr Busse - INDUSTRI","description":"Bei INDUSTRI fertigen wir Tankdeckel f\u00fcr Busse aus Kunststoff-Spritzguss. Diese k\u00f6nnen elektrisch oder manuell bet\u00e4tigt werden.","robots":{"index":"index","follow":"follow","max-snippet":"max-snippet:-1","max-image-preview":"max-image-preview:large","max-video-preview":"max-video-preview:-1"},"canonical":"https:\/\/www.industri-sl.com\/de\/transport\/bus\/dieseltankdeckel\/","og_locale":"de_DE","og_type":"article","og_title":"Fertigung kundenspezifischer Dieseltankdeckel f\u00fcr Busse - INDUSTRI","og_description":"Bei INDUSTRI fertigen wir Tankdeckel f\u00fcr Busse aus Kunststoff-Spritzguss. Diese k\u00f6nnen elektrisch oder manuell bet\u00e4tigt werden.","og_url":"https:\/\/www.industri-sl.com\/de\/transport\/bus\/dieseltankdeckel\/","og_site_name":"Industri SL","article_modified_time":"2025-05-21T12:17:25+00:00","og_image":[{"url":"https:\/\/www.industri-sl.com\/wp-content\/uploads\/tapa-gasoil1-300x225.jpg","type":"","width":"","height":""}],"twitter_card":"summary_large_image","twitter_misc":{"Gesch\u00e4tzte Lesezeit":"3\u00a0Minuten"},"schema":{"@context":"https:\/\/schema.org","@graph":[{"@type":"WebPage","@id":"https:\/\/www.industri-sl.com\/de\/transport\/bus\/dieseltankdeckel\/","url":"https:\/\/www.industri-sl.com\/de\/transport\/bus\/dieseltankdeckel\/","name":"Fertigung kundenspezifischer Dieseltankdeckel f\u00fcr Busse - INDUSTRI","isPartOf":{"@id":"https:\/\/www.industri-sl.com\/de\/#website"},"primaryImageOfPage":{"@id":"https:\/\/www.industri-sl.com\/de\/transport\/bus\/dieseltankdeckel\/#primaryimage"},"image":{"@id":"https:\/\/www.industri-sl.com\/de\/transport\/bus\/dieseltankdeckel\/#primaryimage"},"thumbnailUrl":"https:\/\/www.industri-sl.com\/wp-content\/uploads\/tapa-gasoil1-300x225.jpg","datePublished":"2019-10-01T09:03:52+00:00","dateModified":"2025-05-21T12:17:25+00:00","description":"Bei INDUSTRI fertigen wir Tankdeckel f\u00fcr Busse aus Kunststoff-Spritzguss. Diese k\u00f6nnen elektrisch oder manuell bet\u00e4tigt werden.","breadcrumb":{"@id":"https:\/\/www.industri-sl.com\/de\/transport\/bus\/dieseltankdeckel\/#breadcrumb"},"inLanguage":"de","potentialAction":[{"@type":"ReadAction","target":["https:\/\/www.industri-sl.com\/de\/transport\/bus\/dieseltankdeckel\/"]}]},{"@type":"ImageObject","inLanguage":"de","@id":"https:\/\/www.industri-sl.com\/de\/transport\/bus\/dieseltankdeckel\/#primaryimage","url":"https:\/\/www.industri-sl.com\/wp-content\/uploads\/tapa-gasoil1-300x225.jpg","contentUrl":"https:\/\/www.industri-sl.com\/wp-content\/uploads\/tapa-gasoil1-300x225.jpg"},{"@type":"BreadcrumbList","@id":"https:\/\/www.industri-sl.com\/de\/transport\/bus\/dieseltankdeckel\/#breadcrumb","itemListElement":[{"@type":"ListItem","position":1,"name":"Inicio","item":"https:\/\/www.industri-sl.com\/de\/"},{"@type":"ListItem","position":2,"name":"Gesch\u00e4ftsbereich Transport","item":"https:\/\/www.industri-sl.com\/de\/transport\/"},{"@type":"ListItem","position":3,"name":"Kundenspezifische Fertigung f\u00fcr Busse","item":"https:\/\/www.industri-sl.com\/de\/transport\/bus\/"},{"@type":"ListItem","position":4,"name":"Kundenspezifische Dieseltankdeckel f\u00fcr Busse"}]},{"@type":"WebSite","@id":"https:\/\/www.industri-sl.com\/de\/#website","url":"https:\/\/www.industri-sl.com\/de\/","name":"Industri SL","description":"","publisher":{"@id":"https:\/\/www.industri-sl.com\/de\/#organization"},"potentialAction":[{"@type":"SearchAction","target":{"@type":"EntryPoint","urlTemplate":"https:\/\/www.industri-sl.com\/de\/?s={search_term_string}"},"query-input":{"@type":"PropertyValueSpecification","valueRequired":true,"valueName":"search_term_string"}}],"inLanguage":"de"},{"@type":"Organization","@id":"https:\/\/www.industri-sl.com\/de\/#organization","name":"Industri SL","url":"https:\/\/www.industri-sl.com\/de\/","logo":{"@type":"ImageObject","inLanguage":"de","@id":"https:\/\/www.industri-sl.com\/de\/#\/schema\/logo\/image\/","url":"https:\/\/www.industri-sl.com\/wp-content\/uploads\/industri-logo.png","contentUrl":"https:\/\/www.industri-sl.com\/wp-content\/uploads\/industri-logo.png","width":248,"height":45,"caption":"Industri SL"},"image":{"@id":"https:\/\/www.industri-sl.com\/de\/#\/schema\/logo\/image\/"}}]}},"_links":{"self":[{"href":"https:\/\/www.industri-sl.com\/de\/wp-json\/wp\/v2\/pages\/8782","targetHints":{"allow":["GET"]}}],"collection":[{"href":"https:\/\/www.industri-sl.com\/de\/wp-json\/wp\/v2\/pages"}],"about":[{"href":"https:\/\/www.industri-sl.com\/de\/wp-json\/wp\/v2\/types\/page"}],"author":[{"embeddable":true,"href":"https:\/\/www.industri-sl.com\/de\/wp-json\/wp\/v2\/users\/3"}],"replies":[{"embeddable":true,"href":"https:\/\/www.industri-sl.com\/de\/wp-json\/wp\/v2\/comments?post=8782"}],"version-history":[{"count":0,"href":"https:\/\/www.industri-sl.com\/de\/wp-json\/wp\/v2\/pages\/8782\/revisions"}],"up":[{"embeddable":true,"href":"https:\/\/www.industri-sl.com\/de\/wp-json\/wp\/v2\/pages\/8752"}],"wp:attachment":[{"href":"https:\/\/www.industri-sl.com\/de\/wp-json\/wp\/v2\/media?parent=8782"}],"curies":[{"name":"wp","href":"https:\/\/api.w.org\/{rel}","templated":true}]}}