{"id":8771,"date":"2019-09-30T14:42:11","date_gmt":"2019-09-30T12:42:11","guid":{"rendered":"https:\/\/www.industri-sl.com\/transport\/bus\/rueckspiegel\/componentes\/"},"modified":"2025-05-22T11:02:47","modified_gmt":"2025-05-22T09:02:47","slug":"bauteile","status":"publish","type":"page","link":"https:\/\/www.industri-sl.com\/de\/transport\/bus\/rueckspiegel\/bauteile\/","title":{"rendered":"Bauteile f\u00fcr R\u00fcckspiegel von Bussen"},"content":{"rendered":"<h2>Kundenspezifische Fertigung von R\u00fcckspiegeln f\u00fcr Busse<\/h2>\n<p>Zus\u00e4tzlich zur Komplettfertigung von R\u00fcckspiegeln f\u00fcr Busse <a href=\"https:\/\/www.industri-sl.com\/de\/ingenieurleistungen\/\">entwirft und fertigt INDUSTRI<\/a> mehrere Einzelbauteile f\u00fcr Au\u00dfen- und Innenspiegel.<\/p>\n<p>Diese Bau- und Ersatzteile der R\u00fcckspiegel sind <strong>f\u00fcr eine optimale Funktionsweise<\/strong> von Bussen und Reisebussen unerl\u00e4sslich. Zum Angebot geh\u00f6ren u.a. Stellschalter, Joystick-Schalter, Schwalbenschwanzverbindungen oder Spiegelplatten.<\/p>\n<h3>Stellschalter<\/h3>\n<p><img loading=\"lazy\" decoding=\"async\" class=\"size-medium wp-image-1952 alignright\" src=\"https:\/\/www.industri-sl.com\/wp-content\/uploads\/actuador-electrico-1-1-300x225.jpg\" alt=\"Kundenspezifische Fertigung von Stellschalter f\u00fcr Busse\" width=\"300\" height=\"225\" srcset=\"https:\/\/www.industri-sl.com\/wp-content\/uploads\/actuador-electrico-1-1-300x225.jpg 300w, https:\/\/www.industri-sl.com\/wp-content\/uploads\/actuador-electrico-1-1-768x576.jpg 768w, https:\/\/www.industri-sl.com\/wp-content\/uploads\/actuador-electrico-1-1.jpg 800w\" sizes=\"auto, (max-width: 300px) 100vw, 300px\" \/><br \/>\nStellschalter sind ein Mechanismus, mit dem die Spiegelplatten an den Au\u00dfenspiegeln befestigt werden, um sie zur Anpassung der Sicht verstellen zu k\u00f6nnen. Stellschalter k\u00f6nnen mechanisch oder elektrisch bet\u00e4tigt werden. Je nach den Abmessungen der zu bet\u00e4tigenden Stellschalter <strong>sind verschiedene Gr\u00f6\u00dfen lieferbar<\/strong>.<\/p>\n<p>Modelle:<\/p>\n<ul>\n<li>Elektrischer Stellschalter <strong>24V RING i4-i6-SC7<\/strong><\/li>\n<li>Elektrischer Stellschalter <strong>24V FEDER PB-CE<\/strong><\/li>\n<li>Mechanischer Stellschalter <strong>PB-CE-i4<\/strong><\/li>\n<li>Mechanischer Stellschalter <strong>MITTELGROSS i6-SC7<\/strong><\/li>\n<\/ul>\n<h3>Schwalbenschwanzverbindungen<\/h3>\n<p><img loading=\"lazy\" decoding=\"async\" class=\"size-medium wp-image-1944 alignright\" src=\"https:\/\/www.industri-sl.com\/wp-content\/uploads\/cola-de-milano-2-1-300x225.jpg\" alt=\"Kundenspezifische Fertigung von Schwalbenschwanzverbindungen f\u00fcr Busse\" width=\"300\" height=\"225\" srcset=\"https:\/\/www.industri-sl.com\/wp-content\/uploads\/cola-de-milano-2-1-300x225.jpg 300w, https:\/\/www.industri-sl.com\/wp-content\/uploads\/cola-de-milano-2-1-768x576.jpg 768w, https:\/\/www.industri-sl.com\/wp-content\/uploads\/cola-de-milano-2-1.jpg 800w\" sizes=\"auto, (max-width: 300px) 100vw, 300px\" \/><br \/>\nJe nach R\u00fcckspiegelmodell <strong>gibt es verschiedene Modelle<\/strong> von Systemen zur Befestigung des R\u00fcckspiegels an der Buskarosserie.<\/p>\n<p>F\u00fcr feste und nicht klappbare R\u00fcckspiegel werden Schwalbenschwanzverbindungen mit Nut und Feder verwendet. Beide Bauteile werden aus Aluminium, Alu-Spritzguss oder Schwerkraft-Spritzguss hergestellt, die w\u00e4hrend der Fahrt weder Dreh- noch Verstellbewegungen zulassen. Die Nut der Schwalbenschwanzverbindung wird <strong>am Pfosten des Fahrzeugs befestigt<\/strong>, w\u00e4hrend die Feder am R\u00fcckspiegel selbst angebracht wird.<\/p>\n<p>Bei klappbaren R\u00fcckspiegeln wird eine Schwalbenschwanzverbindung mit Nut, die am Pfosten des Busses befestigt wird sowie ein drehbares Federelement am R\u00fcckspiegel verwendet.  Mit diesem System kann der R\u00fcckspiegel von Hand eingeklappt werden, <strong>um die Reinigung des Fahrzeugs zu erm\u00f6glichen<\/strong>.<\/p>\n<h3>Schalter<\/h3>\n<p><img loading=\"lazy\" decoding=\"async\" class=\"size-medium wp-image-1932 alignright\" src=\"https:\/\/www.industri-sl.com\/wp-content\/uploads\/interruptor-2-1-300x225.jpg\" alt=\"Kundenspezifische Fertigung von Schalter f\u00fcr Busse\" width=\"300\" height=\"225\" srcset=\"https:\/\/www.industri-sl.com\/wp-content\/uploads\/interruptor-2-1-300x225.jpg 300w, https:\/\/www.industri-sl.com\/wp-content\/uploads\/interruptor-2-1-768x576.jpg 768w, https:\/\/www.industri-sl.com\/wp-content\/uploads\/interruptor-2-1.jpg 800w\" sizes=\"auto, (max-width: 300px) 100vw, 300px\" \/><br \/>\n<a href=\"https:\/\/www.industri-sl.com\/de\/transport\/bus\/\">Zu unserer Produktpalette f\u00fcr Busse und Reisebusse<\/a> geh\u00f6ren auch R\u00fcckspiegelschalter.<\/p>\n<p>Diese Schalter sind vom Typ Joystick und erm\u00f6glichen das Verstellen der R\u00fcckspiegel aus dem Innenraum des Busses, <strong>ohne dass sich der Fahrer von seinem Sitz erheben muss<\/strong>, wodurch der Prozess beschleunigt und die Sicherheit erh\u00f6ht wird.<\/p>\n<p>Joystick-Schalter f\u00fcr R\u00fcckspiegel von Bussen verf\u00fcgen <strong>\u00fcber einen doppelten Elektroschalter<\/strong> (12\/24V).<\/p>\n<h3>R\u00fcckspiegel<\/h3>\n<p><img loading=\"lazy\" decoding=\"async\" class=\"size-medium wp-image-1908 alignright\" src=\"https:\/\/www.industri-sl.com\/wp-content\/uploads\/placa-de-espejo-3-2-300x225.jpg\" alt=\"Kundenspezifische Fertigung von R\u00fcckspiegel f\u00fcr Busse\" width=\"300\" height=\"225\" srcset=\"https:\/\/www.industri-sl.com\/wp-content\/uploads\/placa-de-espejo-3-2-300x225.jpg 300w, https:\/\/www.industri-sl.com\/wp-content\/uploads\/placa-de-espejo-3-2-768x576.jpg 768w, https:\/\/www.industri-sl.com\/wp-content\/uploads\/placa-de-espejo-3-2.jpg 800w\" sizes=\"auto, (max-width: 300px) 100vw, 300px\" \/><br \/>\nINDUSTRI entwickelt und fertigt seit <a href=\"https:\/\/www.industri-sl.com\/de\/ueber-uns\/\">mehr als 50 Jahren<\/a> Teile und Bauteile f\u00fcr Busse, Reisebusse und Kleinbusse. Zu diesen Bauteilen geh\u00f6ren Spiegelplatten, die gem\u00e4\u00df den Anforderungen des Kunden, des R\u00fcckspiegelmodells und des Busses\/Kleinbusses gefertigt werden.<\/p>\n<p>Die Spiegelplatten haben verschiedene Gr\u00f6\u00dfen und Kr\u00fcmmungsradien. Einige dieser Spiegelplatten sind beheizt, um zu vermeiden, dass sie bei K\u00e4lte beschlagen, wodurch die Sicht f\u00fcr <strong>den Fahrer bei schlechten Wetterverh\u00e4ltnissen verbessert wird<\/strong>.<\/p>\n<div class=\"light-bg marcas\">\n\t<div class=\"flex\">\n\t\t<h2>unsere Kunden<\/h2>\n\n\t<\/div>\n\n\t<div class=\"flex\">\n\t\t<div class=\"caja\">\n\t\t\t<div class=\"flex marcas-logos\">\n\t\t\t\t<div><a href=\"https:\/\/www.industri-sl.com\/de\/transporte\/recambios\/tren\/caf\/\"><img decoding=\"async\" loading=\"lazy\" src=\"https:\/\/www.industri-sl.com\/wp-content\/themes\/industri\/img\/logo-caf.jpg\" alt=\"CAF\"><\/a><\/div>\n\t\t\t\t<div><a href=\"https:\/\/www.industri-sl.com\/de\/transporte\/recambios\/tren\/talgo\/\"><img decoding=\"async\" loading=\"lazy\" src=\"https:\/\/www.industri-sl.com\/wp-content\/themes\/industri\/img\/logo-talgo.jpg\" alt=\"Talgo\"><\/a><\/div>\n\t\t\t\t<div><img decoding=\"async\" loading=\"lazy\" src=\"https:\/\/www.industri-sl.com\/wp-content\/themes\/industri\/img\/logo-esg-rail.jpg\" alt=\"DBESGRail\"><\/div>\n\t\t\t<\/div>\n\t\t<\/div>\n\t<\/div>\n\t<div class=\"flex\">\n\t\t<div class=\"caja\">\n\t\t\t<div class=\"flex marcas-logos\">\n\t\t\t\t<div><a href=\"https:\/\/www.industri-sl.com\/de\/transporte\/recambios\/tren\/alstom\/\"><img decoding=\"async\" loading=\"lazy\" src=\"https:\/\/www.industri-sl.com\/wp-content\/themes\/industri\/img\/logo-alstom.jpg\" alt=\"ALSTOM\"><\/a><\/div>\n\t\t\t\t<div><img decoding=\"async\" loading=\"lazy\" src=\"https:\/\/www.industri-sl.com\/wp-content\/themes\/industri\/img\/logo-bombardier.jpg\" alt=\"Bombardier\"><\/div>\n\t\t\t\t<div><img decoding=\"async\" loading=\"lazy\" src=\"https:\/\/www.industri-sl.com\/wp-content\/themes\/industri\/img\/logo-stadler.jpg\" alt=\"Stadler\"><\/div>\n\t\t\t<\/div>\n\t\t<\/div>\n\t<\/div>\n\t<br>\n\t<a class=\"boton sin\" href=\"#formulario\">ANFRAGE ZUM ANGEBOT<\/a>\n<\/div>\n\n<div class=\"modelos\">\n<h4>Weitere Modelle kundenspezifischer R\u00fcckspiegel:<\/h4>\n<div class=\"flex\">\n<a href=\"https:\/\/www.industri-sl.com\/de\/transport\/bus\/rueckspiegel\/aussenspiegel\/\"><img loading=\"lazy\" decoding=\"async\" class=\"alignnone size-medium wp-image-1896\" src=\"https:\/\/www.industri-sl.com\/wp-content\/uploads\/retrovisor-exterior-1-300x216.jpg\" alt=\"Kundenspezifische Fertigung von Au\u00dfenspiegel f\u00fcr Busse\" width=\"300\" height=\"216\" srcset=\"https:\/\/www.industri-sl.com\/wp-content\/uploads\/retrovisor-exterior-1-300x216.jpg 300w, https:\/\/www.industri-sl.com\/wp-content\/uploads\/retrovisor-exterior-1-768x552.jpg 768w, https:\/\/www.industri-sl.com\/wp-content\/uploads\/retrovisor-exterior-1.jpg 800w\" sizes=\"auto, (max-width: 300px) 100vw, 300px\" \/><br \/>\n<span>Au\u00dfenspiegel<\/span><\/a><br \/>\n<a href=\"https:\/\/www.industri-sl.com\/de\/transport\/bus\/rueckspiegel\/innenspiegel\/\"><img loading=\"lazy\" decoding=\"async\" class=\"alignnone size-medium wp-image-1840\" src=\"https:\/\/www.industri-sl.com\/wp-content\/uploads\/espejo-interior-redondo-4-1-300x215.jpg\" alt=\"Kundenspezifische Fertigung von Innenspiegel f\u00fcr Busse\" width=\"300\" height=\"215\" srcset=\"https:\/\/www.industri-sl.com\/wp-content\/uploads\/espejo-interior-redondo-4-1-300x215.jpg 300w, https:\/\/www.industri-sl.com\/wp-content\/uploads\/espejo-interior-redondo-4-1-768x551.jpg 768w, https:\/\/www.industri-sl.com\/wp-content\/uploads\/espejo-interior-redondo-4-1.jpg 800w\" sizes=\"auto, (max-width: 300px) 100vw, 300px\" \/><br \/>\n<span>Innenspiegel<\/span><\/a><br \/>\n<a href=\"https:\/\/www.industri-sl.com\/de\/transport\/bus\/rueckspiegel\/notspiegel\/\"><img loading=\"lazy\" decoding=\"async\" class=\"alignnone wp-image-3402 size-medium\" src=\"https:\/\/www.industri-sl.com\/wp-content\/uploads\/espejo-retrovisor-emergencia-2-300x219.jpg\" alt=\"Kundenspezifische Fertigung von Notspiegel f\u00fcr Busse\" width=\"300\" height=\"219\" srcset=\"https:\/\/www.industri-sl.com\/wp-content\/uploads\/espejo-retrovisor-emergencia-2-300x219.jpg 300w, https:\/\/www.industri-sl.com\/wp-content\/uploads\/espejo-retrovisor-emergencia-2-768x560.jpg 768w, https:\/\/www.industri-sl.com\/wp-content\/uploads\/espejo-retrovisor-emergencia-2.jpg 800w\" sizes=\"auto, (max-width: 300px) 100vw, 300px\" \/><br \/>\n<span>Notspiegel<\/span><\/a><\/div>\n<\/div>\n<div class=\"otras-piezas\">\n<h4>Wir fertigen auch andere Teile:<\/h4>\n<div><a class=\"boton gris\" href=\"https:\/\/www.industri-sl.com\/de\/transport\/bus\/scharniere\/\">Scharniere<\/a> <a class=\"boton gris\" href=\"https:\/\/www.industri-sl.com\/de\/transport\/bus\/vorhaenge\/\">Vorh\u00e4nge<\/a> <a class=\"boton gris\" href=\"https:\/\/www.industri-sl.com\/de\/transport\/bus\/dieseltankdeckel\/\">Dieseltankdeckel<\/a> <a class=\"boton gris\" href=\"https:\/\/www.industri-sl.com\/de\/transport\/bus\/sonstiges\/\">Zubeh\u00f6r<\/a> <a class=\"boton gris\" href=\"https:\/\/www.industri-sl.com\/de\/transport\/bus\/radkappen\/\">Radkappen<\/a> <a class=\"boton gris\" href=\"https:\/\/www.industri-sl.com\/de\/transport\/bus\/dachfenster\/\">Dachfenster<\/a><\/div>\n<\/div>\n","protected":false},"excerpt":{"rendered":"<p>Kundenspezifische Fertigung von R\u00fcckspiegeln f\u00fcr Busse Zus\u00e4tzlich zur Komplettfertigung von R\u00fcckspiegeln f\u00fcr Busse entwirft und fertigt INDUSTRI mehrere Einzelbauteile f\u00fcr Au\u00dfen- und Innenspiegel. Diese Bau- und Ersatzteile der R\u00fcckspiegel sind f\u00fcr eine optimale Funktionsweise von Bussen und Reisebussen unerl\u00e4sslich. Zum Angebot geh\u00f6ren u.a. Stellschalter, Joystick-Schalter, Schwalbenschwanzverbindungen oder Spiegelplatten. Stellschalter Stellschalter sind ein Mechanismus, mit dem [&hellip;]<\/p>\n","protected":false},"author":3,"featured_media":0,"parent":8769,"menu_order":0,"comment_status":"closed","ping_status":"closed","template":"page-vehiculos.php","meta":{"footnotes":""},"class_list":["post-8771","page","type-page","status-publish","hentry"],"yoast_head":"<!-- This site is optimized with the Yoast SEO plugin v27.5 - https:\/\/yoast.com\/product\/yoast-seo-wordpress\/ -->\n<title>Fertigung kundenspezifischer Komponenten f\u00fcr R\u00fcckspiegel von Bussen - INDUSTRI<\/title>\n<meta name=\"description\" content=\"Bei INDUSTRI fertigen wir Komponenten f\u00fcr R\u00fcckspiegel von Bussen oder Kleinbussen. Wir entwerfen Teile wie Spiegelplatten, Stellschalter oder Schalter.\" \/>\n<meta name=\"robots\" content=\"index, follow, max-snippet:-1, max-image-preview:large, max-video-preview:-1\" \/>\n<link rel=\"canonical\" href=\"https:\/\/www.industri-sl.com\/de\/transport\/bus\/rueckspiegel\/bauteile\/\" \/>\n<meta property=\"og:locale\" content=\"de_DE\" \/>\n<meta property=\"og:type\" content=\"article\" \/>\n<meta property=\"og:title\" content=\"Fertigung kundenspezifischer Komponenten f\u00fcr R\u00fcckspiegel von Bussen - INDUSTRI\" \/>\n<meta property=\"og:description\" content=\"Bei INDUSTRI fertigen wir Komponenten f\u00fcr R\u00fcckspiegel von Bussen oder Kleinbussen. Wir entwerfen Teile wie Spiegelplatten, Stellschalter oder Schalter.\" \/>\n<meta property=\"og:url\" content=\"https:\/\/www.industri-sl.com\/de\/transport\/bus\/rueckspiegel\/bauteile\/\" \/>\n<meta property=\"og:site_name\" content=\"Industri SL\" \/>\n<meta property=\"article:modified_time\" content=\"2025-05-22T09:02:47+00:00\" \/>\n<meta property=\"og:image\" content=\"https:\/\/www.industri-sl.com\/wp-content\/uploads\/actuador-electrico-1-1.jpg\" \/>\n\t<meta property=\"og:image:width\" content=\"800\" \/>\n\t<meta property=\"og:image:height\" content=\"600\" \/>\n\t<meta property=\"og:image:type\" content=\"image\/jpeg\" \/>\n<meta name=\"twitter:card\" content=\"summary_large_image\" \/>\n<meta name=\"twitter:label1\" content=\"Gesch\u00e4tzte Lesezeit\" \/>\n\t<meta name=\"twitter:data1\" content=\"4\u00a0Minuten\" \/>\n<script type=\"application\/ld+json\" class=\"yoast-schema-graph\">{\"@context\":\"https:\\\/\\\/schema.org\",\"@graph\":[{\"@type\":\"WebPage\",\"@id\":\"https:\\\/\\\/www.industri-sl.com\\\/de\\\/transport\\\/bus\\\/rueckspiegel\\\/bauteile\\\/\",\"url\":\"https:\\\/\\\/www.industri-sl.com\\\/de\\\/transport\\\/bus\\\/rueckspiegel\\\/bauteile\\\/\",\"name\":\"Fertigung kundenspezifischer Komponenten f\u00fcr R\u00fcckspiegel von Bussen - INDUSTRI\",\"isPartOf\":{\"@id\":\"https:\\\/\\\/www.industri-sl.com\\\/de\\\/#website\"},\"primaryImageOfPage\":{\"@id\":\"https:\\\/\\\/www.industri-sl.com\\\/de\\\/transport\\\/bus\\\/rueckspiegel\\\/bauteile\\\/#primaryimage\"},\"image\":{\"@id\":\"https:\\\/\\\/www.industri-sl.com\\\/de\\\/transport\\\/bus\\\/rueckspiegel\\\/bauteile\\\/#primaryimage\"},\"thumbnailUrl\":\"https:\\\/\\\/www.industri-sl.com\\\/wp-content\\\/uploads\\\/actuador-electrico-1-1-300x225.jpg\",\"datePublished\":\"2019-09-30T12:42:11+00:00\",\"dateModified\":\"2025-05-22T09:02:47+00:00\",\"description\":\"Bei INDUSTRI fertigen wir Komponenten f\u00fcr R\u00fcckspiegel von Bussen oder Kleinbussen. Wir entwerfen Teile wie Spiegelplatten, Stellschalter oder Schalter.\",\"breadcrumb\":{\"@id\":\"https:\\\/\\\/www.industri-sl.com\\\/de\\\/transport\\\/bus\\\/rueckspiegel\\\/bauteile\\\/#breadcrumb\"},\"inLanguage\":\"de\",\"potentialAction\":[{\"@type\":\"ReadAction\",\"target\":[\"https:\\\/\\\/www.industri-sl.com\\\/de\\\/transport\\\/bus\\\/rueckspiegel\\\/bauteile\\\/\"]}]},{\"@type\":\"ImageObject\",\"inLanguage\":\"de\",\"@id\":\"https:\\\/\\\/www.industri-sl.com\\\/de\\\/transport\\\/bus\\\/rueckspiegel\\\/bauteile\\\/#primaryimage\",\"url\":\"https:\\\/\\\/www.industri-sl.com\\\/wp-content\\\/uploads\\\/actuador-electrico-1-1-300x225.jpg\",\"contentUrl\":\"https:\\\/\\\/www.industri-sl.com\\\/wp-content\\\/uploads\\\/actuador-electrico-1-1-300x225.jpg\"},{\"@type\":\"BreadcrumbList\",\"@id\":\"https:\\\/\\\/www.industri-sl.com\\\/de\\\/transport\\\/bus\\\/rueckspiegel\\\/bauteile\\\/#breadcrumb\",\"itemListElement\":[{\"@type\":\"ListItem\",\"position\":1,\"name\":\"Inicio\",\"item\":\"https:\\\/\\\/www.industri-sl.com\\\/de\\\/\"},{\"@type\":\"ListItem\",\"position\":2,\"name\":\"Gesch\u00e4ftsbereich Transport\",\"item\":\"https:\\\/\\\/www.industri-sl.com\\\/de\\\/transport\\\/\"},{\"@type\":\"ListItem\",\"position\":3,\"name\":\"Kundenspezifische Fertigung f\u00fcr Busse\",\"item\":\"https:\\\/\\\/www.industri-sl.com\\\/de\\\/transport\\\/bus\\\/\"},{\"@type\":\"ListItem\",\"position\":4,\"name\":\"Kundenspezifische R\u00fcckspiegel f\u00fcr Busse\",\"item\":\"https:\\\/\\\/www.industri-sl.com\\\/de\\\/transport\\\/bus\\\/rueckspiegel\\\/\"},{\"@type\":\"ListItem\",\"position\":5,\"name\":\"Bauteile f\u00fcr R\u00fcckspiegel von Bussen\"}]},{\"@type\":\"WebSite\",\"@id\":\"https:\\\/\\\/www.industri-sl.com\\\/de\\\/#website\",\"url\":\"https:\\\/\\\/www.industri-sl.com\\\/de\\\/\",\"name\":\"Industri SL\",\"description\":\"\",\"publisher\":{\"@id\":\"https:\\\/\\\/www.industri-sl.com\\\/de\\\/#organization\"},\"potentialAction\":[{\"@type\":\"SearchAction\",\"target\":{\"@type\":\"EntryPoint\",\"urlTemplate\":\"https:\\\/\\\/www.industri-sl.com\\\/de\\\/?s={search_term_string}\"},\"query-input\":{\"@type\":\"PropertyValueSpecification\",\"valueRequired\":true,\"valueName\":\"search_term_string\"}}],\"inLanguage\":\"de\"},{\"@type\":\"Organization\",\"@id\":\"https:\\\/\\\/www.industri-sl.com\\\/de\\\/#organization\",\"name\":\"Industri SL\",\"url\":\"https:\\\/\\\/www.industri-sl.com\\\/de\\\/\",\"logo\":{\"@type\":\"ImageObject\",\"inLanguage\":\"de\",\"@id\":\"https:\\\/\\\/www.industri-sl.com\\\/de\\\/#\\\/schema\\\/logo\\\/image\\\/\",\"url\":\"https:\\\/\\\/www.industri-sl.com\\\/wp-content\\\/uploads\\\/industri-logo.png\",\"contentUrl\":\"https:\\\/\\\/www.industri-sl.com\\\/wp-content\\\/uploads\\\/industri-logo.png\",\"width\":248,\"height\":45,\"caption\":\"Industri SL\"},\"image\":{\"@id\":\"https:\\\/\\\/www.industri-sl.com\\\/de\\\/#\\\/schema\\\/logo\\\/image\\\/\"}}]}<\/script>\n<!-- \/ Yoast SEO plugin. -->","yoast_head_json":{"title":"Fertigung kundenspezifischer Komponenten f\u00fcr R\u00fcckspiegel von Bussen - INDUSTRI","description":"Bei INDUSTRI fertigen wir Komponenten f\u00fcr R\u00fcckspiegel von Bussen oder Kleinbussen. Wir entwerfen Teile wie Spiegelplatten, Stellschalter oder Schalter.","robots":{"index":"index","follow":"follow","max-snippet":"max-snippet:-1","max-image-preview":"max-image-preview:large","max-video-preview":"max-video-preview:-1"},"canonical":"https:\/\/www.industri-sl.com\/de\/transport\/bus\/rueckspiegel\/bauteile\/","og_locale":"de_DE","og_type":"article","og_title":"Fertigung kundenspezifischer Komponenten f\u00fcr R\u00fcckspiegel von Bussen - INDUSTRI","og_description":"Bei INDUSTRI fertigen wir Komponenten f\u00fcr R\u00fcckspiegel von Bussen oder Kleinbussen. Wir entwerfen Teile wie Spiegelplatten, Stellschalter oder Schalter.","og_url":"https:\/\/www.industri-sl.com\/de\/transport\/bus\/rueckspiegel\/bauteile\/","og_site_name":"Industri SL","article_modified_time":"2025-05-22T09:02:47+00:00","og_image":[{"width":800,"height":600,"url":"https:\/\/www.industri-sl.com\/wp-content\/uploads\/actuador-electrico-1-1.jpg","type":"image\/jpeg"}],"twitter_card":"summary_large_image","twitter_misc":{"Gesch\u00e4tzte Lesezeit":"4\u00a0Minuten"},"schema":{"@context":"https:\/\/schema.org","@graph":[{"@type":"WebPage","@id":"https:\/\/www.industri-sl.com\/de\/transport\/bus\/rueckspiegel\/bauteile\/","url":"https:\/\/www.industri-sl.com\/de\/transport\/bus\/rueckspiegel\/bauteile\/","name":"Fertigung kundenspezifischer Komponenten f\u00fcr R\u00fcckspiegel von Bussen - INDUSTRI","isPartOf":{"@id":"https:\/\/www.industri-sl.com\/de\/#website"},"primaryImageOfPage":{"@id":"https:\/\/www.industri-sl.com\/de\/transport\/bus\/rueckspiegel\/bauteile\/#primaryimage"},"image":{"@id":"https:\/\/www.industri-sl.com\/de\/transport\/bus\/rueckspiegel\/bauteile\/#primaryimage"},"thumbnailUrl":"https:\/\/www.industri-sl.com\/wp-content\/uploads\/actuador-electrico-1-1-300x225.jpg","datePublished":"2019-09-30T12:42:11+00:00","dateModified":"2025-05-22T09:02:47+00:00","description":"Bei INDUSTRI fertigen wir Komponenten f\u00fcr R\u00fcckspiegel von Bussen oder Kleinbussen. Wir entwerfen Teile wie Spiegelplatten, Stellschalter oder Schalter.","breadcrumb":{"@id":"https:\/\/www.industri-sl.com\/de\/transport\/bus\/rueckspiegel\/bauteile\/#breadcrumb"},"inLanguage":"de","potentialAction":[{"@type":"ReadAction","target":["https:\/\/www.industri-sl.com\/de\/transport\/bus\/rueckspiegel\/bauteile\/"]}]},{"@type":"ImageObject","inLanguage":"de","@id":"https:\/\/www.industri-sl.com\/de\/transport\/bus\/rueckspiegel\/bauteile\/#primaryimage","url":"https:\/\/www.industri-sl.com\/wp-content\/uploads\/actuador-electrico-1-1-300x225.jpg","contentUrl":"https:\/\/www.industri-sl.com\/wp-content\/uploads\/actuador-electrico-1-1-300x225.jpg"},{"@type":"BreadcrumbList","@id":"https:\/\/www.industri-sl.com\/de\/transport\/bus\/rueckspiegel\/bauteile\/#breadcrumb","itemListElement":[{"@type":"ListItem","position":1,"name":"Inicio","item":"https:\/\/www.industri-sl.com\/de\/"},{"@type":"ListItem","position":2,"name":"Gesch\u00e4ftsbereich Transport","item":"https:\/\/www.industri-sl.com\/de\/transport\/"},{"@type":"ListItem","position":3,"name":"Kundenspezifische Fertigung f\u00fcr Busse","item":"https:\/\/www.industri-sl.com\/de\/transport\/bus\/"},{"@type":"ListItem","position":4,"name":"Kundenspezifische R\u00fcckspiegel f\u00fcr Busse","item":"https:\/\/www.industri-sl.com\/de\/transport\/bus\/rueckspiegel\/"},{"@type":"ListItem","position":5,"name":"Bauteile f\u00fcr R\u00fcckspiegel von Bussen"}]},{"@type":"WebSite","@id":"https:\/\/www.industri-sl.com\/de\/#website","url":"https:\/\/www.industri-sl.com\/de\/","name":"Industri SL","description":"","publisher":{"@id":"https:\/\/www.industri-sl.com\/de\/#organization"},"potentialAction":[{"@type":"SearchAction","target":{"@type":"EntryPoint","urlTemplate":"https:\/\/www.industri-sl.com\/de\/?s={search_term_string}"},"query-input":{"@type":"PropertyValueSpecification","valueRequired":true,"valueName":"search_term_string"}}],"inLanguage":"de"},{"@type":"Organization","@id":"https:\/\/www.industri-sl.com\/de\/#organization","name":"Industri SL","url":"https:\/\/www.industri-sl.com\/de\/","logo":{"@type":"ImageObject","inLanguage":"de","@id":"https:\/\/www.industri-sl.com\/de\/#\/schema\/logo\/image\/","url":"https:\/\/www.industri-sl.com\/wp-content\/uploads\/industri-logo.png","contentUrl":"https:\/\/www.industri-sl.com\/wp-content\/uploads\/industri-logo.png","width":248,"height":45,"caption":"Industri SL"},"image":{"@id":"https:\/\/www.industri-sl.com\/de\/#\/schema\/logo\/image\/"}}]}},"_links":{"self":[{"href":"https:\/\/www.industri-sl.com\/de\/wp-json\/wp\/v2\/pages\/8771","targetHints":{"allow":["GET"]}}],"collection":[{"href":"https:\/\/www.industri-sl.com\/de\/wp-json\/wp\/v2\/pages"}],"about":[{"href":"https:\/\/www.industri-sl.com\/de\/wp-json\/wp\/v2\/types\/page"}],"author":[{"embeddable":true,"href":"https:\/\/www.industri-sl.com\/de\/wp-json\/wp\/v2\/users\/3"}],"replies":[{"embeddable":true,"href":"https:\/\/www.industri-sl.com\/de\/wp-json\/wp\/v2\/comments?post=8771"}],"version-history":[{"count":0,"href":"https:\/\/www.industri-sl.com\/de\/wp-json\/wp\/v2\/pages\/8771\/revisions"}],"up":[{"embeddable":true,"href":"https:\/\/www.industri-sl.com\/de\/wp-json\/wp\/v2\/pages\/8769"}],"wp:attachment":[{"href":"https:\/\/www.industri-sl.com\/de\/wp-json\/wp\/v2\/media?parent=8771"}],"curies":[{"name":"wp","href":"https:\/\/api.w.org\/{rel}","templated":true}]}}