{"id":8769,"date":"2019-09-30T14:00:43","date_gmt":"2019-09-30T12:00:43","guid":{"rendered":"https:\/\/www.industri-sl.com\/transport\/bus\/retrovisores\/"},"modified":"2025-05-21T14:13:00","modified_gmt":"2025-05-21T12:13:00","slug":"rueckspiegel","status":"publish","type":"page","link":"https:\/\/www.industri-sl.com\/de\/transport\/bus\/rueckspiegel\/","title":{"rendered":"Kundenspezifische R\u00fcckspiegel f\u00fcr Busse"},"content":{"rendered":"<h2>Kundenspezifische Fertigung von R\u00fcckspiegeln f\u00fcr Busse<\/h2>\n<p>INDUSTRI ist Hersteller von Innen- bzw. Au\u00dfenspiegeln f\u00fcr Busse und Kleinbusse.  <a href=\"https:\/\/www.industri-sl.com\/de\/ingenieurleistungen\/\">Wir passen uns den Anforderungen unserer Kunden an<\/a>, indem wir zur Fertigung der Modelle und Werkzeuge f\u00fcr die sp\u00e4tere Serienproduktion vom spezifischen Design jeder Marke ausgehen.<\/p>\n<p>Wir fertigen R\u00fcckspiegel <strong>f\u00fcr beheizte und unbeheizte Spiegel<\/strong>, mechanisch und elektrisch bet\u00e4tigte Stellschalter (Motoren), Schalter, Joysticks, Geh\u00e4use aus Polyester, Polyurethan und PVC, usw.<\/p>\n<p>Unsere Qualit\u00e4tsabteilung f\u00fchrt Sichtbarkeitsversuche der R\u00fcckspiegel durch, um die geltenden Vorschriften f\u00fcr indirekte Sichtsysteme zu erf\u00fcllen und <strong>einen Komplettservice des gesamten Prozesses zu bieten<\/strong>.<\/p>\n<h2>Welche Art von R\u00fcckspiegel fertigen wir?<\/h2>\n<div><a class=\"boton gris\" href=\"#exteriores\">Au\u00dfenspiegel<\/a> <a class=\"boton gris\" href=\"#interiores\">Innenspiegel<\/a> <a class=\"boton gris\" href=\"#emergencia\">Notspiegel<\/a> <a class=\"boton gris\" href=\"#componentes\">Bauteile f\u00fcr R\u00fcckspiegel<\/a><\/div>\n<div class=\"light-bg marcas\">\n\t<div class=\"flex\">\n\t\t<h2>unsere Kunden<\/h2>\n\n\t<\/div>\n\n\t<div class=\"flex\">\n\t\t<div class=\"caja\">\n\t\t\t<div class=\"flex marcas-logos\">\n\t\t\t\t<div><a href=\"https:\/\/www.industri-sl.com\/de\/transporte\/recambios\/tren\/caf\/\"><img decoding=\"async\" loading=\"lazy\" src=\"https:\/\/www.industri-sl.com\/wp-content\/themes\/industri\/img\/logo-caf.jpg\" alt=\"CAF\"><\/a><\/div>\n\t\t\t\t<div><a href=\"https:\/\/www.industri-sl.com\/de\/transporte\/recambios\/tren\/talgo\/\"><img decoding=\"async\" loading=\"lazy\" src=\"https:\/\/www.industri-sl.com\/wp-content\/themes\/industri\/img\/logo-talgo.jpg\" alt=\"Talgo\"><\/a><\/div>\n\t\t\t\t<div><img decoding=\"async\" loading=\"lazy\" src=\"https:\/\/www.industri-sl.com\/wp-content\/themes\/industri\/img\/logo-esg-rail.jpg\" alt=\"DBESGRail\"><\/div>\n\t\t\t<\/div>\n\t\t<\/div>\n\t<\/div>\n\t<div class=\"flex\">\n\t\t<div class=\"caja\">\n\t\t\t<div class=\"flex marcas-logos\">\n\t\t\t\t<div><a href=\"https:\/\/www.industri-sl.com\/de\/transporte\/recambios\/tren\/alstom\/\"><img decoding=\"async\" loading=\"lazy\" src=\"https:\/\/www.industri-sl.com\/wp-content\/themes\/industri\/img\/logo-alstom.jpg\" alt=\"ALSTOM\"><\/a><\/div>\n\t\t\t\t<div><img decoding=\"async\" loading=\"lazy\" src=\"https:\/\/www.industri-sl.com\/wp-content\/themes\/industri\/img\/logo-bombardier.jpg\" alt=\"Bombardier\"><\/div>\n\t\t\t\t<div><img decoding=\"async\" loading=\"lazy\" src=\"https:\/\/www.industri-sl.com\/wp-content\/themes\/industri\/img\/logo-stadler.jpg\" alt=\"Stadler\"><\/div>\n\t\t\t<\/div>\n\t\t<\/div>\n\t<\/div>\n\t<br>\n\t<a class=\"boton sin\" href=\"#formulario\">ANFRAGE ZUM ANGEBOT<\/a>\n<\/div>\n\n<h3 id=\"exteriores\" class=\"ancla\">Au\u00dfenspiegel<\/h3>\n<p><img loading=\"lazy\" decoding=\"async\" class=\"alignright wp-image-1896\" src=\"https:\/\/www.industri-sl.com\/wp-content\/uploads\/retrovisor-exterior-1-300x216.jpg\" alt=\"Kundenspezifische Fertigung von Au\u00dfenspiegel f\u00fcr Busse\" width=\"250\" height=\"180\" srcset=\"https:\/\/www.industri-sl.com\/wp-content\/uploads\/retrovisor-exterior-1-300x216.jpg 300w, https:\/\/www.industri-sl.com\/wp-content\/uploads\/retrovisor-exterior-1-768x552.jpg 768w, https:\/\/www.industri-sl.com\/wp-content\/uploads\/retrovisor-exterior-1.jpg 800w\" sizes=\"auto, (max-width: 250px) 100vw, 250px\" \/>Bei INDUSTRI entwerfen und fertigen wir kundenspezifische Au\u00dfenspiegel f\u00fcr Busse und Kleinbusse. Basierend auf den spezifischen Anforderungen des jeweiligen Kunden <a href=\"https:\/\/www.industri-sl.com\/de\/ueber-uns\/\">entwerfen wir einen Prototyp und f\u00fchren vor der Fertigung des Teils eine Studie<\/a> zur indirekten Sicht durch, damit der R\u00fcckspiegel so effektiv wie m\u00f6glich ist.<\/p>\n<p><a class=\"boton\" href=\"https:\/\/www.industri-sl.com\/de\/transport\/bus\/rueckspiegel\/aussenspiegel\/\">Weitere Informationen<\/a><\/p>\n<h3 id=\"interiores\" class=\"ancla\">Innenspiegel<\/h3>\n<p><img loading=\"lazy\" decoding=\"async\" class=\"alignright wp-image-1840\" src=\"https:\/\/www.industri-sl.com\/wp-content\/uploads\/espejo-interior-redondo-4-1-300x215.jpg\" alt=\"Kundenspezifische Fertigung von Innenspiegel f\u00fcr Busse\" width=\"249\" height=\"179\" srcset=\"https:\/\/www.industri-sl.com\/wp-content\/uploads\/espejo-interior-redondo-4-1-300x215.jpg 300w, https:\/\/www.industri-sl.com\/wp-content\/uploads\/espejo-interior-redondo-4-1-768x551.jpg 768w, https:\/\/www.industri-sl.com\/wp-content\/uploads\/espejo-interior-redondo-4-1.jpg 800w\" sizes=\"auto, (max-width: 249px) 100vw, 249px\" \/><br \/>\nDie von uns hergestellten Innenspiegel sind so konzipiert, dass der Fahrer einen umfassenden Blick auf den Innenraum des Busses hat. <strong>F\u00fcr eine optimale und vollst\u00e4ndig an die Bed\u00fcrfnisse des Kunden angepasste<\/strong> Funktion bieten wir R\u00fcckspiegel in verschiedenen Gr\u00f6\u00dfen und Formen an.<\/p>\n<p><a class=\"boton\" href=\"https:\/\/www.industri-sl.com\/de\/transport\/bus\/rueckspiegel\/innenspiegel\/\">Weitere Informationen<\/a><\/p>\n<h3 id=\"emergencia\" class=\"ancla\">Notspiegel<\/h3>\n<p><img loading=\"lazy\" decoding=\"async\" class=\"alignright wp-image-3402\" src=\"https:\/\/www.industri-sl.com\/wp-content\/uploads\/espejo-retrovisor-emergencia-2-300x219.jpg\" alt=\"Kundenspezifische Fertigung von Notspiegel f\u00fcr Busse\" width=\"250\" height=\"182\" srcset=\"https:\/\/www.industri-sl.com\/wp-content\/uploads\/espejo-retrovisor-emergencia-2-300x219.jpg 300w, https:\/\/www.industri-sl.com\/wp-content\/uploads\/espejo-retrovisor-emergencia-2-768x560.jpg 768w, https:\/\/www.industri-sl.com\/wp-content\/uploads\/espejo-retrovisor-emergencia-2.jpg 800w\" sizes=\"auto, (max-width: 250px) 100vw, 250px\" \/><br \/>\nNotspiegel sind konzipiert, <a href=\"https:\/\/www.industri-sl.com\/de\/kunden\/\">um sich an die verschiedenen Busmodelle anzupassen<\/a>.  Sie bestehen aus einer Spiegelplatte, einem Eisenrohr und einer Schwalbenschwanzverbindung zur Befestigung am jeweiligen Bus.<\/p>\n<p><a class=\"boton\" href=\"https:\/\/www.industri-sl.com\/de\/transport\/bus\/rueckspiegel\/notspiegel\/\">Weitere Informationen<\/a><\/p>\n<h3 id=\"componentes\" class=\"ancla\">Bauteile<\/h3>\n<p><img loading=\"lazy\" decoding=\"async\" class=\"alignright wp-image-1932\" src=\"https:\/\/www.industri-sl.com\/wp-content\/uploads\/interruptor-2-1-300x225.jpg\" alt=\"Kundenspezifische Fertigung von Bauteile f\u00fcr Busse\" width=\"251\" height=\"188\" srcset=\"https:\/\/www.industri-sl.com\/wp-content\/uploads\/interruptor-2-1-300x225.jpg 300w, https:\/\/www.industri-sl.com\/wp-content\/uploads\/interruptor-2-1-768x576.jpg 768w, https:\/\/www.industri-sl.com\/wp-content\/uploads\/interruptor-2-1.jpg 800w\" sizes=\"auto, (max-width: 251px) 100vw, 251px\" \/>Zus\u00e4tzlich zur Komplettfertigung von R\u00fcckspiegeln f\u00fcr Busse entwirft und fertigt <strong>INDUSTRI mehrere kundenspezifische<\/strong> Einzelbauteile f\u00fcr Au\u00dfen- und Innenspiegel.<\/p>\n<p><a class=\"boton\" href=\"https:\/\/www.industri-sl.com\/de\/transport\/bus\/rueckspiegel\/bauteile\/\">Weitere Informationen<\/a><\/p>\n<div class=\"otras-piezas\">\n<h4>Wir stellen auch andere ma\u00dfgefertigte Teile her:<\/h4>\n<div><a class=\"boton gris\" href=\"https:\/\/www.industri-sl.com\/de\/transport\/bus\/vorhaenge\/\">Vorh\u00e4nge<\/a> <a class=\"boton gris\" href=\"https:\/\/www.industri-sl.com\/de\/transport\/bus\/trittstufen\/\">Trittstufen<\/a> <a class=\"boton gris\" href=\"https:\/\/www.industri-sl.com\/de\/transport\/bus\/dieseltankdeckel\/\">Dieseltankdeckel<\/a> <a class=\"boton gris\" href=\"https:\/\/www.industri-sl.com\/de\/transport\/bus\/scharniere\/\">Scharniere<\/a> <a class=\"boton gris\" href=\"https:\/\/www.industri-sl.com\/de\/transport\/bus\/auspuffrohre\/\">Auspuffrohre<\/a> <a class=\"boton gris\" href=\"https:\/\/www.industri-sl.com\/de\/transport\/bus\/dachfenster\/\">Dachfenster<\/a><\/div>\n<\/div>\n","protected":false},"excerpt":{"rendered":"<p>Kundenspezifische Fertigung von R\u00fcckspiegeln f\u00fcr Busse INDUSTRI ist Hersteller von Innen- bzw. Au\u00dfenspiegeln f\u00fcr Busse und Kleinbusse. Wir passen uns den Anforderungen unserer Kunden an, indem wir zur Fertigung der Modelle und Werkzeuge f\u00fcr die sp\u00e4tere Serienproduktion vom spezifischen Design jeder Marke ausgehen. Wir fertigen R\u00fcckspiegel f\u00fcr beheizte und unbeheizte Spiegel, mechanisch und elektrisch bet\u00e4tigte [&hellip;]<\/p>\n","protected":false},"author":3,"featured_media":0,"parent":8752,"menu_order":0,"comment_status":"closed","ping_status":"closed","template":"page-vehiculos.php","meta":{"footnotes":""},"class_list":["post-8769","page","type-page","status-publish","hentry"],"yoast_head":"<!-- This site is optimized with the Yoast SEO plugin v27.5 - https:\/\/yoast.com\/product\/yoast-seo-wordpress\/ -->\n<title>Fertigung kundenspezifischer R\u00fcckspiegel f\u00fcr Busse - INDUSTRI<\/title>\n<meta name=\"description\" content=\"Bei INDUSTRI haben wir umfangreiche Erfahrung in der Herstellung von Au\u00dfen- und Innenspiegeln f\u00fcr Busse und Kleinbusse.\" \/>\n<meta name=\"robots\" content=\"index, follow, max-snippet:-1, max-image-preview:large, max-video-preview:-1\" \/>\n<link rel=\"canonical\" href=\"https:\/\/www.industri-sl.com\/de\/transport\/bus\/rueckspiegel\/\" \/>\n<meta property=\"og:locale\" content=\"de_DE\" \/>\n<meta property=\"og:type\" content=\"article\" \/>\n<meta property=\"og:title\" content=\"Fertigung kundenspezifischer R\u00fcckspiegel f\u00fcr Busse - INDUSTRI\" \/>\n<meta property=\"og:description\" content=\"Bei INDUSTRI haben wir umfangreiche Erfahrung in der Herstellung von Au\u00dfen- und Innenspiegeln f\u00fcr Busse und Kleinbusse.\" \/>\n<meta property=\"og:url\" content=\"https:\/\/www.industri-sl.com\/de\/transport\/bus\/rueckspiegel\/\" \/>\n<meta property=\"og:site_name\" content=\"Industri SL\" \/>\n<meta property=\"article:modified_time\" content=\"2025-05-21T12:13:00+00:00\" \/>\n<meta property=\"og:image\" content=\"https:\/\/www.industri-sl.com\/wp-content\/uploads\/retrovisor-exterior-1-300x216.jpg\" \/>\n<meta name=\"twitter:card\" content=\"summary_large_image\" \/>\n<meta name=\"twitter:label1\" content=\"Gesch\u00e4tzte Lesezeit\" \/>\n\t<meta name=\"twitter:data1\" content=\"2\u00a0Minuten\" \/>\n<script type=\"application\/ld+json\" class=\"yoast-schema-graph\">{\"@context\":\"https:\\\/\\\/schema.org\",\"@graph\":[{\"@type\":\"WebPage\",\"@id\":\"https:\\\/\\\/www.industri-sl.com\\\/de\\\/transport\\\/bus\\\/rueckspiegel\\\/\",\"url\":\"https:\\\/\\\/www.industri-sl.com\\\/de\\\/transport\\\/bus\\\/rueckspiegel\\\/\",\"name\":\"Fertigung kundenspezifischer R\u00fcckspiegel f\u00fcr Busse - INDUSTRI\",\"isPartOf\":{\"@id\":\"https:\\\/\\\/www.industri-sl.com\\\/de\\\/#website\"},\"primaryImageOfPage\":{\"@id\":\"https:\\\/\\\/www.industri-sl.com\\\/de\\\/transport\\\/bus\\\/rueckspiegel\\\/#primaryimage\"},\"image\":{\"@id\":\"https:\\\/\\\/www.industri-sl.com\\\/de\\\/transport\\\/bus\\\/rueckspiegel\\\/#primaryimage\"},\"thumbnailUrl\":\"https:\\\/\\\/www.industri-sl.com\\\/wp-content\\\/uploads\\\/retrovisor-exterior-1-300x216.jpg\",\"datePublished\":\"2019-09-30T12:00:43+00:00\",\"dateModified\":\"2025-05-21T12:13:00+00:00\",\"description\":\"Bei INDUSTRI haben wir umfangreiche Erfahrung in der Herstellung von Au\u00dfen- und Innenspiegeln f\u00fcr Busse und Kleinbusse.\",\"breadcrumb\":{\"@id\":\"https:\\\/\\\/www.industri-sl.com\\\/de\\\/transport\\\/bus\\\/rueckspiegel\\\/#breadcrumb\"},\"inLanguage\":\"de\",\"potentialAction\":[{\"@type\":\"ReadAction\",\"target\":[\"https:\\\/\\\/www.industri-sl.com\\\/de\\\/transport\\\/bus\\\/rueckspiegel\\\/\"]}]},{\"@type\":\"ImageObject\",\"inLanguage\":\"de\",\"@id\":\"https:\\\/\\\/www.industri-sl.com\\\/de\\\/transport\\\/bus\\\/rueckspiegel\\\/#primaryimage\",\"url\":\"https:\\\/\\\/www.industri-sl.com\\\/wp-content\\\/uploads\\\/retrovisor-exterior-1-300x216.jpg\",\"contentUrl\":\"https:\\\/\\\/www.industri-sl.com\\\/wp-content\\\/uploads\\\/retrovisor-exterior-1-300x216.jpg\"},{\"@type\":\"BreadcrumbList\",\"@id\":\"https:\\\/\\\/www.industri-sl.com\\\/de\\\/transport\\\/bus\\\/rueckspiegel\\\/#breadcrumb\",\"itemListElement\":[{\"@type\":\"ListItem\",\"position\":1,\"name\":\"Inicio\",\"item\":\"https:\\\/\\\/www.industri-sl.com\\\/de\\\/\"},{\"@type\":\"ListItem\",\"position\":2,\"name\":\"Gesch\u00e4ftsbereich Transport\",\"item\":\"https:\\\/\\\/www.industri-sl.com\\\/de\\\/transport\\\/\"},{\"@type\":\"ListItem\",\"position\":3,\"name\":\"Kundenspezifische Fertigung f\u00fcr Busse\",\"item\":\"https:\\\/\\\/www.industri-sl.com\\\/de\\\/transport\\\/bus\\\/\"},{\"@type\":\"ListItem\",\"position\":4,\"name\":\"Kundenspezifische R\u00fcckspiegel f\u00fcr Busse\"}]},{\"@type\":\"WebSite\",\"@id\":\"https:\\\/\\\/www.industri-sl.com\\\/de\\\/#website\",\"url\":\"https:\\\/\\\/www.industri-sl.com\\\/de\\\/\",\"name\":\"Industri SL\",\"description\":\"\",\"publisher\":{\"@id\":\"https:\\\/\\\/www.industri-sl.com\\\/de\\\/#organization\"},\"potentialAction\":[{\"@type\":\"SearchAction\",\"target\":{\"@type\":\"EntryPoint\",\"urlTemplate\":\"https:\\\/\\\/www.industri-sl.com\\\/de\\\/?s={search_term_string}\"},\"query-input\":{\"@type\":\"PropertyValueSpecification\",\"valueRequired\":true,\"valueName\":\"search_term_string\"}}],\"inLanguage\":\"de\"},{\"@type\":\"Organization\",\"@id\":\"https:\\\/\\\/www.industri-sl.com\\\/de\\\/#organization\",\"name\":\"Industri SL\",\"url\":\"https:\\\/\\\/www.industri-sl.com\\\/de\\\/\",\"logo\":{\"@type\":\"ImageObject\",\"inLanguage\":\"de\",\"@id\":\"https:\\\/\\\/www.industri-sl.com\\\/de\\\/#\\\/schema\\\/logo\\\/image\\\/\",\"url\":\"https:\\\/\\\/www.industri-sl.com\\\/wp-content\\\/uploads\\\/industri-logo.png\",\"contentUrl\":\"https:\\\/\\\/www.industri-sl.com\\\/wp-content\\\/uploads\\\/industri-logo.png\",\"width\":248,\"height\":45,\"caption\":\"Industri SL\"},\"image\":{\"@id\":\"https:\\\/\\\/www.industri-sl.com\\\/de\\\/#\\\/schema\\\/logo\\\/image\\\/\"}}]}<\/script>\n<!-- \/ Yoast SEO plugin. -->","yoast_head_json":{"title":"Fertigung kundenspezifischer R\u00fcckspiegel f\u00fcr Busse - INDUSTRI","description":"Bei INDUSTRI haben wir umfangreiche Erfahrung in der Herstellung von Au\u00dfen- und Innenspiegeln f\u00fcr Busse und Kleinbusse.","robots":{"index":"index","follow":"follow","max-snippet":"max-snippet:-1","max-image-preview":"max-image-preview:large","max-video-preview":"max-video-preview:-1"},"canonical":"https:\/\/www.industri-sl.com\/de\/transport\/bus\/rueckspiegel\/","og_locale":"de_DE","og_type":"article","og_title":"Fertigung kundenspezifischer R\u00fcckspiegel f\u00fcr Busse - INDUSTRI","og_description":"Bei INDUSTRI haben wir umfangreiche Erfahrung in der Herstellung von Au\u00dfen- und Innenspiegeln f\u00fcr Busse und Kleinbusse.","og_url":"https:\/\/www.industri-sl.com\/de\/transport\/bus\/rueckspiegel\/","og_site_name":"Industri SL","article_modified_time":"2025-05-21T12:13:00+00:00","og_image":[{"url":"https:\/\/www.industri-sl.com\/wp-content\/uploads\/retrovisor-exterior-1-300x216.jpg","type":"","width":"","height":""}],"twitter_card":"summary_large_image","twitter_misc":{"Gesch\u00e4tzte Lesezeit":"2\u00a0Minuten"},"schema":{"@context":"https:\/\/schema.org","@graph":[{"@type":"WebPage","@id":"https:\/\/www.industri-sl.com\/de\/transport\/bus\/rueckspiegel\/","url":"https:\/\/www.industri-sl.com\/de\/transport\/bus\/rueckspiegel\/","name":"Fertigung kundenspezifischer R\u00fcckspiegel f\u00fcr Busse - INDUSTRI","isPartOf":{"@id":"https:\/\/www.industri-sl.com\/de\/#website"},"primaryImageOfPage":{"@id":"https:\/\/www.industri-sl.com\/de\/transport\/bus\/rueckspiegel\/#primaryimage"},"image":{"@id":"https:\/\/www.industri-sl.com\/de\/transport\/bus\/rueckspiegel\/#primaryimage"},"thumbnailUrl":"https:\/\/www.industri-sl.com\/wp-content\/uploads\/retrovisor-exterior-1-300x216.jpg","datePublished":"2019-09-30T12:00:43+00:00","dateModified":"2025-05-21T12:13:00+00:00","description":"Bei INDUSTRI haben wir umfangreiche Erfahrung in der Herstellung von Au\u00dfen- und Innenspiegeln f\u00fcr Busse und Kleinbusse.","breadcrumb":{"@id":"https:\/\/www.industri-sl.com\/de\/transport\/bus\/rueckspiegel\/#breadcrumb"},"inLanguage":"de","potentialAction":[{"@type":"ReadAction","target":["https:\/\/www.industri-sl.com\/de\/transport\/bus\/rueckspiegel\/"]}]},{"@type":"ImageObject","inLanguage":"de","@id":"https:\/\/www.industri-sl.com\/de\/transport\/bus\/rueckspiegel\/#primaryimage","url":"https:\/\/www.industri-sl.com\/wp-content\/uploads\/retrovisor-exterior-1-300x216.jpg","contentUrl":"https:\/\/www.industri-sl.com\/wp-content\/uploads\/retrovisor-exterior-1-300x216.jpg"},{"@type":"BreadcrumbList","@id":"https:\/\/www.industri-sl.com\/de\/transport\/bus\/rueckspiegel\/#breadcrumb","itemListElement":[{"@type":"ListItem","position":1,"name":"Inicio","item":"https:\/\/www.industri-sl.com\/de\/"},{"@type":"ListItem","position":2,"name":"Gesch\u00e4ftsbereich Transport","item":"https:\/\/www.industri-sl.com\/de\/transport\/"},{"@type":"ListItem","position":3,"name":"Kundenspezifische Fertigung f\u00fcr Busse","item":"https:\/\/www.industri-sl.com\/de\/transport\/bus\/"},{"@type":"ListItem","position":4,"name":"Kundenspezifische R\u00fcckspiegel f\u00fcr Busse"}]},{"@type":"WebSite","@id":"https:\/\/www.industri-sl.com\/de\/#website","url":"https:\/\/www.industri-sl.com\/de\/","name":"Industri SL","description":"","publisher":{"@id":"https:\/\/www.industri-sl.com\/de\/#organization"},"potentialAction":[{"@type":"SearchAction","target":{"@type":"EntryPoint","urlTemplate":"https:\/\/www.industri-sl.com\/de\/?s={search_term_string}"},"query-input":{"@type":"PropertyValueSpecification","valueRequired":true,"valueName":"search_term_string"}}],"inLanguage":"de"},{"@type":"Organization","@id":"https:\/\/www.industri-sl.com\/de\/#organization","name":"Industri SL","url":"https:\/\/www.industri-sl.com\/de\/","logo":{"@type":"ImageObject","inLanguage":"de","@id":"https:\/\/www.industri-sl.com\/de\/#\/schema\/logo\/image\/","url":"https:\/\/www.industri-sl.com\/wp-content\/uploads\/industri-logo.png","contentUrl":"https:\/\/www.industri-sl.com\/wp-content\/uploads\/industri-logo.png","width":248,"height":45,"caption":"Industri SL"},"image":{"@id":"https:\/\/www.industri-sl.com\/de\/#\/schema\/logo\/image\/"}}]}},"_links":{"self":[{"href":"https:\/\/www.industri-sl.com\/de\/wp-json\/wp\/v2\/pages\/8769","targetHints":{"allow":["GET"]}}],"collection":[{"href":"https:\/\/www.industri-sl.com\/de\/wp-json\/wp\/v2\/pages"}],"about":[{"href":"https:\/\/www.industri-sl.com\/de\/wp-json\/wp\/v2\/types\/page"}],"author":[{"embeddable":true,"href":"https:\/\/www.industri-sl.com\/de\/wp-json\/wp\/v2\/users\/3"}],"replies":[{"embeddable":true,"href":"https:\/\/www.industri-sl.com\/de\/wp-json\/wp\/v2\/comments?post=8769"}],"version-history":[{"count":0,"href":"https:\/\/www.industri-sl.com\/de\/wp-json\/wp\/v2\/pages\/8769\/revisions"}],"up":[{"embeddable":true,"href":"https:\/\/www.industri-sl.com\/de\/wp-json\/wp\/v2\/pages\/8752"}],"wp:attachment":[{"href":"https:\/\/www.industri-sl.com\/de\/wp-json\/wp\/v2\/media?parent=8769"}],"curies":[{"name":"wp","href":"https:\/\/api.w.org\/{rel}","templated":true}]}}