{"id":8765,"date":"2019-10-01T10:38:38","date_gmt":"2019-10-01T08:38:38","guid":{"rendered":"https:\/\/www.industri-sl.com\/transport\/bus\/embellecedores\/"},"modified":"2025-05-21T14:11:58","modified_gmt":"2025-05-21T12:11:58","slug":"radkappen","status":"publish","type":"page","link":"https:\/\/www.industri-sl.com\/de\/transport\/bus\/radkappen\/","title":{"rendered":"Kundenspezifische Radkappen f\u00fcr Busse"},"content":{"rendered":"<h2>Kundenspezifische Fertigung von Radkappen f\u00fcr Busse<\/h2>\n<p>Wir k\u00f6nnen kundenspezifische Radkappen herstellen und uns an den Bedarf unserer Kunden anpassen. Unser bekanntestes Produkt sind Radkappen aus poliertem und gl\u00e4nzendem Edelstahl mit einem nach einem Design <a href=\"https:\/\/www.industri-sl.com\/de\/ingenieurleistungen\/\">unserer F+E+I-Abteilung<\/a> entwickelten, innovativen Befestigungssystem.  Die Radkappe wird durch eine Reihe von Klammern bzw. Spannringe am Rad des Fahrzeugs verankert, sodass ein L\u00f6sen des Bauteils verhindert wird.<\/p>\n<p>Die Radkappen k\u00f6nnen <a href=\"https:\/\/www.industri-sl.com\/de\/kunden\/\">mit dem pers\u00f6nlichen Logo jedes Kunden gefertigt werden<\/a>.<\/p>\n<div class=\"light-bg marcas\">\n\t<div class=\"flex\">\n\t\t<h2>unsere Kunden<\/h2>\n\n\t<\/div>\n\n\t<div class=\"flex\">\n\t\t<div class=\"caja\">\n\t\t\t<div class=\"flex marcas-logos\">\n\t\t\t\t<div><a href=\"https:\/\/www.industri-sl.com\/de\/transporte\/recambios\/tren\/caf\/\"><img decoding=\"async\" loading=\"lazy\" src=\"https:\/\/www.industri-sl.com\/wp-content\/themes\/industri\/img\/logo-caf.jpg\" alt=\"CAF\"><\/a><\/div>\n\t\t\t\t<div><a href=\"https:\/\/www.industri-sl.com\/de\/transporte\/recambios\/tren\/talgo\/\"><img decoding=\"async\" loading=\"lazy\" src=\"https:\/\/www.industri-sl.com\/wp-content\/themes\/industri\/img\/logo-talgo.jpg\" alt=\"Talgo\"><\/a><\/div>\n\t\t\t\t<div><img decoding=\"async\" loading=\"lazy\" src=\"https:\/\/www.industri-sl.com\/wp-content\/themes\/industri\/img\/logo-esg-rail.jpg\" alt=\"DBESGRail\"><\/div>\n\t\t\t<\/div>\n\t\t<\/div>\n\t<\/div>\n\t<div class=\"flex\">\n\t\t<div class=\"caja\">\n\t\t\t<div class=\"flex marcas-logos\">\n\t\t\t\t<div><a href=\"https:\/\/www.industri-sl.com\/de\/transporte\/recambios\/tren\/alstom\/\"><img decoding=\"async\" loading=\"lazy\" src=\"https:\/\/www.industri-sl.com\/wp-content\/themes\/industri\/img\/logo-alstom.jpg\" alt=\"ALSTOM\"><\/a><\/div>\n\t\t\t\t<div><img decoding=\"async\" loading=\"lazy\" src=\"https:\/\/www.industri-sl.com\/wp-content\/themes\/industri\/img\/logo-bombardier.jpg\" alt=\"Bombardier\"><\/div>\n\t\t\t\t<div><img decoding=\"async\" loading=\"lazy\" src=\"https:\/\/www.industri-sl.com\/wp-content\/themes\/industri\/img\/logo-stadler.jpg\" alt=\"Stadler\"><\/div>\n\t\t\t<\/div>\n\t\t<\/div>\n\t<\/div>\n\t<br>\n\t<a class=\"boton sin\" href=\"#formulario\">ANFRAGE ZUM ANGEBOT<\/a>\n<\/div>\n\n<h2>Modelle und Zubeh\u00f6r f\u00fcr Radkappen<\/h2>\n<h3>Kiruna<\/h3>\n<p><img loading=\"lazy\" decoding=\"async\" class=\"alignright size-medium wp-image-1972\" src=\"https:\/\/www.industri-sl.com\/wp-content\/uploads\/kiruna-1-1-300x225.jpg\" alt=\"Kundenspezifische Fertigung von Radkappen f\u00fcr Busse\" width=\"300\" height=\"225\" srcset=\"https:\/\/www.industri-sl.com\/wp-content\/uploads\/kiruna-1-1-300x225.jpg 300w, https:\/\/www.industri-sl.com\/wp-content\/uploads\/kiruna-1-1-768x576.jpg 768w, https:\/\/www.industri-sl.com\/wp-content\/uploads\/kiruna-1-1.jpg 800w\" sizes=\"auto, (max-width: 300px) 100vw, 300px\" \/>Kiruna ist ein Radkappenmodell aus Edelstahl f\u00fcr 22.5\u201d-Felgen.<\/p>\n<p>Es wird in verschiedenen Ausf\u00fchrungen gefertigt. Poliert und gl\u00e4nzend oder in einer Ausf\u00fchrung in \u201esandgestrahltem\u201c Mattgrau. Auch wenn dies nicht der h\u00e4ufigste Fall ist, k\u00f6nnen diese Radkappen auch mit einer galvanisch veredelten Oberfl\u00e4che gefertigt werden, um danach eine <strong>zum Farbton der Karosserie passende Lackierung zu erhalten<\/strong>.<\/p>\n<p>Das Kundenlogo kann in der Mitte aufgedruckt oder <strong>ein Aufkleber angebracht werden<\/strong>.<\/p>\n<p>Die Teile werden mit 5 Spannringen, den sogenannten <strong>Befestigungsklammern<\/strong>, am Rad des Busses befestigt.<\/p>\n<h3>Klammern<\/h3>\n<p><img loading=\"lazy\" decoding=\"async\" class=\"alignright size-medium wp-image-1980\" src=\"https:\/\/www.industri-sl.com\/wp-content\/uploads\/grapa-1-1-300x225.jpg\" alt=\"Kundenspezifische Fertigung von Radkappen f\u00fcr Busse\" width=\"300\" height=\"225\" srcset=\"https:\/\/www.industri-sl.com\/wp-content\/uploads\/grapa-1-1-300x225.jpg 300w, https:\/\/www.industri-sl.com\/wp-content\/uploads\/grapa-1-1-768x576.jpg 768w, https:\/\/www.industri-sl.com\/wp-content\/uploads\/grapa-1-1.jpg 800w\" sizes=\"auto, (max-width: 300px) 100vw, 300px\" \/>Diese Klammern sind ein speziell von unserer F+E+I-Abteilung entworfenes <strong>Befestigungssystem f\u00fcr Radkappen<\/strong>.<\/p>\n<p>Dieses System besteht aus 5 Spannringen, auch Befestigungsklammern genannt, die zur Fixierung der Radkappen am Rad des Busses dienen und das L\u00f6sen der Bauteile vermeiden, <strong>wodurch die Sicherheit erh\u00f6ht wird<\/strong>.<\/p>\n<p>Unsere Radkappen k\u00f6nnen mit dem Kundenlogo individuell gestaltet und in verschiedenen Ausf\u00fchrungen geliefert werden.  <a href=\"https:\/\/www.industri-sl.com\/de\/kontakt\/\">Fragen Sie uns<\/a>!<\/p>\n<div class=\"otras-piezas\">\n<h4>Wir stellen auch andere ma\u00dfgefertigte Teile her:<\/h4>\n<div><a class=\"boton gris\" href=\"https:\/\/www.industri-sl.com\/de\/transport\/bus\/rueckspiegel\/\">R\u00fcckspiegel<\/a> <a class=\"boton gris\" href=\"https:\/\/www.industri-sl.com\/de\/transport\/bus\/trittstufen\/\">Trittstufen<\/a> <a class=\"boton gris\" href=\"https:\/\/www.industri-sl.com\/de\/transport\/bus\/dieseltankdeckel\/\">Dieseltankdeckel<\/a> <a class=\"boton gris\" href=\"https:\/\/www.industri-sl.com\/de\/transport\/bus\/scharniere\/\">Scharniere<\/a> <a class=\"boton gris\" href=\"https:\/\/www.industri-sl.com\/de\/transport\/bus\/auspuffrohre\/\">Auspuffrohre<\/a> <a class=\"boton gris\" href=\"https:\/\/www.industri-sl.com\/de\/transport\/bus\/dachfenster\/\">Dachfenster<\/a><\/div>\n<\/div>\n","protected":false},"excerpt":{"rendered":"<p>Kundenspezifische Fertigung von Radkappen f\u00fcr Busse Wir k\u00f6nnen kundenspezifische Radkappen herstellen und uns an den Bedarf unserer Kunden anpassen. Unser bekanntestes Produkt sind Radkappen aus poliertem und gl\u00e4nzendem Edelstahl mit einem nach einem Design unserer F+E+I-Abteilung entwickelten, innovativen Befestigungssystem. Die Radkappe wird durch eine Reihe von Klammern bzw. Spannringe am Rad des Fahrzeugs verankert, sodass [&hellip;]<\/p>\n","protected":false},"author":3,"featured_media":0,"parent":8752,"menu_order":0,"comment_status":"closed","ping_status":"closed","template":"page-vehiculos.php","meta":{"footnotes":""},"class_list":["post-8765","page","type-page","status-publish","hentry"],"yoast_head":"<!-- This site is optimized with the Yoast SEO plugin v27.2 - https:\/\/yoast.com\/product\/yoast-seo-wordpress\/ -->\n<title>Fertigung kundenspezifischer Radkappen f\u00fcr Busse - INDUSTRI<\/title>\n<meta name=\"description\" content=\"Wir fertigen kundenspezifische Radkappen oder Zierblenden f\u00fcr Busse und Kleinbusse, die dem Bedarf unserer Kunden entsprechen.\" \/>\n<meta name=\"robots\" content=\"index, follow, max-snippet:-1, max-image-preview:large, max-video-preview:-1\" \/>\n<link rel=\"canonical\" href=\"https:\/\/www.industri-sl.com\/de\/transport\/bus\/radkappen\/\" \/>\n<meta property=\"og:locale\" content=\"de_DE\" \/>\n<meta property=\"og:type\" content=\"article\" \/>\n<meta property=\"og:title\" content=\"Fertigung kundenspezifischer Radkappen f\u00fcr Busse - INDUSTRI\" \/>\n<meta property=\"og:description\" content=\"Wir fertigen kundenspezifische Radkappen oder Zierblenden f\u00fcr Busse und Kleinbusse, die dem Bedarf unserer Kunden entsprechen.\" \/>\n<meta property=\"og:url\" content=\"https:\/\/www.industri-sl.com\/de\/transport\/bus\/radkappen\/\" \/>\n<meta property=\"og:site_name\" content=\"Industri SL\" \/>\n<meta property=\"article:modified_time\" content=\"2025-05-21T12:11:58+00:00\" \/>\n<meta property=\"og:image\" content=\"https:\/\/www.industri-sl.com\/wp-content\/uploads\/kiruna-1-1-300x225.jpg\" \/>\n<meta name=\"twitter:card\" content=\"summary_large_image\" \/>\n<meta name=\"twitter:label1\" content=\"Gesch\u00e4tzte Lesezeit\" \/>\n\t<meta name=\"twitter:data1\" content=\"2\u00a0Minuten\" \/>\n<script type=\"application\/ld+json\" class=\"yoast-schema-graph\">{\"@context\":\"https:\/\/schema.org\",\"@graph\":[{\"@type\":\"WebPage\",\"@id\":\"https:\/\/www.industri-sl.com\/de\/transport\/bus\/radkappen\/\",\"url\":\"https:\/\/www.industri-sl.com\/de\/transport\/bus\/radkappen\/\",\"name\":\"Fertigung kundenspezifischer Radkappen f\u00fcr Busse - INDUSTRI\",\"isPartOf\":{\"@id\":\"https:\/\/www.industri-sl.com\/de\/#website\"},\"primaryImageOfPage\":{\"@id\":\"https:\/\/www.industri-sl.com\/de\/transport\/bus\/radkappen\/#primaryimage\"},\"image\":{\"@id\":\"https:\/\/www.industri-sl.com\/de\/transport\/bus\/radkappen\/#primaryimage\"},\"thumbnailUrl\":\"https:\/\/www.industri-sl.com\/wp-content\/uploads\/kiruna-1-1-300x225.jpg\",\"datePublished\":\"2019-10-01T08:38:38+00:00\",\"dateModified\":\"2025-05-21T12:11:58+00:00\",\"description\":\"Wir fertigen kundenspezifische Radkappen oder Zierblenden f\u00fcr Busse und Kleinbusse, die dem Bedarf unserer Kunden entsprechen.\",\"breadcrumb\":{\"@id\":\"https:\/\/www.industri-sl.com\/de\/transport\/bus\/radkappen\/#breadcrumb\"},\"inLanguage\":\"de\",\"potentialAction\":[{\"@type\":\"ReadAction\",\"target\":[\"https:\/\/www.industri-sl.com\/de\/transport\/bus\/radkappen\/\"]}]},{\"@type\":\"ImageObject\",\"inLanguage\":\"de\",\"@id\":\"https:\/\/www.industri-sl.com\/de\/transport\/bus\/radkappen\/#primaryimage\",\"url\":\"https:\/\/www.industri-sl.com\/wp-content\/uploads\/kiruna-1-1-300x225.jpg\",\"contentUrl\":\"https:\/\/www.industri-sl.com\/wp-content\/uploads\/kiruna-1-1-300x225.jpg\"},{\"@type\":\"BreadcrumbList\",\"@id\":\"https:\/\/www.industri-sl.com\/de\/transport\/bus\/radkappen\/#breadcrumb\",\"itemListElement\":[{\"@type\":\"ListItem\",\"position\":1,\"name\":\"Inicio\",\"item\":\"https:\/\/www.industri-sl.com\/de\/\"},{\"@type\":\"ListItem\",\"position\":2,\"name\":\"Gesch\u00e4ftsbereich Transport\",\"item\":\"https:\/\/www.industri-sl.com\/de\/transport\/\"},{\"@type\":\"ListItem\",\"position\":3,\"name\":\"Kundenspezifische Fertigung f\u00fcr Busse\",\"item\":\"https:\/\/www.industri-sl.com\/de\/transport\/bus\/\"},{\"@type\":\"ListItem\",\"position\":4,\"name\":\"Kundenspezifische Radkappen f\u00fcr Busse\"}]},{\"@type\":\"WebSite\",\"@id\":\"https:\/\/www.industri-sl.com\/de\/#website\",\"url\":\"https:\/\/www.industri-sl.com\/de\/\",\"name\":\"Industri SL\",\"description\":\"\",\"publisher\":{\"@id\":\"https:\/\/www.industri-sl.com\/de\/#organization\"},\"potentialAction\":[{\"@type\":\"SearchAction\",\"target\":{\"@type\":\"EntryPoint\",\"urlTemplate\":\"https:\/\/www.industri-sl.com\/de\/?s={search_term_string}\"},\"query-input\":{\"@type\":\"PropertyValueSpecification\",\"valueRequired\":true,\"valueName\":\"search_term_string\"}}],\"inLanguage\":\"de\"},{\"@type\":\"Organization\",\"@id\":\"https:\/\/www.industri-sl.com\/de\/#organization\",\"name\":\"Industri SL\",\"url\":\"https:\/\/www.industri-sl.com\/de\/\",\"logo\":{\"@type\":\"ImageObject\",\"inLanguage\":\"de\",\"@id\":\"https:\/\/www.industri-sl.com\/de\/#\/schema\/logo\/image\/\",\"url\":\"https:\/\/www.industri-sl.com\/wp-content\/uploads\/industri-logo.png\",\"contentUrl\":\"https:\/\/www.industri-sl.com\/wp-content\/uploads\/industri-logo.png\",\"width\":248,\"height\":45,\"caption\":\"Industri SL\"},\"image\":{\"@id\":\"https:\/\/www.industri-sl.com\/de\/#\/schema\/logo\/image\/\"}}]}<\/script>\n<!-- \/ Yoast SEO plugin. -->","yoast_head_json":{"title":"Fertigung kundenspezifischer Radkappen f\u00fcr Busse - INDUSTRI","description":"Wir fertigen kundenspezifische Radkappen oder Zierblenden f\u00fcr Busse und Kleinbusse, die dem Bedarf unserer Kunden entsprechen.","robots":{"index":"index","follow":"follow","max-snippet":"max-snippet:-1","max-image-preview":"max-image-preview:large","max-video-preview":"max-video-preview:-1"},"canonical":"https:\/\/www.industri-sl.com\/de\/transport\/bus\/radkappen\/","og_locale":"de_DE","og_type":"article","og_title":"Fertigung kundenspezifischer Radkappen f\u00fcr Busse - INDUSTRI","og_description":"Wir fertigen kundenspezifische Radkappen oder Zierblenden f\u00fcr Busse und Kleinbusse, die dem Bedarf unserer Kunden entsprechen.","og_url":"https:\/\/www.industri-sl.com\/de\/transport\/bus\/radkappen\/","og_site_name":"Industri SL","article_modified_time":"2025-05-21T12:11:58+00:00","og_image":[{"url":"https:\/\/www.industri-sl.com\/wp-content\/uploads\/kiruna-1-1-300x225.jpg","type":"","width":"","height":""}],"twitter_card":"summary_large_image","twitter_misc":{"Gesch\u00e4tzte Lesezeit":"2\u00a0Minuten"},"schema":{"@context":"https:\/\/schema.org","@graph":[{"@type":"WebPage","@id":"https:\/\/www.industri-sl.com\/de\/transport\/bus\/radkappen\/","url":"https:\/\/www.industri-sl.com\/de\/transport\/bus\/radkappen\/","name":"Fertigung kundenspezifischer Radkappen f\u00fcr Busse - INDUSTRI","isPartOf":{"@id":"https:\/\/www.industri-sl.com\/de\/#website"},"primaryImageOfPage":{"@id":"https:\/\/www.industri-sl.com\/de\/transport\/bus\/radkappen\/#primaryimage"},"image":{"@id":"https:\/\/www.industri-sl.com\/de\/transport\/bus\/radkappen\/#primaryimage"},"thumbnailUrl":"https:\/\/www.industri-sl.com\/wp-content\/uploads\/kiruna-1-1-300x225.jpg","datePublished":"2019-10-01T08:38:38+00:00","dateModified":"2025-05-21T12:11:58+00:00","description":"Wir fertigen kundenspezifische Radkappen oder Zierblenden f\u00fcr Busse und Kleinbusse, die dem Bedarf unserer Kunden entsprechen.","breadcrumb":{"@id":"https:\/\/www.industri-sl.com\/de\/transport\/bus\/radkappen\/#breadcrumb"},"inLanguage":"de","potentialAction":[{"@type":"ReadAction","target":["https:\/\/www.industri-sl.com\/de\/transport\/bus\/radkappen\/"]}]},{"@type":"ImageObject","inLanguage":"de","@id":"https:\/\/www.industri-sl.com\/de\/transport\/bus\/radkappen\/#primaryimage","url":"https:\/\/www.industri-sl.com\/wp-content\/uploads\/kiruna-1-1-300x225.jpg","contentUrl":"https:\/\/www.industri-sl.com\/wp-content\/uploads\/kiruna-1-1-300x225.jpg"},{"@type":"BreadcrumbList","@id":"https:\/\/www.industri-sl.com\/de\/transport\/bus\/radkappen\/#breadcrumb","itemListElement":[{"@type":"ListItem","position":1,"name":"Inicio","item":"https:\/\/www.industri-sl.com\/de\/"},{"@type":"ListItem","position":2,"name":"Gesch\u00e4ftsbereich Transport","item":"https:\/\/www.industri-sl.com\/de\/transport\/"},{"@type":"ListItem","position":3,"name":"Kundenspezifische Fertigung f\u00fcr Busse","item":"https:\/\/www.industri-sl.com\/de\/transport\/bus\/"},{"@type":"ListItem","position":4,"name":"Kundenspezifische Radkappen f\u00fcr Busse"}]},{"@type":"WebSite","@id":"https:\/\/www.industri-sl.com\/de\/#website","url":"https:\/\/www.industri-sl.com\/de\/","name":"Industri SL","description":"","publisher":{"@id":"https:\/\/www.industri-sl.com\/de\/#organization"},"potentialAction":[{"@type":"SearchAction","target":{"@type":"EntryPoint","urlTemplate":"https:\/\/www.industri-sl.com\/de\/?s={search_term_string}"},"query-input":{"@type":"PropertyValueSpecification","valueRequired":true,"valueName":"search_term_string"}}],"inLanguage":"de"},{"@type":"Organization","@id":"https:\/\/www.industri-sl.com\/de\/#organization","name":"Industri SL","url":"https:\/\/www.industri-sl.com\/de\/","logo":{"@type":"ImageObject","inLanguage":"de","@id":"https:\/\/www.industri-sl.com\/de\/#\/schema\/logo\/image\/","url":"https:\/\/www.industri-sl.com\/wp-content\/uploads\/industri-logo.png","contentUrl":"https:\/\/www.industri-sl.com\/wp-content\/uploads\/industri-logo.png","width":248,"height":45,"caption":"Industri SL"},"image":{"@id":"https:\/\/www.industri-sl.com\/de\/#\/schema\/logo\/image\/"}}]}},"_links":{"self":[{"href":"https:\/\/www.industri-sl.com\/de\/wp-json\/wp\/v2\/pages\/8765","targetHints":{"allow":["GET"]}}],"collection":[{"href":"https:\/\/www.industri-sl.com\/de\/wp-json\/wp\/v2\/pages"}],"about":[{"href":"https:\/\/www.industri-sl.com\/de\/wp-json\/wp\/v2\/types\/page"}],"author":[{"embeddable":true,"href":"https:\/\/www.industri-sl.com\/de\/wp-json\/wp\/v2\/users\/3"}],"replies":[{"embeddable":true,"href":"https:\/\/www.industri-sl.com\/de\/wp-json\/wp\/v2\/comments?post=8765"}],"version-history":[{"count":0,"href":"https:\/\/www.industri-sl.com\/de\/wp-json\/wp\/v2\/pages\/8765\/revisions"}],"up":[{"embeddable":true,"href":"https:\/\/www.industri-sl.com\/de\/wp-json\/wp\/v2\/pages\/8752"}],"wp:attachment":[{"href":"https:\/\/www.industri-sl.com\/de\/wp-json\/wp\/v2\/media?parent=8765"}],"curies":[{"name":"wp","href":"https:\/\/api.w.org\/{rel}","templated":true}]}}