{"id":8763,"date":"2019-09-30T12:46:35","date_gmt":"2019-09-30T10:46:35","guid":{"rendered":"https:\/\/www.industri-sl.com\/transport\/bus\/cortinas\/"},"modified":"2025-05-21T14:14:02","modified_gmt":"2025-05-21T12:14:02","slug":"vorhaenge","status":"publish","type":"page","link":"https:\/\/www.industri-sl.com\/de\/transport\/bus\/vorhaenge\/","title":{"rendered":"Kundenspezifische Vorh\u00e4nge f\u00fcr Busse"},"content":{"rendered":"<h2>Kundenspezifische Fertigung von Vorh\u00e4ngen f\u00fcr Busse<\/h2>\n<p>INDUSTRI fertigt seit <a href=\"https:\/\/www.industri-sl.com\/de\/ueber-uns\/\">mehr als 30 Jahren<\/a> Vorh\u00e4nge f\u00fcr Bus- und Mikrobuskabinen. Im Laufe dieser Jahre haben wir umfangreiche Erfahrungen in der Herstellung von Vorh\u00e4ngen gesammelt, <strong>was sich in der Qualit\u00e4t des von uns angebotenen Endprodukts widerspiegelt<\/strong>.<\/p>\n<p>Wir fertigen <strong>jede Art von Vorh\u00e4ngen<\/strong>: mechanisch bet\u00e4tigte, elektrisch bet\u00e4tigte, mit F\u00fchrungsstangen oder Scherensystem. S\u00e4mtliche Stoffe, die bei der Fertigung der Vorh\u00e4nge zum Einsatz kommen,<strong> erf\u00fcllen die in der Automobilbranche g\u00fcltigen<\/strong> Mindestvorschriften f\u00fcr Brand- und Rauchschutz.<\/p>\n<h2>Welche Art von Vorh\u00e4ngen fertigen wir?<\/h2>\n<div><a class=\"boton gris\" href=\"#autofrenadas\">Rastrollos<\/a> <a class=\"boton gris\" href=\"#dobles\">Doppelrollos im Einzelgeh\u00e4use<\/a> <a class=\"boton gris\" href=\"#pantograficas\">Scherenrollos<\/a> <a class=\"boton gris\" href=\"#enrollables\">Elektrische Rollos<\/a> <a class=\"boton gris\" href=\"#mecanicas\">Mechanische Rollos<\/a> <a class=\"boton gris\" href=\"#escolares\">Vorh\u00e4nge f\u00fcr Sch\u00fclertransporte<\/a><\/div>\n<div class=\"light-bg marcas\">\n\t<div class=\"flex\">\n\t\t<h2>unsere Kunden<\/h2>\n\n\t<\/div>\n\n\t<div class=\"flex\">\n\t\t<div class=\"caja\">\n\t\t\t<div class=\"flex marcas-logos\">\n\t\t\t\t<div><a href=\"https:\/\/www.industri-sl.com\/de\/transporte\/recambios\/tren\/caf\/\"><img decoding=\"async\" loading=\"lazy\" src=\"https:\/\/www.industri-sl.com\/wp-content\/themes\/industri\/img\/logo-caf.jpg\" alt=\"CAF\"><\/a><\/div>\n\t\t\t\t<div><a href=\"https:\/\/www.industri-sl.com\/de\/transporte\/recambios\/tren\/talgo\/\"><img decoding=\"async\" loading=\"lazy\" src=\"https:\/\/www.industri-sl.com\/wp-content\/themes\/industri\/img\/logo-talgo.jpg\" alt=\"Talgo\"><\/a><\/div>\n\t\t\t\t<div><img decoding=\"async\" loading=\"lazy\" src=\"https:\/\/www.industri-sl.com\/wp-content\/themes\/industri\/img\/logo-esg-rail.jpg\" alt=\"DBESGRail\"><\/div>\n\t\t\t<\/div>\n\t\t<\/div>\n\t<\/div>\n\t<div class=\"flex\">\n\t\t<div class=\"caja\">\n\t\t\t<div class=\"flex marcas-logos\">\n\t\t\t\t<div><a href=\"https:\/\/www.industri-sl.com\/de\/transporte\/recambios\/tren\/alstom\/\"><img decoding=\"async\" loading=\"lazy\" src=\"https:\/\/www.industri-sl.com\/wp-content\/themes\/industri\/img\/logo-alstom.jpg\" alt=\"ALSTOM\"><\/a><\/div>\n\t\t\t\t<div><img decoding=\"async\" loading=\"lazy\" src=\"https:\/\/www.industri-sl.com\/wp-content\/themes\/industri\/img\/logo-bombardier.jpg\" alt=\"Bombardier\"><\/div>\n\t\t\t\t<div><img decoding=\"async\" loading=\"lazy\" src=\"https:\/\/www.industri-sl.com\/wp-content\/themes\/industri\/img\/logo-stadler.jpg\" alt=\"Stadler\"><\/div>\n\t\t\t<\/div>\n\t\t<\/div>\n\t<\/div>\n\t<br>\n\t<a class=\"boton sin\" href=\"#formulario\">ANFRAGE ZUM ANGEBOT<\/a>\n<\/div>\n\n<h3 id=\"autofrenadas\" class=\"ancla\">Rastrollos<\/h3>\n<p><img loading=\"lazy\" decoding=\"async\" class=\"alignright wp-image-2156 size-medium\" src=\"https:\/\/www.industri-sl.com\/wp-content\/uploads\/cortina-autofrenada-2-2-300x225.jpg\" alt=\"Kundenspezifische Fertigung von Rastrollos f\u00fcr Busse\" width=\"300\" height=\"225\" srcset=\"https:\/\/www.industri-sl.com\/wp-content\/uploads\/cortina-autofrenada-2-2-300x225.jpg 300w, https:\/\/www.industri-sl.com\/wp-content\/uploads\/cortina-autofrenada-2-2-768x576.jpg 768w, https:\/\/www.industri-sl.com\/wp-content\/uploads\/cortina-autofrenada-2-2.jpg 800w\" sizes=\"auto, (max-width: 300px) 100vw, 300px\" \/><br \/>\nDas Rastrollo erm\u00f6glicht ein sanftes Aufrollen des Vorhangs in dem Fall, wenn ihn der Benutzer pl\u00f6tzlich losl\u00e4sst. Dadurch wird seine Lebensdauer verl\u00e4ngert und <strong>der Komfort der Fahrg\u00e4ste erh\u00f6ht<\/strong>.<\/p>\n<p>Schauen Sie sich <strong>unser umfangreiches Sortiment an Stoffen<\/strong>, Farben und Zubeh\u00f6r f\u00fcr unsere Rastrollos an.<\/p>\n<h3 id=\"dobles\" class=\"ancla\">Doppelrollos im Einzelgeh\u00e4use<\/h3>\n<p><img loading=\"lazy\" decoding=\"async\" class=\"alignright wp-image-2180 size-medium\" src=\"https:\/\/www.industri-sl.com\/wp-content\/uploads\/cortina-unica-carcasa-3-2-300x225.jpg\" alt=\"Kundenspezifische Fertigung von Doppelrollos im Einzelgeh\u00e4use f\u00fcr Busse\" width=\"300\" height=\"225\" srcset=\"https:\/\/www.industri-sl.com\/wp-content\/uploads\/cortina-unica-carcasa-3-2-300x225.jpg 300w, https:\/\/www.industri-sl.com\/wp-content\/uploads\/cortina-unica-carcasa-3-2-768x576.jpg 768w, https:\/\/www.industri-sl.com\/wp-content\/uploads\/cortina-unica-carcasa-3-2.jpg 800w\" sizes=\"auto, (max-width: 300px) 100vw, 300px\" \/><br \/>\nDie Doppelrollos im Einzelgeh\u00e4use werden entworfen, <a href=\"https:\/\/www.industri-sl.com\/de\/ingenieurleistungen\/\">bemustert und getestet<\/a>, um in jedes spezifische Busmodell zu passen und werden einbaufertig geliefert.<\/p>\n<p>Dar\u00fcber hinaus erf\u00fcllen alle f\u00fcr die Herstellung verwendeten Materialien die Brand- und <strong>Rauchschutzvorschriften der Automobilbranche<\/strong>.<\/p>\n<h3 id=\"pantograficas\" class=\"ancla\">Scherenrollos<\/h3>\n<p><img loading=\"lazy\" decoding=\"async\" class=\"alignright wp-image-2008 size-medium\" src=\"https:\/\/www.industri-sl.com\/wp-content\/uploads\/cortina-inversa-3-1-300x225.jpg\" alt=\"Kundenspezifische Fertigung von Scherenrollos f\u00fcr Busse\" width=\"300\" height=\"225\" srcset=\"https:\/\/www.industri-sl.com\/wp-content\/uploads\/cortina-inversa-3-1-300x225.jpg 300w, https:\/\/www.industri-sl.com\/wp-content\/uploads\/cortina-inversa-3-1-768x576.jpg 768w, https:\/\/www.industri-sl.com\/wp-content\/uploads\/cortina-inversa-3-1.jpg 800w\" sizes=\"auto, (max-width: 300px) 100vw, 300px\" \/><br \/>\nElektrisch bet\u00e4tigte Scherenrollos verf\u00fcgen \u00fcber ein Scherensystem <strong>an der R\u00fcckseite<\/strong>, weshalb auf die seitlichen F\u00fchrungsstangen verzichtet werden kann.<\/p>\n<p>Das Geh\u00e4use besitzt ein von <strong>unserer F+E+I-Abteilung<\/strong> entwickeltes Schwenksystem, das abh\u00e4ngig von den Montageanforderungen im Pfosten des Busses oder Zuges eine Platzierung in verschiedenen Winkeln erm\u00f6glicht.<\/p>\n<p>Das Geh\u00e4use ist aus grau lackiertem Aluminium. Das Scherensystem ist in der gleichen Farbe wie das Geh\u00e4use lackiert. Sie sind mit lautlosen 24V-Motoren mit Endschaltern <strong>zum programmierbaren \u00d6ffnen und Schlie\u00dfen ausgestattet<\/strong>.<\/p>\n<p>Zus\u00e4tzlich zur Scherenausf\u00fchrung ist auch <strong>ein X-f\u00f6rmiges Modell lieferbar<\/strong>.<\/p>\n<h3 id=\"enrollables\" class=\"ancla\">Elektrische Rollos<\/h3>\n<p><img loading=\"lazy\" decoding=\"async\" class=\"alignright wp-image-2076 size-medium\" src=\"https:\/\/www.industri-sl.com\/wp-content\/uploads\/cortina-electrica-enrollable-2-2-300x225.jpg\" alt=\"Kundenspezifische Fertigung von Elektrische Rollos f\u00fcr Busse\" width=\"300\" height=\"225\" srcset=\"https:\/\/www.industri-sl.com\/wp-content\/uploads\/cortina-electrica-enrollable-2-2-300x225.jpg 300w, https:\/\/www.industri-sl.com\/wp-content\/uploads\/cortina-electrica-enrollable-2-2-768x576.jpg 768w, https:\/\/www.industri-sl.com\/wp-content\/uploads\/cortina-electrica-enrollable-2-2.jpg 800w\" sizes=\"auto, (max-width: 300px) 100vw, 300px\" \/><br \/>\nDie elektrischen Rollos werden mit einem Au\u00dfengeh\u00e4use aus eloxiertem Aluminium in mattschwarz gefertigt. <strong>Eine Ausf\u00fchrung ohne Geh\u00e4use ist auch lieferbar<\/strong>.<\/p>\n<p>Je nach Einsatz des Rollos verwenden wir einen Rohrmotor und verschiedene Motorentypen. Es besteht ein breites Angebot an Stoffen in verschiedenen Grammaturen und Farben, die alle feuerfest sind und die in der Automobilbranche und der EisenbahnINDUSTRIe geltenden Brand- und <strong>Rauchschutzvorschriften erf\u00fcllen<\/strong>.<\/p>\n<h3 id=\"mecanicas\" class=\"ancla\">Mechanische Rollos<\/h3>\n<p><img loading=\"lazy\" decoding=\"async\" class=\"alignright wp-image-2060 size-medium\" src=\"https:\/\/www.industri-sl.com\/wp-content\/uploads\/cortina-mecanica-2-2-300x225.jpg\" alt=\"Kundenspezifische Fertigung von Mechanische Rollos f\u00fcr Busse\" width=\"300\" height=\"225\" srcset=\"https:\/\/www.industri-sl.com\/wp-content\/uploads\/cortina-mecanica-2-2-300x225.jpg 300w, https:\/\/www.industri-sl.com\/wp-content\/uploads\/cortina-mecanica-2-2-768x576.jpg 768w, https:\/\/www.industri-sl.com\/wp-content\/uploads\/cortina-mecanica-2-2.jpg 800w\" sizes=\"auto, (max-width: 300px) 100vw, 300px\" \/><br \/>\nDie mechanisch bet\u00e4tigten Rollos verf\u00fcgen \u00fcber einen Rasthebel und <strong>eine Zugkordel zum Aufrollen<\/strong>. Diese Zugkordel kann links oder rechts neben dem Vorhang angebracht werden.<\/p>\n<p>Die Vorh\u00e4nge haben ein mattschwarzes Au\u00dfengeh\u00e4use aus eloxiertem Aluminium, <strong>das den Stoff sch\u00fctzt<\/strong>, k\u00f6nnen jedoch mit oder ohne Geh\u00e4use gefertigt werden. In diesen F\u00e4llen haben sie keinen Rasthebel und die Bet\u00e4tigung ist frei laufend.<\/p>\n<p>Dazu besteht die M\u00f6glichkeit, im unteren Teil unserer mechanisch <strong>bet\u00e4tigten Rollos als Sonnenschutz<\/strong> einen undurchl\u00e4ssigen Streifen einzuf\u00fcgen. Sie k\u00f6nnen auch mit einer zentralen und als Griff dienenden Lasche ausgestattet werden.<\/p>\n<h3 id=\"escolares\" class=\"ancla\">Vorh\u00e4nge f\u00fcr Sch\u00fclertransporte<\/h3>\n<p><img loading=\"lazy\" decoding=\"async\" class=\"alignright wp-image-2264 size-medium\" src=\"https:\/\/www.industri-sl.com\/wp-content\/uploads\/cortina-autobus-escolar-rigida-1-300x216.jpg\" alt=\"Kundenspezifische Fertigung von Vorh\u00e4nge f\u00fcr Sch\u00fclertransporte f\u00fcr Busse\" width=\"300\" height=\"216\" srcset=\"https:\/\/www.industri-sl.com\/wp-content\/uploads\/cortina-autobus-escolar-rigida-1-300x216.jpg 300w, https:\/\/www.industri-sl.com\/wp-content\/uploads\/cortina-autobus-escolar-rigida-1-768x552.jpg 768w, https:\/\/www.industri-sl.com\/wp-content\/uploads\/cortina-autobus-escolar-rigida-1.jpg 800w\" sizes=\"auto, (max-width: 300px) 100vw, 300px\" \/><br \/>\nW\u00e4hrend eines Sch\u00fclertransports muss ein Bus mit dem entsprechenden Sch\u00fclertransportschild oder \u2013rollo gekennzeichnet sein, in diesem Fall dem V10-Schild.  <a href=\"https:\/\/www.industri-sl.com\/de\/kunden\/\">Bei INDUSTRI fertigen wir<\/a> V10-Plaketten oder -Schilder in verschiedenen Gr\u00f6\u00dfen, starr oder aufrollbar und optional auch mit intermittierend blinkender LED-Beleuchtung.<\/p>\n<p><a class=\"boton\" href=\"https:\/\/www.industri-sl.com\/de\/transport\/bus\/schulbus\/\">Weitere Informationen<\/a><\/p>\n<div class=\"otras-piezas\">\n<h4>Wir stellen auch andere ma\u00dfgefertigte Teile her:<\/h4>\n<div><a class=\"boton gris\" href=\"https:\/\/www.industri-sl.com\/de\/transport\/bus\/rueckspiegel\/\">R\u00fcckspiegel<\/a> <a class=\"boton gris\" href=\"https:\/\/www.industri-sl.com\/de\/transport\/bus\/trittstufen\/\">Trittstufen<\/a> <a class=\"boton gris\" href=\"https:\/\/www.industri-sl.com\/de\/transport\/bus\/dieseltankdeckel\/\">Dieseltankdeckel<\/a> <a class=\"boton gris\" href=\"https:\/\/www.industri-sl.com\/de\/transport\/bus\/scharniere\/\">Scharniere<\/a> <a class=\"boton gris\" href=\"https:\/\/www.industri-sl.com\/de\/transport\/bus\/auspuffrohre\/\">Auspuffrohre<\/a> <a class=\"boton gris\" href=\"https:\/\/www.industri-sl.com\/de\/transport\/bus\/dachfenster\/\">Dachfenster<\/a><\/div>\n<\/div>\n","protected":false},"excerpt":{"rendered":"<p>Kundenspezifische Fertigung von Vorh\u00e4ngen f\u00fcr Busse INDUSTRI fertigt seit mehr als 30 Jahren Vorh\u00e4nge f\u00fcr Bus- und Mikrobuskabinen. Im Laufe dieser Jahre haben wir umfangreiche Erfahrungen in der Herstellung von Vorh\u00e4ngen gesammelt, was sich in der Qualit\u00e4t des von uns angebotenen Endprodukts widerspiegelt. Wir fertigen jede Art von Vorh\u00e4ngen: mechanisch bet\u00e4tigte, elektrisch bet\u00e4tigte, mit F\u00fchrungsstangen [&hellip;]<\/p>\n","protected":false},"author":3,"featured_media":0,"parent":8752,"menu_order":0,"comment_status":"closed","ping_status":"closed","template":"page-vehiculos.php","meta":{"footnotes":""},"class_list":["post-8763","page","type-page","status-publish","hentry"],"yoast_head":"<!-- This site is optimized with the Yoast SEO plugin v27.2 - https:\/\/yoast.com\/product\/yoast-seo-wordpress\/ -->\n<title>Fertigung kundenspezifischer Vorh\u00e4nge f\u00fcr Busse - INDUSTRI<\/title>\n<meta name=\"description\" content=\"Bei INDUSTRI fertigen wir seit mehr als 30 Jahren Vorh\u00e4nge f\u00fcr Busse und Kleinbusse. Wir fertigen unter anderem mechanisch oder elektrisch bet\u00e4tigte oder gef\u00fchrte Vorh\u00e4nge.\" \/>\n<meta name=\"robots\" content=\"index, follow, max-snippet:-1, max-image-preview:large, max-video-preview:-1\" \/>\n<link rel=\"canonical\" href=\"https:\/\/www.industri-sl.com\/de\/transport\/bus\/vorhaenge\/\" \/>\n<meta property=\"og:locale\" content=\"de_DE\" \/>\n<meta property=\"og:type\" content=\"article\" \/>\n<meta property=\"og:title\" content=\"Fertigung kundenspezifischer Vorh\u00e4nge f\u00fcr Busse - INDUSTRI\" \/>\n<meta property=\"og:description\" content=\"Bei INDUSTRI fertigen wir seit mehr als 30 Jahren Vorh\u00e4nge f\u00fcr Busse und Kleinbusse. Wir fertigen unter anderem mechanisch oder elektrisch bet\u00e4tigte oder gef\u00fchrte Vorh\u00e4nge.\" \/>\n<meta property=\"og:url\" content=\"https:\/\/www.industri-sl.com\/de\/transport\/bus\/vorhaenge\/\" \/>\n<meta property=\"og:site_name\" content=\"Industri SL\" \/>\n<meta property=\"article:modified_time\" content=\"2025-05-21T12:14:02+00:00\" \/>\n<meta property=\"og:image\" content=\"https:\/\/www.industri-sl.com\/wp-content\/uploads\/cortina-autofrenada-2-2-300x225.jpg\" \/>\n<meta name=\"twitter:card\" content=\"summary_large_image\" \/>\n<meta name=\"twitter:label1\" content=\"Gesch\u00e4tzte Lesezeit\" \/>\n\t<meta name=\"twitter:data1\" content=\"4\u00a0Minuten\" \/>\n<script type=\"application\/ld+json\" class=\"yoast-schema-graph\">{\"@context\":\"https:\/\/schema.org\",\"@graph\":[{\"@type\":\"WebPage\",\"@id\":\"https:\/\/www.industri-sl.com\/de\/transport\/bus\/vorhaenge\/\",\"url\":\"https:\/\/www.industri-sl.com\/de\/transport\/bus\/vorhaenge\/\",\"name\":\"Fertigung kundenspezifischer Vorh\u00e4nge f\u00fcr Busse - INDUSTRI\",\"isPartOf\":{\"@id\":\"https:\/\/www.industri-sl.com\/de\/#website\"},\"primaryImageOfPage\":{\"@id\":\"https:\/\/www.industri-sl.com\/de\/transport\/bus\/vorhaenge\/#primaryimage\"},\"image\":{\"@id\":\"https:\/\/www.industri-sl.com\/de\/transport\/bus\/vorhaenge\/#primaryimage\"},\"thumbnailUrl\":\"https:\/\/www.industri-sl.com\/wp-content\/uploads\/cortina-autofrenada-2-2-300x225.jpg\",\"datePublished\":\"2019-09-30T10:46:35+00:00\",\"dateModified\":\"2025-05-21T12:14:02+00:00\",\"description\":\"Bei INDUSTRI fertigen wir seit mehr als 30 Jahren Vorh\u00e4nge f\u00fcr Busse und Kleinbusse. Wir fertigen unter anderem mechanisch oder elektrisch bet\u00e4tigte oder gef\u00fchrte Vorh\u00e4nge.\",\"breadcrumb\":{\"@id\":\"https:\/\/www.industri-sl.com\/de\/transport\/bus\/vorhaenge\/#breadcrumb\"},\"inLanguage\":\"de\",\"potentialAction\":[{\"@type\":\"ReadAction\",\"target\":[\"https:\/\/www.industri-sl.com\/de\/transport\/bus\/vorhaenge\/\"]}]},{\"@type\":\"ImageObject\",\"inLanguage\":\"de\",\"@id\":\"https:\/\/www.industri-sl.com\/de\/transport\/bus\/vorhaenge\/#primaryimage\",\"url\":\"https:\/\/www.industri-sl.com\/wp-content\/uploads\/cortina-autofrenada-2-2-300x225.jpg\",\"contentUrl\":\"https:\/\/www.industri-sl.com\/wp-content\/uploads\/cortina-autofrenada-2-2-300x225.jpg\"},{\"@type\":\"BreadcrumbList\",\"@id\":\"https:\/\/www.industri-sl.com\/de\/transport\/bus\/vorhaenge\/#breadcrumb\",\"itemListElement\":[{\"@type\":\"ListItem\",\"position\":1,\"name\":\"Inicio\",\"item\":\"https:\/\/www.industri-sl.com\/de\/\"},{\"@type\":\"ListItem\",\"position\":2,\"name\":\"Gesch\u00e4ftsbereich Transport\",\"item\":\"https:\/\/www.industri-sl.com\/de\/transport\/\"},{\"@type\":\"ListItem\",\"position\":3,\"name\":\"Kundenspezifische Fertigung f\u00fcr Busse\",\"item\":\"https:\/\/www.industri-sl.com\/de\/transport\/bus\/\"},{\"@type\":\"ListItem\",\"position\":4,\"name\":\"Kundenspezifische Vorh\u00e4nge f\u00fcr Busse\"}]},{\"@type\":\"WebSite\",\"@id\":\"https:\/\/www.industri-sl.com\/de\/#website\",\"url\":\"https:\/\/www.industri-sl.com\/de\/\",\"name\":\"Industri SL\",\"description\":\"\",\"publisher\":{\"@id\":\"https:\/\/www.industri-sl.com\/de\/#organization\"},\"potentialAction\":[{\"@type\":\"SearchAction\",\"target\":{\"@type\":\"EntryPoint\",\"urlTemplate\":\"https:\/\/www.industri-sl.com\/de\/?s={search_term_string}\"},\"query-input\":{\"@type\":\"PropertyValueSpecification\",\"valueRequired\":true,\"valueName\":\"search_term_string\"}}],\"inLanguage\":\"de\"},{\"@type\":\"Organization\",\"@id\":\"https:\/\/www.industri-sl.com\/de\/#organization\",\"name\":\"Industri SL\",\"url\":\"https:\/\/www.industri-sl.com\/de\/\",\"logo\":{\"@type\":\"ImageObject\",\"inLanguage\":\"de\",\"@id\":\"https:\/\/www.industri-sl.com\/de\/#\/schema\/logo\/image\/\",\"url\":\"https:\/\/www.industri-sl.com\/wp-content\/uploads\/industri-logo.png\",\"contentUrl\":\"https:\/\/www.industri-sl.com\/wp-content\/uploads\/industri-logo.png\",\"width\":248,\"height\":45,\"caption\":\"Industri SL\"},\"image\":{\"@id\":\"https:\/\/www.industri-sl.com\/de\/#\/schema\/logo\/image\/\"}}]}<\/script>\n<!-- \/ Yoast SEO plugin. -->","yoast_head_json":{"title":"Fertigung kundenspezifischer Vorh\u00e4nge f\u00fcr Busse - INDUSTRI","description":"Bei INDUSTRI fertigen wir seit mehr als 30 Jahren Vorh\u00e4nge f\u00fcr Busse und Kleinbusse. Wir fertigen unter anderem mechanisch oder elektrisch bet\u00e4tigte oder gef\u00fchrte Vorh\u00e4nge.","robots":{"index":"index","follow":"follow","max-snippet":"max-snippet:-1","max-image-preview":"max-image-preview:large","max-video-preview":"max-video-preview:-1"},"canonical":"https:\/\/www.industri-sl.com\/de\/transport\/bus\/vorhaenge\/","og_locale":"de_DE","og_type":"article","og_title":"Fertigung kundenspezifischer Vorh\u00e4nge f\u00fcr Busse - INDUSTRI","og_description":"Bei INDUSTRI fertigen wir seit mehr als 30 Jahren Vorh\u00e4nge f\u00fcr Busse und Kleinbusse. Wir fertigen unter anderem mechanisch oder elektrisch bet\u00e4tigte oder gef\u00fchrte Vorh\u00e4nge.","og_url":"https:\/\/www.industri-sl.com\/de\/transport\/bus\/vorhaenge\/","og_site_name":"Industri SL","article_modified_time":"2025-05-21T12:14:02+00:00","og_image":[{"url":"https:\/\/www.industri-sl.com\/wp-content\/uploads\/cortina-autofrenada-2-2-300x225.jpg","type":"","width":"","height":""}],"twitter_card":"summary_large_image","twitter_misc":{"Gesch\u00e4tzte Lesezeit":"4\u00a0Minuten"},"schema":{"@context":"https:\/\/schema.org","@graph":[{"@type":"WebPage","@id":"https:\/\/www.industri-sl.com\/de\/transport\/bus\/vorhaenge\/","url":"https:\/\/www.industri-sl.com\/de\/transport\/bus\/vorhaenge\/","name":"Fertigung kundenspezifischer Vorh\u00e4nge f\u00fcr Busse - INDUSTRI","isPartOf":{"@id":"https:\/\/www.industri-sl.com\/de\/#website"},"primaryImageOfPage":{"@id":"https:\/\/www.industri-sl.com\/de\/transport\/bus\/vorhaenge\/#primaryimage"},"image":{"@id":"https:\/\/www.industri-sl.com\/de\/transport\/bus\/vorhaenge\/#primaryimage"},"thumbnailUrl":"https:\/\/www.industri-sl.com\/wp-content\/uploads\/cortina-autofrenada-2-2-300x225.jpg","datePublished":"2019-09-30T10:46:35+00:00","dateModified":"2025-05-21T12:14:02+00:00","description":"Bei INDUSTRI fertigen wir seit mehr als 30 Jahren Vorh\u00e4nge f\u00fcr Busse und Kleinbusse. Wir fertigen unter anderem mechanisch oder elektrisch bet\u00e4tigte oder gef\u00fchrte Vorh\u00e4nge.","breadcrumb":{"@id":"https:\/\/www.industri-sl.com\/de\/transport\/bus\/vorhaenge\/#breadcrumb"},"inLanguage":"de","potentialAction":[{"@type":"ReadAction","target":["https:\/\/www.industri-sl.com\/de\/transport\/bus\/vorhaenge\/"]}]},{"@type":"ImageObject","inLanguage":"de","@id":"https:\/\/www.industri-sl.com\/de\/transport\/bus\/vorhaenge\/#primaryimage","url":"https:\/\/www.industri-sl.com\/wp-content\/uploads\/cortina-autofrenada-2-2-300x225.jpg","contentUrl":"https:\/\/www.industri-sl.com\/wp-content\/uploads\/cortina-autofrenada-2-2-300x225.jpg"},{"@type":"BreadcrumbList","@id":"https:\/\/www.industri-sl.com\/de\/transport\/bus\/vorhaenge\/#breadcrumb","itemListElement":[{"@type":"ListItem","position":1,"name":"Inicio","item":"https:\/\/www.industri-sl.com\/de\/"},{"@type":"ListItem","position":2,"name":"Gesch\u00e4ftsbereich Transport","item":"https:\/\/www.industri-sl.com\/de\/transport\/"},{"@type":"ListItem","position":3,"name":"Kundenspezifische Fertigung f\u00fcr Busse","item":"https:\/\/www.industri-sl.com\/de\/transport\/bus\/"},{"@type":"ListItem","position":4,"name":"Kundenspezifische Vorh\u00e4nge f\u00fcr Busse"}]},{"@type":"WebSite","@id":"https:\/\/www.industri-sl.com\/de\/#website","url":"https:\/\/www.industri-sl.com\/de\/","name":"Industri SL","description":"","publisher":{"@id":"https:\/\/www.industri-sl.com\/de\/#organization"},"potentialAction":[{"@type":"SearchAction","target":{"@type":"EntryPoint","urlTemplate":"https:\/\/www.industri-sl.com\/de\/?s={search_term_string}"},"query-input":{"@type":"PropertyValueSpecification","valueRequired":true,"valueName":"search_term_string"}}],"inLanguage":"de"},{"@type":"Organization","@id":"https:\/\/www.industri-sl.com\/de\/#organization","name":"Industri SL","url":"https:\/\/www.industri-sl.com\/de\/","logo":{"@type":"ImageObject","inLanguage":"de","@id":"https:\/\/www.industri-sl.com\/de\/#\/schema\/logo\/image\/","url":"https:\/\/www.industri-sl.com\/wp-content\/uploads\/industri-logo.png","contentUrl":"https:\/\/www.industri-sl.com\/wp-content\/uploads\/industri-logo.png","width":248,"height":45,"caption":"Industri SL"},"image":{"@id":"https:\/\/www.industri-sl.com\/de\/#\/schema\/logo\/image\/"}}]}},"_links":{"self":[{"href":"https:\/\/www.industri-sl.com\/de\/wp-json\/wp\/v2\/pages\/8763","targetHints":{"allow":["GET"]}}],"collection":[{"href":"https:\/\/www.industri-sl.com\/de\/wp-json\/wp\/v2\/pages"}],"about":[{"href":"https:\/\/www.industri-sl.com\/de\/wp-json\/wp\/v2\/types\/page"}],"author":[{"embeddable":true,"href":"https:\/\/www.industri-sl.com\/de\/wp-json\/wp\/v2\/users\/3"}],"replies":[{"embeddable":true,"href":"https:\/\/www.industri-sl.com\/de\/wp-json\/wp\/v2\/comments?post=8763"}],"version-history":[{"count":0,"href":"https:\/\/www.industri-sl.com\/de\/wp-json\/wp\/v2\/pages\/8763\/revisions"}],"up":[{"embeddable":true,"href":"https:\/\/www.industri-sl.com\/de\/wp-json\/wp\/v2\/pages\/8752"}],"wp:attachment":[{"href":"https:\/\/www.industri-sl.com\/de\/wp-json\/wp\/v2\/media?parent=8763"}],"curies":[{"name":"wp","href":"https:\/\/api.w.org\/{rel}","templated":true}]}}