{"id":8760,"date":"2019-10-01T10:06:23","date_gmt":"2019-10-01T08:06:23","guid":{"rendered":"https:\/\/www.industri-sl.com\/transport\/bus\/bisagras\/"},"modified":"2025-05-21T14:15:28","modified_gmt":"2025-05-21T12:15:28","slug":"scharniere","status":"publish","type":"page","link":"https:\/\/www.industri-sl.com\/de\/transport\/bus\/scharniere\/","title":{"rendered":"Kundenspezifische Scharniere f\u00fcr Busse"},"content":{"rendered":"<h2>Kundenspezifische Fertigung von Scharnieren f\u00fcr Busse<\/h2>\n<p>Bei INDUSTRI entwerfen, fertigen und liefern wir Ersatzscharniere f\u00fcr Bus- und Kleinbust\u00fcren. Jedes Projekt wird nach <a href=\"https:\/\/www.industri-sl.com\/de\/ingenieurleistungen\/\">den Anforderungen des Kunden entwickelt<\/a>. In unserem Katalog sind Innen- bzw. Au\u00dfenscharniere f\u00fcr Gep\u00e4ckablagen zu finden.<\/p>\n<p>Im Laufe der Zeit haben wir unsere Designs mit der Einf\u00fchrung leistungsf\u00e4higerer Verankerungssysteme und verschiedenen Behandlungen zur <strong>Verl\u00e4ngerung der Haltbarkeit der Scharniere verbessert<\/strong>. Alle diese Bauteile sind ausgelegt, um erhebliche Lasten auszuhalten. Sie werden zudem mit den besten Materialien gefertigt, um ein Verrosten der Scharniere zu verhindern.<\/p>\n<h2>Welche Art Scharniere fertigen wir?<\/h2>\n<div><a class=\"boton gris\" href=\"#exteriores\">Au\u00dfenscharniere Gep\u00e4ckablage<\/a> <a class=\"boton gris\" href=\"#interiores\">Innenscharniere Gep\u00e4ckablage<\/a> <a class=\"boton gris\" href=\"#minusvalidos\">Scharniere f\u00fcr behindertengerechte T\u00fcren<\/a> <a class=\"boton gris\" href=\"#rotula\">Gelenklose Scharniere<\/a><\/div>\n<div class=\"light-bg marcas\">\n\t<div class=\"flex\">\n\t\t<h2>unsere Kunden<\/h2>\n\n\t<\/div>\n\n\t<div class=\"flex\">\n\t\t<div class=\"caja\">\n\t\t\t<div class=\"flex marcas-logos\">\n\t\t\t\t<div><a href=\"https:\/\/www.industri-sl.com\/de\/transporte\/recambios\/tren\/caf\/\"><img decoding=\"async\" loading=\"lazy\" src=\"https:\/\/www.industri-sl.com\/wp-content\/themes\/industri\/img\/logo-caf.jpg\" alt=\"CAF\"><\/a><\/div>\n\t\t\t\t<div><a href=\"https:\/\/www.industri-sl.com\/de\/transporte\/recambios\/tren\/talgo\/\"><img decoding=\"async\" loading=\"lazy\" src=\"https:\/\/www.industri-sl.com\/wp-content\/themes\/industri\/img\/logo-talgo.jpg\" alt=\"Talgo\"><\/a><\/div>\n\t\t\t\t<div><img decoding=\"async\" loading=\"lazy\" src=\"https:\/\/www.industri-sl.com\/wp-content\/themes\/industri\/img\/logo-esg-rail.jpg\" alt=\"DBESGRail\"><\/div>\n\t\t\t<\/div>\n\t\t<\/div>\n\t<\/div>\n\t<div class=\"flex\">\n\t\t<div class=\"caja\">\n\t\t\t<div class=\"flex marcas-logos\">\n\t\t\t\t<div><a href=\"https:\/\/www.industri-sl.com\/de\/transporte\/recambios\/tren\/alstom\/\"><img decoding=\"async\" loading=\"lazy\" src=\"https:\/\/www.industri-sl.com\/wp-content\/themes\/industri\/img\/logo-alstom.jpg\" alt=\"ALSTOM\"><\/a><\/div>\n\t\t\t\t<div><img decoding=\"async\" loading=\"lazy\" src=\"https:\/\/www.industri-sl.com\/wp-content\/themes\/industri\/img\/logo-bombardier.jpg\" alt=\"Bombardier\"><\/div>\n\t\t\t\t<div><img decoding=\"async\" loading=\"lazy\" src=\"https:\/\/www.industri-sl.com\/wp-content\/themes\/industri\/img\/logo-stadler.jpg\" alt=\"Stadler\"><\/div>\n\t\t\t<\/div>\n\t\t<\/div>\n\t<\/div>\n\t<br>\n\t<a class=\"boton sin\" href=\"#formulario\">ANFRAGE ZUM ANGEBOT<\/a>\n<\/div>\n\n<h3 id=\"exteriores\" class=\"ancla\">Au\u00dfenscharniere f\u00fcr Gep\u00e4ckablagen<\/h3>\n<p><img loading=\"lazy\" decoding=\"async\" class=\"alignright wp-image-2256 size-medium\" src=\"https:\/\/www.industri-sl.com\/wp-content\/uploads\/bisagra-exterior-1-300x225.jpg\" alt=\"Au\u00dfenscharniere f\u00fcr Gep\u00e4ckablagen f\u00fcr Busse\" width=\"300\" height=\"225\" srcset=\"https:\/\/www.industri-sl.com\/wp-content\/uploads\/bisagra-exterior-1-300x225.jpg 300w, https:\/\/www.industri-sl.com\/wp-content\/uploads\/bisagra-exterior-1-768x576.jpg 768w, https:\/\/www.industri-sl.com\/wp-content\/uploads\/bisagra-exterior-1.jpg 800w\" sizes=\"auto, (max-width: 300px) 100vw, 300px\" \/><\/p>\n<p>Hierbei handelt sich um ein gro\u00dfformatiges Scharnier zum Einbau in den Seitenklappen der Busse. Es wurde entwickelt, um die Klappen des Stauraums trotz ihres Gewichts ohne gro\u00dfe Anstrengungen aufklappen zu k\u00f6nnen. Befindet sich die Stauraumklappe in ihrer h\u00f6chsten Position, verhindert dieses Scharnier ein pl\u00f6tzliches Herunterfallen der Klappe. So werden m\u00f6gliche Schl\u00e4ge, <strong>Einklemmen oder Unf\u00e4lle der Benutzer vermieden<\/strong>.<\/p>\n<h3 id=\"interiores\" class=\"ancla\">Innenscharniere f\u00fcr Gep\u00e4ckablagen<\/h3>\n<p><img loading=\"lazy\" decoding=\"async\" class=\"alignright wp-image-2220 size-medium\" src=\"https:\/\/www.industri-sl.com\/wp-content\/uploads\/bisagra-portamaletas-3-4-300x248.jpg\" alt=\"Innenscharniere f\u00fcr Gep\u00e4ckablagen f\u00fcr Busse\" width=\"300\" height=\"248\" srcset=\"https:\/\/www.industri-sl.com\/wp-content\/uploads\/bisagra-portamaletas-3-4-300x248.jpg 300w, https:\/\/www.industri-sl.com\/wp-content\/uploads\/bisagra-portamaletas-3-4-768x634.jpg 768w, https:\/\/www.industri-sl.com\/wp-content\/uploads\/bisagra-portamaletas-3-4.jpg 800w\" sizes=\"auto, (max-width: 300px) 100vw, 300px\" \/>Innenscharniere f\u00fcr Gep\u00e4ckablagen dienen zur Befestigung der Klappen der Gep\u00e4ckablagef\u00e4cher im Gang des Busses, \u00e4hnlich wie bei den Gep\u00e4ckablagen in Flugzeugen. Normalerweise werden sie symmetrisch eingebaut, sodass sie auch symmetrisch funktionieren.<\/p>\n<p>Diese Scharniere k\u00f6nnen mit verschiedenen Bauteilen (mit oder ohne Kugelgelenke) gefertigt werden. Jedes Modell wird auf unserem Pr\u00fcfstand getestet, um sicherzustellen, <strong>dass sie f\u00fcr eine lange Lebensdauer ausgelegt sind<\/strong>.<br \/>\n<iframe loading=\"lazy\" src=\"https:\/\/www.youtube.com\/embed\/THpAj1ge6cY?rel=0\" width=\"400\" height=\"225\" frameborder=\"0\" allowfullscreen=\"allowfullscreen\"><\/iframe><\/p>\n<h3 id=\"minusvalidos\" class=\"ancla\">Scharniere f\u00fcr behindertengerechte T\u00fcren mit Verriegelungen<\/h3>\n<p><img loading=\"lazy\" decoding=\"async\" class=\"alignright wp-image-2248 size-medium\" src=\"https:\/\/www.industri-sl.com\/wp-content\/uploads\/bisagra-minusvalidos-1-3-300x225.jpg\" alt=\"Scharniere f\u00fcr behindertengerechte T\u00fcren mit Verriegelungen f\u00fcr Busse\" width=\"300\" height=\"225\" srcset=\"https:\/\/www.industri-sl.com\/wp-content\/uploads\/bisagra-minusvalidos-1-3-300x225.jpg 300w, https:\/\/www.industri-sl.com\/wp-content\/uploads\/bisagra-minusvalidos-1-3-768x576.jpg 768w, https:\/\/www.industri-sl.com\/wp-content\/uploads\/bisagra-minusvalidos-1-3.jpg 800w\" sizes=\"auto, (max-width: 300px) 100vw, 300px\" \/><br \/>\nDieses Hochleistungsscharnier wurde speziell f\u00fcr die anspruchsvollsten Anforderungen entwickelt und verf\u00fcgt \u00fcber ein Verriegelungssystem, <strong>das ein ungewolltes Schlie\u00dfen verhindert<\/strong>.<\/p>\n<p>Sie sind f\u00fcr den Betrieb bei hohen Arbeitslasten und<strong> im Freien ausgelegt<\/strong>. S\u00e4mtliche Teile des Scharniers sind aus Edelstahl oder haben eine Oberfl\u00e4chenbehandlung, die sie gegen ein aufgrund von Witterungseinfl\u00fcssen erzeugtes Verrosten sch\u00fctzt.<\/p>\n<p><strong>Die Qualit\u00e4t des Design und der zur Herstellung<\/strong> dieses Scharniers verwendeten Werkstoffe garantieren eine lange Lebensdauer des Bauteils.<br \/>\n<iframe loading=\"lazy\" src=\"https:\/\/www.youtube.com\/embed\/H5Qa65nXyrs?rel=0\" width=\"400\" height=\"225\" frameborder=\"0\" allowfullscreen=\"allowfullscreen\"><span data-mce-type=\"bookmark\" style=\"display: inline-block; width: 0px; overflow: hidden; line-height: 0;\" class=\"mce_SELRES_start\">\ufeff<\/span><\/iframe><\/p>\n<h3 id=\"rotula\" class=\"ancla\">Gelenklose Scharniere f\u00fcr Gep\u00e4ckablagen<\/h3>\n<p><img loading=\"lazy\" decoding=\"async\" class=\"alignright wp-image-3376 size-medium\" src=\"https:\/\/www.industri-sl.com\/wp-content\/uploads\/bisagra-portamaletas-sin-rotula-300x225.jpg\" alt=\"Gelenklose Scharniere f\u00fcr Gep\u00e4ckablagen f\u00fcr Busse\" width=\"300\" height=\"225\" srcset=\"https:\/\/www.industri-sl.com\/wp-content\/uploads\/bisagra-portamaletas-sin-rotula-300x225.jpg 300w, https:\/\/www.industri-sl.com\/wp-content\/uploads\/bisagra-portamaletas-sin-rotula-768x577.jpg 768w, https:\/\/www.industri-sl.com\/wp-content\/uploads\/bisagra-portamaletas-sin-rotula.jpg 800w\" sizes=\"auto, (max-width: 300px) 100vw, 300px\" \/><br \/>\nDie gelenklosen Scharniere f\u00fcr Gep\u00e4ckablagen werden <a href=\"https:\/\/www.industri-sl.com\/de\/kunden\/\">nach Kundenwunsch gem\u00e4\u00df den angegebenen Spezifikationen<\/a> lasergeschnitten, gefaltet und lackiert. Diese Scharniere sind am Drehpunkt angenietet und verf\u00fcgen \u00fcber einen mechanischen Anschlag, der l\u00e4ngere Laufwege als gew\u00fcnscht vermeidet. Sie haben einen Gaszylinder oder eine Feder, die als Sto\u00dfd\u00e4mpfer der Bewegung des Laufweges entgegenwirken.<\/p>\n<p>Diese Scharniere dienen <strong>zur Befestigung der Gep\u00e4ckablageklappen im Gang des Busses<\/strong>, \u00e4hnlich wie bei den Gep\u00e4ckablagen in Flugzeugen.<\/p>\n<p>Die gelenklosen Scharniere f\u00fcr Gep\u00e4ckablagen werden im Set <strong>mit zwei symmetrischen Scharnieren gefertigt<\/strong>, die zur besseren Bedienung einander zugewandt angeordnet sind. Die Qualit\u00e4tsstudien unseres Pr\u00fcfstands haben ergeben, dass die Lebensdauer dieses Scharniertyps etwa 45000 Zyklen betr\u00e4gt.<\/p>\n<div class=\"otras-piezas\">\n<h4>Wir stellen auch andere ma\u00dfgefertigte Teile her:<\/h4>\n<div><a class=\"boton gris\" href=\"https:\/\/www.industri-sl.com\/de\/transport\/bus\/rueckspiegel\/\">R\u00fcckspiegel<\/a> <a class=\"boton gris\" href=\"hhttps:\/\/www.industri-sl.com\/de\/transport\/bus\/trittstufen\">Trittstufen<\/a> <a class=\"boton gris\" href=\"https:\/\/www.industri-sl.com\/de\/transport\/bus\/dieseltankdeckel\/\">Dieseltankdeckel<\/a> <a class=\"boton gris\" href=\"https:\/\/www.industri-sl.com\/de\/transport\/bus\/vorhaenge\/\">Vorh\u00e4nge<\/a> <a class=\"boton gris\" href=\"https:\/\/www.industri-sl.com\/de\/transport\/bus\/auspuffrohre\/\">Auspuffrohre<\/a> <a class=\"boton gris\" href=\"https:\/\/www.industri-sl.com\/de\/transport\/bus\/dachfenster\/\">Dachfenster<\/a><\/div>\n<\/div>\n","protected":false},"excerpt":{"rendered":"<p>Kundenspezifische Fertigung von Scharnieren f\u00fcr Busse Bei INDUSTRI entwerfen, fertigen und liefern wir Ersatzscharniere f\u00fcr Bus- und Kleinbust\u00fcren. Jedes Projekt wird nach den Anforderungen des Kunden entwickelt. In unserem Katalog sind Innen- bzw. Au\u00dfenscharniere f\u00fcr Gep\u00e4ckablagen zu finden. Im Laufe der Zeit haben wir unsere Designs mit der Einf\u00fchrung leistungsf\u00e4higerer Verankerungssysteme und verschiedenen Behandlungen zur [&hellip;]<\/p>\n","protected":false},"author":3,"featured_media":0,"parent":8752,"menu_order":0,"comment_status":"closed","ping_status":"closed","template":"page-vehiculos.php","meta":{"footnotes":""},"class_list":["post-8760","page","type-page","status-publish","hentry"],"yoast_head":"<!-- This site is optimized with the Yoast SEO plugin v27.2 - https:\/\/yoast.com\/product\/yoast-seo-wordpress\/ -->\n<title>Fertigung kundenspezifischer Scharniere f\u00fcr Busse - INDUSTRI<\/title>\n<meta name=\"description\" content=\"Bei INDUSTRI entwerfen, fertigen und liefern wir Ersatzscharniere f\u00fcr Bus- und Kleinbust\u00fcren.\" \/>\n<meta name=\"robots\" content=\"index, follow, max-snippet:-1, max-image-preview:large, max-video-preview:-1\" \/>\n<link rel=\"canonical\" href=\"https:\/\/www.industri-sl.com\/de\/transport\/bus\/scharniere\/\" \/>\n<meta property=\"og:locale\" content=\"de_DE\" \/>\n<meta property=\"og:type\" content=\"article\" \/>\n<meta property=\"og:title\" content=\"Fertigung kundenspezifischer Scharniere f\u00fcr Busse - INDUSTRI\" \/>\n<meta property=\"og:description\" content=\"Bei INDUSTRI entwerfen, fertigen und liefern wir Ersatzscharniere f\u00fcr Bus- und Kleinbust\u00fcren.\" \/>\n<meta property=\"og:url\" content=\"https:\/\/www.industri-sl.com\/de\/transport\/bus\/scharniere\/\" \/>\n<meta property=\"og:site_name\" content=\"Industri SL\" \/>\n<meta property=\"article:modified_time\" content=\"2025-05-21T12:15:28+00:00\" \/>\n<meta property=\"og:image\" content=\"https:\/\/www.industri-sl.com\/wp-content\/uploads\/bisagra-exterior-1-300x225.jpg\" \/>\n<meta name=\"twitter:card\" content=\"summary_large_image\" \/>\n<meta name=\"twitter:label1\" content=\"Gesch\u00e4tzte Lesezeit\" \/>\n\t<meta name=\"twitter:data1\" content=\"3\u00a0Minuten\" \/>\n<script type=\"application\/ld+json\" class=\"yoast-schema-graph\">{\"@context\":\"https:\/\/schema.org\",\"@graph\":[{\"@type\":\"WebPage\",\"@id\":\"https:\/\/www.industri-sl.com\/de\/transport\/bus\/scharniere\/\",\"url\":\"https:\/\/www.industri-sl.com\/de\/transport\/bus\/scharniere\/\",\"name\":\"Fertigung kundenspezifischer Scharniere f\u00fcr Busse - INDUSTRI\",\"isPartOf\":{\"@id\":\"https:\/\/www.industri-sl.com\/de\/#website\"},\"primaryImageOfPage\":{\"@id\":\"https:\/\/www.industri-sl.com\/de\/transport\/bus\/scharniere\/#primaryimage\"},\"image\":{\"@id\":\"https:\/\/www.industri-sl.com\/de\/transport\/bus\/scharniere\/#primaryimage\"},\"thumbnailUrl\":\"https:\/\/www.industri-sl.com\/wp-content\/uploads\/bisagra-exterior-1-300x225.jpg\",\"datePublished\":\"2019-10-01T08:06:23+00:00\",\"dateModified\":\"2025-05-21T12:15:28+00:00\",\"description\":\"Bei INDUSTRI entwerfen, fertigen und liefern wir Ersatzscharniere f\u00fcr Bus- und Kleinbust\u00fcren.\",\"breadcrumb\":{\"@id\":\"https:\/\/www.industri-sl.com\/de\/transport\/bus\/scharniere\/#breadcrumb\"},\"inLanguage\":\"de\",\"potentialAction\":[{\"@type\":\"ReadAction\",\"target\":[\"https:\/\/www.industri-sl.com\/de\/transport\/bus\/scharniere\/\"]}]},{\"@type\":\"ImageObject\",\"inLanguage\":\"de\",\"@id\":\"https:\/\/www.industri-sl.com\/de\/transport\/bus\/scharniere\/#primaryimage\",\"url\":\"https:\/\/www.industri-sl.com\/wp-content\/uploads\/bisagra-exterior-1-300x225.jpg\",\"contentUrl\":\"https:\/\/www.industri-sl.com\/wp-content\/uploads\/bisagra-exterior-1-300x225.jpg\"},{\"@type\":\"BreadcrumbList\",\"@id\":\"https:\/\/www.industri-sl.com\/de\/transport\/bus\/scharniere\/#breadcrumb\",\"itemListElement\":[{\"@type\":\"ListItem\",\"position\":1,\"name\":\"Inicio\",\"item\":\"https:\/\/www.industri-sl.com\/de\/\"},{\"@type\":\"ListItem\",\"position\":2,\"name\":\"Gesch\u00e4ftsbereich Transport\",\"item\":\"https:\/\/www.industri-sl.com\/de\/transport\/\"},{\"@type\":\"ListItem\",\"position\":3,\"name\":\"Kundenspezifische Fertigung f\u00fcr Busse\",\"item\":\"https:\/\/www.industri-sl.com\/de\/transport\/bus\/\"},{\"@type\":\"ListItem\",\"position\":4,\"name\":\"Kundenspezifische Scharniere f\u00fcr Busse\"}]},{\"@type\":\"WebSite\",\"@id\":\"https:\/\/www.industri-sl.com\/de\/#website\",\"url\":\"https:\/\/www.industri-sl.com\/de\/\",\"name\":\"Industri SL\",\"description\":\"\",\"publisher\":{\"@id\":\"https:\/\/www.industri-sl.com\/de\/#organization\"},\"potentialAction\":[{\"@type\":\"SearchAction\",\"target\":{\"@type\":\"EntryPoint\",\"urlTemplate\":\"https:\/\/www.industri-sl.com\/de\/?s={search_term_string}\"},\"query-input\":{\"@type\":\"PropertyValueSpecification\",\"valueRequired\":true,\"valueName\":\"search_term_string\"}}],\"inLanguage\":\"de\"},{\"@type\":\"Organization\",\"@id\":\"https:\/\/www.industri-sl.com\/de\/#organization\",\"name\":\"Industri SL\",\"url\":\"https:\/\/www.industri-sl.com\/de\/\",\"logo\":{\"@type\":\"ImageObject\",\"inLanguage\":\"de\",\"@id\":\"https:\/\/www.industri-sl.com\/de\/#\/schema\/logo\/image\/\",\"url\":\"https:\/\/www.industri-sl.com\/wp-content\/uploads\/industri-logo.png\",\"contentUrl\":\"https:\/\/www.industri-sl.com\/wp-content\/uploads\/industri-logo.png\",\"width\":248,\"height\":45,\"caption\":\"Industri SL\"},\"image\":{\"@id\":\"https:\/\/www.industri-sl.com\/de\/#\/schema\/logo\/image\/\"}}]}<\/script>\n<!-- \/ Yoast SEO plugin. -->","yoast_head_json":{"title":"Fertigung kundenspezifischer Scharniere f\u00fcr Busse - INDUSTRI","description":"Bei INDUSTRI entwerfen, fertigen und liefern wir Ersatzscharniere f\u00fcr Bus- und Kleinbust\u00fcren.","robots":{"index":"index","follow":"follow","max-snippet":"max-snippet:-1","max-image-preview":"max-image-preview:large","max-video-preview":"max-video-preview:-1"},"canonical":"https:\/\/www.industri-sl.com\/de\/transport\/bus\/scharniere\/","og_locale":"de_DE","og_type":"article","og_title":"Fertigung kundenspezifischer Scharniere f\u00fcr Busse - INDUSTRI","og_description":"Bei INDUSTRI entwerfen, fertigen und liefern wir Ersatzscharniere f\u00fcr Bus- und Kleinbust\u00fcren.","og_url":"https:\/\/www.industri-sl.com\/de\/transport\/bus\/scharniere\/","og_site_name":"Industri SL","article_modified_time":"2025-05-21T12:15:28+00:00","og_image":[{"url":"https:\/\/www.industri-sl.com\/wp-content\/uploads\/bisagra-exterior-1-300x225.jpg","type":"","width":"","height":""}],"twitter_card":"summary_large_image","twitter_misc":{"Gesch\u00e4tzte Lesezeit":"3\u00a0Minuten"},"schema":{"@context":"https:\/\/schema.org","@graph":[{"@type":"WebPage","@id":"https:\/\/www.industri-sl.com\/de\/transport\/bus\/scharniere\/","url":"https:\/\/www.industri-sl.com\/de\/transport\/bus\/scharniere\/","name":"Fertigung kundenspezifischer Scharniere f\u00fcr Busse - INDUSTRI","isPartOf":{"@id":"https:\/\/www.industri-sl.com\/de\/#website"},"primaryImageOfPage":{"@id":"https:\/\/www.industri-sl.com\/de\/transport\/bus\/scharniere\/#primaryimage"},"image":{"@id":"https:\/\/www.industri-sl.com\/de\/transport\/bus\/scharniere\/#primaryimage"},"thumbnailUrl":"https:\/\/www.industri-sl.com\/wp-content\/uploads\/bisagra-exterior-1-300x225.jpg","datePublished":"2019-10-01T08:06:23+00:00","dateModified":"2025-05-21T12:15:28+00:00","description":"Bei INDUSTRI entwerfen, fertigen und liefern wir Ersatzscharniere f\u00fcr Bus- und Kleinbust\u00fcren.","breadcrumb":{"@id":"https:\/\/www.industri-sl.com\/de\/transport\/bus\/scharniere\/#breadcrumb"},"inLanguage":"de","potentialAction":[{"@type":"ReadAction","target":["https:\/\/www.industri-sl.com\/de\/transport\/bus\/scharniere\/"]}]},{"@type":"ImageObject","inLanguage":"de","@id":"https:\/\/www.industri-sl.com\/de\/transport\/bus\/scharniere\/#primaryimage","url":"https:\/\/www.industri-sl.com\/wp-content\/uploads\/bisagra-exterior-1-300x225.jpg","contentUrl":"https:\/\/www.industri-sl.com\/wp-content\/uploads\/bisagra-exterior-1-300x225.jpg"},{"@type":"BreadcrumbList","@id":"https:\/\/www.industri-sl.com\/de\/transport\/bus\/scharniere\/#breadcrumb","itemListElement":[{"@type":"ListItem","position":1,"name":"Inicio","item":"https:\/\/www.industri-sl.com\/de\/"},{"@type":"ListItem","position":2,"name":"Gesch\u00e4ftsbereich Transport","item":"https:\/\/www.industri-sl.com\/de\/transport\/"},{"@type":"ListItem","position":3,"name":"Kundenspezifische Fertigung f\u00fcr Busse","item":"https:\/\/www.industri-sl.com\/de\/transport\/bus\/"},{"@type":"ListItem","position":4,"name":"Kundenspezifische Scharniere f\u00fcr Busse"}]},{"@type":"WebSite","@id":"https:\/\/www.industri-sl.com\/de\/#website","url":"https:\/\/www.industri-sl.com\/de\/","name":"Industri SL","description":"","publisher":{"@id":"https:\/\/www.industri-sl.com\/de\/#organization"},"potentialAction":[{"@type":"SearchAction","target":{"@type":"EntryPoint","urlTemplate":"https:\/\/www.industri-sl.com\/de\/?s={search_term_string}"},"query-input":{"@type":"PropertyValueSpecification","valueRequired":true,"valueName":"search_term_string"}}],"inLanguage":"de"},{"@type":"Organization","@id":"https:\/\/www.industri-sl.com\/de\/#organization","name":"Industri SL","url":"https:\/\/www.industri-sl.com\/de\/","logo":{"@type":"ImageObject","inLanguage":"de","@id":"https:\/\/www.industri-sl.com\/de\/#\/schema\/logo\/image\/","url":"https:\/\/www.industri-sl.com\/wp-content\/uploads\/industri-logo.png","contentUrl":"https:\/\/www.industri-sl.com\/wp-content\/uploads\/industri-logo.png","width":248,"height":45,"caption":"Industri SL"},"image":{"@id":"https:\/\/www.industri-sl.com\/de\/#\/schema\/logo\/image\/"}}]}},"_links":{"self":[{"href":"https:\/\/www.industri-sl.com\/de\/wp-json\/wp\/v2\/pages\/8760","targetHints":{"allow":["GET"]}}],"collection":[{"href":"https:\/\/www.industri-sl.com\/de\/wp-json\/wp\/v2\/pages"}],"about":[{"href":"https:\/\/www.industri-sl.com\/de\/wp-json\/wp\/v2\/types\/page"}],"author":[{"embeddable":true,"href":"https:\/\/www.industri-sl.com\/de\/wp-json\/wp\/v2\/users\/3"}],"replies":[{"embeddable":true,"href":"https:\/\/www.industri-sl.com\/de\/wp-json\/wp\/v2\/comments?post=8760"}],"version-history":[{"count":0,"href":"https:\/\/www.industri-sl.com\/de\/wp-json\/wp\/v2\/pages\/8760\/revisions"}],"up":[{"embeddable":true,"href":"https:\/\/www.industri-sl.com\/de\/wp-json\/wp\/v2\/pages\/8752"}],"wp:attachment":[{"href":"https:\/\/www.industri-sl.com\/de\/wp-json\/wp\/v2\/media?parent=8760"}],"curies":[{"name":"wp","href":"https:\/\/api.w.org\/{rel}","templated":true}]}}