{"id":8758,"date":"2019-11-13T09:38:46","date_gmt":"2019-11-13T08:38:46","guid":{"rendered":"https:\/\/www.industri-sl.com\/transport\/bus\/schulbus\/cortina-escolar-led\/"},"modified":"2025-05-21T14:22:58","modified_gmt":"2025-05-21T12:22:58","slug":"led-vorhaenge","status":"publish","type":"page","link":"https:\/\/www.industri-sl.com\/de\/transport\/bus\/schulbus\/led-vorhaenge\/","title":{"rendered":"LED-Vorh\u00e4nge f\u00fcr den Sch\u00fclertransport"},"content":{"rendered":"<h2>Fertigung von v10-Leuchtschildern <\/h2>\n<p><a href=\"https:\/\/www.industri-sl.com\/de\/ingenieurleistungen\/\">Bei INDUSTRI fertigen wir<\/a> jede Art von kundenspezifischem Zubeh\u00f6r f\u00fcr Schulbusse, darunter auch das V10- oder Sch\u00fclertransportschild, f\u00fcr das wir auch eine Version mit LED-Beleuchtung anbieten.<\/p>\n<p>Das V10-Leuchtschild hat \u00fcber das Piktogramm des Vorhangs verteilte LED-Leuchten, die bei ge\u00f6ffneten Fahrzeugt\u00fcren blinken, <strong>um so das Ein- und Aussteigen der Sch\u00fcler sicherer zu machen<\/strong>.<\/p>\n<h3>Erh\u00e4ltliche LED-Sch\u00fclertransport-Schilder<\/h3>\n<p>Das V10-Leuchtschild ist <strong>in verschiedenen Gr\u00f6\u00dfen und Ausf\u00fchrungen erh\u00e4ltlich<\/strong>.<\/p>\n<p>Zwei Gr\u00f6\u00dfen:<\/p>\n<ul>\n<li>360 x 360 mm<\/li>\n<li>200 x 200 mm<\/li>\n<\/ul>\n<p>Zwei Ausf\u00fchrungen:<\/p>\n<ul>\n<li>Steifer Vorhang<\/li>\n<li>Flexibles Rollo: mit einem Rasthebel, der beim Bet\u00e4tigen den Vorhang aufrollt. Dieser Rasthebel ist f\u00fcr eine einfache Bedienung mit einer Schnur ausgestattet und kann sowohl rechts als auch links angebracht werden.<\/li>\n<\/ul>\n<p>Alle Vorh\u00e4nge oder Schilder haben ein Befestigungssystem mit Saugern, das eine stabile Funktionsweise und ein wie vom Gesetz vorgeschrieben, einfaches Anbringen und Entfernen ohne Werkzeug gew\u00e4hrleistet.<\/p>\n<div class=\"slider-gallery-wrapper \"><div class=\"slider-gallery\"><div id=\"sliderify-carousel-1\" class=\"owl-carousel\"><div class=\"sliderify-owl-item-inner\"><img decoding=\"async\" src=\"https:\/\/www.industri-sl.com\/wp-content\/uploads\/cortina-escolar-led-1.jpg\"><\/div><div class=\"sliderify-owl-item-inner\"><img decoding=\"async\" src=\"https:\/\/www.industri-sl.com\/wp-content\/uploads\/circuito-cortina-led.png\"><\/div><div class=\"sliderify-owl-item-inner\"><img decoding=\"async\" src=\"https:\/\/www.industri-sl.com\/wp-content\/uploads\/grafico-cortina-led.png\"><\/div><\/div><!-- .owl-carousel --><\/div><!-- .slider-gallery --><\/div><!-- .slider-gallery-wrapper --><script>\n\t\t\tjQuery(document).ready(function($){\n\t\t\t\tcarousel1 = $('#sliderify-carousel-1');\ncarousel1.imagesLoaded(function(){carousel1.owlCarousel({items:2,\nstagePadding:0,\nnav:1,\nnavText:['<span><\/span><span><\/span>','<span><\/span><span><\/span>'],\ncenter:1,\nloop:1,\nmargin:0,\nautoWidth:false,\nautoHeight:true,\nstageOuterClass:'sliderify-stage-outer',\nstageClass:'sliderify-stage',\nnavContainerClass:'sliderify-nav',\ncontrolsClass:'sliderify-controls',\ndotsClass:'sliderify-dots',\ndotClass:'sliderify-dot',\nonInitialized:function(event){\n\t\t\t\tconsole.log('init');\n\t\t\t},\n});});\n});\n\t\t\t<\/script>\n<h3>Spezifikationen des LED-Leuchtschildes<\/h3>\n<p>Die beleuchteten Sch\u00fclertransportschilder von INDUSTRI erf\u00fcllen die folgenden gesetzlich vorgeschriebenen Eigenschaften:<\/p>\n<ul>\n<li>Das Schild leuchtet automatisch auf, sobald sich eine der T\u00fcren des Fahrzeugs zu \u00f6ffnen beginnt und bevor diese vollst\u00e4ndig ge\u00f6ffnet ist.<\/li>\n<li>W\u00e4hrend der Zeit, in der die T\u00fcren ge\u00f6ffnet bleiben, blinkt das Leuchtschild.<\/li>\n<li>Nach dem Schlie\u00dfen der T\u00fcren schaltet sich das Schild aus.<\/li>\n<li>Es ist mit einer Warnvorrichtung zur Anzeige durchgebrannter oder in schlechtem Zustand befindlicher LED-Lampen versehen.<\/li>\n<li>Es funktioniert bei Temperaturen von +65\u00ba C bis -20\u00b0 C.<\/li>\n<li>Es ist f\u00fcr den Betrieb mit 12 oder 24 V Gleichstrom ausgelegt und kann bis zu 30 V erreichen.<\/li>\n<li>Das System ist gegen m\u00f6gliche \u00dcberspannungen von bis zu 60 V und Kurzschl\u00fcsse sowie gegen eine Verpolung in der Stromversorgung gesch\u00fctzt.<\/li>\n<\/ul>\n<h3>Wann und wo werden LED-Vorh\u00e4nge f\u00fcr den Sch\u00fclertransport eingesetzt?<\/h3>\n<p>W\u00e4hrend der Sch\u00fclertransporte m\u00fcssen die Busse durch das Schild oder den Vorhang als solche gekennzeichnet sein, konkret mit einem V10-Schild, das so im Fahrzeug platziert sein muss, dass es jederzeit von au\u00dfen sichtbar ist. Die Schilder m\u00fcssen w\u00e4hrend des Sch\u00fclertransports stets angebracht werden.<\/p>\n<p>Abh\u00e4ngig von der Gr\u00f6\u00dfe des Busses sollte das Schild sowohl vorne als auch im Heck des Busses und in den folgenden Gr\u00f6\u00dfen angebracht werden:<\/p>\n<ul>\n<li>Busse mit bis zu 19 Sitzpl\u00e4tzen: Das Frontschild ist nicht erforderlich und das Heckschild muss eine Seitenl\u00e4nge von 20 cm aufweisen.<\/li>\n<li>Busse mit mehr als 19 Sitzpl\u00e4tzen und einer L\u00e4nge von bis zu 10 Metern: Beide Schilder, sowohl das Front- als auch das Heckschild, sind obligatorisch und m\u00fcssen eine Seitenl\u00e4nge von jeweils 20 cm aufweisen. <\/li>\n<li>Busse mit einer L\u00e4nge von mehr als 10 Metern: Beide Schilder, sowohl das Front- als auch das Heckschild, sind obligatorisch und m\u00fcssen eine Seitenl\u00e4nge von jeweils 36 cm aufweisen.<\/li>\n<\/ul>\n<h3>Welche Vorschrift erf\u00fcllt unser LED-Schulbusvorhang?<\/h3>\n<p>Im Anhang XI der durch den K\u00f6niglichen Erlass 2822\/1998  genehmigten Allgemeinen Stra\u00dfenverkehrsordnung sind die Merkmale bez\u00fcglich Bauweise und Form festgelegt, welche die Schilder in den Fahrzeugen erf\u00fcllen m\u00fcssen. Ein derart definiertes Schild ist das V10-Schild f\u00fcr Sch\u00fclertransporte, das gem\u00e4\u00df Artikel 5 des K\u00f6niglichen Dekrets 443\/2001 die Sicherheitsbedingungen f\u00fcr den Transport von Sch\u00fclern und Minderj\u00e4hrigen kennzeichnet. Dieser Artikel sieht vor, dass das V10-Schild durch ein anderes, im Anhang angegebenes Schild ersetzt werden kann, dessen Piktogramm mit einem Leuchtelement versehen ist, das den in der Verordnung festgelegten Spezifikationen entspricht.<\/p>\n<p>Dar\u00fcber hinaus muss es gem\u00e4\u00df den Vorschriften Nr. 118 (Brandverhalten oder F\u00e4higkeit der bei der Herstellung bestimmter Kraftfahrzeugklassen verwendeten Werkstoffe, Kraftstoff oder Schmiermittel abzuweisen) und  Nr. 10 (Elektromagnetische Vertr\u00e4glichkeit) der Europ\u00e4ischen Union zugelassen sein. <\/p>\n<div class=\"otras-piezas\">\n<h4>Wir fertigen auch andere kundenspezifische Teile:<\/h4>\n<div><a class=\"boton gris\" href=\"https:\/\/www.industri-sl.com\/de\/transport\/bus\/schulbus\/\">Vorh\u00e4nge f\u00fcr Schulbusse<\/a> <a class=\"boton gris\" href=\"https:\/\/www.industri-sl.com\/de\/transport\/bus\/rueckspiegel\/\">R\u00fcckspiegel<\/a> <a class=\"boton gris\" href=\"https:\/\/www.industri-sl.com\/de\/transport\/bus\/scharniere\/\">Scharniere<\/a> <a class=\"boton gris\" href=\"https:\/\/www.industri-sl.com\/de\/transport\/bus\/dieseltankdeckel\/\">Dieseltankdeckel<\/a> <a class=\"boton gris\" href=\"https:\/\/www.industri-sl.com\/de\/transport\/bus\/sonstiges\/\">Zubeh\u00f6r<\/a> <a class=\"boton gris\" href=\"https:\/\/www.industri-sl.com\/de\/transport\/bus\/radkappen\/\">Radkappen<\/a> <a class=\"boton gris\" href=\"https:\/\/www.industri-sl.com\/de\/transport\/bus\/dachfenster\/\">Dachfenster<\/a><\/div>\n<\/div>\n","protected":false},"excerpt":{"rendered":"<p>Fertigung von v10-Leuchtschildern Bei INDUSTRI fertigen wir jede Art von kundenspezifischem Zubeh\u00f6r f\u00fcr Schulbusse, darunter auch das V10- oder Sch\u00fclertransportschild, f\u00fcr das wir auch eine Version mit LED-Beleuchtung anbieten. Das V10-Leuchtschild hat \u00fcber das Piktogramm des Vorhangs verteilte LED-Leuchten, die bei ge\u00f6ffneten Fahrzeugt\u00fcren blinken, um so das Ein- und Aussteigen der Sch\u00fcler sicherer zu machen. [&hellip;]<\/p>\n","protected":false},"author":3,"featured_media":0,"parent":8756,"menu_order":0,"comment_status":"closed","ping_status":"closed","template":"page-vehiculos.php","meta":{"footnotes":""},"class_list":["post-8758","page","type-page","status-publish","hentry"],"yoast_head":"<!-- This site is optimized with the Yoast SEO plugin v27.5 - https:\/\/yoast.com\/product\/yoast-seo-wordpress\/ -->\n<title>Fertigung von LED-Vorh\u00e4ngen f\u00fcr Schulbusse - INDUSTRI<\/title>\n<meta name=\"description\" content=\"Wir fertigen kundenspezifisches Zubeh\u00f6r f\u00fcr Schulbusse, wie das V10-Schild oder Sch\u00fclertransportschild, f\u00fcr die wir eine LED-Version anbieten.\" \/>\n<meta name=\"robots\" content=\"index, follow, max-snippet:-1, max-image-preview:large, max-video-preview:-1\" \/>\n<link rel=\"canonical\" href=\"https:\/\/www.industri-sl.com\/de\/transport\/bus\/schulbus\/led-vorhaenge\/\" \/>\n<meta property=\"og:locale\" content=\"de_DE\" \/>\n<meta property=\"og:type\" content=\"article\" \/>\n<meta property=\"og:title\" content=\"Fertigung von LED-Vorh\u00e4ngen f\u00fcr Schulbusse - INDUSTRI\" \/>\n<meta property=\"og:description\" content=\"Wir fertigen kundenspezifisches Zubeh\u00f6r f\u00fcr Schulbusse, wie das V10-Schild oder Sch\u00fclertransportschild, f\u00fcr die wir eine LED-Version anbieten.\" \/>\n<meta property=\"og:url\" content=\"https:\/\/www.industri-sl.com\/de\/transport\/bus\/schulbus\/led-vorhaenge\/\" \/>\n<meta property=\"og:site_name\" content=\"Industri SL\" \/>\n<meta property=\"article:modified_time\" content=\"2025-05-21T12:22:58+00:00\" \/>\n<meta property=\"og:image\" content=\"https:\/\/www.industri-sl.com\/wp-content\/uploads\/cortina-escolar-led-1.jpg\" \/>\n<meta name=\"twitter:card\" content=\"summary_large_image\" \/>\n<meta name=\"twitter:label1\" content=\"Gesch\u00e4tzte Lesezeit\" \/>\n\t<meta name=\"twitter:data1\" content=\"3\u00a0Minuten\" \/>\n<script type=\"application\/ld+json\" class=\"yoast-schema-graph\">{\"@context\":\"https:\\\/\\\/schema.org\",\"@graph\":[{\"@type\":\"WebPage\",\"@id\":\"https:\\\/\\\/www.industri-sl.com\\\/de\\\/transport\\\/bus\\\/schulbus\\\/led-vorhaenge\\\/\",\"url\":\"https:\\\/\\\/www.industri-sl.com\\\/de\\\/transport\\\/bus\\\/schulbus\\\/led-vorhaenge\\\/\",\"name\":\"Fertigung von LED-Vorh\u00e4ngen f\u00fcr Schulbusse - INDUSTRI\",\"isPartOf\":{\"@id\":\"https:\\\/\\\/www.industri-sl.com\\\/de\\\/#website\"},\"datePublished\":\"2019-11-13T08:38:46+00:00\",\"dateModified\":\"2025-05-21T12:22:58+00:00\",\"description\":\"Wir fertigen kundenspezifisches Zubeh\u00f6r f\u00fcr Schulbusse, wie das V10-Schild oder Sch\u00fclertransportschild, f\u00fcr die wir eine LED-Version anbieten.\",\"breadcrumb\":{\"@id\":\"https:\\\/\\\/www.industri-sl.com\\\/de\\\/transport\\\/bus\\\/schulbus\\\/led-vorhaenge\\\/#breadcrumb\"},\"inLanguage\":\"de\",\"potentialAction\":[{\"@type\":\"ReadAction\",\"target\":[\"https:\\\/\\\/www.industri-sl.com\\\/de\\\/transport\\\/bus\\\/schulbus\\\/led-vorhaenge\\\/\"]}]},{\"@type\":\"BreadcrumbList\",\"@id\":\"https:\\\/\\\/www.industri-sl.com\\\/de\\\/transport\\\/bus\\\/schulbus\\\/led-vorhaenge\\\/#breadcrumb\",\"itemListElement\":[{\"@type\":\"ListItem\",\"position\":1,\"name\":\"Inicio\",\"item\":\"https:\\\/\\\/www.industri-sl.com\\\/de\\\/\"},{\"@type\":\"ListItem\",\"position\":2,\"name\":\"Gesch\u00e4ftsbereich Transport\",\"item\":\"https:\\\/\\\/www.industri-sl.com\\\/de\\\/transport\\\/\"},{\"@type\":\"ListItem\",\"position\":3,\"name\":\"Kundenspezifische Fertigung f\u00fcr Busse\",\"item\":\"https:\\\/\\\/www.industri-sl.com\\\/de\\\/transport\\\/bus\\\/\"},{\"@type\":\"ListItem\",\"position\":4,\"name\":\"Vorh\u00e4nge f\u00fcr Schulbusse\",\"item\":\"https:\\\/\\\/www.industri-sl.com\\\/de\\\/transport\\\/bus\\\/schulbus\\\/\"},{\"@type\":\"ListItem\",\"position\":5,\"name\":\"LED-Vorh\u00e4nge f\u00fcr den Sch\u00fclertransport\"}]},{\"@type\":\"WebSite\",\"@id\":\"https:\\\/\\\/www.industri-sl.com\\\/de\\\/#website\",\"url\":\"https:\\\/\\\/www.industri-sl.com\\\/de\\\/\",\"name\":\"Industri SL\",\"description\":\"\",\"publisher\":{\"@id\":\"https:\\\/\\\/www.industri-sl.com\\\/de\\\/#organization\"},\"potentialAction\":[{\"@type\":\"SearchAction\",\"target\":{\"@type\":\"EntryPoint\",\"urlTemplate\":\"https:\\\/\\\/www.industri-sl.com\\\/de\\\/?s={search_term_string}\"},\"query-input\":{\"@type\":\"PropertyValueSpecification\",\"valueRequired\":true,\"valueName\":\"search_term_string\"}}],\"inLanguage\":\"de\"},{\"@type\":\"Organization\",\"@id\":\"https:\\\/\\\/www.industri-sl.com\\\/de\\\/#organization\",\"name\":\"Industri SL\",\"url\":\"https:\\\/\\\/www.industri-sl.com\\\/de\\\/\",\"logo\":{\"@type\":\"ImageObject\",\"inLanguage\":\"de\",\"@id\":\"https:\\\/\\\/www.industri-sl.com\\\/de\\\/#\\\/schema\\\/logo\\\/image\\\/\",\"url\":\"https:\\\/\\\/www.industri-sl.com\\\/wp-content\\\/uploads\\\/industri-logo.png\",\"contentUrl\":\"https:\\\/\\\/www.industri-sl.com\\\/wp-content\\\/uploads\\\/industri-logo.png\",\"width\":248,\"height\":45,\"caption\":\"Industri SL\"},\"image\":{\"@id\":\"https:\\\/\\\/www.industri-sl.com\\\/de\\\/#\\\/schema\\\/logo\\\/image\\\/\"}}]}<\/script>\n<!-- \/ Yoast SEO plugin. -->","yoast_head_json":{"title":"Fertigung von LED-Vorh\u00e4ngen f\u00fcr Schulbusse - INDUSTRI","description":"Wir fertigen kundenspezifisches Zubeh\u00f6r f\u00fcr Schulbusse, wie das V10-Schild oder Sch\u00fclertransportschild, f\u00fcr die wir eine LED-Version anbieten.","robots":{"index":"index","follow":"follow","max-snippet":"max-snippet:-1","max-image-preview":"max-image-preview:large","max-video-preview":"max-video-preview:-1"},"canonical":"https:\/\/www.industri-sl.com\/de\/transport\/bus\/schulbus\/led-vorhaenge\/","og_locale":"de_DE","og_type":"article","og_title":"Fertigung von LED-Vorh\u00e4ngen f\u00fcr Schulbusse - INDUSTRI","og_description":"Wir fertigen kundenspezifisches Zubeh\u00f6r f\u00fcr Schulbusse, wie das V10-Schild oder Sch\u00fclertransportschild, f\u00fcr die wir eine LED-Version anbieten.","og_url":"https:\/\/www.industri-sl.com\/de\/transport\/bus\/schulbus\/led-vorhaenge\/","og_site_name":"Industri SL","article_modified_time":"2025-05-21T12:22:58+00:00","og_image":[{"url":"https:\/\/www.industri-sl.com\/wp-content\/uploads\/cortina-escolar-led-1.jpg","type":"","width":"","height":""}],"twitter_card":"summary_large_image","twitter_misc":{"Gesch\u00e4tzte Lesezeit":"3\u00a0Minuten"},"schema":{"@context":"https:\/\/schema.org","@graph":[{"@type":"WebPage","@id":"https:\/\/www.industri-sl.com\/de\/transport\/bus\/schulbus\/led-vorhaenge\/","url":"https:\/\/www.industri-sl.com\/de\/transport\/bus\/schulbus\/led-vorhaenge\/","name":"Fertigung von LED-Vorh\u00e4ngen f\u00fcr Schulbusse - INDUSTRI","isPartOf":{"@id":"https:\/\/www.industri-sl.com\/de\/#website"},"datePublished":"2019-11-13T08:38:46+00:00","dateModified":"2025-05-21T12:22:58+00:00","description":"Wir fertigen kundenspezifisches Zubeh\u00f6r f\u00fcr Schulbusse, wie das V10-Schild oder Sch\u00fclertransportschild, f\u00fcr die wir eine LED-Version anbieten.","breadcrumb":{"@id":"https:\/\/www.industri-sl.com\/de\/transport\/bus\/schulbus\/led-vorhaenge\/#breadcrumb"},"inLanguage":"de","potentialAction":[{"@type":"ReadAction","target":["https:\/\/www.industri-sl.com\/de\/transport\/bus\/schulbus\/led-vorhaenge\/"]}]},{"@type":"BreadcrumbList","@id":"https:\/\/www.industri-sl.com\/de\/transport\/bus\/schulbus\/led-vorhaenge\/#breadcrumb","itemListElement":[{"@type":"ListItem","position":1,"name":"Inicio","item":"https:\/\/www.industri-sl.com\/de\/"},{"@type":"ListItem","position":2,"name":"Gesch\u00e4ftsbereich Transport","item":"https:\/\/www.industri-sl.com\/de\/transport\/"},{"@type":"ListItem","position":3,"name":"Kundenspezifische Fertigung f\u00fcr Busse","item":"https:\/\/www.industri-sl.com\/de\/transport\/bus\/"},{"@type":"ListItem","position":4,"name":"Vorh\u00e4nge f\u00fcr Schulbusse","item":"https:\/\/www.industri-sl.com\/de\/transport\/bus\/schulbus\/"},{"@type":"ListItem","position":5,"name":"LED-Vorh\u00e4nge f\u00fcr den Sch\u00fclertransport"}]},{"@type":"WebSite","@id":"https:\/\/www.industri-sl.com\/de\/#website","url":"https:\/\/www.industri-sl.com\/de\/","name":"Industri SL","description":"","publisher":{"@id":"https:\/\/www.industri-sl.com\/de\/#organization"},"potentialAction":[{"@type":"SearchAction","target":{"@type":"EntryPoint","urlTemplate":"https:\/\/www.industri-sl.com\/de\/?s={search_term_string}"},"query-input":{"@type":"PropertyValueSpecification","valueRequired":true,"valueName":"search_term_string"}}],"inLanguage":"de"},{"@type":"Organization","@id":"https:\/\/www.industri-sl.com\/de\/#organization","name":"Industri SL","url":"https:\/\/www.industri-sl.com\/de\/","logo":{"@type":"ImageObject","inLanguage":"de","@id":"https:\/\/www.industri-sl.com\/de\/#\/schema\/logo\/image\/","url":"https:\/\/www.industri-sl.com\/wp-content\/uploads\/industri-logo.png","contentUrl":"https:\/\/www.industri-sl.com\/wp-content\/uploads\/industri-logo.png","width":248,"height":45,"caption":"Industri SL"},"image":{"@id":"https:\/\/www.industri-sl.com\/de\/#\/schema\/logo\/image\/"}}]}},"_links":{"self":[{"href":"https:\/\/www.industri-sl.com\/de\/wp-json\/wp\/v2\/pages\/8758","targetHints":{"allow":["GET"]}}],"collection":[{"href":"https:\/\/www.industri-sl.com\/de\/wp-json\/wp\/v2\/pages"}],"about":[{"href":"https:\/\/www.industri-sl.com\/de\/wp-json\/wp\/v2\/types\/page"}],"author":[{"embeddable":true,"href":"https:\/\/www.industri-sl.com\/de\/wp-json\/wp\/v2\/users\/3"}],"replies":[{"embeddable":true,"href":"https:\/\/www.industri-sl.com\/de\/wp-json\/wp\/v2\/comments?post=8758"}],"version-history":[{"count":0,"href":"https:\/\/www.industri-sl.com\/de\/wp-json\/wp\/v2\/pages\/8758\/revisions"}],"up":[{"embeddable":true,"href":"https:\/\/www.industri-sl.com\/de\/wp-json\/wp\/v2\/pages\/8756"}],"wp:attachment":[{"href":"https:\/\/www.industri-sl.com\/de\/wp-json\/wp\/v2\/media?parent=8758"}],"curies":[{"name":"wp","href":"https:\/\/api.w.org\/{rel}","templated":true}]}}