{"id":8754,"date":"2019-10-01T12:38:17","date_gmt":"2019-10-01T10:38:17","guid":{"rendered":"https:\/\/www.industri-sl.com\/transport\/bus\/accesorios\/"},"modified":"2025-05-21T14:23:53","modified_gmt":"2025-05-21T12:23:53","slug":"sonstiges","status":"publish","type":"page","link":"https:\/\/www.industri-sl.com\/de\/transport\/bus\/sonstiges\/","title":{"rendered":"Kundenspezifisches Zubeh\u00f6r f\u00fcr Busse"},"content":{"rendered":"<h2>Kundenspezifische Fertigung von Zubeh\u00f6r f\u00fcr Busse<\/h2>\n<p>Zus\u00e4tzlich zu unserem umfangreichen Produktsortiment f\u00fcr die spanischen Busbauer erg\u00e4nzen wir bei INDUSTRI unser Produktangebot <strong>mit verschiedenen Zubeh\u00f6rteilen<\/strong>. Wir sind Hersteller dieses Zubeh\u00f6rs zur Ausstattung einer breiten Palette verschiedener Busmarken- und modelle.<\/p>\n<p>Wenn Sie ein bestimmtes Produkt suchen, das Sie nicht in unserem Katalog finden,<a href=\"https:\/\/www.industri-sl.com\/de\/kontakt\/\"> setzen Sie sich bitte mit uns in Verbindung<\/a>.<\/p>\n<h2>Welche Art von Zubeh\u00f6r f\u00fcr Busse fertigen wir?<\/h2>\n<div><a class=\"boton gris\" href=\"#martillos\">H\u00e4mmer<\/a> <a class=\"boton gris\" href=\"#ceniceros\">Aschenbecher<\/a><\/div>\n<div class=\"light-bg marcas\">\n\t<div class=\"flex\">\n\t\t<h2>unsere Kunden<\/h2>\n\n\t<\/div>\n\n\t<div class=\"flex\">\n\t\t<div class=\"caja\">\n\t\t\t<div class=\"flex marcas-logos\">\n\t\t\t\t<div><a href=\"https:\/\/www.industri-sl.com\/de\/transporte\/recambios\/tren\/caf\/\"><img decoding=\"async\" loading=\"lazy\" src=\"https:\/\/www.industri-sl.com\/wp-content\/themes\/industri\/img\/logo-caf.jpg\" alt=\"CAF\"><\/a><\/div>\n\t\t\t\t<div><a href=\"https:\/\/www.industri-sl.com\/de\/transporte\/recambios\/tren\/talgo\/\"><img decoding=\"async\" loading=\"lazy\" src=\"https:\/\/www.industri-sl.com\/wp-content\/themes\/industri\/img\/logo-talgo.jpg\" alt=\"Talgo\"><\/a><\/div>\n\t\t\t\t<div><img decoding=\"async\" loading=\"lazy\" src=\"https:\/\/www.industri-sl.com\/wp-content\/themes\/industri\/img\/logo-esg-rail.jpg\" alt=\"DBESGRail\"><\/div>\n\t\t\t<\/div>\n\t\t<\/div>\n\t<\/div>\n\t<div class=\"flex\">\n\t\t<div class=\"caja\">\n\t\t\t<div class=\"flex marcas-logos\">\n\t\t\t\t<div><a href=\"https:\/\/www.industri-sl.com\/de\/transporte\/recambios\/tren\/alstom\/\"><img decoding=\"async\" loading=\"lazy\" src=\"https:\/\/www.industri-sl.com\/wp-content\/themes\/industri\/img\/logo-alstom.jpg\" alt=\"ALSTOM\"><\/a><\/div>\n\t\t\t\t<div><img decoding=\"async\" loading=\"lazy\" src=\"https:\/\/www.industri-sl.com\/wp-content\/themes\/industri\/img\/logo-bombardier.jpg\" alt=\"Bombardier\"><\/div>\n\t\t\t\t<div><img decoding=\"async\" loading=\"lazy\" src=\"https:\/\/www.industri-sl.com\/wp-content\/themes\/industri\/img\/logo-stadler.jpg\" alt=\"Stadler\"><\/div>\n\t\t\t<\/div>\n\t\t<\/div>\n\t<\/div>\n\t<br>\n\t<a class=\"boton sin\" href=\"#formulario\">ANFRAGE ZUM ANGEBOT<\/a>\n<\/div>\n\n<h2>Unser Angebot an Zubeh\u00f6r f\u00fcr Busse<\/h2>\n<h3 id=\"martillos\" class=\"ancla\">H\u00e4mmer<\/h3>\n<p><img loading=\"lazy\" decoding=\"async\" class=\"alignright wp-image-2268\" src=\"https:\/\/www.industri-sl.com\/wp-content\/uploads\/martillo-seguridad-3-1-300x216.jpg\" alt=\"Kundenspezifische Fertigung von H\u00e4mmer f\u00fcr Busse\" width=\"449\" height=\"323\" srcset=\"https:\/\/www.industri-sl.com\/wp-content\/uploads\/martillo-seguridad-3-1-300x216.jpg 300w, https:\/\/www.industri-sl.com\/wp-content\/uploads\/martillo-seguridad-3-1-768x552.jpg 768w, https:\/\/www.industri-sl.com\/wp-content\/uploads\/martillo-seguridad-3-1.jpg 800w\" sizes=\"auto, (max-width: 449px) 100vw, 449px\" \/>INDUSTRI bietet Ihnen <a href=\"https:\/\/www.industri-sl.com\/de\/ingenieurleistungen\/\">die beste Technologie<\/a> bei der Entwicklung und Herstellung von Noth\u00e4mmern. <\/p>\n<p>Alle Busse und Kleinbusse m\u00fcssen je nach Fahrzeuggr\u00f6\u00dfe mit einem oder mehreren Sicherheitsh\u00e4mmern ausger\u00fcstet sein. Diese m\u00fcssen im Falle eines Unfalls greifbar sein, falls es erforderlich ist, die Fenster einzuschlagen, <strong>um einen alternativen Ausstiegsweg zu haben<\/strong>. Mit dem Sicherheitshammer mit geh\u00e4rteter Stahlspitze kann man die Notfenster leicht einschlagen, falls die T\u00fcren verriegelt sind und ein Ausstieg durch sie nicht m\u00f6glich ist. <\/p>\n<h3 id=\"ceniceros\" class=\"ancla\">Aschenbecher<\/h3>\n<p><img loading=\"lazy\" decoding=\"async\" class=\"alignright wp-image-2352\" src=\"https:\/\/www.industri-sl.com\/wp-content\/uploads\/cenicero-1-1-300x225.jpg\" alt=\"Kundenspezifische Fertigung von Aschenbecher f\u00fcr Busse\" width=\"451\" height=\"338\" srcset=\"https:\/\/www.industri-sl.com\/wp-content\/uploads\/cenicero-1-1-300x225.jpg 300w, https:\/\/www.industri-sl.com\/wp-content\/uploads\/cenicero-1-1-768x576.jpg 768w, https:\/\/www.industri-sl.com\/wp-content\/uploads\/cenicero-1-1.jpg 800w\" sizes=\"auto, (max-width: 451px) 100vw, 451px\" \/>Bei INDUSTRI stellen wir jede Art von Zubeh\u00f6r f\u00fcr Busse, Reisebusse und Kleinbusse her. Aschenbecher sind eines der Zubeh\u00f6rteile, die wir <a href=\"https:\/\/www.industri-sl.com\/de\/kunden\/\">f\u00fcr zahlreiche Marken hergestellt haben<\/a>.<\/p>\n<p>Heutzutage werden Produkte dieser Art wegen <strong>des Rauchverbots in Bussen<\/strong> und anderen Transportmitteln nicht mehr genutzt, trotzdem ist eine Fertigung auf Anfrage oder als Ersatzteil noch m\u00f6glich.<\/p>\n<div class=\"otras-piezas\">\n<h4>Wir stellen auch andere ma\u00dfgefertigte Teile her:<\/h4>\n<div><a class=\"boton gris\" href=\"https:\/\/www.industri-sl.com\/de\/transport\/bus\/rueckspiegel\/\">R\u00fcckspiegel<\/a> <a class=\"boton gris\" href=\"https:\/\/www.industri-sl.com\/de\/transport\/bus\/vorhaenge\/\">Vorh\u00e4nge<\/a> <a class=\"boton gris\" href=\"https:\/\/www.industri-sl.com\/transporte\/autobus\/tapas-gasoil\/\">Dieseltankdeckel<\/a> <a class=\"boton gris\" href=\"https:\/\/www.industri-sl.com\/de\/transport\/bus\/scharniere\/\">Scharniere<\/a> <a class=\"boton gris\" href=\"https:\/\/www.industri-sl.com\/de\/transport\/bus\/radkappen\/\">Radkappen<\/a> <a class=\"boton gris\" href=\"https:\/\/www.industri-sl.com\/de\/transport\/bus\/dachfenster\/\">Dachfenster<\/a><\/div>\n<\/div>\n","protected":false},"excerpt":{"rendered":"<p>Kundenspezifische Fertigung von Zubeh\u00f6r f\u00fcr Busse Zus\u00e4tzlich zu unserem umfangreichen Produktsortiment f\u00fcr die spanischen Busbauer erg\u00e4nzen wir bei INDUSTRI unser Produktangebot mit verschiedenen Zubeh\u00f6rteilen. Wir sind Hersteller dieses Zubeh\u00f6rs zur Ausstattung einer breiten Palette verschiedener Busmarken- und modelle. Wenn Sie ein bestimmtes Produkt suchen, das Sie nicht in unserem Katalog finden, setzen Sie sich bitte [&hellip;]<\/p>\n","protected":false},"author":3,"featured_media":0,"parent":8752,"menu_order":0,"comment_status":"closed","ping_status":"closed","template":"page-vehiculos.php","meta":{"footnotes":""},"class_list":["post-8754","page","type-page","status-publish","hentry"],"yoast_head":"<!-- This site is optimized with the Yoast SEO plugin v27.5 - https:\/\/yoast.com\/product\/yoast-seo-wordpress\/ -->\n<title>Fertigung kundenspezifischer Radkappen f\u00fcr Busse - INDUSTRI<\/title>\n<meta name=\"description\" content=\"Wir fertigen kundenspezifisches Zubeh\u00f6r wie Aschenbecher oder Noth\u00e4mmer f\u00fcr Reise- oder Kleinbusse.\" \/>\n<meta name=\"robots\" content=\"index, follow, max-snippet:-1, max-image-preview:large, max-video-preview:-1\" \/>\n<link rel=\"canonical\" href=\"https:\/\/www.industri-sl.com\/de\/transport\/bus\/sonstiges\/\" \/>\n<meta property=\"og:locale\" content=\"de_DE\" \/>\n<meta property=\"og:type\" content=\"article\" \/>\n<meta property=\"og:title\" content=\"Fertigung kundenspezifischer Radkappen f\u00fcr Busse - INDUSTRI\" \/>\n<meta property=\"og:description\" content=\"Wir fertigen kundenspezifisches Zubeh\u00f6r wie Aschenbecher oder Noth\u00e4mmer f\u00fcr Reise- oder Kleinbusse.\" \/>\n<meta property=\"og:url\" content=\"https:\/\/www.industri-sl.com\/de\/transport\/bus\/sonstiges\/\" \/>\n<meta property=\"og:site_name\" content=\"Industri SL\" \/>\n<meta property=\"article:modified_time\" content=\"2025-05-21T12:23:53+00:00\" \/>\n<meta property=\"og:image\" content=\"https:\/\/www.industri-sl.com\/wp-content\/uploads\/martillo-seguridad-3-1-300x216.jpg\" \/>\n<meta name=\"twitter:card\" content=\"summary_large_image\" \/>\n<meta name=\"twitter:label1\" content=\"Gesch\u00e4tzte Lesezeit\" \/>\n\t<meta name=\"twitter:data1\" content=\"2\u00a0Minuten\" \/>\n<script type=\"application\/ld+json\" class=\"yoast-schema-graph\">{\"@context\":\"https:\\\/\\\/schema.org\",\"@graph\":[{\"@type\":\"WebPage\",\"@id\":\"https:\\\/\\\/www.industri-sl.com\\\/de\\\/transport\\\/bus\\\/sonstiges\\\/\",\"url\":\"https:\\\/\\\/www.industri-sl.com\\\/de\\\/transport\\\/bus\\\/sonstiges\\\/\",\"name\":\"Fertigung kundenspezifischer Radkappen f\u00fcr Busse - INDUSTRI\",\"isPartOf\":{\"@id\":\"https:\\\/\\\/www.industri-sl.com\\\/de\\\/#website\"},\"primaryImageOfPage\":{\"@id\":\"https:\\\/\\\/www.industri-sl.com\\\/de\\\/transport\\\/bus\\\/sonstiges\\\/#primaryimage\"},\"image\":{\"@id\":\"https:\\\/\\\/www.industri-sl.com\\\/de\\\/transport\\\/bus\\\/sonstiges\\\/#primaryimage\"},\"thumbnailUrl\":\"https:\\\/\\\/www.industri-sl.com\\\/wp-content\\\/uploads\\\/martillo-seguridad-3-1-300x216.jpg\",\"datePublished\":\"2019-10-01T10:38:17+00:00\",\"dateModified\":\"2025-05-21T12:23:53+00:00\",\"description\":\"Wir fertigen kundenspezifisches Zubeh\u00f6r wie Aschenbecher oder Noth\u00e4mmer f\u00fcr Reise- oder Kleinbusse.\",\"breadcrumb\":{\"@id\":\"https:\\\/\\\/www.industri-sl.com\\\/de\\\/transport\\\/bus\\\/sonstiges\\\/#breadcrumb\"},\"inLanguage\":\"de\",\"potentialAction\":[{\"@type\":\"ReadAction\",\"target\":[\"https:\\\/\\\/www.industri-sl.com\\\/de\\\/transport\\\/bus\\\/sonstiges\\\/\"]}]},{\"@type\":\"ImageObject\",\"inLanguage\":\"de\",\"@id\":\"https:\\\/\\\/www.industri-sl.com\\\/de\\\/transport\\\/bus\\\/sonstiges\\\/#primaryimage\",\"url\":\"https:\\\/\\\/www.industri-sl.com\\\/wp-content\\\/uploads\\\/martillo-seguridad-3-1-300x216.jpg\",\"contentUrl\":\"https:\\\/\\\/www.industri-sl.com\\\/wp-content\\\/uploads\\\/martillo-seguridad-3-1-300x216.jpg\"},{\"@type\":\"BreadcrumbList\",\"@id\":\"https:\\\/\\\/www.industri-sl.com\\\/de\\\/transport\\\/bus\\\/sonstiges\\\/#breadcrumb\",\"itemListElement\":[{\"@type\":\"ListItem\",\"position\":1,\"name\":\"Inicio\",\"item\":\"https:\\\/\\\/www.industri-sl.com\\\/de\\\/\"},{\"@type\":\"ListItem\",\"position\":2,\"name\":\"Gesch\u00e4ftsbereich Transport\",\"item\":\"https:\\\/\\\/www.industri-sl.com\\\/de\\\/transport\\\/\"},{\"@type\":\"ListItem\",\"position\":3,\"name\":\"Kundenspezifische Fertigung f\u00fcr Busse\",\"item\":\"https:\\\/\\\/www.industri-sl.com\\\/de\\\/transport\\\/bus\\\/\"},{\"@type\":\"ListItem\",\"position\":4,\"name\":\"Kundenspezifisches Zubeh\u00f6r f\u00fcr Busse\"}]},{\"@type\":\"WebSite\",\"@id\":\"https:\\\/\\\/www.industri-sl.com\\\/de\\\/#website\",\"url\":\"https:\\\/\\\/www.industri-sl.com\\\/de\\\/\",\"name\":\"Industri SL\",\"description\":\"\",\"publisher\":{\"@id\":\"https:\\\/\\\/www.industri-sl.com\\\/de\\\/#organization\"},\"potentialAction\":[{\"@type\":\"SearchAction\",\"target\":{\"@type\":\"EntryPoint\",\"urlTemplate\":\"https:\\\/\\\/www.industri-sl.com\\\/de\\\/?s={search_term_string}\"},\"query-input\":{\"@type\":\"PropertyValueSpecification\",\"valueRequired\":true,\"valueName\":\"search_term_string\"}}],\"inLanguage\":\"de\"},{\"@type\":\"Organization\",\"@id\":\"https:\\\/\\\/www.industri-sl.com\\\/de\\\/#organization\",\"name\":\"Industri SL\",\"url\":\"https:\\\/\\\/www.industri-sl.com\\\/de\\\/\",\"logo\":{\"@type\":\"ImageObject\",\"inLanguage\":\"de\",\"@id\":\"https:\\\/\\\/www.industri-sl.com\\\/de\\\/#\\\/schema\\\/logo\\\/image\\\/\",\"url\":\"https:\\\/\\\/www.industri-sl.com\\\/wp-content\\\/uploads\\\/industri-logo.png\",\"contentUrl\":\"https:\\\/\\\/www.industri-sl.com\\\/wp-content\\\/uploads\\\/industri-logo.png\",\"width\":248,\"height\":45,\"caption\":\"Industri SL\"},\"image\":{\"@id\":\"https:\\\/\\\/www.industri-sl.com\\\/de\\\/#\\\/schema\\\/logo\\\/image\\\/\"}}]}<\/script>\n<!-- \/ Yoast SEO plugin. -->","yoast_head_json":{"title":"Fertigung kundenspezifischer Radkappen f\u00fcr Busse - INDUSTRI","description":"Wir fertigen kundenspezifisches Zubeh\u00f6r wie Aschenbecher oder Noth\u00e4mmer f\u00fcr Reise- oder Kleinbusse.","robots":{"index":"index","follow":"follow","max-snippet":"max-snippet:-1","max-image-preview":"max-image-preview:large","max-video-preview":"max-video-preview:-1"},"canonical":"https:\/\/www.industri-sl.com\/de\/transport\/bus\/sonstiges\/","og_locale":"de_DE","og_type":"article","og_title":"Fertigung kundenspezifischer Radkappen f\u00fcr Busse - INDUSTRI","og_description":"Wir fertigen kundenspezifisches Zubeh\u00f6r wie Aschenbecher oder Noth\u00e4mmer f\u00fcr Reise- oder Kleinbusse.","og_url":"https:\/\/www.industri-sl.com\/de\/transport\/bus\/sonstiges\/","og_site_name":"Industri SL","article_modified_time":"2025-05-21T12:23:53+00:00","og_image":[{"url":"https:\/\/www.industri-sl.com\/wp-content\/uploads\/martillo-seguridad-3-1-300x216.jpg","type":"","width":"","height":""}],"twitter_card":"summary_large_image","twitter_misc":{"Gesch\u00e4tzte Lesezeit":"2\u00a0Minuten"},"schema":{"@context":"https:\/\/schema.org","@graph":[{"@type":"WebPage","@id":"https:\/\/www.industri-sl.com\/de\/transport\/bus\/sonstiges\/","url":"https:\/\/www.industri-sl.com\/de\/transport\/bus\/sonstiges\/","name":"Fertigung kundenspezifischer Radkappen f\u00fcr Busse - INDUSTRI","isPartOf":{"@id":"https:\/\/www.industri-sl.com\/de\/#website"},"primaryImageOfPage":{"@id":"https:\/\/www.industri-sl.com\/de\/transport\/bus\/sonstiges\/#primaryimage"},"image":{"@id":"https:\/\/www.industri-sl.com\/de\/transport\/bus\/sonstiges\/#primaryimage"},"thumbnailUrl":"https:\/\/www.industri-sl.com\/wp-content\/uploads\/martillo-seguridad-3-1-300x216.jpg","datePublished":"2019-10-01T10:38:17+00:00","dateModified":"2025-05-21T12:23:53+00:00","description":"Wir fertigen kundenspezifisches Zubeh\u00f6r wie Aschenbecher oder Noth\u00e4mmer f\u00fcr Reise- oder Kleinbusse.","breadcrumb":{"@id":"https:\/\/www.industri-sl.com\/de\/transport\/bus\/sonstiges\/#breadcrumb"},"inLanguage":"de","potentialAction":[{"@type":"ReadAction","target":["https:\/\/www.industri-sl.com\/de\/transport\/bus\/sonstiges\/"]}]},{"@type":"ImageObject","inLanguage":"de","@id":"https:\/\/www.industri-sl.com\/de\/transport\/bus\/sonstiges\/#primaryimage","url":"https:\/\/www.industri-sl.com\/wp-content\/uploads\/martillo-seguridad-3-1-300x216.jpg","contentUrl":"https:\/\/www.industri-sl.com\/wp-content\/uploads\/martillo-seguridad-3-1-300x216.jpg"},{"@type":"BreadcrumbList","@id":"https:\/\/www.industri-sl.com\/de\/transport\/bus\/sonstiges\/#breadcrumb","itemListElement":[{"@type":"ListItem","position":1,"name":"Inicio","item":"https:\/\/www.industri-sl.com\/de\/"},{"@type":"ListItem","position":2,"name":"Gesch\u00e4ftsbereich Transport","item":"https:\/\/www.industri-sl.com\/de\/transport\/"},{"@type":"ListItem","position":3,"name":"Kundenspezifische Fertigung f\u00fcr Busse","item":"https:\/\/www.industri-sl.com\/de\/transport\/bus\/"},{"@type":"ListItem","position":4,"name":"Kundenspezifisches Zubeh\u00f6r f\u00fcr Busse"}]},{"@type":"WebSite","@id":"https:\/\/www.industri-sl.com\/de\/#website","url":"https:\/\/www.industri-sl.com\/de\/","name":"Industri SL","description":"","publisher":{"@id":"https:\/\/www.industri-sl.com\/de\/#organization"},"potentialAction":[{"@type":"SearchAction","target":{"@type":"EntryPoint","urlTemplate":"https:\/\/www.industri-sl.com\/de\/?s={search_term_string}"},"query-input":{"@type":"PropertyValueSpecification","valueRequired":true,"valueName":"search_term_string"}}],"inLanguage":"de"},{"@type":"Organization","@id":"https:\/\/www.industri-sl.com\/de\/#organization","name":"Industri SL","url":"https:\/\/www.industri-sl.com\/de\/","logo":{"@type":"ImageObject","inLanguage":"de","@id":"https:\/\/www.industri-sl.com\/de\/#\/schema\/logo\/image\/","url":"https:\/\/www.industri-sl.com\/wp-content\/uploads\/industri-logo.png","contentUrl":"https:\/\/www.industri-sl.com\/wp-content\/uploads\/industri-logo.png","width":248,"height":45,"caption":"Industri SL"},"image":{"@id":"https:\/\/www.industri-sl.com\/de\/#\/schema\/logo\/image\/"}}]}},"_links":{"self":[{"href":"https:\/\/www.industri-sl.com\/de\/wp-json\/wp\/v2\/pages\/8754","targetHints":{"allow":["GET"]}}],"collection":[{"href":"https:\/\/www.industri-sl.com\/de\/wp-json\/wp\/v2\/pages"}],"about":[{"href":"https:\/\/www.industri-sl.com\/de\/wp-json\/wp\/v2\/types\/page"}],"author":[{"embeddable":true,"href":"https:\/\/www.industri-sl.com\/de\/wp-json\/wp\/v2\/users\/3"}],"replies":[{"embeddable":true,"href":"https:\/\/www.industri-sl.com\/de\/wp-json\/wp\/v2\/comments?post=8754"}],"version-history":[{"count":0,"href":"https:\/\/www.industri-sl.com\/de\/wp-json\/wp\/v2\/pages\/8754\/revisions"}],"up":[{"embeddable":true,"href":"https:\/\/www.industri-sl.com\/de\/wp-json\/wp\/v2\/pages\/8752"}],"wp:attachment":[{"href":"https:\/\/www.industri-sl.com\/de\/wp-json\/wp\/v2\/media?parent=8754"}],"curies":[{"name":"wp","href":"https:\/\/api.w.org\/{rel}","templated":true}]}}