{"id":8745,"date":"2019-10-03T09:34:58","date_gmt":"2019-10-03T07:34:58","guid":{"rendered":"https:\/\/www.industri-sl.com\/transport\/ersatzteile\/zug\/talgo\/"},"modified":"2020-02-04T13:30:15","modified_gmt":"2020-02-04T12:30:15","slug":"talgo","status":"publish","type":"page","link":"https:\/\/www.industri-sl.com\/de\/transport\/ersatzteile\/zug\/talgo\/","title":{"rendered":"Ersatzteile f\u00fcr Talgoz\u00fcge"},"content":{"rendered":"<h2>Ersatzteilkatalog f\u00fcr Talgoz\u00fcge<\/h2>\n<p><img loading=\"lazy\" decoding=\"async\" class=\"size-medium wp-image-65 alignright\" src=\"https:\/\/www.industri-sl.com\/wp-content\/uploads\/logo-talgo-300x135.png\" alt=\"Ersatzteilkatalog f\u00fcr Talgoz\u00fcge\" width=\"300\" height=\"135\" srcset=\"https:\/\/www.industri-sl.com\/wp-content\/uploads\/logo-talgo-300x135.png 300w, https:\/\/www.industri-sl.com\/wp-content\/uploads\/logo-talgo.png 620w\" sizes=\"auto, (max-width: 300px) 100vw, 300px\" \/>Talgo ist einer der wichtigsten Kunden von INDUSTRI,<a href=\"https:\/\/www.industri-sl.com\/de\/ingenieurleistungen\/\"> f\u00fcr den wir exklusive Bauteile fertigen<\/a>.  Patentes Talgo S.L. ist auf das Design und die Fertigung von Bahnfahrzeugen, Wartungsger\u00e4ten und verschiedenen Anwendungen zur \u00c4nderung der Spurweite spezialisiert.<\/p>\n<p>Zum Angebot geh\u00f6rt auch ein an die Anforderungen <strong>jedes Kunden angepasster umfassender Wartungsdienst<\/strong>. Seine firmeneigene Technologie und sein innovativer Charakter erm\u00f6glichen dem Unternehmen, in seinen Produkten ein H\u00f6chstma\u00df an Qualit\u00e4t, Verf\u00fcgbarkeit und Umweltfreundlichkeit zu erzielen und dabei stets seine F\u00fchrungsposition im Bereich der Bahntechnik zu behaupten.<\/p>\n<p><a class=\"boton\" href=\"#modelos\">F\u00fcr welche Modelle von Talgo fertigen wir?<\/a><\/p>\n<div class=\"slider-gallery-wrapper \"><div class=\"slider-gallery\"><div id=\"sliderify-carousel-1\" class=\"owl-carousel\"><div class=\"sliderify-owl-item-inner\"><img decoding=\"async\" src=\"https:\/\/www.industri-sl.com\/wp-content\/uploads\/con-division-central-1-3.jpg\"><\/div><div class=\"sliderify-owl-item-inner\"><img decoding=\"async\" src=\"https:\/\/www.industri-sl.com\/wp-content\/uploads\/cortina-lateral-1-1.jpg\"><\/div><div class=\"sliderify-owl-item-inner\"><img decoding=\"async\" src=\"https:\/\/www.industri-sl.com\/wp-content\/uploads\/cortina-lateral-2-1.jpg\"><\/div><div class=\"sliderify-owl-item-inner\"><img decoding=\"async\" src=\"https:\/\/www.industri-sl.com\/wp-content\/uploads\/cortina-autofrenada-1-2.jpg\"><\/div><div class=\"sliderify-owl-item-inner\"><img decoding=\"async\" src=\"https:\/\/www.industri-sl.com\/wp-content\/uploads\/cortina-unica-carcasa-3-2.jpg\"><\/div><\/div><!-- .owl-carousel --><\/div><!-- .slider-gallery --><\/div><!-- .slider-gallery-wrapper --><script>\n\t\t\tjQuery(document).ready(function($){\n\t\t\t\tcarousel1 = $('#sliderify-carousel-1');\ncarousel1.imagesLoaded(function(){carousel1.owlCarousel({items:2,\nstagePadding:0,\nnav:1,\nnavText:['<span><\/span><span><\/span>','<span><\/span><span><\/span>'],\ncenter:1,\nloop:1,\nmargin:0,\nautoWidth:false,\nautoHeight:true,\nstageOuterClass:'sliderify-stage-outer',\nstageClass:'sliderify-stage',\nnavContainerClass:'sliderify-nav',\ncontrolsClass:'sliderify-controls',\ndotsClass:'sliderify-dots',\ndotClass:'sliderify-dot',\nonInitialized:function(event){\n\t\t\t\tconsole.log('init');\n\t\t\t},\n});});\n});\n\t\t\t<\/script>\n<p><iframe loading=\"lazy\" src=\"https:\/\/www.youtube.com\/embed\/U4flH7DpbI4?rel=0\" width=\"400\" height=\"225\" frameborder=\"0\" allowfullscreen=\"allowfullscreen\"><\/iframe><\/p>\n<p><a id=\"modelos\"><\/a><\/p>\n<div class=\"modelos\">\n<h4>Talgo-Modelle, f\u00fcr die wir Ersatzteile f\u00fchren:<\/h4>\n<div class=\"flex\">\n<a href=\"https:\/\/www.industri-sl.com\/de\/transport\/ersatzteile\/zug\/talgo\/avril\/\"><img loading=\"lazy\" decoding=\"async\" class=\"alignnone wp-image-3290 size-medium\" src=\"https:\/\/www.industri-sl.com\/wp-content\/uploads\/tren-talgo-avril-1-300x225.jpg\" alt=\"Ersatzteile und Zubeh\u00f6r f\u00fcr das Modell Talgo Avril\" width=\"300\" height=\"225\" srcset=\"https:\/\/www.industri-sl.com\/wp-content\/uploads\/tren-talgo-avril-1-300x225.jpg 300w, https:\/\/www.industri-sl.com\/wp-content\/uploads\/tren-talgo-avril-1-768x576.jpg 768w, https:\/\/www.industri-sl.com\/wp-content\/uploads\/tren-talgo-avril-1.jpg 800w\" sizes=\"auto, (max-width: 300px) 100vw, 300px\" \/><br \/>\n<span>Talgo Avril<\/span><\/a><br \/>\n<a href=\"https:\/\/www.industri-sl.com\/fr\/transport\/pieces-detachees\/train\/talgo\/emu\/\"><img loading=\"lazy\" decoding=\"async\" class=\"alignnone wp-image-3290 size-medium\" src=\"https:\/\/www.industri-sl.com\/wp-content\/uploads\/talgo-emu-1-300x216.jpg\" alt=\"Ersatzteile und Zubeh\u00f6r f\u00fcr das Modell Talgo Emu\" width=\"300\" height=\"216\"  \/><br \/>\n<span>Talgo Emu<\/span><\/a>\n<\/div>\n<\/div>\n","protected":false},"excerpt":{"rendered":"<p>Ersatzteilkatalog f\u00fcr Talgoz\u00fcge Talgo ist einer der wichtigsten Kunden von INDUSTRI, f\u00fcr den wir exklusive Bauteile fertigen. Patentes Talgo S.L. ist auf das Design und die Fertigung von Bahnfahrzeugen, Wartungsger\u00e4ten und verschiedenen Anwendungen zur \u00c4nderung der Spurweite spezialisiert. Zum Angebot geh\u00f6rt auch ein an die Anforderungen jedes Kunden angepasster umfassender Wartungsdienst. Seine firmeneigene Technologie und [&hellip;]<\/p>\n","protected":false},"author":3,"featured_media":0,"parent":8735,"menu_order":0,"comment_status":"closed","ping_status":"closed","template":"page-vehiculos.php","meta":{"footnotes":""},"class_list":["post-8745","page","type-page","status-publish","hentry"],"yoast_head":"<!-- This site is optimized with the Yoast SEO plugin v27.2 - https:\/\/yoast.com\/product\/yoast-seo-wordpress\/ -->\n<title>Ersatzteile und Zubeh\u00f6r f\u00fcr Talgoz\u00fcge - INDUSTRI<\/title>\n<meta name=\"description\" content=\"INDUSTRI fertigt exklusive Teile und Ersatzteile f\u00fcr Talgoz\u00fcge, von Spiegelplatten bis zu elektrischen und mechanischen Vorh\u00e4ngen sowie Scherenrollos.\" \/>\n<meta name=\"robots\" content=\"index, follow, max-snippet:-1, max-image-preview:large, max-video-preview:-1\" \/>\n<link rel=\"canonical\" href=\"https:\/\/www.industri-sl.com\/de\/transport\/ersatzteile\/zug\/talgo\/\" \/>\n<meta property=\"og:locale\" content=\"de_DE\" \/>\n<meta property=\"og:type\" content=\"article\" \/>\n<meta property=\"og:title\" content=\"Ersatzteile und Zubeh\u00f6r f\u00fcr Talgoz\u00fcge - INDUSTRI\" \/>\n<meta property=\"og:description\" content=\"INDUSTRI fertigt exklusive Teile und Ersatzteile f\u00fcr Talgoz\u00fcge, von Spiegelplatten bis zu elektrischen und mechanischen Vorh\u00e4ngen sowie Scherenrollos.\" \/>\n<meta property=\"og:url\" content=\"https:\/\/www.industri-sl.com\/de\/transport\/ersatzteile\/zug\/talgo\/\" \/>\n<meta property=\"og:site_name\" content=\"Industri SL\" \/>\n<meta property=\"article:modified_time\" content=\"2020-02-04T12:30:15+00:00\" \/>\n<meta property=\"og:image\" content=\"https:\/\/www.industri-sl.com\/wp-content\/uploads\/con-division-central-1-3.jpg\" \/>\n<meta name=\"twitter:card\" content=\"summary_large_image\" \/>\n<meta name=\"twitter:label1\" content=\"Gesch\u00e4tzte Lesezeit\" \/>\n\t<meta name=\"twitter:data1\" content=\"1\u00a0Minute\" \/>\n<script type=\"application\/ld+json\" class=\"yoast-schema-graph\">{\"@context\":\"https:\/\/schema.org\",\"@graph\":[{\"@type\":\"WebPage\",\"@id\":\"https:\/\/www.industri-sl.com\/de\/transport\/ersatzteile\/zug\/talgo\/\",\"url\":\"https:\/\/www.industri-sl.com\/de\/transport\/ersatzteile\/zug\/talgo\/\",\"name\":\"Ersatzteile und Zubeh\u00f6r f\u00fcr Talgoz\u00fcge - INDUSTRI\",\"isPartOf\":{\"@id\":\"https:\/\/www.industri-sl.com\/de\/#website\"},\"primaryImageOfPage\":{\"@id\":\"https:\/\/www.industri-sl.com\/de\/transport\/ersatzteile\/zug\/talgo\/#primaryimage\"},\"image\":{\"@id\":\"https:\/\/www.industri-sl.com\/de\/transport\/ersatzteile\/zug\/talgo\/#primaryimage\"},\"thumbnailUrl\":\"https:\/\/www.industri-sl.com\/wp-content\/uploads\/logo-talgo-300x135.png\",\"datePublished\":\"2019-10-03T07:34:58+00:00\",\"dateModified\":\"2020-02-04T12:30:15+00:00\",\"description\":\"INDUSTRI fertigt exklusive Teile und Ersatzteile f\u00fcr Talgoz\u00fcge, von Spiegelplatten bis zu elektrischen und mechanischen Vorh\u00e4ngen sowie Scherenrollos.\",\"breadcrumb\":{\"@id\":\"https:\/\/www.industri-sl.com\/de\/transport\/ersatzteile\/zug\/talgo\/#breadcrumb\"},\"inLanguage\":\"de\",\"potentialAction\":[{\"@type\":\"ReadAction\",\"target\":[\"https:\/\/www.industri-sl.com\/de\/transport\/ersatzteile\/zug\/talgo\/\"]}]},{\"@type\":\"ImageObject\",\"inLanguage\":\"de\",\"@id\":\"https:\/\/www.industri-sl.com\/de\/transport\/ersatzteile\/zug\/talgo\/#primaryimage\",\"url\":\"https:\/\/www.industri-sl.com\/wp-content\/uploads\/logo-talgo-300x135.png\",\"contentUrl\":\"https:\/\/www.industri-sl.com\/wp-content\/uploads\/logo-talgo-300x135.png\"},{\"@type\":\"BreadcrumbList\",\"@id\":\"https:\/\/www.industri-sl.com\/de\/transport\/ersatzteile\/zug\/talgo\/#breadcrumb\",\"itemListElement\":[{\"@type\":\"ListItem\",\"position\":1,\"name\":\"Inicio\",\"item\":\"https:\/\/www.industri-sl.com\/de\/\"},{\"@type\":\"ListItem\",\"position\":2,\"name\":\"Gesch\u00e4ftsbereich Transport\",\"item\":\"https:\/\/www.industri-sl.com\/de\/transport\/\"},{\"@type\":\"ListItem\",\"position\":3,\"name\":\"Ersatzteilkatalog\",\"item\":\"https:\/\/www.industri-sl.com\/de\/transport\/ersatzteile\/\"},{\"@type\":\"ListItem\",\"position\":4,\"name\":\"Ersatzteile und Zubeh\u00f6r f\u00fcr Z\u00fcge\",\"item\":\"https:\/\/www.industri-sl.com\/de\/transport\/ersatzteile\/zug\/\"},{\"@type\":\"ListItem\",\"position\":5,\"name\":\"Ersatzteile f\u00fcr Talgoz\u00fcge\"}]},{\"@type\":\"WebSite\",\"@id\":\"https:\/\/www.industri-sl.com\/de\/#website\",\"url\":\"https:\/\/www.industri-sl.com\/de\/\",\"name\":\"Industri SL\",\"description\":\"\",\"publisher\":{\"@id\":\"https:\/\/www.industri-sl.com\/de\/#organization\"},\"potentialAction\":[{\"@type\":\"SearchAction\",\"target\":{\"@type\":\"EntryPoint\",\"urlTemplate\":\"https:\/\/www.industri-sl.com\/de\/?s={search_term_string}\"},\"query-input\":{\"@type\":\"PropertyValueSpecification\",\"valueRequired\":true,\"valueName\":\"search_term_string\"}}],\"inLanguage\":\"de\"},{\"@type\":\"Organization\",\"@id\":\"https:\/\/www.industri-sl.com\/de\/#organization\",\"name\":\"Industri SL\",\"url\":\"https:\/\/www.industri-sl.com\/de\/\",\"logo\":{\"@type\":\"ImageObject\",\"inLanguage\":\"de\",\"@id\":\"https:\/\/www.industri-sl.com\/de\/#\/schema\/logo\/image\/\",\"url\":\"https:\/\/www.industri-sl.com\/wp-content\/uploads\/industri-logo.png\",\"contentUrl\":\"https:\/\/www.industri-sl.com\/wp-content\/uploads\/industri-logo.png\",\"width\":248,\"height\":45,\"caption\":\"Industri SL\"},\"image\":{\"@id\":\"https:\/\/www.industri-sl.com\/de\/#\/schema\/logo\/image\/\"}}]}<\/script>\n<!-- \/ Yoast SEO plugin. -->","yoast_head_json":{"title":"Ersatzteile und Zubeh\u00f6r f\u00fcr Talgoz\u00fcge - INDUSTRI","description":"INDUSTRI fertigt exklusive Teile und Ersatzteile f\u00fcr Talgoz\u00fcge, von Spiegelplatten bis zu elektrischen und mechanischen Vorh\u00e4ngen sowie Scherenrollos.","robots":{"index":"index","follow":"follow","max-snippet":"max-snippet:-1","max-image-preview":"max-image-preview:large","max-video-preview":"max-video-preview:-1"},"canonical":"https:\/\/www.industri-sl.com\/de\/transport\/ersatzteile\/zug\/talgo\/","og_locale":"de_DE","og_type":"article","og_title":"Ersatzteile und Zubeh\u00f6r f\u00fcr Talgoz\u00fcge - INDUSTRI","og_description":"INDUSTRI fertigt exklusive Teile und Ersatzteile f\u00fcr Talgoz\u00fcge, von Spiegelplatten bis zu elektrischen und mechanischen Vorh\u00e4ngen sowie Scherenrollos.","og_url":"https:\/\/www.industri-sl.com\/de\/transport\/ersatzteile\/zug\/talgo\/","og_site_name":"Industri SL","article_modified_time":"2020-02-04T12:30:15+00:00","og_image":[{"url":"https:\/\/www.industri-sl.com\/wp-content\/uploads\/con-division-central-1-3.jpg","type":"","width":"","height":""}],"twitter_card":"summary_large_image","twitter_misc":{"Gesch\u00e4tzte Lesezeit":"1\u00a0Minute"},"schema":{"@context":"https:\/\/schema.org","@graph":[{"@type":"WebPage","@id":"https:\/\/www.industri-sl.com\/de\/transport\/ersatzteile\/zug\/talgo\/","url":"https:\/\/www.industri-sl.com\/de\/transport\/ersatzteile\/zug\/talgo\/","name":"Ersatzteile und Zubeh\u00f6r f\u00fcr Talgoz\u00fcge - INDUSTRI","isPartOf":{"@id":"https:\/\/www.industri-sl.com\/de\/#website"},"primaryImageOfPage":{"@id":"https:\/\/www.industri-sl.com\/de\/transport\/ersatzteile\/zug\/talgo\/#primaryimage"},"image":{"@id":"https:\/\/www.industri-sl.com\/de\/transport\/ersatzteile\/zug\/talgo\/#primaryimage"},"thumbnailUrl":"https:\/\/www.industri-sl.com\/wp-content\/uploads\/logo-talgo-300x135.png","datePublished":"2019-10-03T07:34:58+00:00","dateModified":"2020-02-04T12:30:15+00:00","description":"INDUSTRI fertigt exklusive Teile und Ersatzteile f\u00fcr Talgoz\u00fcge, von Spiegelplatten bis zu elektrischen und mechanischen Vorh\u00e4ngen sowie Scherenrollos.","breadcrumb":{"@id":"https:\/\/www.industri-sl.com\/de\/transport\/ersatzteile\/zug\/talgo\/#breadcrumb"},"inLanguage":"de","potentialAction":[{"@type":"ReadAction","target":["https:\/\/www.industri-sl.com\/de\/transport\/ersatzteile\/zug\/talgo\/"]}]},{"@type":"ImageObject","inLanguage":"de","@id":"https:\/\/www.industri-sl.com\/de\/transport\/ersatzteile\/zug\/talgo\/#primaryimage","url":"https:\/\/www.industri-sl.com\/wp-content\/uploads\/logo-talgo-300x135.png","contentUrl":"https:\/\/www.industri-sl.com\/wp-content\/uploads\/logo-talgo-300x135.png"},{"@type":"BreadcrumbList","@id":"https:\/\/www.industri-sl.com\/de\/transport\/ersatzteile\/zug\/talgo\/#breadcrumb","itemListElement":[{"@type":"ListItem","position":1,"name":"Inicio","item":"https:\/\/www.industri-sl.com\/de\/"},{"@type":"ListItem","position":2,"name":"Gesch\u00e4ftsbereich Transport","item":"https:\/\/www.industri-sl.com\/de\/transport\/"},{"@type":"ListItem","position":3,"name":"Ersatzteilkatalog","item":"https:\/\/www.industri-sl.com\/de\/transport\/ersatzteile\/"},{"@type":"ListItem","position":4,"name":"Ersatzteile und Zubeh\u00f6r f\u00fcr Z\u00fcge","item":"https:\/\/www.industri-sl.com\/de\/transport\/ersatzteile\/zug\/"},{"@type":"ListItem","position":5,"name":"Ersatzteile f\u00fcr Talgoz\u00fcge"}]},{"@type":"WebSite","@id":"https:\/\/www.industri-sl.com\/de\/#website","url":"https:\/\/www.industri-sl.com\/de\/","name":"Industri SL","description":"","publisher":{"@id":"https:\/\/www.industri-sl.com\/de\/#organization"},"potentialAction":[{"@type":"SearchAction","target":{"@type":"EntryPoint","urlTemplate":"https:\/\/www.industri-sl.com\/de\/?s={search_term_string}"},"query-input":{"@type":"PropertyValueSpecification","valueRequired":true,"valueName":"search_term_string"}}],"inLanguage":"de"},{"@type":"Organization","@id":"https:\/\/www.industri-sl.com\/de\/#organization","name":"Industri SL","url":"https:\/\/www.industri-sl.com\/de\/","logo":{"@type":"ImageObject","inLanguage":"de","@id":"https:\/\/www.industri-sl.com\/de\/#\/schema\/logo\/image\/","url":"https:\/\/www.industri-sl.com\/wp-content\/uploads\/industri-logo.png","contentUrl":"https:\/\/www.industri-sl.com\/wp-content\/uploads\/industri-logo.png","width":248,"height":45,"caption":"Industri SL"},"image":{"@id":"https:\/\/www.industri-sl.com\/de\/#\/schema\/logo\/image\/"}}]}},"_links":{"self":[{"href":"https:\/\/www.industri-sl.com\/de\/wp-json\/wp\/v2\/pages\/8745","targetHints":{"allow":["GET"]}}],"collection":[{"href":"https:\/\/www.industri-sl.com\/de\/wp-json\/wp\/v2\/pages"}],"about":[{"href":"https:\/\/www.industri-sl.com\/de\/wp-json\/wp\/v2\/types\/page"}],"author":[{"embeddable":true,"href":"https:\/\/www.industri-sl.com\/de\/wp-json\/wp\/v2\/users\/3"}],"replies":[{"embeddable":true,"href":"https:\/\/www.industri-sl.com\/de\/wp-json\/wp\/v2\/comments?post=8745"}],"version-history":[{"count":0,"href":"https:\/\/www.industri-sl.com\/de\/wp-json\/wp\/v2\/pages\/8745\/revisions"}],"up":[{"embeddable":true,"href":"https:\/\/www.industri-sl.com\/de\/wp-json\/wp\/v2\/pages\/8735"}],"wp:attachment":[{"href":"https:\/\/www.industri-sl.com\/de\/wp-json\/wp\/v2\/media?parent=8745"}],"curies":[{"name":"wp","href":"https:\/\/api.w.org\/{rel}","templated":true}]}}