{"id":8741,"date":"2019-10-03T10:04:28","date_gmt":"2019-10-03T08:04:28","guid":{"rendered":"https:\/\/www.industri-sl.com\/transport\/ersatzteile\/zug\/caf\/civity\/"},"modified":"2020-01-28T14:28:17","modified_gmt":"2020-01-28T13:28:17","slug":"civity","status":"publish","type":"page","link":"https:\/\/www.industri-sl.com\/de\/transport\/ersatzteile\/zug\/caf\/civity\/","title":{"rendered":"Ersatzteile f\u00fcr CAF Civity"},"content":{"rendered":"<h2>Ersatzteile und Zubeh\u00f6r f\u00fcr das Modell CAF Civity<\/h2>\n<p>INDUSTRI ist verantwortlich f\u00fcr die Herstellung mehrerer exklusiver Bauteile f\u00fcr Z\u00fcge der Marke CAF, einem <strong>international f\u00fchrenden Unternehmen<\/strong> in der Konstruktion, Fertigung, Wartung von Ausr\u00fcstungen und Bauteilen f\u00fcr Eisenbahnsysteme.<\/p>\n<p><a href=\"https:\/\/www.industri-sl.com\/de\/ingenieurleistungen\/\">CAF vertraut auf INDUSTRI f\u00fcr die Herstellung von Teilen und Ersatzteilen f\u00fcr seine Z\u00fcge<\/a>, einschlie\u00dflich des Modells CAF Civity. Dieser Niederflurzug mit geringer Bodenh\u00f6he erm\u00f6glicht einen einfachen Zustieg von jedem europ\u00e4ischen Bahnsteig und kann dank seiner Flexibilit\u00e4t so gestaltet werden, dass er die Anforderungen jedes Kunden erf\u00fcllt. Hierbei handelt es sich um ein Modell, das <strong>f\u00fcr den Komfort der Fahrg\u00e4ste an Bord<\/strong> entwickelt wurde und kann unter anderem mit besonderen Bereichen f\u00fcr Personen mit eingeschr\u00e4nkter Mobilit\u00e4t, Gep\u00e4cktr\u00e4ger, Kinderbereiche und Cafeteria ausgestattet werden.<\/p>\n<p>INDUSTRI bietet exklusive Ersatzteile <strong>f\u00fcr die Zugmodelle CAF Civity<\/strong>, z. B. mechanische Rollos oder Vorh\u00e4nge mit mittiger Teilung.<\/p>\n<p>Dies alles in \u00dcbereinstimmung <strong>mit den Spezifikationen und der Qualit\u00e4t<\/strong>, die eine renommierte Marke wie CAF erfordert.<\/p>\n<div class=\"slider-gallery-wrapper \"><div class=\"slider-gallery\"><div id=\"sliderify-carousel-1\" class=\"owl-carousel\"><div class=\"sliderify-owl-item-inner\"><img decoding=\"async\" src=\"https:\/\/www.industri-sl.com\/wp-content\/uploads\/civity-1-1.jpg\"><\/div><div class=\"sliderify-owl-item-inner\"><img decoding=\"async\" src=\"https:\/\/www.industri-sl.com\/wp-content\/uploads\/civity-2-1.jpg\"><\/div><div class=\"sliderify-owl-item-inner\"><img decoding=\"async\" src=\"https:\/\/www.industri-sl.com\/wp-content\/uploads\/cortina-inversa-3-1.jpg\"><\/div><div class=\"sliderify-owl-item-inner\"><img decoding=\"async\" src=\"https:\/\/www.industri-sl.com\/wp-content\/uploads\/con-division-central-1-3.jpg\"><\/div><div class=\"sliderify-owl-item-inner\"><img decoding=\"async\" src=\"https:\/\/www.industri-sl.com\/wp-content\/uploads\/cortina-lateral-2-1.jpg\"><\/div><div class=\"sliderify-owl-item-inner\"><img decoding=\"async\" src=\"https:\/\/www.industri-sl.com\/wp-content\/uploads\/cortina-autofrenada-2-2.jpg\"><\/div><\/div><!-- .owl-carousel --><\/div><!-- .slider-gallery --><\/div><!-- .slider-gallery-wrapper --><script>\n\t\t\tjQuery(document).ready(function($){\n\t\t\t\tcarousel1 = $('#sliderify-carousel-1');\ncarousel1.imagesLoaded(function(){carousel1.owlCarousel({items:2,\nstagePadding:0,\nnav:1,\nnavText:['<span><\/span><span><\/span>','<span><\/span><span><\/span>'],\ncenter:1,\nloop:1,\nmargin:0,\nautoWidth:false,\nautoHeight:true,\nstageOuterClass:'sliderify-stage-outer',\nstageClass:'sliderify-stage',\nnavContainerClass:'sliderify-nav',\ncontrolsClass:'sliderify-controls',\ndotsClass:'sliderify-dots',\ndotClass:'sliderify-dot',\nonInitialized:function(event){\n\t\t\t\tconsole.log('init');\n\t\t\t},\n});});\n});\n\t\t\t<\/script>\n<div class=\"modelos\">\n<h4>Weitere CAF-Modelle, f\u00fcr die wir Ersatzteile f\u00fchren:<\/h4>\n<div class=\"flex\">\n<a href=\"https:\/\/www.industri-sl.com\/de\/transport\/ersatzteile\/zug\/caf\/euskotren\/\"><img loading=\"lazy\" decoding=\"async\" class=\"alignnone size-medium wp-image-1424\" src=\"https:\/\/www.industri-sl.com\/wp-content\/uploads\/euskotren-1-1-300x216.jpg\" alt=\"Ersatzteile und Zubeh\u00f6r f\u00fcr das Modell CAF Euskotren\" width=\"300\" height=\"216\" srcset=\"https:\/\/www.industri-sl.com\/wp-content\/uploads\/euskotren-1-1-300x216.jpg 300w, https:\/\/www.industri-sl.com\/wp-content\/uploads\/euskotren-1-1-768x552.jpg 768w, https:\/\/www.industri-sl.com\/wp-content\/uploads\/euskotren-1-1.jpg 800w\" sizes=\"auto, (max-width: 300px) 100vw, 300px\" \/><br \/>\n<span>CAF Euskotren<\/span><\/a><\/p>\n","protected":false},"excerpt":{"rendered":"<p>Ersatzteile und Zubeh\u00f6r f\u00fcr das Modell CAF Civity INDUSTRI ist verantwortlich f\u00fcr die Herstellung mehrerer exklusiver Bauteile f\u00fcr Z\u00fcge der Marke CAF, einem international f\u00fchrenden Unternehmen in der Konstruktion, Fertigung, Wartung von Ausr\u00fcstungen und Bauteilen f\u00fcr Eisenbahnsysteme. CAF vertraut auf INDUSTRI f\u00fcr die Herstellung von Teilen und Ersatzteilen f\u00fcr seine Z\u00fcge, einschlie\u00dflich des Modells CAF [&hellip;]<\/p>\n","protected":false},"author":3,"featured_media":0,"parent":8739,"menu_order":0,"comment_status":"closed","ping_status":"closed","template":"page-vehiculos.php","meta":{"footnotes":""},"class_list":["post-8741","page","type-page","status-publish","hentry"],"yoast_head":"<!-- This site is optimized with the Yoast SEO plugin v27.5 - https:\/\/yoast.com\/product\/yoast-seo-wordpress\/ -->\n<title>Ersatzteile und Zubeh\u00f6r f\u00fcr die Z\u00fcge CAF Civity - INDUSTRI<\/title>\n<meta name=\"description\" content=\"INDUSTRI fertigt exklusive Teile und Ersatzteile f\u00fcr die Z\u00fcge CAF Civity, von Spiegelplatten bis zu elektrischen und mechanischen Vorh\u00e4ngen sowie Scherenrollos.\" \/>\n<meta name=\"robots\" content=\"index, follow, max-snippet:-1, max-image-preview:large, max-video-preview:-1\" \/>\n<link rel=\"canonical\" href=\"https:\/\/www.industri-sl.com\/de\/transport\/ersatzteile\/zug\/caf\/civity\/\" \/>\n<meta property=\"og:locale\" content=\"de_DE\" \/>\n<meta property=\"og:type\" content=\"article\" \/>\n<meta property=\"og:title\" content=\"Ersatzteile und Zubeh\u00f6r f\u00fcr die Z\u00fcge CAF Civity - INDUSTRI\" \/>\n<meta property=\"og:description\" content=\"INDUSTRI fertigt exklusive Teile und Ersatzteile f\u00fcr die Z\u00fcge CAF Civity, von Spiegelplatten bis zu elektrischen und mechanischen Vorh\u00e4ngen sowie Scherenrollos.\" \/>\n<meta property=\"og:url\" content=\"https:\/\/www.industri-sl.com\/de\/transport\/ersatzteile\/zug\/caf\/civity\/\" \/>\n<meta property=\"og:site_name\" content=\"Industri SL\" \/>\n<meta property=\"article:modified_time\" content=\"2020-01-28T13:28:17+00:00\" \/>\n<meta property=\"og:image\" content=\"https:\/\/www.industri-sl.com\/wp-content\/uploads\/civity-1-1.jpg\" \/>\n<meta name=\"twitter:card\" content=\"summary_large_image\" \/>\n<meta name=\"twitter:label1\" content=\"Gesch\u00e4tzte Lesezeit\" \/>\n\t<meta name=\"twitter:data1\" content=\"1\u00a0Minute\" \/>\n<script type=\"application\/ld+json\" class=\"yoast-schema-graph\">{\"@context\":\"https:\\\/\\\/schema.org\",\"@graph\":[{\"@type\":\"WebPage\",\"@id\":\"https:\\\/\\\/www.industri-sl.com\\\/de\\\/transport\\\/ersatzteile\\\/zug\\\/caf\\\/civity\\\/\",\"url\":\"https:\\\/\\\/www.industri-sl.com\\\/de\\\/transport\\\/ersatzteile\\\/zug\\\/caf\\\/civity\\\/\",\"name\":\"Ersatzteile und Zubeh\u00f6r f\u00fcr die Z\u00fcge CAF Civity - INDUSTRI\",\"isPartOf\":{\"@id\":\"https:\\\/\\\/www.industri-sl.com\\\/de\\\/#website\"},\"primaryImageOfPage\":{\"@id\":\"https:\\\/\\\/www.industri-sl.com\\\/de\\\/transport\\\/ersatzteile\\\/zug\\\/caf\\\/civity\\\/#primaryimage\"},\"image\":{\"@id\":\"https:\\\/\\\/www.industri-sl.com\\\/de\\\/transport\\\/ersatzteile\\\/zug\\\/caf\\\/civity\\\/#primaryimage\"},\"thumbnailUrl\":\"https:\\\/\\\/www.industri-sl.com\\\/wp-content\\\/uploads\\\/euskotren-1-1-300x216.jpg\",\"datePublished\":\"2019-10-03T08:04:28+00:00\",\"dateModified\":\"2020-01-28T13:28:17+00:00\",\"description\":\"INDUSTRI fertigt exklusive Teile und Ersatzteile f\u00fcr die Z\u00fcge CAF Civity, von Spiegelplatten bis zu elektrischen und mechanischen Vorh\u00e4ngen sowie Scherenrollos.\",\"breadcrumb\":{\"@id\":\"https:\\\/\\\/www.industri-sl.com\\\/de\\\/transport\\\/ersatzteile\\\/zug\\\/caf\\\/civity\\\/#breadcrumb\"},\"inLanguage\":\"de\",\"potentialAction\":[{\"@type\":\"ReadAction\",\"target\":[\"https:\\\/\\\/www.industri-sl.com\\\/de\\\/transport\\\/ersatzteile\\\/zug\\\/caf\\\/civity\\\/\"]}]},{\"@type\":\"ImageObject\",\"inLanguage\":\"de\",\"@id\":\"https:\\\/\\\/www.industri-sl.com\\\/de\\\/transport\\\/ersatzteile\\\/zug\\\/caf\\\/civity\\\/#primaryimage\",\"url\":\"https:\\\/\\\/www.industri-sl.com\\\/wp-content\\\/uploads\\\/euskotren-1-1-300x216.jpg\",\"contentUrl\":\"https:\\\/\\\/www.industri-sl.com\\\/wp-content\\\/uploads\\\/euskotren-1-1-300x216.jpg\"},{\"@type\":\"BreadcrumbList\",\"@id\":\"https:\\\/\\\/www.industri-sl.com\\\/de\\\/transport\\\/ersatzteile\\\/zug\\\/caf\\\/civity\\\/#breadcrumb\",\"itemListElement\":[{\"@type\":\"ListItem\",\"position\":1,\"name\":\"Inicio\",\"item\":\"https:\\\/\\\/www.industri-sl.com\\\/de\\\/\"},{\"@type\":\"ListItem\",\"position\":2,\"name\":\"Gesch\u00e4ftsbereich Transport\",\"item\":\"https:\\\/\\\/www.industri-sl.com\\\/de\\\/transport\\\/\"},{\"@type\":\"ListItem\",\"position\":3,\"name\":\"Ersatzteilkatalog\",\"item\":\"https:\\\/\\\/www.industri-sl.com\\\/de\\\/transport\\\/ersatzteile\\\/\"},{\"@type\":\"ListItem\",\"position\":4,\"name\":\"Ersatzteile und Zubeh\u00f6r f\u00fcr Z\u00fcge\",\"item\":\"https:\\\/\\\/www.industri-sl.com\\\/de\\\/transport\\\/ersatzteile\\\/zug\\\/\"},{\"@type\":\"ListItem\",\"position\":5,\"name\":\"Ersatzteile f\u00fcr CAF-Z\u00fcge\",\"item\":\"https:\\\/\\\/www.industri-sl.com\\\/de\\\/transport\\\/ersatzteile\\\/zug\\\/caf\\\/\"},{\"@type\":\"ListItem\",\"position\":6,\"name\":\"Ersatzteile f\u00fcr CAF Civity\"}]},{\"@type\":\"WebSite\",\"@id\":\"https:\\\/\\\/www.industri-sl.com\\\/de\\\/#website\",\"url\":\"https:\\\/\\\/www.industri-sl.com\\\/de\\\/\",\"name\":\"Industri SL\",\"description\":\"\",\"publisher\":{\"@id\":\"https:\\\/\\\/www.industri-sl.com\\\/de\\\/#organization\"},\"potentialAction\":[{\"@type\":\"SearchAction\",\"target\":{\"@type\":\"EntryPoint\",\"urlTemplate\":\"https:\\\/\\\/www.industri-sl.com\\\/de\\\/?s={search_term_string}\"},\"query-input\":{\"@type\":\"PropertyValueSpecification\",\"valueRequired\":true,\"valueName\":\"search_term_string\"}}],\"inLanguage\":\"de\"},{\"@type\":\"Organization\",\"@id\":\"https:\\\/\\\/www.industri-sl.com\\\/de\\\/#organization\",\"name\":\"Industri SL\",\"url\":\"https:\\\/\\\/www.industri-sl.com\\\/de\\\/\",\"logo\":{\"@type\":\"ImageObject\",\"inLanguage\":\"de\",\"@id\":\"https:\\\/\\\/www.industri-sl.com\\\/de\\\/#\\\/schema\\\/logo\\\/image\\\/\",\"url\":\"https:\\\/\\\/www.industri-sl.com\\\/wp-content\\\/uploads\\\/industri-logo.png\",\"contentUrl\":\"https:\\\/\\\/www.industri-sl.com\\\/wp-content\\\/uploads\\\/industri-logo.png\",\"width\":248,\"height\":45,\"caption\":\"Industri SL\"},\"image\":{\"@id\":\"https:\\\/\\\/www.industri-sl.com\\\/de\\\/#\\\/schema\\\/logo\\\/image\\\/\"}}]}<\/script>\n<!-- \/ Yoast SEO plugin. -->","yoast_head_json":{"title":"Ersatzteile und Zubeh\u00f6r f\u00fcr die Z\u00fcge CAF Civity - INDUSTRI","description":"INDUSTRI fertigt exklusive Teile und Ersatzteile f\u00fcr die Z\u00fcge CAF Civity, von Spiegelplatten bis zu elektrischen und mechanischen Vorh\u00e4ngen sowie Scherenrollos.","robots":{"index":"index","follow":"follow","max-snippet":"max-snippet:-1","max-image-preview":"max-image-preview:large","max-video-preview":"max-video-preview:-1"},"canonical":"https:\/\/www.industri-sl.com\/de\/transport\/ersatzteile\/zug\/caf\/civity\/","og_locale":"de_DE","og_type":"article","og_title":"Ersatzteile und Zubeh\u00f6r f\u00fcr die Z\u00fcge CAF Civity - INDUSTRI","og_description":"INDUSTRI fertigt exklusive Teile und Ersatzteile f\u00fcr die Z\u00fcge CAF Civity, von Spiegelplatten bis zu elektrischen und mechanischen Vorh\u00e4ngen sowie Scherenrollos.","og_url":"https:\/\/www.industri-sl.com\/de\/transport\/ersatzteile\/zug\/caf\/civity\/","og_site_name":"Industri SL","article_modified_time":"2020-01-28T13:28:17+00:00","og_image":[{"url":"https:\/\/www.industri-sl.com\/wp-content\/uploads\/civity-1-1.jpg","type":"","width":"","height":""}],"twitter_card":"summary_large_image","twitter_misc":{"Gesch\u00e4tzte Lesezeit":"1\u00a0Minute"},"schema":{"@context":"https:\/\/schema.org","@graph":[{"@type":"WebPage","@id":"https:\/\/www.industri-sl.com\/de\/transport\/ersatzteile\/zug\/caf\/civity\/","url":"https:\/\/www.industri-sl.com\/de\/transport\/ersatzteile\/zug\/caf\/civity\/","name":"Ersatzteile und Zubeh\u00f6r f\u00fcr die Z\u00fcge CAF Civity - INDUSTRI","isPartOf":{"@id":"https:\/\/www.industri-sl.com\/de\/#website"},"primaryImageOfPage":{"@id":"https:\/\/www.industri-sl.com\/de\/transport\/ersatzteile\/zug\/caf\/civity\/#primaryimage"},"image":{"@id":"https:\/\/www.industri-sl.com\/de\/transport\/ersatzteile\/zug\/caf\/civity\/#primaryimage"},"thumbnailUrl":"https:\/\/www.industri-sl.com\/wp-content\/uploads\/euskotren-1-1-300x216.jpg","datePublished":"2019-10-03T08:04:28+00:00","dateModified":"2020-01-28T13:28:17+00:00","description":"INDUSTRI fertigt exklusive Teile und Ersatzteile f\u00fcr die Z\u00fcge CAF Civity, von Spiegelplatten bis zu elektrischen und mechanischen Vorh\u00e4ngen sowie Scherenrollos.","breadcrumb":{"@id":"https:\/\/www.industri-sl.com\/de\/transport\/ersatzteile\/zug\/caf\/civity\/#breadcrumb"},"inLanguage":"de","potentialAction":[{"@type":"ReadAction","target":["https:\/\/www.industri-sl.com\/de\/transport\/ersatzteile\/zug\/caf\/civity\/"]}]},{"@type":"ImageObject","inLanguage":"de","@id":"https:\/\/www.industri-sl.com\/de\/transport\/ersatzteile\/zug\/caf\/civity\/#primaryimage","url":"https:\/\/www.industri-sl.com\/wp-content\/uploads\/euskotren-1-1-300x216.jpg","contentUrl":"https:\/\/www.industri-sl.com\/wp-content\/uploads\/euskotren-1-1-300x216.jpg"},{"@type":"BreadcrumbList","@id":"https:\/\/www.industri-sl.com\/de\/transport\/ersatzteile\/zug\/caf\/civity\/#breadcrumb","itemListElement":[{"@type":"ListItem","position":1,"name":"Inicio","item":"https:\/\/www.industri-sl.com\/de\/"},{"@type":"ListItem","position":2,"name":"Gesch\u00e4ftsbereich Transport","item":"https:\/\/www.industri-sl.com\/de\/transport\/"},{"@type":"ListItem","position":3,"name":"Ersatzteilkatalog","item":"https:\/\/www.industri-sl.com\/de\/transport\/ersatzteile\/"},{"@type":"ListItem","position":4,"name":"Ersatzteile und Zubeh\u00f6r f\u00fcr Z\u00fcge","item":"https:\/\/www.industri-sl.com\/de\/transport\/ersatzteile\/zug\/"},{"@type":"ListItem","position":5,"name":"Ersatzteile f\u00fcr CAF-Z\u00fcge","item":"https:\/\/www.industri-sl.com\/de\/transport\/ersatzteile\/zug\/caf\/"},{"@type":"ListItem","position":6,"name":"Ersatzteile f\u00fcr CAF Civity"}]},{"@type":"WebSite","@id":"https:\/\/www.industri-sl.com\/de\/#website","url":"https:\/\/www.industri-sl.com\/de\/","name":"Industri SL","description":"","publisher":{"@id":"https:\/\/www.industri-sl.com\/de\/#organization"},"potentialAction":[{"@type":"SearchAction","target":{"@type":"EntryPoint","urlTemplate":"https:\/\/www.industri-sl.com\/de\/?s={search_term_string}"},"query-input":{"@type":"PropertyValueSpecification","valueRequired":true,"valueName":"search_term_string"}}],"inLanguage":"de"},{"@type":"Organization","@id":"https:\/\/www.industri-sl.com\/de\/#organization","name":"Industri SL","url":"https:\/\/www.industri-sl.com\/de\/","logo":{"@type":"ImageObject","inLanguage":"de","@id":"https:\/\/www.industri-sl.com\/de\/#\/schema\/logo\/image\/","url":"https:\/\/www.industri-sl.com\/wp-content\/uploads\/industri-logo.png","contentUrl":"https:\/\/www.industri-sl.com\/wp-content\/uploads\/industri-logo.png","width":248,"height":45,"caption":"Industri SL"},"image":{"@id":"https:\/\/www.industri-sl.com\/de\/#\/schema\/logo\/image\/"}}]}},"_links":{"self":[{"href":"https:\/\/www.industri-sl.com\/de\/wp-json\/wp\/v2\/pages\/8741","targetHints":{"allow":["GET"]}}],"collection":[{"href":"https:\/\/www.industri-sl.com\/de\/wp-json\/wp\/v2\/pages"}],"about":[{"href":"https:\/\/www.industri-sl.com\/de\/wp-json\/wp\/v2\/types\/page"}],"author":[{"embeddable":true,"href":"https:\/\/www.industri-sl.com\/de\/wp-json\/wp\/v2\/users\/3"}],"replies":[{"embeddable":true,"href":"https:\/\/www.industri-sl.com\/de\/wp-json\/wp\/v2\/comments?post=8741"}],"version-history":[{"count":0,"href":"https:\/\/www.industri-sl.com\/de\/wp-json\/wp\/v2\/pages\/8741\/revisions"}],"up":[{"embeddable":true,"href":"https:\/\/www.industri-sl.com\/de\/wp-json\/wp\/v2\/pages\/8739"}],"wp:attachment":[{"href":"https:\/\/www.industri-sl.com\/de\/wp-json\/wp\/v2\/media?parent=8741"}],"curies":[{"name":"wp","href":"https:\/\/api.w.org\/{rel}","templated":true}]}}