{"id":8737,"date":"2019-10-03T10:12:37","date_gmt":"2019-10-03T08:12:37","guid":{"rendered":"https:\/\/www.industri-sl.com\/transport\/ersatzteile\/zug\/alstom\/"},"modified":"2020-01-28T14:15:30","modified_gmt":"2020-01-28T13:15:30","slug":"alstom","status":"publish","type":"page","link":"https:\/\/www.industri-sl.com\/de\/transport\/ersatzteile\/zug\/alstom\/","title":{"rendered":"Ersatzteile f\u00fcr Z\u00fcge von Alstom"},"content":{"rendered":"<h2>Ersatzteile und Zubeh\u00f6r f\u00fcr Z\u00fcge von Alstom<\/h2>\n<p><img loading=\"lazy\" decoding=\"async\" class=\"alignright wp-image-57 size-medium\" src=\"https:\/\/www.industri-sl.com\/wp-content\/uploads\/logo-alstom-300x201.png\" alt=\"Ersatzteile f\u00fcr Z\u00fcge von Alstom\" width=\"300\" height=\"201\" srcset=\"https:\/\/www.industri-sl.com\/wp-content\/uploads\/logo-alstom-300x201.png 300w, https:\/\/www.industri-sl.com\/wp-content\/uploads\/logo-alstom.png 600w\" sizes=\"auto, (max-width: 300px) 100vw, 300px\" \/>Alstom ist ein Zughersteller, der zudem <strong>alle Arten von Systemen<\/strong>, Ausr\u00fcstungen und Dienstleistungen f\u00fcr den Eisenbahnsektor entwickelt und vermarktet, einschlie\u00dflich L\u00f6sungen f\u00fcr Hochgeschwindigkeitsz\u00fcge, Stra\u00dfenbahnen, U-Bahnen usw. Das Unternehmen ist <strong>weltweit f\u00fchrend im Bereich integrierter Schienensysteme<\/strong>.<\/p>\n<p><a href=\"https:\/\/www.industri-sl.com\/de\/transport\/ersatzteile\/zug\/\">INDUSTRI beliefert Alstom mit Zugvorh\u00e4ngen<\/a>, die sich stets an die Anforderungen des jeweiligen Modells anpassen. Unsere F\u00e4higkeit, kundenspezifische Designs herzustellen, zeigt sich in Produkten, die sowohl den technischen Spezifikationen des Kunden als auch den erforderlichen Qualit\u00e4ts- und Sicherheitsbestimmungen entsprechen.<\/p>\n<div class=\"slider-gallery-wrapper \"><div class=\"slider-gallery\"><div id=\"sliderify-carousel-1\" class=\"owl-carousel\"><div class=\"sliderify-owl-item-inner\"><img decoding=\"async\" src=\"https:\/\/www.industri-sl.com\/wp-content\/uploads\/alstom-1-1.jpg\"><\/div><div class=\"sliderify-owl-item-inner\"><img decoding=\"async\" src=\"https:\/\/www.industri-sl.com\/wp-content\/uploads\/cortina-london-1-3-e1576738920996.jpg\"><\/div><div class=\"sliderify-owl-item-inner\"><img decoding=\"async\" src=\"https:\/\/www.industri-sl.com\/wp-content\/uploads\/con-division-central-1-3.jpg\"><\/div><div class=\"sliderify-owl-item-inner\"><img decoding=\"async\" src=\"https:\/\/www.industri-sl.com\/wp-content\/uploads\/cortina-lateral-2-1.jpg\"><\/div><div class=\"sliderify-owl-item-inner\"><img decoding=\"async\" src=\"https:\/\/www.industri-sl.com\/wp-content\/uploads\/cortina-autofrenada-1-2.jpg\"><\/div><\/div><!-- .owl-carousel --><\/div><!-- .slider-gallery --><\/div><!-- .slider-gallery-wrapper --><script>\n\t\t\tjQuery(document).ready(function($){\n\t\t\t\tcarousel1 = $('#sliderify-carousel-1');\ncarousel1.imagesLoaded(function(){carousel1.owlCarousel({items:2,\nstagePadding:0,\nnav:1,\nnavText:['<span><\/span><span><\/span>','<span><\/span><span><\/span>'],\ncenter:1,\nloop:1,\nmargin:0,\nautoWidth:false,\nautoHeight:true,\nstageOuterClass:'sliderify-stage-outer',\nstageClass:'sliderify-stage',\nnavContainerClass:'sliderify-nav',\ncontrolsClass:'sliderify-controls',\ndotsClass:'sliderify-dots',\ndotClass:'sliderify-dot',\nonInitialized:function(event){\n\t\t\t\tconsole.log('init');\n\t\t\t},\n});});\n});\n\t\t\t<\/script>\n","protected":false},"excerpt":{"rendered":"<p>Ersatzteile und Zubeh\u00f6r f\u00fcr Z\u00fcge von Alstom Alstom ist ein Zughersteller, der zudem alle Arten von Systemen, Ausr\u00fcstungen und Dienstleistungen f\u00fcr den Eisenbahnsektor entwickelt und vermarktet, einschlie\u00dflich L\u00f6sungen f\u00fcr Hochgeschwindigkeitsz\u00fcge, Stra\u00dfenbahnen, U-Bahnen usw. Das Unternehmen ist weltweit f\u00fchrend im Bereich integrierter Schienensysteme. INDUSTRI beliefert Alstom mit Zugvorh\u00e4ngen, die sich stets an die Anforderungen des jeweiligen [&hellip;]<\/p>\n","protected":false},"author":3,"featured_media":0,"parent":8735,"menu_order":0,"comment_status":"closed","ping_status":"closed","template":"page-vehiculos.php","meta":{"footnotes":""},"class_list":["post-8737","page","type-page","status-publish","hentry"],"yoast_head":"<!-- This site is optimized with the Yoast SEO plugin v27.5 - https:\/\/yoast.com\/product\/yoast-seo-wordpress\/ -->\n<title>Ersatzteile und Zubeh\u00f6r f\u00fcr Alstom-Z\u00fcge - INDUSTRI<\/title>\n<meta name=\"description\" content=\"INDUSTRI fertigt exklusive Teile und Ersatzteile f\u00fcr Alstom-Z\u00fcge, von Spiegelplatten bis zu elektrischen und mechanischen Vorh\u00e4ngen sowie Scherenrollos.\" \/>\n<meta name=\"robots\" content=\"index, follow, max-snippet:-1, max-image-preview:large, max-video-preview:-1\" \/>\n<link rel=\"canonical\" href=\"https:\/\/www.industri-sl.com\/de\/transport\/ersatzteile\/zug\/alstom\/\" \/>\n<meta property=\"og:locale\" content=\"de_DE\" \/>\n<meta property=\"og:type\" content=\"article\" \/>\n<meta property=\"og:title\" content=\"Ersatzteile und Zubeh\u00f6r f\u00fcr Alstom-Z\u00fcge - INDUSTRI\" \/>\n<meta property=\"og:description\" content=\"INDUSTRI fertigt exklusive Teile und Ersatzteile f\u00fcr Alstom-Z\u00fcge, von Spiegelplatten bis zu elektrischen und mechanischen Vorh\u00e4ngen sowie Scherenrollos.\" \/>\n<meta property=\"og:url\" content=\"https:\/\/www.industri-sl.com\/de\/transport\/ersatzteile\/zug\/alstom\/\" \/>\n<meta property=\"og:site_name\" content=\"Industri SL\" \/>\n<meta property=\"article:modified_time\" content=\"2020-01-28T13:15:30+00:00\" \/>\n<meta property=\"og:image\" content=\"https:\/\/www.industri-sl.com\/wp-content\/uploads\/alstom-1-1.jpg\" \/>\n<meta name=\"twitter:card\" content=\"summary_large_image\" \/>\n<meta name=\"twitter:label1\" content=\"Gesch\u00e4tzte Lesezeit\" \/>\n\t<meta name=\"twitter:data1\" content=\"1\u00a0Minute\" \/>\n<script type=\"application\/ld+json\" class=\"yoast-schema-graph\">{\"@context\":\"https:\\\/\\\/schema.org\",\"@graph\":[{\"@type\":\"WebPage\",\"@id\":\"https:\\\/\\\/www.industri-sl.com\\\/de\\\/transport\\\/ersatzteile\\\/zug\\\/alstom\\\/\",\"url\":\"https:\\\/\\\/www.industri-sl.com\\\/de\\\/transport\\\/ersatzteile\\\/zug\\\/alstom\\\/\",\"name\":\"Ersatzteile und Zubeh\u00f6r f\u00fcr Alstom-Z\u00fcge - INDUSTRI\",\"isPartOf\":{\"@id\":\"https:\\\/\\\/www.industri-sl.com\\\/de\\\/#website\"},\"primaryImageOfPage\":{\"@id\":\"https:\\\/\\\/www.industri-sl.com\\\/de\\\/transport\\\/ersatzteile\\\/zug\\\/alstom\\\/#primaryimage\"},\"image\":{\"@id\":\"https:\\\/\\\/www.industri-sl.com\\\/de\\\/transport\\\/ersatzteile\\\/zug\\\/alstom\\\/#primaryimage\"},\"thumbnailUrl\":\"https:\\\/\\\/www.industri-sl.com\\\/wp-content\\\/uploads\\\/logo-alstom-300x201.png\",\"datePublished\":\"2019-10-03T08:12:37+00:00\",\"dateModified\":\"2020-01-28T13:15:30+00:00\",\"description\":\"INDUSTRI fertigt exklusive Teile und Ersatzteile f\u00fcr Alstom-Z\u00fcge, von Spiegelplatten bis zu elektrischen und mechanischen Vorh\u00e4ngen sowie Scherenrollos.\",\"breadcrumb\":{\"@id\":\"https:\\\/\\\/www.industri-sl.com\\\/de\\\/transport\\\/ersatzteile\\\/zug\\\/alstom\\\/#breadcrumb\"},\"inLanguage\":\"de\",\"potentialAction\":[{\"@type\":\"ReadAction\",\"target\":[\"https:\\\/\\\/www.industri-sl.com\\\/de\\\/transport\\\/ersatzteile\\\/zug\\\/alstom\\\/\"]}]},{\"@type\":\"ImageObject\",\"inLanguage\":\"de\",\"@id\":\"https:\\\/\\\/www.industri-sl.com\\\/de\\\/transport\\\/ersatzteile\\\/zug\\\/alstom\\\/#primaryimage\",\"url\":\"https:\\\/\\\/www.industri-sl.com\\\/wp-content\\\/uploads\\\/logo-alstom-300x201.png\",\"contentUrl\":\"https:\\\/\\\/www.industri-sl.com\\\/wp-content\\\/uploads\\\/logo-alstom-300x201.png\"},{\"@type\":\"BreadcrumbList\",\"@id\":\"https:\\\/\\\/www.industri-sl.com\\\/de\\\/transport\\\/ersatzteile\\\/zug\\\/alstom\\\/#breadcrumb\",\"itemListElement\":[{\"@type\":\"ListItem\",\"position\":1,\"name\":\"Inicio\",\"item\":\"https:\\\/\\\/www.industri-sl.com\\\/de\\\/\"},{\"@type\":\"ListItem\",\"position\":2,\"name\":\"Gesch\u00e4ftsbereich Transport\",\"item\":\"https:\\\/\\\/www.industri-sl.com\\\/de\\\/transport\\\/\"},{\"@type\":\"ListItem\",\"position\":3,\"name\":\"Ersatzteilkatalog\",\"item\":\"https:\\\/\\\/www.industri-sl.com\\\/de\\\/transport\\\/ersatzteile\\\/\"},{\"@type\":\"ListItem\",\"position\":4,\"name\":\"Ersatzteile und Zubeh\u00f6r f\u00fcr Z\u00fcge\",\"item\":\"https:\\\/\\\/www.industri-sl.com\\\/de\\\/transport\\\/ersatzteile\\\/zug\\\/\"},{\"@type\":\"ListItem\",\"position\":5,\"name\":\"Ersatzteile f\u00fcr Z\u00fcge von Alstom\"}]},{\"@type\":\"WebSite\",\"@id\":\"https:\\\/\\\/www.industri-sl.com\\\/de\\\/#website\",\"url\":\"https:\\\/\\\/www.industri-sl.com\\\/de\\\/\",\"name\":\"Industri SL\",\"description\":\"\",\"publisher\":{\"@id\":\"https:\\\/\\\/www.industri-sl.com\\\/de\\\/#organization\"},\"potentialAction\":[{\"@type\":\"SearchAction\",\"target\":{\"@type\":\"EntryPoint\",\"urlTemplate\":\"https:\\\/\\\/www.industri-sl.com\\\/de\\\/?s={search_term_string}\"},\"query-input\":{\"@type\":\"PropertyValueSpecification\",\"valueRequired\":true,\"valueName\":\"search_term_string\"}}],\"inLanguage\":\"de\"},{\"@type\":\"Organization\",\"@id\":\"https:\\\/\\\/www.industri-sl.com\\\/de\\\/#organization\",\"name\":\"Industri SL\",\"url\":\"https:\\\/\\\/www.industri-sl.com\\\/de\\\/\",\"logo\":{\"@type\":\"ImageObject\",\"inLanguage\":\"de\",\"@id\":\"https:\\\/\\\/www.industri-sl.com\\\/de\\\/#\\\/schema\\\/logo\\\/image\\\/\",\"url\":\"https:\\\/\\\/www.industri-sl.com\\\/wp-content\\\/uploads\\\/industri-logo.png\",\"contentUrl\":\"https:\\\/\\\/www.industri-sl.com\\\/wp-content\\\/uploads\\\/industri-logo.png\",\"width\":248,\"height\":45,\"caption\":\"Industri SL\"},\"image\":{\"@id\":\"https:\\\/\\\/www.industri-sl.com\\\/de\\\/#\\\/schema\\\/logo\\\/image\\\/\"}}]}<\/script>\n<!-- \/ Yoast SEO plugin. -->","yoast_head_json":{"title":"Ersatzteile und Zubeh\u00f6r f\u00fcr Alstom-Z\u00fcge - INDUSTRI","description":"INDUSTRI fertigt exklusive Teile und Ersatzteile f\u00fcr Alstom-Z\u00fcge, von Spiegelplatten bis zu elektrischen und mechanischen Vorh\u00e4ngen sowie Scherenrollos.","robots":{"index":"index","follow":"follow","max-snippet":"max-snippet:-1","max-image-preview":"max-image-preview:large","max-video-preview":"max-video-preview:-1"},"canonical":"https:\/\/www.industri-sl.com\/de\/transport\/ersatzteile\/zug\/alstom\/","og_locale":"de_DE","og_type":"article","og_title":"Ersatzteile und Zubeh\u00f6r f\u00fcr Alstom-Z\u00fcge - INDUSTRI","og_description":"INDUSTRI fertigt exklusive Teile und Ersatzteile f\u00fcr Alstom-Z\u00fcge, von Spiegelplatten bis zu elektrischen und mechanischen Vorh\u00e4ngen sowie Scherenrollos.","og_url":"https:\/\/www.industri-sl.com\/de\/transport\/ersatzteile\/zug\/alstom\/","og_site_name":"Industri SL","article_modified_time":"2020-01-28T13:15:30+00:00","og_image":[{"url":"https:\/\/www.industri-sl.com\/wp-content\/uploads\/alstom-1-1.jpg","type":"","width":"","height":""}],"twitter_card":"summary_large_image","twitter_misc":{"Gesch\u00e4tzte Lesezeit":"1\u00a0Minute"},"schema":{"@context":"https:\/\/schema.org","@graph":[{"@type":"WebPage","@id":"https:\/\/www.industri-sl.com\/de\/transport\/ersatzteile\/zug\/alstom\/","url":"https:\/\/www.industri-sl.com\/de\/transport\/ersatzteile\/zug\/alstom\/","name":"Ersatzteile und Zubeh\u00f6r f\u00fcr Alstom-Z\u00fcge - INDUSTRI","isPartOf":{"@id":"https:\/\/www.industri-sl.com\/de\/#website"},"primaryImageOfPage":{"@id":"https:\/\/www.industri-sl.com\/de\/transport\/ersatzteile\/zug\/alstom\/#primaryimage"},"image":{"@id":"https:\/\/www.industri-sl.com\/de\/transport\/ersatzteile\/zug\/alstom\/#primaryimage"},"thumbnailUrl":"https:\/\/www.industri-sl.com\/wp-content\/uploads\/logo-alstom-300x201.png","datePublished":"2019-10-03T08:12:37+00:00","dateModified":"2020-01-28T13:15:30+00:00","description":"INDUSTRI fertigt exklusive Teile und Ersatzteile f\u00fcr Alstom-Z\u00fcge, von Spiegelplatten bis zu elektrischen und mechanischen Vorh\u00e4ngen sowie Scherenrollos.","breadcrumb":{"@id":"https:\/\/www.industri-sl.com\/de\/transport\/ersatzteile\/zug\/alstom\/#breadcrumb"},"inLanguage":"de","potentialAction":[{"@type":"ReadAction","target":["https:\/\/www.industri-sl.com\/de\/transport\/ersatzteile\/zug\/alstom\/"]}]},{"@type":"ImageObject","inLanguage":"de","@id":"https:\/\/www.industri-sl.com\/de\/transport\/ersatzteile\/zug\/alstom\/#primaryimage","url":"https:\/\/www.industri-sl.com\/wp-content\/uploads\/logo-alstom-300x201.png","contentUrl":"https:\/\/www.industri-sl.com\/wp-content\/uploads\/logo-alstom-300x201.png"},{"@type":"BreadcrumbList","@id":"https:\/\/www.industri-sl.com\/de\/transport\/ersatzteile\/zug\/alstom\/#breadcrumb","itemListElement":[{"@type":"ListItem","position":1,"name":"Inicio","item":"https:\/\/www.industri-sl.com\/de\/"},{"@type":"ListItem","position":2,"name":"Gesch\u00e4ftsbereich Transport","item":"https:\/\/www.industri-sl.com\/de\/transport\/"},{"@type":"ListItem","position":3,"name":"Ersatzteilkatalog","item":"https:\/\/www.industri-sl.com\/de\/transport\/ersatzteile\/"},{"@type":"ListItem","position":4,"name":"Ersatzteile und Zubeh\u00f6r f\u00fcr Z\u00fcge","item":"https:\/\/www.industri-sl.com\/de\/transport\/ersatzteile\/zug\/"},{"@type":"ListItem","position":5,"name":"Ersatzteile f\u00fcr Z\u00fcge von Alstom"}]},{"@type":"WebSite","@id":"https:\/\/www.industri-sl.com\/de\/#website","url":"https:\/\/www.industri-sl.com\/de\/","name":"Industri SL","description":"","publisher":{"@id":"https:\/\/www.industri-sl.com\/de\/#organization"},"potentialAction":[{"@type":"SearchAction","target":{"@type":"EntryPoint","urlTemplate":"https:\/\/www.industri-sl.com\/de\/?s={search_term_string}"},"query-input":{"@type":"PropertyValueSpecification","valueRequired":true,"valueName":"search_term_string"}}],"inLanguage":"de"},{"@type":"Organization","@id":"https:\/\/www.industri-sl.com\/de\/#organization","name":"Industri SL","url":"https:\/\/www.industri-sl.com\/de\/","logo":{"@type":"ImageObject","inLanguage":"de","@id":"https:\/\/www.industri-sl.com\/de\/#\/schema\/logo\/image\/","url":"https:\/\/www.industri-sl.com\/wp-content\/uploads\/industri-logo.png","contentUrl":"https:\/\/www.industri-sl.com\/wp-content\/uploads\/industri-logo.png","width":248,"height":45,"caption":"Industri SL"},"image":{"@id":"https:\/\/www.industri-sl.com\/de\/#\/schema\/logo\/image\/"}}]}},"_links":{"self":[{"href":"https:\/\/www.industri-sl.com\/de\/wp-json\/wp\/v2\/pages\/8737","targetHints":{"allow":["GET"]}}],"collection":[{"href":"https:\/\/www.industri-sl.com\/de\/wp-json\/wp\/v2\/pages"}],"about":[{"href":"https:\/\/www.industri-sl.com\/de\/wp-json\/wp\/v2\/types\/page"}],"author":[{"embeddable":true,"href":"https:\/\/www.industri-sl.com\/de\/wp-json\/wp\/v2\/users\/3"}],"replies":[{"embeddable":true,"href":"https:\/\/www.industri-sl.com\/de\/wp-json\/wp\/v2\/comments?post=8737"}],"version-history":[{"count":0,"href":"https:\/\/www.industri-sl.com\/de\/wp-json\/wp\/v2\/pages\/8737\/revisions"}],"up":[{"embeddable":true,"href":"https:\/\/www.industri-sl.com\/de\/wp-json\/wp\/v2\/pages\/8735"}],"wp:attachment":[{"href":"https:\/\/www.industri-sl.com\/de\/wp-json\/wp\/v2\/media?parent=8737"}],"curies":[{"name":"wp","href":"https:\/\/api.w.org\/{rel}","templated":true}]}}