{"id":8735,"date":"2019-10-03T09:26:25","date_gmt":"2019-10-03T07:26:25","guid":{"rendered":"https:\/\/www.industri-sl.com\/transport\/ersatzteile\/tren\/"},"modified":"2020-01-28T14:06:48","modified_gmt":"2020-01-28T13:06:48","slug":"zug","status":"publish","type":"page","link":"https:\/\/www.industri-sl.com\/de\/transport\/ersatzteile\/zug\/","title":{"rendered":"Ersatzteile und Zubeh\u00f6r f\u00fcr Z\u00fcge"},"content":{"rendered":"<p><a href=\"https:\/\/www.industri-sl.com\/transporte\/recambios\/tren\/talgo\/\">Talgo<\/a> <a href=\"https:\/\/www.industri-sl.com\/de\/transport\/ersatzteile\/zug\/caf\/\">CAF<\/a> <a href=\"https:\/\/www.industri-sl.com\/de\/transport\/ersatzteile\/zug\/alstom\/\">Alstom<\/a><\/p>\n<h2>Ersatzteilkatalog f\u00fcr die Bahnbranche<\/h2>\n<p>INDUSTRI fertigt Bau- und Ersatzteile f\u00fcr Eisenbahnfahrzeuge und <strong>ist auf Bauteile zur Innenausstattung spezialisiert<\/strong>, wie zum Beispiel Vorh\u00e4nge aller Art (mit F\u00fchrung, mittig geteilt, usw.) und Spiegelplatten.<\/p>\n<p>Bei INDUSTRI passen <a href=\"https:\/\/www.industri-sl.com\/de\/ingenieurleistungen\/\">wir uns dem Bedarf unserer Kunden an<\/a>: Wir k\u00f6nnen f\u00fcr jeden Hersteller ma\u00dfgefertigte und exklusive Teile herstellen, unter Erf\u00fcllung der geforderten Qualit\u00e4tsstandards und der angegebenen technischen Spezifikationen. Unser Ingenieurteam pr\u00fcft die verschiedenen Alternativen und schl\u00e4gt <strong>die am besten geeignete L\u00f6sung f\u00fcr den jeweiligen Fall vor<\/strong>.<\/p>\n<p><button>Katalog herunterladen<\/button><\/p>\n<p><img loading=\"lazy\" decoding=\"async\" class=\"alignnone size-medium wp-image-65\" src=\"https:\/\/www.industri-sl.com\/wp-content\/uploads\/logo-talgo-300x135.png\" alt=\"Ersatzteile und Zubeh\u00f6r f\u00fcr Z\u00fcge Talgo\" width=\"300\" height=\"135\" srcset=\"https:\/\/www.industri-sl.com\/wp-content\/uploads\/logo-talgo-300x135.png 300w, https:\/\/www.industri-sl.com\/wp-content\/uploads\/logo-talgo.png 620w\" sizes=\"auto, (max-width: 300px) 100vw, 300px\" \/><\/p>\n<p><a href=\"https:\/\/www.industri-sl.com\/de\/transport\/ersatzteile\/zug\/talgo\/\">Talgo ansehen<\/a><\/p>\n<p>Katalog herunterladen<\/p>\n<p>Talgo-Modelle, f\u00fcr die wir Ersatzteile f\u00fchren:<\/p>\n<p><img loading=\"lazy\" decoding=\"async\" class=\" wp-image-3290 alignnone\" src=\"https:\/\/www.industri-sl.com\/wp-content\/uploads\/tren-talgo-avril-1.jpg\" alt=\"Ersatzteile und Zubeh\u00f6r f\u00fcr Z\u00fcge Talgo Avril\" width=\"323\" height=\"242\" srcset=\"https:\/\/www.industri-sl.com\/wp-content\/uploads\/tren-talgo-avril-1.jpg 800w, https:\/\/www.industri-sl.com\/wp-content\/uploads\/tren-talgo-avril-1-300x225.jpg 300w, https:\/\/www.industri-sl.com\/wp-content\/uploads\/tren-talgo-avril-1-768x576.jpg 768w\" sizes=\"auto, (max-width: 323px) 100vw, 323px\" \/><\/p>\n<p><a href=\"https:\/\/www.industri-sl.com\/de\/transport\/ersatzteile\/zug\/talgo\/avril\/\">Talgo Avril<\/a><\/p>\n<p><img loading=\"lazy\" decoding=\"async\" class=\"alignnone wp-image-2356\" src=\"https:\/\/www.industri-sl.com\/wp-content\/uploads\/Talgo-EMU-300x216.jpg\" alt=\"Ersatzteile und Zubeh\u00f6r f\u00fcr Z\u00fcge Talgo Emu\" width=\"318\" height=\"229\" \/><\/p>\n<p><a href=\"https:\/\/www.industri-sl.com\/de\/transport\/ersatzteile\/zug\/talgo\/emu\/\">Talgo Emu<\/a><\/p>\n<p>Katalog herunterladen<\/p>\n<p><img loading=\"lazy\" decoding=\"async\" class=\"alignnone size-medium wp-image-61\" src=\"https:\/\/www.industri-sl.com\/wp-content\/uploads\/logo-caf-300x201.png\" alt=\"Ersatzteile und Zubeh\u00f6r f\u00fcr Z\u00fcge CAF\" width=\"300\" height=\"201\" srcset=\"https:\/\/www.industri-sl.com\/wp-content\/uploads\/logo-caf-300x201.png 300w, https:\/\/www.industri-sl.com\/wp-content\/uploads\/logo-caf.png 600w\" sizes=\"auto, (max-width: 300px) 100vw, 300px\" \/> <a href=\"https:\/\/www.industri-sl.com\/de\/transport\/ersatzteile\/zug\/caf\/\">CAF ansehen<\/a><\/p>\n<p>CAF-Modelle, f\u00fcr die wir Ersatzteile f\u00fchren:<\/p>\n<p><img loading=\"lazy\" decoding=\"async\" class=\"alignnone size-medium wp-image-1420\" src=\"https:\/\/www.industri-sl.com\/wp-content\/uploads\/civity-1-1-300x216.jpg\" alt=\"Ersatzteile und Zubeh\u00f6r f\u00fcr Z\u00fcge CAF Civity\" width=\"300\" height=\"216\" srcset=\"https:\/\/www.industri-sl.com\/wp-content\/uploads\/civity-1-1-300x216.jpg 300w, https:\/\/www.industri-sl.com\/wp-content\/uploads\/civity-1-1-768x552.jpg 768w, https:\/\/www.industri-sl.com\/wp-content\/uploads\/civity-1-1.jpg 800w\" sizes=\"auto, (max-width: 300px) 100vw, 300px\" \/><\/p>\n<p><a href=\"https:\/\/www.industri-sl.com\/transporte\/recambios\/tren\/caf\/civity\/\">Civity<\/a><\/p>\n<p><img loading=\"lazy\" decoding=\"async\" class=\"alignnone size-medium wp-image-1424\" src=\"https:\/\/www.industri-sl.com\/wp-content\/uploads\/euskotren-1-1-300x216.jpg\" alt=\"Ersatzteile und Zubeh\u00f6r f\u00fcr Z\u00fcge CAF Euskotren\" width=\"300\" height=\"216\" srcset=\"https:\/\/www.industri-sl.com\/wp-content\/uploads\/euskotren-1-1-300x216.jpg 300w, https:\/\/www.industri-sl.com\/wp-content\/uploads\/euskotren-1-1-768x552.jpg 768w, https:\/\/www.industri-sl.com\/wp-content\/uploads\/euskotren-1-1.jpg 800w\" sizes=\"auto, (max-width: 300px) 100vw, 300px\" \/><\/p>\n<p><a href=\"https:\/\/www.industri-sl.com\/transporte\/recambios\/tren\/caf\/euskotren\/\">Euskotren<\/a><\/p>\n<p>Katalog herunterladen<\/p>\n<p><img loading=\"lazy\" decoding=\"async\" class=\"alignnone size-medium wp-image-57\" src=\"https:\/\/www.industri-sl.com\/wp-content\/uploads\/logo-alstom-300x201.png\" alt=\"Ersatzteile und Zubeh\u00f6r f\u00fcr Z\u00fcge Alstom\" width=\"300\" height=\"201\" srcset=\"https:\/\/www.industri-sl.com\/wp-content\/uploads\/logo-alstom-300x201.png 300w, https:\/\/www.industri-sl.com\/wp-content\/uploads\/logo-alstom.png 600w\" sizes=\"auto, (max-width: 300px) 100vw, 300px\" \/><\/p>\n<p><a href=\"https:\/\/www.industri-sl.com\/transporte\/recambios\/tren\/alstom\/\">Alstom ansehen<\/a><\/p>\n<p>Katalog herunterladen<\/p>\n<p><script type=\"text\/javascript\" src=\"\/\/www.industri-sl.com\/mautic\/form\/generate.js?id=1\"><\/script><\/p>\n<p>Finden Sie nicht, was Sie brauchen?<\/p>\n<p>Wir fertigen kundenspezifische Teile f\u00fcr Z\u00fcge<\/p>\n<p>Z\u00fcge<\/p>\n<p>Ingenieurleistungen<\/p>\n<p>Bei INDUSTRI bieten wir neben der Herstellung von Teilen und Ersatzteilen f\u00fcr die Eisenbahn- und AutomobilINDUSTRIe auch eine Forschungs- und Entwicklungsabteilung, in der in enger Zusammenarbeit mit unseren Kunden neue Produkte entwickelt werden. Wir haben umfangreiche Erfahrung in der Konstruktion von Spezialmaschinen zur Fertigung dieser Bauteile und Ausstattungen.<\/p>\n<p><a href=\"https:\/\/www.industri-sl.com\/de\/ingenieurleistungen\/\"><button>Ingenieurleistungen<\/button><\/a><\/p>\n","protected":false},"excerpt":{"rendered":"<p>Talgo CAF Alstom Ersatzteilkatalog f\u00fcr die Bahnbranche INDUSTRI fertigt Bau- und Ersatzteile f\u00fcr Eisenbahnfahrzeuge und ist auf Bauteile zur Innenausstattung spezialisiert, wie zum Beispiel Vorh\u00e4nge aller Art (mit F\u00fchrung, mittig geteilt, usw.) und Spiegelplatten. Bei INDUSTRI passen wir uns dem Bedarf unserer Kunden an: Wir k\u00f6nnen f\u00fcr jeden Hersteller ma\u00dfgefertigte und exklusive Teile herstellen, unter [&hellip;]<\/p>\n","protected":false},"author":3,"featured_media":0,"parent":8685,"menu_order":0,"comment_status":"closed","ping_status":"closed","template":"page-recambios-tren.php","meta":{"footnotes":""},"class_list":["post-8735","page","type-page","status-publish","hentry"],"yoast_head":"<!-- This site is optimized with the Yoast SEO plugin v27.2 - https:\/\/yoast.com\/product\/yoast-seo-wordpress\/ -->\n<title>Ersatzteile und Zubeh\u00f6r f\u00fcr Z\u00fcge - INDUSTRI<\/title>\n<meta name=\"description\" content=\"INDUSTRI fertigt Teile und Ersatzteile f\u00fcr Z\u00fcge und hat sich auf Innenausstattungselemente wie Spiegelplatten oder Vorh\u00e4nge aller Art spezialisiert.\" \/>\n<meta name=\"robots\" content=\"index, follow, max-snippet:-1, max-image-preview:large, max-video-preview:-1\" \/>\n<link rel=\"canonical\" href=\"https:\/\/www.industri-sl.com\/de\/transport\/ersatzteile\/zug\/\" \/>\n<meta property=\"og:locale\" content=\"de_DE\" \/>\n<meta property=\"og:type\" content=\"article\" \/>\n<meta property=\"og:title\" content=\"Ersatzteile und Zubeh\u00f6r f\u00fcr Z\u00fcge - INDUSTRI\" \/>\n<meta property=\"og:description\" content=\"INDUSTRI fertigt Teile und Ersatzteile f\u00fcr Z\u00fcge und hat sich auf Innenausstattungselemente wie Spiegelplatten oder Vorh\u00e4nge aller Art spezialisiert.\" \/>\n<meta property=\"og:url\" content=\"https:\/\/www.industri-sl.com\/de\/transport\/ersatzteile\/zug\/\" \/>\n<meta property=\"og:site_name\" content=\"Industri SL\" \/>\n<meta property=\"article:modified_time\" content=\"2020-01-28T13:06:48+00:00\" \/>\n<meta property=\"og:image\" content=\"https:\/\/www.industri-sl.com\/wp-content\/uploads\/logo-talgo-300x135.png\" \/>\n<meta name=\"twitter:card\" content=\"summary_large_image\" \/>\n<meta name=\"twitter:label1\" content=\"Gesch\u00e4tzte Lesezeit\" \/>\n\t<meta name=\"twitter:data1\" content=\"1\u00a0Minute\" \/>\n<script type=\"application\/ld+json\" class=\"yoast-schema-graph\">{\"@context\":\"https:\/\/schema.org\",\"@graph\":[{\"@type\":\"WebPage\",\"@id\":\"https:\/\/www.industri-sl.com\/de\/transport\/ersatzteile\/zug\/\",\"url\":\"https:\/\/www.industri-sl.com\/de\/transport\/ersatzteile\/zug\/\",\"name\":\"Ersatzteile und Zubeh\u00f6r f\u00fcr Z\u00fcge - INDUSTRI\",\"isPartOf\":{\"@id\":\"https:\/\/www.industri-sl.com\/de\/#website\"},\"primaryImageOfPage\":{\"@id\":\"https:\/\/www.industri-sl.com\/de\/transport\/ersatzteile\/zug\/#primaryimage\"},\"image\":{\"@id\":\"https:\/\/www.industri-sl.com\/de\/transport\/ersatzteile\/zug\/#primaryimage\"},\"thumbnailUrl\":\"https:\/\/www.industri-sl.com\/wp-content\/uploads\/logo-talgo-300x135.png\",\"datePublished\":\"2019-10-03T07:26:25+00:00\",\"dateModified\":\"2020-01-28T13:06:48+00:00\",\"description\":\"INDUSTRI fertigt Teile und Ersatzteile f\u00fcr Z\u00fcge und hat sich auf Innenausstattungselemente wie Spiegelplatten oder Vorh\u00e4nge aller Art spezialisiert.\",\"breadcrumb\":{\"@id\":\"https:\/\/www.industri-sl.com\/de\/transport\/ersatzteile\/zug\/#breadcrumb\"},\"inLanguage\":\"de\",\"potentialAction\":[{\"@type\":\"ReadAction\",\"target\":[\"https:\/\/www.industri-sl.com\/de\/transport\/ersatzteile\/zug\/\"]}]},{\"@type\":\"ImageObject\",\"inLanguage\":\"de\",\"@id\":\"https:\/\/www.industri-sl.com\/de\/transport\/ersatzteile\/zug\/#primaryimage\",\"url\":\"https:\/\/www.industri-sl.com\/wp-content\/uploads\/logo-talgo-300x135.png\",\"contentUrl\":\"https:\/\/www.industri-sl.com\/wp-content\/uploads\/logo-talgo-300x135.png\"},{\"@type\":\"BreadcrumbList\",\"@id\":\"https:\/\/www.industri-sl.com\/de\/transport\/ersatzteile\/zug\/#breadcrumb\",\"itemListElement\":[{\"@type\":\"ListItem\",\"position\":1,\"name\":\"Inicio\",\"item\":\"https:\/\/www.industri-sl.com\/de\/\"},{\"@type\":\"ListItem\",\"position\":2,\"name\":\"Gesch\u00e4ftsbereich Transport\",\"item\":\"https:\/\/www.industri-sl.com\/de\/transport\/\"},{\"@type\":\"ListItem\",\"position\":3,\"name\":\"Ersatzteilkatalog\",\"item\":\"https:\/\/www.industri-sl.com\/de\/transport\/ersatzteile\/\"},{\"@type\":\"ListItem\",\"position\":4,\"name\":\"Ersatzteile und Zubeh\u00f6r f\u00fcr Z\u00fcge\"}]},{\"@type\":\"WebSite\",\"@id\":\"https:\/\/www.industri-sl.com\/de\/#website\",\"url\":\"https:\/\/www.industri-sl.com\/de\/\",\"name\":\"Industri SL\",\"description\":\"\",\"publisher\":{\"@id\":\"https:\/\/www.industri-sl.com\/de\/#organization\"},\"potentialAction\":[{\"@type\":\"SearchAction\",\"target\":{\"@type\":\"EntryPoint\",\"urlTemplate\":\"https:\/\/www.industri-sl.com\/de\/?s={search_term_string}\"},\"query-input\":{\"@type\":\"PropertyValueSpecification\",\"valueRequired\":true,\"valueName\":\"search_term_string\"}}],\"inLanguage\":\"de\"},{\"@type\":\"Organization\",\"@id\":\"https:\/\/www.industri-sl.com\/de\/#organization\",\"name\":\"Industri SL\",\"url\":\"https:\/\/www.industri-sl.com\/de\/\",\"logo\":{\"@type\":\"ImageObject\",\"inLanguage\":\"de\",\"@id\":\"https:\/\/www.industri-sl.com\/de\/#\/schema\/logo\/image\/\",\"url\":\"https:\/\/www.industri-sl.com\/wp-content\/uploads\/industri-logo.png\",\"contentUrl\":\"https:\/\/www.industri-sl.com\/wp-content\/uploads\/industri-logo.png\",\"width\":248,\"height\":45,\"caption\":\"Industri SL\"},\"image\":{\"@id\":\"https:\/\/www.industri-sl.com\/de\/#\/schema\/logo\/image\/\"}}]}<\/script>\n<!-- \/ Yoast SEO plugin. -->","yoast_head_json":{"title":"Ersatzteile und Zubeh\u00f6r f\u00fcr Z\u00fcge - INDUSTRI","description":"INDUSTRI fertigt Teile und Ersatzteile f\u00fcr Z\u00fcge und hat sich auf Innenausstattungselemente wie Spiegelplatten oder Vorh\u00e4nge aller Art spezialisiert.","robots":{"index":"index","follow":"follow","max-snippet":"max-snippet:-1","max-image-preview":"max-image-preview:large","max-video-preview":"max-video-preview:-1"},"canonical":"https:\/\/www.industri-sl.com\/de\/transport\/ersatzteile\/zug\/","og_locale":"de_DE","og_type":"article","og_title":"Ersatzteile und Zubeh\u00f6r f\u00fcr Z\u00fcge - INDUSTRI","og_description":"INDUSTRI fertigt Teile und Ersatzteile f\u00fcr Z\u00fcge und hat sich auf Innenausstattungselemente wie Spiegelplatten oder Vorh\u00e4nge aller Art spezialisiert.","og_url":"https:\/\/www.industri-sl.com\/de\/transport\/ersatzteile\/zug\/","og_site_name":"Industri SL","article_modified_time":"2020-01-28T13:06:48+00:00","og_image":[{"url":"https:\/\/www.industri-sl.com\/wp-content\/uploads\/logo-talgo-300x135.png","type":"","width":"","height":""}],"twitter_card":"summary_large_image","twitter_misc":{"Gesch\u00e4tzte Lesezeit":"1\u00a0Minute"},"schema":{"@context":"https:\/\/schema.org","@graph":[{"@type":"WebPage","@id":"https:\/\/www.industri-sl.com\/de\/transport\/ersatzteile\/zug\/","url":"https:\/\/www.industri-sl.com\/de\/transport\/ersatzteile\/zug\/","name":"Ersatzteile und Zubeh\u00f6r f\u00fcr Z\u00fcge - INDUSTRI","isPartOf":{"@id":"https:\/\/www.industri-sl.com\/de\/#website"},"primaryImageOfPage":{"@id":"https:\/\/www.industri-sl.com\/de\/transport\/ersatzteile\/zug\/#primaryimage"},"image":{"@id":"https:\/\/www.industri-sl.com\/de\/transport\/ersatzteile\/zug\/#primaryimage"},"thumbnailUrl":"https:\/\/www.industri-sl.com\/wp-content\/uploads\/logo-talgo-300x135.png","datePublished":"2019-10-03T07:26:25+00:00","dateModified":"2020-01-28T13:06:48+00:00","description":"INDUSTRI fertigt Teile und Ersatzteile f\u00fcr Z\u00fcge und hat sich auf Innenausstattungselemente wie Spiegelplatten oder Vorh\u00e4nge aller Art spezialisiert.","breadcrumb":{"@id":"https:\/\/www.industri-sl.com\/de\/transport\/ersatzteile\/zug\/#breadcrumb"},"inLanguage":"de","potentialAction":[{"@type":"ReadAction","target":["https:\/\/www.industri-sl.com\/de\/transport\/ersatzteile\/zug\/"]}]},{"@type":"ImageObject","inLanguage":"de","@id":"https:\/\/www.industri-sl.com\/de\/transport\/ersatzteile\/zug\/#primaryimage","url":"https:\/\/www.industri-sl.com\/wp-content\/uploads\/logo-talgo-300x135.png","contentUrl":"https:\/\/www.industri-sl.com\/wp-content\/uploads\/logo-talgo-300x135.png"},{"@type":"BreadcrumbList","@id":"https:\/\/www.industri-sl.com\/de\/transport\/ersatzteile\/zug\/#breadcrumb","itemListElement":[{"@type":"ListItem","position":1,"name":"Inicio","item":"https:\/\/www.industri-sl.com\/de\/"},{"@type":"ListItem","position":2,"name":"Gesch\u00e4ftsbereich Transport","item":"https:\/\/www.industri-sl.com\/de\/transport\/"},{"@type":"ListItem","position":3,"name":"Ersatzteilkatalog","item":"https:\/\/www.industri-sl.com\/de\/transport\/ersatzteile\/"},{"@type":"ListItem","position":4,"name":"Ersatzteile und Zubeh\u00f6r f\u00fcr Z\u00fcge"}]},{"@type":"WebSite","@id":"https:\/\/www.industri-sl.com\/de\/#website","url":"https:\/\/www.industri-sl.com\/de\/","name":"Industri SL","description":"","publisher":{"@id":"https:\/\/www.industri-sl.com\/de\/#organization"},"potentialAction":[{"@type":"SearchAction","target":{"@type":"EntryPoint","urlTemplate":"https:\/\/www.industri-sl.com\/de\/?s={search_term_string}"},"query-input":{"@type":"PropertyValueSpecification","valueRequired":true,"valueName":"search_term_string"}}],"inLanguage":"de"},{"@type":"Organization","@id":"https:\/\/www.industri-sl.com\/de\/#organization","name":"Industri SL","url":"https:\/\/www.industri-sl.com\/de\/","logo":{"@type":"ImageObject","inLanguage":"de","@id":"https:\/\/www.industri-sl.com\/de\/#\/schema\/logo\/image\/","url":"https:\/\/www.industri-sl.com\/wp-content\/uploads\/industri-logo.png","contentUrl":"https:\/\/www.industri-sl.com\/wp-content\/uploads\/industri-logo.png","width":248,"height":45,"caption":"Industri SL"},"image":{"@id":"https:\/\/www.industri-sl.com\/de\/#\/schema\/logo\/image\/"}}]}},"_links":{"self":[{"href":"https:\/\/www.industri-sl.com\/de\/wp-json\/wp\/v2\/pages\/8735","targetHints":{"allow":["GET"]}}],"collection":[{"href":"https:\/\/www.industri-sl.com\/de\/wp-json\/wp\/v2\/pages"}],"about":[{"href":"https:\/\/www.industri-sl.com\/de\/wp-json\/wp\/v2\/types\/page"}],"author":[{"embeddable":true,"href":"https:\/\/www.industri-sl.com\/de\/wp-json\/wp\/v2\/users\/3"}],"replies":[{"embeddable":true,"href":"https:\/\/www.industri-sl.com\/de\/wp-json\/wp\/v2\/comments?post=8735"}],"version-history":[{"count":0,"href":"https:\/\/www.industri-sl.com\/de\/wp-json\/wp\/v2\/pages\/8735\/revisions"}],"up":[{"embeddable":true,"href":"https:\/\/www.industri-sl.com\/de\/wp-json\/wp\/v2\/pages\/8685"}],"wp:attachment":[{"href":"https:\/\/www.industri-sl.com\/de\/wp-json\/wp\/v2\/media?parent=8735"}],"curies":[{"name":"wp","href":"https:\/\/api.w.org\/{rel}","templated":true}]}}