{"id":8727,"date":"2019-10-02T13:44:07","date_gmt":"2019-10-02T11:44:07","guid":{"rendered":"https:\/\/www.industri-sl.com\/transport\/ersatzteile\/bus\/sunsundegui\/sb3\/"},"modified":"2025-05-21T14:02:05","modified_gmt":"2025-05-21T12:02:05","slug":"sb3","status":"publish","type":"page","link":"https:\/\/www.industri-sl.com\/de\/transport\/ersatzteile\/bus\/sunsundegui\/sb3\/","title":{"rendered":"Ersatzteile f\u00fcr Sunsundegui SB3"},"content":{"rendered":"<h2>Ersatzteile und Zubeh\u00f6r f\u00fcr das Modell Sunsundegui SB3<\/h2>\n<p>INDUSTRI fertigt <strong>exklusive Ersatzteile f\u00fcr Autobuses Sunsundegui<\/strong>, ein in der Entwicklung und Produktion von Bussen und Reisebussen f\u00fchrendes Karosseriebauunternehmen.<\/p>\n<p><a href=\"https:\/\/www.industri-sl.com\/de\/ingenieurleistungen\/\">Wir entwerfen und fertigen<\/a> Ersatzteile f\u00fcr verschiedene Busmodelle von Sunsundegui, einschlie\u00dflich des SB3. Dieser Bus ist f\u00fcr den Stadt- und \u00dcberlandverkehr konzipiert und bewahrt die allen Modellen der Marke Sunsundegui gemeinsame \u00c4sthetik, die sie am Markt auszeichnen.<\/p>\n<p>Bei INDUSTRI bieten wir exklusive Ersatzteile <strong>f\u00fcr die Busse Sunsundegui<\/strong> SB3 an, z. B. Scharniere f\u00fcr Gep\u00e4ckablagen, spezifisch f\u00fcr verschiedene Busmodelle gebaute R\u00fcckspiegel, Dachfenster, Trittstufen, Radkappen und Vorh\u00e4nge.<\/p>\n<p>Dies alles in \u00dcbereinstimmung <strong>mit den Spezifikationen und der Qualit\u00e4t<\/strong>, die eine renommierte Marke wie Sunsundegui erfordert.<\/p>\n<div class=\"otras-piezas\">\n<h4>Wir bieten Ersatzteile f\u00fcr:<\/h4>\n<div>\n<a class=\"boton gris\" href=\"https:\/\/www.industri-sl.com\/de\/transport\/ersatzteile\/bus\/sunsundegui\/vorhaenge\/\">Vorh\u00e4nge<\/a> <a class=\"boton gris\" href=\"https:\/\/www.industri-sl.com\/de\/transport\/ersatzteile\/bus\/sunsundegui\/rueckspiegel\/\">R\u00fcckspiegel<\/a><\/div>\n<\/div>\n<div class=\"slider-gallery-wrapper \"><div class=\"slider-gallery\"><div id=\"sliderify-carousel-1\" class=\"owl-carousel\"><div class=\"sliderify-owl-item-inner\"><img decoding=\"async\" src=\"https:\/\/www.industri-sl.com\/wp-content\/uploads\/sb3-3-1-2.jpg\"><\/div><div class=\"sliderify-owl-item-inner\"><img decoding=\"async\" src=\"https:\/\/www.industri-sl.com\/wp-content\/uploads\/sb3-2-1-1.jpg\"><\/div><\/div><!-- .owl-carousel --><\/div><!-- .slider-gallery --><\/div><!-- .slider-gallery-wrapper --><script>\n\t\t\tjQuery(document).ready(function($){\n\t\t\t\tcarousel1 = $('#sliderify-carousel-1');\ncarousel1.imagesLoaded(function(){carousel1.owlCarousel({items:2,\nstagePadding:0,\nnav:1,\nnavText:['<span><\/span><span><\/span>','<span><\/span><span><\/span>'],\ncenter:1,\nloop:1,\nmargin:0,\nautoWidth:false,\nautoHeight:true,\nstageOuterClass:'sliderify-stage-outer',\nstageClass:'sliderify-stage',\nnavContainerClass:'sliderify-nav',\ncontrolsClass:'sliderify-controls',\ndotsClass:'sliderify-dots',\ndotClass:'sliderify-dot',\nonInitialized:function(event){\n\t\t\t\tconsole.log('init');\n\t\t\t},\n});});\n});\n\t\t\t<\/script>\n<div class=\"modelos\">\n<h4>Weitere Modelle von Sunsundegui, f\u00fcr die wir Ersatzteile f\u00fchren:<\/h4>\n<div class=\"flex\">\n<a href=\"https:\/\/www.industri-sl.com\/de\/transport\/ersatzteile\/bus\/sunsundegui\/sc5\/\"><img loading=\"lazy\" decoding=\"async\" class=\"alignnone size-medium wp-image-1504\" src=\"https:\/\/www.industri-sl.com\/wp-content\/uploads\/sc5-1-2-300x225.jpg\" alt=\"Ersatzteile und Zubeh\u00f6r f\u00fcr das Modell Sunsundegui SC5\" width=\"300\" height=\"225\" srcset=\"https:\/\/www.industri-sl.com\/wp-content\/uploads\/sc5-1-2-300x225.jpg 300w, https:\/\/www.industri-sl.com\/wp-content\/uploads\/sc5-1-2-768x576.jpg 768w, https:\/\/www.industri-sl.com\/wp-content\/uploads\/sc5-1-2.jpg 800w\" sizes=\"auto, (max-width: 300px) 100vw, 300px\" \/><br \/>\n<span>SC5<\/span><\/a><br \/>\n<a href=\"https:\/\/www.industri-sl.com\/de\/transport\/ersatzteile\/bus\/sunsundegui\/sc7\/\"><img loading=\"lazy\" decoding=\"async\" class=\"alignnone size-medium wp-image-1500\" src=\"https:\/\/www.industri-sl.com\/wp-content\/uploads\/sc7-2-2-300x217.jpg\" alt=\"Ersatzteile und Zubeh\u00f6r f\u00fcr das Modell Sunsundegui SC7\" width=\"300\" height=\"217\" srcset=\"https:\/\/www.industri-sl.com\/wp-content\/uploads\/sc7-2-2-300x217.jpg 300w, https:\/\/www.industri-sl.com\/wp-content\/uploads\/sc7-2-2-768x555.jpg 768w, https:\/\/www.industri-sl.com\/wp-content\/uploads\/sc7-2-2.jpg 800w\" sizes=\"auto, (max-width: 300px) 100vw, 300px\" \/><br \/>\n<span>SC7<\/span><\/a>\n<\/div>\n<\/div>\n","protected":false},"excerpt":{"rendered":"<p>Ersatzteile und Zubeh\u00f6r f\u00fcr das Modell Sunsundegui SB3 INDUSTRI fertigt exklusive Ersatzteile f\u00fcr Autobuses Sunsundegui, ein in der Entwicklung und Produktion von Bussen und Reisebussen f\u00fchrendes Karosseriebauunternehmen. Wir entwerfen und fertigen Ersatzteile f\u00fcr verschiedene Busmodelle von Sunsundegui, einschlie\u00dflich des SB3. Dieser Bus ist f\u00fcr den Stadt- und \u00dcberlandverkehr konzipiert und bewahrt die allen Modellen der [&hellip;]<\/p>\n","protected":false},"author":3,"featured_media":0,"parent":8720,"menu_order":0,"comment_status":"closed","ping_status":"closed","template":"page-vehiculos.php","meta":{"footnotes":""},"class_list":["post-8727","page","type-page","status-publish","hentry"],"yoast_head":"<!-- This site is optimized with the Yoast SEO plugin v27.5 - https:\/\/yoast.com\/product\/yoast-seo-wordpress\/ -->\n<title>Ersatzteile und Zubeh\u00f6r f\u00fcr die Busse Sunsundegui SB3 - INDUSTRI<\/title>\n<meta name=\"description\" content=\"INDUSTRI fertigt exklusive Ersatzteile f\u00fcr die Busse Sunsundegui SB3, wie z. B. Vorh\u00e4nge, R\u00fcckspiegel oder Scharniere.\" \/>\n<meta name=\"robots\" content=\"index, follow, max-snippet:-1, max-image-preview:large, max-video-preview:-1\" \/>\n<link rel=\"canonical\" href=\"https:\/\/www.industri-sl.com\/de\/transport\/ersatzteile\/bus\/sunsundegui\/sb3\/\" \/>\n<meta property=\"og:locale\" content=\"de_DE\" \/>\n<meta property=\"og:type\" content=\"article\" \/>\n<meta property=\"og:title\" content=\"Ersatzteile und Zubeh\u00f6r f\u00fcr die Busse Sunsundegui SB3 - INDUSTRI\" \/>\n<meta property=\"og:description\" content=\"INDUSTRI fertigt exklusive Ersatzteile f\u00fcr die Busse Sunsundegui SB3, wie z. B. Vorh\u00e4nge, R\u00fcckspiegel oder Scharniere.\" \/>\n<meta property=\"og:url\" content=\"https:\/\/www.industri-sl.com\/de\/transport\/ersatzteile\/bus\/sunsundegui\/sb3\/\" \/>\n<meta property=\"og:site_name\" content=\"Industri SL\" \/>\n<meta property=\"article:modified_time\" content=\"2025-05-21T12:02:05+00:00\" \/>\n<meta property=\"og:image\" content=\"https:\/\/www.industri-sl.com\/wp-content\/uploads\/sb3-3-1-2.jpg\" \/>\n<meta name=\"twitter:card\" content=\"summary_large_image\" \/>\n<meta name=\"twitter:label1\" content=\"Gesch\u00e4tzte Lesezeit\" \/>\n\t<meta name=\"twitter:data1\" content=\"2\u00a0Minuten\" \/>\n<script type=\"application\/ld+json\" class=\"yoast-schema-graph\">{\"@context\":\"https:\\\/\\\/schema.org\",\"@graph\":[{\"@type\":\"WebPage\",\"@id\":\"https:\\\/\\\/www.industri-sl.com\\\/de\\\/transport\\\/ersatzteile\\\/bus\\\/sunsundegui\\\/sb3\\\/\",\"url\":\"https:\\\/\\\/www.industri-sl.com\\\/de\\\/transport\\\/ersatzteile\\\/bus\\\/sunsundegui\\\/sb3\\\/\",\"name\":\"Ersatzteile und Zubeh\u00f6r f\u00fcr die Busse Sunsundegui SB3 - INDUSTRI\",\"isPartOf\":{\"@id\":\"https:\\\/\\\/www.industri-sl.com\\\/de\\\/#website\"},\"primaryImageOfPage\":{\"@id\":\"https:\\\/\\\/www.industri-sl.com\\\/de\\\/transport\\\/ersatzteile\\\/bus\\\/sunsundegui\\\/sb3\\\/#primaryimage\"},\"image\":{\"@id\":\"https:\\\/\\\/www.industri-sl.com\\\/de\\\/transport\\\/ersatzteile\\\/bus\\\/sunsundegui\\\/sb3\\\/#primaryimage\"},\"thumbnailUrl\":\"https:\\\/\\\/www.industri-sl.com\\\/wp-content\\\/uploads\\\/sc5-1-2-300x225.jpg\",\"datePublished\":\"2019-10-02T11:44:07+00:00\",\"dateModified\":\"2025-05-21T12:02:05+00:00\",\"description\":\"INDUSTRI fertigt exklusive Ersatzteile f\u00fcr die Busse Sunsundegui SB3, wie z. B. Vorh\u00e4nge, R\u00fcckspiegel oder Scharniere.\",\"breadcrumb\":{\"@id\":\"https:\\\/\\\/www.industri-sl.com\\\/de\\\/transport\\\/ersatzteile\\\/bus\\\/sunsundegui\\\/sb3\\\/#breadcrumb\"},\"inLanguage\":\"de\",\"potentialAction\":[{\"@type\":\"ReadAction\",\"target\":[\"https:\\\/\\\/www.industri-sl.com\\\/de\\\/transport\\\/ersatzteile\\\/bus\\\/sunsundegui\\\/sb3\\\/\"]}]},{\"@type\":\"ImageObject\",\"inLanguage\":\"de\",\"@id\":\"https:\\\/\\\/www.industri-sl.com\\\/de\\\/transport\\\/ersatzteile\\\/bus\\\/sunsundegui\\\/sb3\\\/#primaryimage\",\"url\":\"https:\\\/\\\/www.industri-sl.com\\\/wp-content\\\/uploads\\\/sc5-1-2-300x225.jpg\",\"contentUrl\":\"https:\\\/\\\/www.industri-sl.com\\\/wp-content\\\/uploads\\\/sc5-1-2-300x225.jpg\"},{\"@type\":\"BreadcrumbList\",\"@id\":\"https:\\\/\\\/www.industri-sl.com\\\/de\\\/transport\\\/ersatzteile\\\/bus\\\/sunsundegui\\\/sb3\\\/#breadcrumb\",\"itemListElement\":[{\"@type\":\"ListItem\",\"position\":1,\"name\":\"Inicio\",\"item\":\"https:\\\/\\\/www.industri-sl.com\\\/de\\\/\"},{\"@type\":\"ListItem\",\"position\":2,\"name\":\"Gesch\u00e4ftsbereich Transport\",\"item\":\"https:\\\/\\\/www.industri-sl.com\\\/de\\\/transport\\\/\"},{\"@type\":\"ListItem\",\"position\":3,\"name\":\"Ersatzteilkatalog\",\"item\":\"https:\\\/\\\/www.industri-sl.com\\\/de\\\/transport\\\/ersatzteile\\\/\"},{\"@type\":\"ListItem\",\"position\":4,\"name\":\"Ersatzteile und Zubeh\u00f6r f\u00fcr Busse\",\"item\":\"https:\\\/\\\/www.industri-sl.com\\\/de\\\/transport\\\/ersatzteile\\\/bus\\\/\"},{\"@type\":\"ListItem\",\"position\":5,\"name\":\"Ersatzteile f\u00fcr Busse der Marke Sunsundegui\",\"item\":\"https:\\\/\\\/www.industri-sl.com\\\/de\\\/transport\\\/ersatzteile\\\/bus\\\/sunsundegui\\\/\"},{\"@type\":\"ListItem\",\"position\":6,\"name\":\"Ersatzteile f\u00fcr Sunsundegui SB3\"}]},{\"@type\":\"WebSite\",\"@id\":\"https:\\\/\\\/www.industri-sl.com\\\/de\\\/#website\",\"url\":\"https:\\\/\\\/www.industri-sl.com\\\/de\\\/\",\"name\":\"Industri SL\",\"description\":\"\",\"publisher\":{\"@id\":\"https:\\\/\\\/www.industri-sl.com\\\/de\\\/#organization\"},\"potentialAction\":[{\"@type\":\"SearchAction\",\"target\":{\"@type\":\"EntryPoint\",\"urlTemplate\":\"https:\\\/\\\/www.industri-sl.com\\\/de\\\/?s={search_term_string}\"},\"query-input\":{\"@type\":\"PropertyValueSpecification\",\"valueRequired\":true,\"valueName\":\"search_term_string\"}}],\"inLanguage\":\"de\"},{\"@type\":\"Organization\",\"@id\":\"https:\\\/\\\/www.industri-sl.com\\\/de\\\/#organization\",\"name\":\"Industri SL\",\"url\":\"https:\\\/\\\/www.industri-sl.com\\\/de\\\/\",\"logo\":{\"@type\":\"ImageObject\",\"inLanguage\":\"de\",\"@id\":\"https:\\\/\\\/www.industri-sl.com\\\/de\\\/#\\\/schema\\\/logo\\\/image\\\/\",\"url\":\"https:\\\/\\\/www.industri-sl.com\\\/wp-content\\\/uploads\\\/industri-logo.png\",\"contentUrl\":\"https:\\\/\\\/www.industri-sl.com\\\/wp-content\\\/uploads\\\/industri-logo.png\",\"width\":248,\"height\":45,\"caption\":\"Industri SL\"},\"image\":{\"@id\":\"https:\\\/\\\/www.industri-sl.com\\\/de\\\/#\\\/schema\\\/logo\\\/image\\\/\"}}]}<\/script>\n<!-- \/ Yoast SEO plugin. -->","yoast_head_json":{"title":"Ersatzteile und Zubeh\u00f6r f\u00fcr die Busse Sunsundegui SB3 - INDUSTRI","description":"INDUSTRI fertigt exklusive Ersatzteile f\u00fcr die Busse Sunsundegui SB3, wie z. B. Vorh\u00e4nge, R\u00fcckspiegel oder Scharniere.","robots":{"index":"index","follow":"follow","max-snippet":"max-snippet:-1","max-image-preview":"max-image-preview:large","max-video-preview":"max-video-preview:-1"},"canonical":"https:\/\/www.industri-sl.com\/de\/transport\/ersatzteile\/bus\/sunsundegui\/sb3\/","og_locale":"de_DE","og_type":"article","og_title":"Ersatzteile und Zubeh\u00f6r f\u00fcr die Busse Sunsundegui SB3 - INDUSTRI","og_description":"INDUSTRI fertigt exklusive Ersatzteile f\u00fcr die Busse Sunsundegui SB3, wie z. B. Vorh\u00e4nge, R\u00fcckspiegel oder Scharniere.","og_url":"https:\/\/www.industri-sl.com\/de\/transport\/ersatzteile\/bus\/sunsundegui\/sb3\/","og_site_name":"Industri SL","article_modified_time":"2025-05-21T12:02:05+00:00","og_image":[{"url":"https:\/\/www.industri-sl.com\/wp-content\/uploads\/sb3-3-1-2.jpg","type":"","width":"","height":""}],"twitter_card":"summary_large_image","twitter_misc":{"Gesch\u00e4tzte Lesezeit":"2\u00a0Minuten"},"schema":{"@context":"https:\/\/schema.org","@graph":[{"@type":"WebPage","@id":"https:\/\/www.industri-sl.com\/de\/transport\/ersatzteile\/bus\/sunsundegui\/sb3\/","url":"https:\/\/www.industri-sl.com\/de\/transport\/ersatzteile\/bus\/sunsundegui\/sb3\/","name":"Ersatzteile und Zubeh\u00f6r f\u00fcr die Busse Sunsundegui SB3 - INDUSTRI","isPartOf":{"@id":"https:\/\/www.industri-sl.com\/de\/#website"},"primaryImageOfPage":{"@id":"https:\/\/www.industri-sl.com\/de\/transport\/ersatzteile\/bus\/sunsundegui\/sb3\/#primaryimage"},"image":{"@id":"https:\/\/www.industri-sl.com\/de\/transport\/ersatzteile\/bus\/sunsundegui\/sb3\/#primaryimage"},"thumbnailUrl":"https:\/\/www.industri-sl.com\/wp-content\/uploads\/sc5-1-2-300x225.jpg","datePublished":"2019-10-02T11:44:07+00:00","dateModified":"2025-05-21T12:02:05+00:00","description":"INDUSTRI fertigt exklusive Ersatzteile f\u00fcr die Busse Sunsundegui SB3, wie z. B. Vorh\u00e4nge, R\u00fcckspiegel oder Scharniere.","breadcrumb":{"@id":"https:\/\/www.industri-sl.com\/de\/transport\/ersatzteile\/bus\/sunsundegui\/sb3\/#breadcrumb"},"inLanguage":"de","potentialAction":[{"@type":"ReadAction","target":["https:\/\/www.industri-sl.com\/de\/transport\/ersatzteile\/bus\/sunsundegui\/sb3\/"]}]},{"@type":"ImageObject","inLanguage":"de","@id":"https:\/\/www.industri-sl.com\/de\/transport\/ersatzteile\/bus\/sunsundegui\/sb3\/#primaryimage","url":"https:\/\/www.industri-sl.com\/wp-content\/uploads\/sc5-1-2-300x225.jpg","contentUrl":"https:\/\/www.industri-sl.com\/wp-content\/uploads\/sc5-1-2-300x225.jpg"},{"@type":"BreadcrumbList","@id":"https:\/\/www.industri-sl.com\/de\/transport\/ersatzteile\/bus\/sunsundegui\/sb3\/#breadcrumb","itemListElement":[{"@type":"ListItem","position":1,"name":"Inicio","item":"https:\/\/www.industri-sl.com\/de\/"},{"@type":"ListItem","position":2,"name":"Gesch\u00e4ftsbereich Transport","item":"https:\/\/www.industri-sl.com\/de\/transport\/"},{"@type":"ListItem","position":3,"name":"Ersatzteilkatalog","item":"https:\/\/www.industri-sl.com\/de\/transport\/ersatzteile\/"},{"@type":"ListItem","position":4,"name":"Ersatzteile und Zubeh\u00f6r f\u00fcr Busse","item":"https:\/\/www.industri-sl.com\/de\/transport\/ersatzteile\/bus\/"},{"@type":"ListItem","position":5,"name":"Ersatzteile f\u00fcr Busse der Marke Sunsundegui","item":"https:\/\/www.industri-sl.com\/de\/transport\/ersatzteile\/bus\/sunsundegui\/"},{"@type":"ListItem","position":6,"name":"Ersatzteile f\u00fcr Sunsundegui SB3"}]},{"@type":"WebSite","@id":"https:\/\/www.industri-sl.com\/de\/#website","url":"https:\/\/www.industri-sl.com\/de\/","name":"Industri SL","description":"","publisher":{"@id":"https:\/\/www.industri-sl.com\/de\/#organization"},"potentialAction":[{"@type":"SearchAction","target":{"@type":"EntryPoint","urlTemplate":"https:\/\/www.industri-sl.com\/de\/?s={search_term_string}"},"query-input":{"@type":"PropertyValueSpecification","valueRequired":true,"valueName":"search_term_string"}}],"inLanguage":"de"},{"@type":"Organization","@id":"https:\/\/www.industri-sl.com\/de\/#organization","name":"Industri SL","url":"https:\/\/www.industri-sl.com\/de\/","logo":{"@type":"ImageObject","inLanguage":"de","@id":"https:\/\/www.industri-sl.com\/de\/#\/schema\/logo\/image\/","url":"https:\/\/www.industri-sl.com\/wp-content\/uploads\/industri-logo.png","contentUrl":"https:\/\/www.industri-sl.com\/wp-content\/uploads\/industri-logo.png","width":248,"height":45,"caption":"Industri SL"},"image":{"@id":"https:\/\/www.industri-sl.com\/de\/#\/schema\/logo\/image\/"}}]}},"_links":{"self":[{"href":"https:\/\/www.industri-sl.com\/de\/wp-json\/wp\/v2\/pages\/8727","targetHints":{"allow":["GET"]}}],"collection":[{"href":"https:\/\/www.industri-sl.com\/de\/wp-json\/wp\/v2\/pages"}],"about":[{"href":"https:\/\/www.industri-sl.com\/de\/wp-json\/wp\/v2\/types\/page"}],"author":[{"embeddable":true,"href":"https:\/\/www.industri-sl.com\/de\/wp-json\/wp\/v2\/users\/3"}],"replies":[{"embeddable":true,"href":"https:\/\/www.industri-sl.com\/de\/wp-json\/wp\/v2\/comments?post=8727"}],"version-history":[{"count":0,"href":"https:\/\/www.industri-sl.com\/de\/wp-json\/wp\/v2\/pages\/8727\/revisions"}],"up":[{"embeddable":true,"href":"https:\/\/www.industri-sl.com\/de\/wp-json\/wp\/v2\/pages\/8720"}],"wp:attachment":[{"href":"https:\/\/www.industri-sl.com\/de\/wp-json\/wp\/v2\/media?parent=8727"}],"curies":[{"name":"wp","href":"https:\/\/api.w.org\/{rel}","templated":true}]}}