{"id":8725,"date":"2019-10-02T14:47:33","date_gmt":"2019-10-02T12:47:33","guid":{"rendered":"https:\/\/www.industri-sl.com\/transport\/ersatzteile\/bus\/sunsundegui\/retrovisores\/"},"modified":"2025-05-21T14:02:38","modified_gmt":"2025-05-21T12:02:38","slug":"rueckspiegel","status":"publish","type":"page","link":"https:\/\/www.industri-sl.com\/de\/transport\/ersatzteile\/bus\/sunsundegui\/rueckspiegel\/","title":{"rendered":"Ersatzteile f\u00fcr R\u00fcckspiegel von Sunsundegui"},"content":{"rendered":"<h2>Ersatzteile und Zubeh\u00f6r f\u00fcr R\u00fcckspiegel von Sunsundegui<\/h2>\n<p>Bei INDUSTRI fertigen wir Au\u00dfen-, Innen- und Notspiegel <strong>f\u00fcr Busse und Kleinbusse<\/strong> des Karosseriebauers Sunsundegui. Wir erf\u00fcllen die Anforderungen und das <a href=\"https:\/\/www.industri-sl.com\/de\/ingenieurleistungen\/\">spezifische Design <\/a>der Marke und entwerfen die Gussformen f\u00fcr die sp\u00e4tere Herstellung.<\/p>\n<p>Unsere Qualit\u00e4tsabteilung f\u00fchrt umfassende Studien durch, um sicherzustellen, dass unsere R\u00fcckspiegel alle Sicherheits- und Qualit\u00e4tsstandards erf\u00fcllen. <a href=\"https:\/\/www.industri-sl.com\/de\/ueber-uns\/\">Wir bieten dem Kunden einen umfassenden Service<\/a>, der das Design, die Zulassung und Fertigung des Produkts sowie stets eine ganz pers\u00f6nliche Betreuung umfasst.<\/p>\n<div class=\"slider-gallery-wrapper \"><div class=\"slider-gallery\"><div id=\"sliderify-carousel-1\" class=\"owl-carousel\"><div class=\"sliderify-owl-item-inner\"><img decoding=\"async\" src=\"https:\/\/www.industri-sl.com\/wp-content\/uploads\/espejo-sc-1-1.jpg\"><\/div><div class=\"sliderify-owl-item-inner\"><img decoding=\"async\" src=\"https:\/\/www.industri-sl.com\/wp-content\/uploads\/sb3-1-2.jpg\"><\/div><div class=\"sliderify-owl-item-inner\"><img decoding=\"async\" src=\"https:\/\/www.industri-sl.com\/wp-content\/uploads\/sb3-2-2.jpg\"><\/div><div class=\"sliderify-owl-item-inner\"><img decoding=\"async\" src=\"https:\/\/www.industri-sl.com\/wp-content\/uploads\/sb3-3-2.jpg\"><\/div><\/div><!-- .owl-carousel --><\/div><!-- .slider-gallery --><\/div><!-- .slider-gallery-wrapper --><script>\n\t\t\tjQuery(document).ready(function($){\n\t\t\t\tcarousel1 = $('#sliderify-carousel-1');\ncarousel1.imagesLoaded(function(){carousel1.owlCarousel({items:2,\nstagePadding:0,\nnav:1,\nnavText:['<span><\/span><span><\/span>','<span><\/span><span><\/span>'],\ncenter:1,\nloop:1,\nmargin:0,\nautoWidth:false,\nautoHeight:true,\nstageOuterClass:'sliderify-stage-outer',\nstageClass:'sliderify-stage',\nnavContainerClass:'sliderify-nav',\ncontrolsClass:'sliderify-controls',\ndotsClass:'sliderify-dots',\ndotClass:'sliderify-dot',\nonInitialized:function(event){\n\t\t\t\tconsole.log('init');\n\t\t\t},\n});});\n});\n\t\t\t<\/script>\n<div class=\"otras-piezas\">\n<h4>Wir arbeiten mit folgenden Busmodellen von Sunsundegui:<\/h4>\n<div><a class=\"boton gris\" href=\"https:\/\/www.industri-sl.com\/de\/transport\/ersatzteile\/bus\/sunsundegui\/sb3\/\">SB3<\/a> <a class=\"boton gris\" href=\"https:\/\/www.industri-sl.com\/de\/transport\/ersatzteile\/bus\/sunsundegui\/sc5\/\">SC5<\/a> <a class=\"boton gris\" href=\"https:\/\/www.industri-sl.com\/de\/transport\/ersatzteile\/bus\/sunsundegui\/sc7\/\">SC7<\/a><\/div>\n<\/div>\n<div class=\"modelos\">\n<h4>Weitere Ersatzteile, die wir auch f\u00fcr Sunsundegui fertigen:<\/h4>\n<div class=\"flex\">\n<a href=\"https:\/\/www.industri-sl.com\/de\/transport\/ersatzteile\/bus\/sunsundegui\/vorhaenge\/\"><img loading=\"lazy\" decoding=\"async\" class=\"alignnone wp-image-2363 size-medium\" src=\"https:\/\/www.industri-sl.com\/wp-content\/uploads\/cortina-london-1-3-e1576738920996-300x193.jpg\" alt=\"Ersatzteile und Zubeh\u00f6r f\u00fcr Vorh\u00e4nge von Sunsundegui\" width=\"300\" height=\"193\" srcset=\"https:\/\/www.industri-sl.com\/wp-content\/uploads\/cortina-london-1-3-e1576738920996-300x193.jpg 300w, https:\/\/www.industri-sl.com\/wp-content\/uploads\/cortina-london-1-3-e1576738920996-768x495.jpg 768w, https:\/\/www.industri-sl.com\/wp-content\/uploads\/cortina-london-1-3-e1576738920996.jpg 792w\" sizes=\"auto, (max-width: 300px) 100vw, 300px\" \/><br \/>\n<span>Vorh\u00e4nge<\/span><\/a>\n<\/div>\n<\/div>\n","protected":false},"excerpt":{"rendered":"<p>Ersatzteile und Zubeh\u00f6r f\u00fcr R\u00fcckspiegel von Sunsundegui Bei INDUSTRI fertigen wir Au\u00dfen-, Innen- und Notspiegel f\u00fcr Busse und Kleinbusse des Karosseriebauers Sunsundegui. Wir erf\u00fcllen die Anforderungen und das spezifische Design der Marke und entwerfen die Gussformen f\u00fcr die sp\u00e4tere Herstellung. Unsere Qualit\u00e4tsabteilung f\u00fchrt umfassende Studien durch, um sicherzustellen, dass unsere R\u00fcckspiegel alle Sicherheits- und Qualit\u00e4tsstandards [&hellip;]<\/p>\n","protected":false},"author":3,"featured_media":0,"parent":8720,"menu_order":0,"comment_status":"closed","ping_status":"closed","template":"page-vehiculos.php","meta":{"footnotes":""},"class_list":["post-8725","page","type-page","status-publish","hentry"],"yoast_head":"<!-- This site is optimized with the Yoast SEO plugin v27.5 - https:\/\/yoast.com\/product\/yoast-seo-wordpress\/ -->\n<title>Ersatzr\u00fcckspiegel f\u00fcr Sunsundegui-Busse - INDUSTRI<\/title>\n<meta name=\"description\" content=\"Bei INDUSTRI fertigen wir kundenspezifische Ersatzteile f\u00fcr R\u00fcckspiegel von Sunsundegui-Bussen, von Au\u00dfen- oder Innenspiegeln bis hin zu Komponenten f\u00fcr R\u00fcckspiegel.\" \/>\n<meta name=\"robots\" content=\"index, follow, max-snippet:-1, max-image-preview:large, max-video-preview:-1\" \/>\n<link rel=\"canonical\" href=\"https:\/\/www.industri-sl.com\/de\/transport\/ersatzteile\/bus\/sunsundegui\/rueckspiegel\/\" \/>\n<meta property=\"og:locale\" content=\"de_DE\" \/>\n<meta property=\"og:type\" content=\"article\" \/>\n<meta property=\"og:title\" content=\"Ersatzr\u00fcckspiegel f\u00fcr Sunsundegui-Busse - INDUSTRI\" \/>\n<meta property=\"og:description\" content=\"Bei INDUSTRI fertigen wir kundenspezifische Ersatzteile f\u00fcr R\u00fcckspiegel von Sunsundegui-Bussen, von Au\u00dfen- oder Innenspiegeln bis hin zu Komponenten f\u00fcr R\u00fcckspiegel.\" \/>\n<meta property=\"og:url\" content=\"https:\/\/www.industri-sl.com\/de\/transport\/ersatzteile\/bus\/sunsundegui\/rueckspiegel\/\" \/>\n<meta property=\"og:site_name\" content=\"Industri SL\" \/>\n<meta property=\"article:modified_time\" content=\"2025-05-21T12:02:38+00:00\" \/>\n<meta property=\"og:image\" content=\"https:\/\/www.industri-sl.com\/wp-content\/uploads\/espejo-sc-1-1.jpg\" \/>\n<meta name=\"twitter:card\" content=\"summary_large_image\" \/>\n<meta name=\"twitter:label1\" content=\"Gesch\u00e4tzte Lesezeit\" \/>\n\t<meta name=\"twitter:data1\" content=\"1\u00a0Minute\" \/>\n<script type=\"application\/ld+json\" class=\"yoast-schema-graph\">{\"@context\":\"https:\\\/\\\/schema.org\",\"@graph\":[{\"@type\":\"WebPage\",\"@id\":\"https:\\\/\\\/www.industri-sl.com\\\/de\\\/transport\\\/ersatzteile\\\/bus\\\/sunsundegui\\\/rueckspiegel\\\/\",\"url\":\"https:\\\/\\\/www.industri-sl.com\\\/de\\\/transport\\\/ersatzteile\\\/bus\\\/sunsundegui\\\/rueckspiegel\\\/\",\"name\":\"Ersatzr\u00fcckspiegel f\u00fcr Sunsundegui-Busse - INDUSTRI\",\"isPartOf\":{\"@id\":\"https:\\\/\\\/www.industri-sl.com\\\/de\\\/#website\"},\"primaryImageOfPage\":{\"@id\":\"https:\\\/\\\/www.industri-sl.com\\\/de\\\/transport\\\/ersatzteile\\\/bus\\\/sunsundegui\\\/rueckspiegel\\\/#primaryimage\"},\"image\":{\"@id\":\"https:\\\/\\\/www.industri-sl.com\\\/de\\\/transport\\\/ersatzteile\\\/bus\\\/sunsundegui\\\/rueckspiegel\\\/#primaryimage\"},\"thumbnailUrl\":\"https:\\\/\\\/www.industri-sl.com\\\/wp-content\\\/uploads\\\/cortina-london-1-3-e1576738920996-300x193.jpg\",\"datePublished\":\"2019-10-02T12:47:33+00:00\",\"dateModified\":\"2025-05-21T12:02:38+00:00\",\"description\":\"Bei INDUSTRI fertigen wir kundenspezifische Ersatzteile f\u00fcr R\u00fcckspiegel von Sunsundegui-Bussen, von Au\u00dfen- oder Innenspiegeln bis hin zu Komponenten f\u00fcr R\u00fcckspiegel.\",\"breadcrumb\":{\"@id\":\"https:\\\/\\\/www.industri-sl.com\\\/de\\\/transport\\\/ersatzteile\\\/bus\\\/sunsundegui\\\/rueckspiegel\\\/#breadcrumb\"},\"inLanguage\":\"de\",\"potentialAction\":[{\"@type\":\"ReadAction\",\"target\":[\"https:\\\/\\\/www.industri-sl.com\\\/de\\\/transport\\\/ersatzteile\\\/bus\\\/sunsundegui\\\/rueckspiegel\\\/\"]}]},{\"@type\":\"ImageObject\",\"inLanguage\":\"de\",\"@id\":\"https:\\\/\\\/www.industri-sl.com\\\/de\\\/transport\\\/ersatzteile\\\/bus\\\/sunsundegui\\\/rueckspiegel\\\/#primaryimage\",\"url\":\"https:\\\/\\\/www.industri-sl.com\\\/wp-content\\\/uploads\\\/cortina-london-1-3-e1576738920996-300x193.jpg\",\"contentUrl\":\"https:\\\/\\\/www.industri-sl.com\\\/wp-content\\\/uploads\\\/cortina-london-1-3-e1576738920996-300x193.jpg\"},{\"@type\":\"BreadcrumbList\",\"@id\":\"https:\\\/\\\/www.industri-sl.com\\\/de\\\/transport\\\/ersatzteile\\\/bus\\\/sunsundegui\\\/rueckspiegel\\\/#breadcrumb\",\"itemListElement\":[{\"@type\":\"ListItem\",\"position\":1,\"name\":\"Inicio\",\"item\":\"https:\\\/\\\/www.industri-sl.com\\\/de\\\/\"},{\"@type\":\"ListItem\",\"position\":2,\"name\":\"Gesch\u00e4ftsbereich Transport\",\"item\":\"https:\\\/\\\/www.industri-sl.com\\\/de\\\/transport\\\/\"},{\"@type\":\"ListItem\",\"position\":3,\"name\":\"Ersatzteilkatalog\",\"item\":\"https:\\\/\\\/www.industri-sl.com\\\/de\\\/transport\\\/ersatzteile\\\/\"},{\"@type\":\"ListItem\",\"position\":4,\"name\":\"Ersatzteile und Zubeh\u00f6r f\u00fcr Busse\",\"item\":\"https:\\\/\\\/www.industri-sl.com\\\/de\\\/transport\\\/ersatzteile\\\/bus\\\/\"},{\"@type\":\"ListItem\",\"position\":5,\"name\":\"Ersatzteile f\u00fcr Busse der Marke Sunsundegui\",\"item\":\"https:\\\/\\\/www.industri-sl.com\\\/de\\\/transport\\\/ersatzteile\\\/bus\\\/sunsundegui\\\/\"},{\"@type\":\"ListItem\",\"position\":6,\"name\":\"Ersatzteile f\u00fcr R\u00fcckspiegel von Sunsundegui\"}]},{\"@type\":\"WebSite\",\"@id\":\"https:\\\/\\\/www.industri-sl.com\\\/de\\\/#website\",\"url\":\"https:\\\/\\\/www.industri-sl.com\\\/de\\\/\",\"name\":\"Industri SL\",\"description\":\"\",\"publisher\":{\"@id\":\"https:\\\/\\\/www.industri-sl.com\\\/de\\\/#organization\"},\"potentialAction\":[{\"@type\":\"SearchAction\",\"target\":{\"@type\":\"EntryPoint\",\"urlTemplate\":\"https:\\\/\\\/www.industri-sl.com\\\/de\\\/?s={search_term_string}\"},\"query-input\":{\"@type\":\"PropertyValueSpecification\",\"valueRequired\":true,\"valueName\":\"search_term_string\"}}],\"inLanguage\":\"de\"},{\"@type\":\"Organization\",\"@id\":\"https:\\\/\\\/www.industri-sl.com\\\/de\\\/#organization\",\"name\":\"Industri SL\",\"url\":\"https:\\\/\\\/www.industri-sl.com\\\/de\\\/\",\"logo\":{\"@type\":\"ImageObject\",\"inLanguage\":\"de\",\"@id\":\"https:\\\/\\\/www.industri-sl.com\\\/de\\\/#\\\/schema\\\/logo\\\/image\\\/\",\"url\":\"https:\\\/\\\/www.industri-sl.com\\\/wp-content\\\/uploads\\\/industri-logo.png\",\"contentUrl\":\"https:\\\/\\\/www.industri-sl.com\\\/wp-content\\\/uploads\\\/industri-logo.png\",\"width\":248,\"height\":45,\"caption\":\"Industri SL\"},\"image\":{\"@id\":\"https:\\\/\\\/www.industri-sl.com\\\/de\\\/#\\\/schema\\\/logo\\\/image\\\/\"}}]}<\/script>\n<!-- \/ Yoast SEO plugin. -->","yoast_head_json":{"title":"Ersatzr\u00fcckspiegel f\u00fcr Sunsundegui-Busse - INDUSTRI","description":"Bei INDUSTRI fertigen wir kundenspezifische Ersatzteile f\u00fcr R\u00fcckspiegel von Sunsundegui-Bussen, von Au\u00dfen- oder Innenspiegeln bis hin zu Komponenten f\u00fcr R\u00fcckspiegel.","robots":{"index":"index","follow":"follow","max-snippet":"max-snippet:-1","max-image-preview":"max-image-preview:large","max-video-preview":"max-video-preview:-1"},"canonical":"https:\/\/www.industri-sl.com\/de\/transport\/ersatzteile\/bus\/sunsundegui\/rueckspiegel\/","og_locale":"de_DE","og_type":"article","og_title":"Ersatzr\u00fcckspiegel f\u00fcr Sunsundegui-Busse - INDUSTRI","og_description":"Bei INDUSTRI fertigen wir kundenspezifische Ersatzteile f\u00fcr R\u00fcckspiegel von Sunsundegui-Bussen, von Au\u00dfen- oder Innenspiegeln bis hin zu Komponenten f\u00fcr R\u00fcckspiegel.","og_url":"https:\/\/www.industri-sl.com\/de\/transport\/ersatzteile\/bus\/sunsundegui\/rueckspiegel\/","og_site_name":"Industri SL","article_modified_time":"2025-05-21T12:02:38+00:00","og_image":[{"url":"https:\/\/www.industri-sl.com\/wp-content\/uploads\/espejo-sc-1-1.jpg","type":"","width":"","height":""}],"twitter_card":"summary_large_image","twitter_misc":{"Gesch\u00e4tzte Lesezeit":"1\u00a0Minute"},"schema":{"@context":"https:\/\/schema.org","@graph":[{"@type":"WebPage","@id":"https:\/\/www.industri-sl.com\/de\/transport\/ersatzteile\/bus\/sunsundegui\/rueckspiegel\/","url":"https:\/\/www.industri-sl.com\/de\/transport\/ersatzteile\/bus\/sunsundegui\/rueckspiegel\/","name":"Ersatzr\u00fcckspiegel f\u00fcr Sunsundegui-Busse - INDUSTRI","isPartOf":{"@id":"https:\/\/www.industri-sl.com\/de\/#website"},"primaryImageOfPage":{"@id":"https:\/\/www.industri-sl.com\/de\/transport\/ersatzteile\/bus\/sunsundegui\/rueckspiegel\/#primaryimage"},"image":{"@id":"https:\/\/www.industri-sl.com\/de\/transport\/ersatzteile\/bus\/sunsundegui\/rueckspiegel\/#primaryimage"},"thumbnailUrl":"https:\/\/www.industri-sl.com\/wp-content\/uploads\/cortina-london-1-3-e1576738920996-300x193.jpg","datePublished":"2019-10-02T12:47:33+00:00","dateModified":"2025-05-21T12:02:38+00:00","description":"Bei INDUSTRI fertigen wir kundenspezifische Ersatzteile f\u00fcr R\u00fcckspiegel von Sunsundegui-Bussen, von Au\u00dfen- oder Innenspiegeln bis hin zu Komponenten f\u00fcr R\u00fcckspiegel.","breadcrumb":{"@id":"https:\/\/www.industri-sl.com\/de\/transport\/ersatzteile\/bus\/sunsundegui\/rueckspiegel\/#breadcrumb"},"inLanguage":"de","potentialAction":[{"@type":"ReadAction","target":["https:\/\/www.industri-sl.com\/de\/transport\/ersatzteile\/bus\/sunsundegui\/rueckspiegel\/"]}]},{"@type":"ImageObject","inLanguage":"de","@id":"https:\/\/www.industri-sl.com\/de\/transport\/ersatzteile\/bus\/sunsundegui\/rueckspiegel\/#primaryimage","url":"https:\/\/www.industri-sl.com\/wp-content\/uploads\/cortina-london-1-3-e1576738920996-300x193.jpg","contentUrl":"https:\/\/www.industri-sl.com\/wp-content\/uploads\/cortina-london-1-3-e1576738920996-300x193.jpg"},{"@type":"BreadcrumbList","@id":"https:\/\/www.industri-sl.com\/de\/transport\/ersatzteile\/bus\/sunsundegui\/rueckspiegel\/#breadcrumb","itemListElement":[{"@type":"ListItem","position":1,"name":"Inicio","item":"https:\/\/www.industri-sl.com\/de\/"},{"@type":"ListItem","position":2,"name":"Gesch\u00e4ftsbereich Transport","item":"https:\/\/www.industri-sl.com\/de\/transport\/"},{"@type":"ListItem","position":3,"name":"Ersatzteilkatalog","item":"https:\/\/www.industri-sl.com\/de\/transport\/ersatzteile\/"},{"@type":"ListItem","position":4,"name":"Ersatzteile und Zubeh\u00f6r f\u00fcr Busse","item":"https:\/\/www.industri-sl.com\/de\/transport\/ersatzteile\/bus\/"},{"@type":"ListItem","position":5,"name":"Ersatzteile f\u00fcr Busse der Marke Sunsundegui","item":"https:\/\/www.industri-sl.com\/de\/transport\/ersatzteile\/bus\/sunsundegui\/"},{"@type":"ListItem","position":6,"name":"Ersatzteile f\u00fcr R\u00fcckspiegel von Sunsundegui"}]},{"@type":"WebSite","@id":"https:\/\/www.industri-sl.com\/de\/#website","url":"https:\/\/www.industri-sl.com\/de\/","name":"Industri SL","description":"","publisher":{"@id":"https:\/\/www.industri-sl.com\/de\/#organization"},"potentialAction":[{"@type":"SearchAction","target":{"@type":"EntryPoint","urlTemplate":"https:\/\/www.industri-sl.com\/de\/?s={search_term_string}"},"query-input":{"@type":"PropertyValueSpecification","valueRequired":true,"valueName":"search_term_string"}}],"inLanguage":"de"},{"@type":"Organization","@id":"https:\/\/www.industri-sl.com\/de\/#organization","name":"Industri SL","url":"https:\/\/www.industri-sl.com\/de\/","logo":{"@type":"ImageObject","inLanguage":"de","@id":"https:\/\/www.industri-sl.com\/de\/#\/schema\/logo\/image\/","url":"https:\/\/www.industri-sl.com\/wp-content\/uploads\/industri-logo.png","contentUrl":"https:\/\/www.industri-sl.com\/wp-content\/uploads\/industri-logo.png","width":248,"height":45,"caption":"Industri SL"},"image":{"@id":"https:\/\/www.industri-sl.com\/de\/#\/schema\/logo\/image\/"}}]}},"_links":{"self":[{"href":"https:\/\/www.industri-sl.com\/de\/wp-json\/wp\/v2\/pages\/8725","targetHints":{"allow":["GET"]}}],"collection":[{"href":"https:\/\/www.industri-sl.com\/de\/wp-json\/wp\/v2\/pages"}],"about":[{"href":"https:\/\/www.industri-sl.com\/de\/wp-json\/wp\/v2\/types\/page"}],"author":[{"embeddable":true,"href":"https:\/\/www.industri-sl.com\/de\/wp-json\/wp\/v2\/users\/3"}],"replies":[{"embeddable":true,"href":"https:\/\/www.industri-sl.com\/de\/wp-json\/wp\/v2\/comments?post=8725"}],"version-history":[{"count":0,"href":"https:\/\/www.industri-sl.com\/de\/wp-json\/wp\/v2\/pages\/8725\/revisions"}],"up":[{"embeddable":true,"href":"https:\/\/www.industri-sl.com\/de\/wp-json\/wp\/v2\/pages\/8720"}],"wp:attachment":[{"href":"https:\/\/www.industri-sl.com\/de\/wp-json\/wp\/v2\/media?parent=8725"}],"curies":[{"name":"wp","href":"https:\/\/api.w.org\/{rel}","templated":true}]}}