{"id":8720,"date":"2019-10-02T13:32:14","date_gmt":"2019-10-02T11:32:14","guid":{"rendered":"https:\/\/www.industri-sl.com\/transport\/ersatzteile\/bus\/sunsundegui\/"},"modified":"2025-05-21T13:59:30","modified_gmt":"2025-05-21T11:59:30","slug":"sunsundegui","status":"publish","type":"page","link":"https:\/\/www.industri-sl.com\/de\/transport\/ersatzteile\/bus\/sunsundegui\/","title":{"rendered":"Ersatzteile f\u00fcr Busse der Marke Sunsundegui"},"content":{"rendered":"<h2>Ersatzteilkatalog f\u00fcr Busse der Marke Sunsundegui<\/h2>\n<p><img loading=\"lazy\" decoding=\"async\" class=\"alignright wp-image-43 size-medium\" src=\"https:\/\/www.industri-sl.com\/wp-content\/uploads\/logo-sunsundegui-300x200.png\" alt=\"Sunsundegui logo\" width=\"300\" height=\"200\" srcset=\"https:\/\/www.industri-sl.com\/wp-content\/uploads\/logo-sunsundegui-300x200.png 300w, https:\/\/www.industri-sl.com\/wp-content\/uploads\/logo-sunsundegui.png 600w\" sizes=\"auto, (max-width: 300px) 100vw, 300px\" \/>INDUSTRI fertigt <strong>exklusiv einige Bau- und Ersatzteile<\/strong> f\u00fcr die Firma Sunsundegui. Sunsundegui ist ein Unternehmen aus Navarra mit Sitz in Alsasua, das seit 1944 Aufbauten f\u00fcr Fahrzeuge mit gro\u00dfer Tonnage herstellt, besonders Reisebusse und Z\u00fcge.<\/p>\n<p>INDUSTRI hat Innen- und Au\u00dfenspiegel f\u00fcr Sunsundegui <a href=\"https:\/\/www.industri-sl.com\/de\/ingenieurleistungen\/\">entworfen und hergestellt<\/a>. Wir fertigen R\u00fcckspiegel, ovale Innen- sowie Notspiegel und Exklusivmodelle <strong>f\u00fcr die Busse SC- und SB3<\/strong>.<\/p>\n<p>Autobuses Sunsundegui ist sowohl auf dem spanischen als auch <strong>auf dem internationalen Markt<\/strong> t\u00e4tig und exportiert Busse in insgesamt 16 L\u00e4nder.<\/p>\n<p><a class=\"boton\" href=\"#modelos\">F\u00fcr welche Modelle von Sunsundegui fertigen wir?<\/a><\/p>\n<p><a class=\"boton\" href=\"#recambios\">Welche Ersatzteile fertigen wir?<\/a><\/p>\n<div class=\"slider-gallery-wrapper \"><div class=\"slider-gallery\"><div id=\"sliderify-carousel-1\" class=\"owl-carousel\"><div class=\"sliderify-owl-item-inner\"><img decoding=\"async\" src=\"https:\/\/www.industri-sl.com\/wp-content\/uploads\/interior-oval-2-1.jpg\"><\/div><div class=\"sliderify-owl-item-inner\"><img decoding=\"async\" src=\"https:\/\/www.industri-sl.com\/wp-content\/uploads\/sb3-2-2.jpg\"><\/div><div class=\"sliderify-owl-item-inner\"><img decoding=\"async\" src=\"https:\/\/www.industri-sl.com\/wp-content\/uploads\/sb3-3-2.jpg\"><\/div><div class=\"sliderify-owl-item-inner\"><img decoding=\"async\" src=\"https:\/\/www.industri-sl.com\/wp-content\/uploads\/cortina-london-1-3-e1576738920996.jpg\"><\/div><\/div><!-- .owl-carousel --><\/div><!-- .slider-gallery --><\/div><!-- .slider-gallery-wrapper --><script>\n\t\t\tjQuery(document).ready(function($){\n\t\t\t\tcarousel1 = $('#sliderify-carousel-1');\ncarousel1.imagesLoaded(function(){carousel1.owlCarousel({items:2,\nstagePadding:0,\nnav:1,\nnavText:['<span><\/span><span><\/span>','<span><\/span><span><\/span>'],\ncenter:1,\nloop:1,\nmargin:0,\nautoWidth:false,\nautoHeight:true,\nstageOuterClass:'sliderify-stage-outer',\nstageClass:'sliderify-stage',\nnavContainerClass:'sliderify-nav',\ncontrolsClass:'sliderify-controls',\ndotsClass:'sliderify-dots',\ndotClass:'sliderify-dot',\nonInitialized:function(event){\n\t\t\t\tconsole.log('init');\n\t\t\t},\n});});\n});\n\t\t\t<\/script>\n<div class=\"modelos\">\n<h4>Modelle von Sunsundegui, f\u00fcr die wir Ersatzteile f\u00fchren:<\/h4>\n<div class=\"flex\"><a href=\"https:\/\/www.industri-sl.com\/de\/transport\/ersatzteile\/bus\/sunsundegui\/sb3\/\"><img loading=\"lazy\" decoding=\"async\" class=\"alignnone size-medium wp-image-1512\" src=\"https:\/\/www.industri-sl.com\/wp-content\/uploads\/sb3-3-1-2-300x216.jpg\" alt=\"Ersatzteilkatalog f\u00fcr Busse der Marke Sunsundegui SB3\" width=\"300\" height=\"216\" srcset=\"https:\/\/www.industri-sl.com\/wp-content\/uploads\/sb3-3-1-2-300x216.jpg 300w, https:\/\/www.industri-sl.com\/wp-content\/uploads\/sb3-3-1-2-768x552.jpg 768w, https:\/\/www.industri-sl.com\/wp-content\/uploads\/sb3-3-1-2.jpg 800w\" sizes=\"auto, (max-width: 300px) 100vw, 300px\" \/><br \/>\n<span>SB3<\/span><\/a><br \/>\n<a href=\"https:\/\/www.industri-sl.com\/de\/transport\/ersatzteile\/bus\/sunsundegui\/sc5\/\"><img loading=\"lazy\" decoding=\"async\" class=\"alignnone size-medium wp-image-1504\" src=\"https:\/\/www.industri-sl.com\/wp-content\/uploads\/sc5-1-2-300x225.jpg\" alt=\"Ersatzteilkatalog f\u00fcr Busse der Marke Sunsundegui SC5\" width=\"300\" height=\"225\" srcset=\"https:\/\/www.industri-sl.com\/wp-content\/uploads\/sc5-1-2-300x225.jpg 300w, https:\/\/www.industri-sl.com\/wp-content\/uploads\/sc5-1-2-768x576.jpg 768w, https:\/\/www.industri-sl.com\/wp-content\/uploads\/sc5-1-2.jpg 800w\" sizes=\"auto, (max-width: 300px) 100vw, 300px\" \/><br \/>\n<span>SC5<\/span><\/a><br \/>\n<a href=\"https:\/\/www.industri-sl.com\/de\/transport\/ersatzteile\/bus\/sunsundegui\/sc7\/\"><img loading=\"lazy\" decoding=\"async\" class=\"alignnone size-medium wp-image-1500\" src=\"https:\/\/www.industri-sl.com\/wp-content\/uploads\/sc7-2-2-300x217.jpg\" alt=\"Ersatzteilkatalog f\u00fcr Busse der Marke Sunsundegui SC7\" width=\"300\" height=\"217\" srcset=\"https:\/\/www.industri-sl.com\/wp-content\/uploads\/sc7-2-2-300x217.jpg 300w, https:\/\/www.industri-sl.com\/wp-content\/uploads\/sc7-2-2-768x555.jpg 768w, https:\/\/www.industri-sl.com\/wp-content\/uploads\/sc7-2-2.jpg 800w\" sizes=\"auto, (max-width: 300px) 100vw, 300px\" \/><br \/>\n<span>SC7<\/span><\/a><\/div>\n<\/div>\n<div class=\"otras-piezas\">\n<h4>Wir bieten Ersatzteile f\u00fcr:<\/h4>\n<div>\n<a class=\"boton gris\" href=\"https:\/\/www.industri-sl.com\/de\/transport\/ersatzteile\/bus\/sunsundegui\/vorhaenge\/\">Vorh\u00e4nge<\/a> <a class=\"boton gris\" href=\"https:\/\/www.industri-sl.com\/de\/transport\/ersatzteile\/bus\/sunsundegui\/rueckspiegel\/\">R\u00fcckspiegel<\/a>\n<\/div>\n<\/div>\n","protected":false},"excerpt":{"rendered":"<p>Ersatzteilkatalog f\u00fcr Busse der Marke Sunsundegui INDUSTRI fertigt exklusiv einige Bau- und Ersatzteile f\u00fcr die Firma Sunsundegui. Sunsundegui ist ein Unternehmen aus Navarra mit Sitz in Alsasua, das seit 1944 Aufbauten f\u00fcr Fahrzeuge mit gro\u00dfer Tonnage herstellt, besonders Reisebusse und Z\u00fcge. INDUSTRI hat Innen- und Au\u00dfenspiegel f\u00fcr Sunsundegui entworfen und hergestellt. Wir fertigen R\u00fcckspiegel, ovale [&hellip;]<\/p>\n","protected":false},"author":3,"featured_media":0,"parent":8689,"menu_order":0,"comment_status":"closed","ping_status":"closed","template":"page-vehiculos.php","meta":{"footnotes":""},"class_list":["post-8720","page","type-page","status-publish","hentry"],"yoast_head":"<!-- This site is optimized with the Yoast SEO plugin v27.5 - https:\/\/yoast.com\/product\/yoast-seo-wordpress\/ -->\n<title>Ersatzteile und Zubeh\u00f6r f\u00fcr Sunsundegui-Busse - INDUSTRI<\/title>\n<meta name=\"description\" content=\"INDUSTRI fertigt exklusive Ersatzteile f\u00fcr Sunsundegui-Busse, wie z. B. Vorh\u00e4nge, R\u00fcckspiegel oder Scharniere.\" \/>\n<meta name=\"robots\" content=\"index, follow, max-snippet:-1, max-image-preview:large, max-video-preview:-1\" \/>\n<link rel=\"canonical\" href=\"https:\/\/www.industri-sl.com\/de\/transport\/ersatzteile\/bus\/sunsundegui\/\" \/>\n<meta property=\"og:locale\" content=\"de_DE\" \/>\n<meta property=\"og:type\" content=\"article\" \/>\n<meta property=\"og:title\" content=\"Ersatzteile und Zubeh\u00f6r f\u00fcr Sunsundegui-Busse - INDUSTRI\" \/>\n<meta property=\"og:description\" content=\"INDUSTRI fertigt exklusive Ersatzteile f\u00fcr Sunsundegui-Busse, wie z. B. Vorh\u00e4nge, R\u00fcckspiegel oder Scharniere.\" \/>\n<meta property=\"og:url\" content=\"https:\/\/www.industri-sl.com\/de\/transport\/ersatzteile\/bus\/sunsundegui\/\" \/>\n<meta property=\"og:site_name\" content=\"Industri SL\" \/>\n<meta property=\"article:modified_time\" content=\"2025-05-21T11:59:30+00:00\" \/>\n<meta property=\"og:image\" content=\"https:\/\/www.industri-sl.com\/wp-content\/uploads\/interior-oval-2-1.jpg\" \/>\n<meta name=\"twitter:card\" content=\"summary_large_image\" \/>\n<meta name=\"twitter:label1\" content=\"Gesch\u00e4tzte Lesezeit\" \/>\n\t<meta name=\"twitter:data1\" content=\"2\u00a0Minuten\" \/>\n<script type=\"application\/ld+json\" class=\"yoast-schema-graph\">{\"@context\":\"https:\\\/\\\/schema.org\",\"@graph\":[{\"@type\":\"WebPage\",\"@id\":\"https:\\\/\\\/www.industri-sl.com\\\/de\\\/transport\\\/ersatzteile\\\/bus\\\/sunsundegui\\\/\",\"url\":\"https:\\\/\\\/www.industri-sl.com\\\/de\\\/transport\\\/ersatzteile\\\/bus\\\/sunsundegui\\\/\",\"name\":\"Ersatzteile und Zubeh\u00f6r f\u00fcr Sunsundegui-Busse - INDUSTRI\",\"isPartOf\":{\"@id\":\"https:\\\/\\\/www.industri-sl.com\\\/de\\\/#website\"},\"primaryImageOfPage\":{\"@id\":\"https:\\\/\\\/www.industri-sl.com\\\/de\\\/transport\\\/ersatzteile\\\/bus\\\/sunsundegui\\\/#primaryimage\"},\"image\":{\"@id\":\"https:\\\/\\\/www.industri-sl.com\\\/de\\\/transport\\\/ersatzteile\\\/bus\\\/sunsundegui\\\/#primaryimage\"},\"thumbnailUrl\":\"https:\\\/\\\/www.industri-sl.com\\\/wp-content\\\/uploads\\\/logo-sunsundegui-300x200.png\",\"datePublished\":\"2019-10-02T11:32:14+00:00\",\"dateModified\":\"2025-05-21T11:59:30+00:00\",\"description\":\"INDUSTRI fertigt exklusive Ersatzteile f\u00fcr Sunsundegui-Busse, wie z. B. Vorh\u00e4nge, R\u00fcckspiegel oder Scharniere.\",\"breadcrumb\":{\"@id\":\"https:\\\/\\\/www.industri-sl.com\\\/de\\\/transport\\\/ersatzteile\\\/bus\\\/sunsundegui\\\/#breadcrumb\"},\"inLanguage\":\"de\",\"potentialAction\":[{\"@type\":\"ReadAction\",\"target\":[\"https:\\\/\\\/www.industri-sl.com\\\/de\\\/transport\\\/ersatzteile\\\/bus\\\/sunsundegui\\\/\"]}]},{\"@type\":\"ImageObject\",\"inLanguage\":\"de\",\"@id\":\"https:\\\/\\\/www.industri-sl.com\\\/de\\\/transport\\\/ersatzteile\\\/bus\\\/sunsundegui\\\/#primaryimage\",\"url\":\"https:\\\/\\\/www.industri-sl.com\\\/wp-content\\\/uploads\\\/logo-sunsundegui-300x200.png\",\"contentUrl\":\"https:\\\/\\\/www.industri-sl.com\\\/wp-content\\\/uploads\\\/logo-sunsundegui-300x200.png\"},{\"@type\":\"BreadcrumbList\",\"@id\":\"https:\\\/\\\/www.industri-sl.com\\\/de\\\/transport\\\/ersatzteile\\\/bus\\\/sunsundegui\\\/#breadcrumb\",\"itemListElement\":[{\"@type\":\"ListItem\",\"position\":1,\"name\":\"Inicio\",\"item\":\"https:\\\/\\\/www.industri-sl.com\\\/de\\\/\"},{\"@type\":\"ListItem\",\"position\":2,\"name\":\"Gesch\u00e4ftsbereich Transport\",\"item\":\"https:\\\/\\\/www.industri-sl.com\\\/de\\\/transport\\\/\"},{\"@type\":\"ListItem\",\"position\":3,\"name\":\"Ersatzteilkatalog\",\"item\":\"https:\\\/\\\/www.industri-sl.com\\\/de\\\/transport\\\/ersatzteile\\\/\"},{\"@type\":\"ListItem\",\"position\":4,\"name\":\"Ersatzteile und Zubeh\u00f6r f\u00fcr Busse\",\"item\":\"https:\\\/\\\/www.industri-sl.com\\\/de\\\/transport\\\/ersatzteile\\\/bus\\\/\"},{\"@type\":\"ListItem\",\"position\":5,\"name\":\"Ersatzteile f\u00fcr Busse der Marke Sunsundegui\"}]},{\"@type\":\"WebSite\",\"@id\":\"https:\\\/\\\/www.industri-sl.com\\\/de\\\/#website\",\"url\":\"https:\\\/\\\/www.industri-sl.com\\\/de\\\/\",\"name\":\"Industri SL\",\"description\":\"\",\"publisher\":{\"@id\":\"https:\\\/\\\/www.industri-sl.com\\\/de\\\/#organization\"},\"potentialAction\":[{\"@type\":\"SearchAction\",\"target\":{\"@type\":\"EntryPoint\",\"urlTemplate\":\"https:\\\/\\\/www.industri-sl.com\\\/de\\\/?s={search_term_string}\"},\"query-input\":{\"@type\":\"PropertyValueSpecification\",\"valueRequired\":true,\"valueName\":\"search_term_string\"}}],\"inLanguage\":\"de\"},{\"@type\":\"Organization\",\"@id\":\"https:\\\/\\\/www.industri-sl.com\\\/de\\\/#organization\",\"name\":\"Industri SL\",\"url\":\"https:\\\/\\\/www.industri-sl.com\\\/de\\\/\",\"logo\":{\"@type\":\"ImageObject\",\"inLanguage\":\"de\",\"@id\":\"https:\\\/\\\/www.industri-sl.com\\\/de\\\/#\\\/schema\\\/logo\\\/image\\\/\",\"url\":\"https:\\\/\\\/www.industri-sl.com\\\/wp-content\\\/uploads\\\/industri-logo.png\",\"contentUrl\":\"https:\\\/\\\/www.industri-sl.com\\\/wp-content\\\/uploads\\\/industri-logo.png\",\"width\":248,\"height\":45,\"caption\":\"Industri SL\"},\"image\":{\"@id\":\"https:\\\/\\\/www.industri-sl.com\\\/de\\\/#\\\/schema\\\/logo\\\/image\\\/\"}}]}<\/script>\n<!-- \/ Yoast SEO plugin. -->","yoast_head_json":{"title":"Ersatzteile und Zubeh\u00f6r f\u00fcr Sunsundegui-Busse - INDUSTRI","description":"INDUSTRI fertigt exklusive Ersatzteile f\u00fcr Sunsundegui-Busse, wie z. B. Vorh\u00e4nge, R\u00fcckspiegel oder Scharniere.","robots":{"index":"index","follow":"follow","max-snippet":"max-snippet:-1","max-image-preview":"max-image-preview:large","max-video-preview":"max-video-preview:-1"},"canonical":"https:\/\/www.industri-sl.com\/de\/transport\/ersatzteile\/bus\/sunsundegui\/","og_locale":"de_DE","og_type":"article","og_title":"Ersatzteile und Zubeh\u00f6r f\u00fcr Sunsundegui-Busse - INDUSTRI","og_description":"INDUSTRI fertigt exklusive Ersatzteile f\u00fcr Sunsundegui-Busse, wie z. B. Vorh\u00e4nge, R\u00fcckspiegel oder Scharniere.","og_url":"https:\/\/www.industri-sl.com\/de\/transport\/ersatzteile\/bus\/sunsundegui\/","og_site_name":"Industri SL","article_modified_time":"2025-05-21T11:59:30+00:00","og_image":[{"url":"https:\/\/www.industri-sl.com\/wp-content\/uploads\/interior-oval-2-1.jpg","type":"","width":"","height":""}],"twitter_card":"summary_large_image","twitter_misc":{"Gesch\u00e4tzte Lesezeit":"2\u00a0Minuten"},"schema":{"@context":"https:\/\/schema.org","@graph":[{"@type":"WebPage","@id":"https:\/\/www.industri-sl.com\/de\/transport\/ersatzteile\/bus\/sunsundegui\/","url":"https:\/\/www.industri-sl.com\/de\/transport\/ersatzteile\/bus\/sunsundegui\/","name":"Ersatzteile und Zubeh\u00f6r f\u00fcr Sunsundegui-Busse - INDUSTRI","isPartOf":{"@id":"https:\/\/www.industri-sl.com\/de\/#website"},"primaryImageOfPage":{"@id":"https:\/\/www.industri-sl.com\/de\/transport\/ersatzteile\/bus\/sunsundegui\/#primaryimage"},"image":{"@id":"https:\/\/www.industri-sl.com\/de\/transport\/ersatzteile\/bus\/sunsundegui\/#primaryimage"},"thumbnailUrl":"https:\/\/www.industri-sl.com\/wp-content\/uploads\/logo-sunsundegui-300x200.png","datePublished":"2019-10-02T11:32:14+00:00","dateModified":"2025-05-21T11:59:30+00:00","description":"INDUSTRI fertigt exklusive Ersatzteile f\u00fcr Sunsundegui-Busse, wie z. B. Vorh\u00e4nge, R\u00fcckspiegel oder Scharniere.","breadcrumb":{"@id":"https:\/\/www.industri-sl.com\/de\/transport\/ersatzteile\/bus\/sunsundegui\/#breadcrumb"},"inLanguage":"de","potentialAction":[{"@type":"ReadAction","target":["https:\/\/www.industri-sl.com\/de\/transport\/ersatzteile\/bus\/sunsundegui\/"]}]},{"@type":"ImageObject","inLanguage":"de","@id":"https:\/\/www.industri-sl.com\/de\/transport\/ersatzteile\/bus\/sunsundegui\/#primaryimage","url":"https:\/\/www.industri-sl.com\/wp-content\/uploads\/logo-sunsundegui-300x200.png","contentUrl":"https:\/\/www.industri-sl.com\/wp-content\/uploads\/logo-sunsundegui-300x200.png"},{"@type":"BreadcrumbList","@id":"https:\/\/www.industri-sl.com\/de\/transport\/ersatzteile\/bus\/sunsundegui\/#breadcrumb","itemListElement":[{"@type":"ListItem","position":1,"name":"Inicio","item":"https:\/\/www.industri-sl.com\/de\/"},{"@type":"ListItem","position":2,"name":"Gesch\u00e4ftsbereich Transport","item":"https:\/\/www.industri-sl.com\/de\/transport\/"},{"@type":"ListItem","position":3,"name":"Ersatzteilkatalog","item":"https:\/\/www.industri-sl.com\/de\/transport\/ersatzteile\/"},{"@type":"ListItem","position":4,"name":"Ersatzteile und Zubeh\u00f6r f\u00fcr Busse","item":"https:\/\/www.industri-sl.com\/de\/transport\/ersatzteile\/bus\/"},{"@type":"ListItem","position":5,"name":"Ersatzteile f\u00fcr Busse der Marke Sunsundegui"}]},{"@type":"WebSite","@id":"https:\/\/www.industri-sl.com\/de\/#website","url":"https:\/\/www.industri-sl.com\/de\/","name":"Industri SL","description":"","publisher":{"@id":"https:\/\/www.industri-sl.com\/de\/#organization"},"potentialAction":[{"@type":"SearchAction","target":{"@type":"EntryPoint","urlTemplate":"https:\/\/www.industri-sl.com\/de\/?s={search_term_string}"},"query-input":{"@type":"PropertyValueSpecification","valueRequired":true,"valueName":"search_term_string"}}],"inLanguage":"de"},{"@type":"Organization","@id":"https:\/\/www.industri-sl.com\/de\/#organization","name":"Industri SL","url":"https:\/\/www.industri-sl.com\/de\/","logo":{"@type":"ImageObject","inLanguage":"de","@id":"https:\/\/www.industri-sl.com\/de\/#\/schema\/logo\/image\/","url":"https:\/\/www.industri-sl.com\/wp-content\/uploads\/industri-logo.png","contentUrl":"https:\/\/www.industri-sl.com\/wp-content\/uploads\/industri-logo.png","width":248,"height":45,"caption":"Industri SL"},"image":{"@id":"https:\/\/www.industri-sl.com\/de\/#\/schema\/logo\/image\/"}}]}},"_links":{"self":[{"href":"https:\/\/www.industri-sl.com\/de\/wp-json\/wp\/v2\/pages\/8720","targetHints":{"allow":["GET"]}}],"collection":[{"href":"https:\/\/www.industri-sl.com\/de\/wp-json\/wp\/v2\/pages"}],"about":[{"href":"https:\/\/www.industri-sl.com\/de\/wp-json\/wp\/v2\/types\/page"}],"author":[{"embeddable":true,"href":"https:\/\/www.industri-sl.com\/de\/wp-json\/wp\/v2\/users\/3"}],"replies":[{"embeddable":true,"href":"https:\/\/www.industri-sl.com\/de\/wp-json\/wp\/v2\/comments?post=8720"}],"version-history":[{"count":0,"href":"https:\/\/www.industri-sl.com\/de\/wp-json\/wp\/v2\/pages\/8720\/revisions"}],"up":[{"embeddable":true,"href":"https:\/\/www.industri-sl.com\/de\/wp-json\/wp\/v2\/pages\/8689"}],"wp:attachment":[{"href":"https:\/\/www.industri-sl.com\/de\/wp-json\/wp\/v2\/media?parent=8720"}],"curies":[{"name":"wp","href":"https:\/\/api.w.org\/{rel}","templated":true}]}}