{"id":8717,"date":"2019-10-02T13:19:17","date_gmt":"2019-10-02T11:19:17","guid":{"rendered":"https:\/\/www.industri-sl.com\/transport\/ersatzteile\/bus\/irizar\/tapas-gasoil\/"},"modified":"2025-05-22T10:53:56","modified_gmt":"2025-05-22T08:53:56","slug":"dieseltankdeckel","status":"publish","type":"page","link":"https:\/\/www.industri-sl.com\/de\/transport\/ersatzteile\/bus\/irizar\/dieseltankdeckel\/","title":{"rendered":"Ersatzteile f\u00fcr Dieseltankdeckel von Irizar"},"content":{"rendered":"<h2>Ersatzteile und Zubeh\u00f6r f\u00fcr Dieseltankdeckel von Irizar<\/h2>\n<p>Bei INDUSTRI entwerfen und fertigen wir Dieseltankdeckel <strong>f\u00fcr Busse und Kleinbusse<\/strong> der Marke Irizar.<\/p>\n<p>Diese sind an der Einf\u00fcll\u00f6ffnung des Kraftstofftanks des Busses befestigt, <strong>den sie sch\u00fctzen und zieren<\/strong>. Sie k\u00f6nnen entweder elektrisch oder manuell bet\u00e4tigt werden. Sie bestehen aus zwei Kunststoffteilen, die durch eine Achse verbunden sind: Der Hauptk\u00f6rper sch\u00fctzt den Kraftstofftank und der Deckel verschlie\u00dft die Einf\u00fcll\u00f6ffnung des Tanks und erm\u00f6glicht die Platzierung einer Platte in der Farbe der Karosserie, die dazu dient,<a href=\"https:\/\/www.industri-sl.com\/de\/ingenieurleistungen\/\"> sie zu zieren und \u00e4sthetisch aufzuwerten<\/a>.<\/p>\n<div class=\"slider-gallery-wrapper \"><div class=\"slider-gallery\"><div id=\"sliderify-carousel-1\" class=\"owl-carousel\"><div class=\"sliderify-owl-item-inner\"><img decoding=\"async\" src=\"https:\/\/www.industri-sl.com\/wp-content\/uploads\/tapa-gasoil-2-1.jpg\"><\/div><div class=\"sliderify-owl-item-inner\"><img decoding=\"async\" src=\"https:\/\/www.industri-sl.com\/wp-content\/uploads\/tapa-gasoil-1-1.jpg\"><\/div><div class=\"sliderify-owl-item-inner\"><img decoding=\"async\" src=\"https:\/\/www.industri-sl.com\/wp-content\/uploads\/tapas-gasoil-2-1.jpg\"><\/div><div class=\"sliderify-owl-item-inner\"><img decoding=\"async\" src=\"https:\/\/www.industri-sl.com\/wp-content\/uploads\/tapa-gasoil1.jpg\"><\/div><\/div><!-- .owl-carousel --><\/div><!-- .slider-gallery --><\/div><!-- .slider-gallery-wrapper --><script>\n\t\t\tjQuery(document).ready(function($){\n\t\t\t\tcarousel1 = $('#sliderify-carousel-1');\ncarousel1.imagesLoaded(function(){carousel1.owlCarousel({items:2,\nstagePadding:0,\nnav:1,\nnavText:['<span><\/span><span><\/span>','<span><\/span><span><\/span>'],\ncenter:1,\nloop:1,\nmargin:0,\nautoWidth:false,\nautoHeight:true,\nstageOuterClass:'sliderify-stage-outer',\nstageClass:'sliderify-stage',\nnavContainerClass:'sliderify-nav',\ncontrolsClass:'sliderify-controls',\ndotsClass:'sliderify-dots',\ndotClass:'sliderify-dot',\nonInitialized:function(event){\n\t\t\t\tconsole.log('init');\n\t\t\t},\n});});\n});\n\t\t\t<\/script>\n<div class=\"otras-piezas\">\n<h4>Wir arbeiten mit folgenden Busmodellen von Irizar:<\/h4>\n<div><a class=\"boton gris\" href=\"https:\/\/www.industri-sl.com\/de\/transport\/ersatzteile\/bus\/irizar\/century\/\">Irizar Century<\/a> <a class=\"boton gris\" href=\"https:\/\/www.industri-sl.com\/de\/transport\/ersatzteile\/bus\/irizar\/i4\/\">Irizar I4<\/a> <a class=\"boton gris\" href=\"https:\/\/www.industri-sl.com\/de\/transport\/ersatzteile\/bus\/irizar\/i6\/\">Irizar i6<\/a> <a class=\"boton gris\" href=\"https:\/\/www.industri-sl.com\/de\/transport\/ersatzteile\/bus\/irizar\/i8\/\">Irizar i8<\/a> <a class=\"boton gris\" href=\"https:\/\/www.industri-sl.com\/de\/transport\/ersatzteile\/bus\/irizar\/pb\/\">Irizar Pb<\/a><\/div>\n<\/div>\n<div class=\"modelos\">\n<h4>Sonstige Ersatzteile, die wir f\u00fcr Irizar fertigen:<\/h4>\n<div class=\"flex\">\n<a href=\"https:\/\/www.industri-sl.com\/de\/transport\/ersatzteile\/bus\/irizar\/vorhaenge\/\"><img loading=\"lazy\" decoding=\"async\" class=\"alignnone wp-image-778 size-medium\" src=\"https:\/\/www.industri-sl.com\/wp-content\/uploads\/cortina-electrica-enrollable-1-300x225.jpg\" alt=\"Ersatzteile und Zubeh\u00f6r f\u00fcr Vorh\u00e4nge von Irizar\" width=\"300\" height=\"225\" srcset=\"https:\/\/www.industri-sl.com\/wp-content\/uploads\/cortina-electrica-enrollable-1-300x225.jpg 300w, https:\/\/www.industri-sl.com\/wp-content\/uploads\/cortina-electrica-enrollable-1-768x576.jpg 768w, https:\/\/www.industri-sl.com\/wp-content\/uploads\/cortina-electrica-enrollable-1.jpg 800w\" sizes=\"auto, (max-width: 300px) 100vw, 300px\" \/><br \/>\n<span>Vorh\u00e4nge<\/span><\/a><br \/>\n<a href=\"https:\/\/www.industri-sl.com\/de\/transport\/ersatzteile\/bus\/irizar\/scharniere\/\"><img loading=\"lazy\" decoding=\"async\" class=\"alignnone wp-image-807 size-medium\" src=\"https:\/\/www.industri-sl.com\/wp-content\/uploads\/i8-curvada-2-2-300x216.jpg\" alt=\"Ersatzteile und Zubeh\u00f6r f\u00fcr Scharniere von Irizar\" width=\"300\" height=\"216\" srcset=\"https:\/\/www.industri-sl.com\/wp-content\/uploads\/i8-curvada-2-2-300x216.jpg 300w, https:\/\/www.industri-sl.com\/wp-content\/uploads\/i8-curvada-2-2-768x552.jpg 768w, https:\/\/www.industri-sl.com\/wp-content\/uploads\/i8-curvada-2-2.jpg 800w\" sizes=\"auto, (max-width: 300px) 100vw, 300px\" \/><br \/>\n<span>Scharniere<\/span><\/a><br \/>\n<a href=\"https:\/\/www.industri-sl.com\/de\/transport\/ersatzteile\/bus\/irizar\/trittstufen\/\"><img loading=\"lazy\" decoding=\"async\" class=\"alignnone wp-image-1964 size-medium\" src=\"https:\/\/www.industri-sl.com\/wp-content\/uploads\/reposapies-1-2-300x219.jpg\" alt=\"Ersatzteile und Zubeh\u00f6r f\u00fcr Trittstufen von Irizar\" width=\"300\" height=\"219\" srcset=\"https:\/\/www.industri-sl.com\/wp-content\/uploads\/reposapies-1-2-300x219.jpg 300w, https:\/\/www.industri-sl.com\/wp-content\/uploads\/reposapies-1-2-768x562.jpg 768w, https:\/\/www.industri-sl.com\/wp-content\/uploads\/reposapies-1-2.jpg 800w\" sizes=\"auto, (max-width: 300px) 100vw, 300px\" \/><br \/>\n<span>Trittstufen<\/span><\/a><br \/>\n<a href=\"https:\/\/www.industri-sl.com\/de\/transport\/ersatzteile\/bus\/irizar\/rueckspiegel\/\"><img loading=\"lazy\" decoding=\"async\" class=\"alignnone wp-image-1596 size-medium\" src=\"https:\/\/www.industri-sl.com\/wp-content\/uploads\/espejo-i6-2-2-300x216.jpg\" alt=\"Ersatzteile und Zubeh\u00f6r f\u00fcr R\u00fcckspiegel von Irizar\" width=\"300\" height=\"216\" srcset=\"https:\/\/www.industri-sl.com\/wp-content\/uploads\/espejo-i6-2-2-300x216.jpg 300w, https:\/\/www.industri-sl.com\/wp-content\/uploads\/espejo-i6-2-2-768x552.jpg 768w, https:\/\/www.industri-sl.com\/wp-content\/uploads\/espejo-i6-2-2.jpg 800w\" sizes=\"auto, (max-width: 300px) 100vw, 300px\" \/><br \/>\n<span>R\u00fcckspiegel<\/span><\/a><\/p>\n<\/div>\n<\/div>\n","protected":false},"excerpt":{"rendered":"<p>Ersatzteile und Zubeh\u00f6r f\u00fcr Dieseltankdeckel von Irizar Bei INDUSTRI entwerfen und fertigen wir Dieseltankdeckel f\u00fcr Busse und Kleinbusse der Marke Irizar. Diese sind an der Einf\u00fcll\u00f6ffnung des Kraftstofftanks des Busses befestigt, den sie sch\u00fctzen und zieren. Sie k\u00f6nnen entweder elektrisch oder manuell bet\u00e4tigt werden. Sie bestehen aus zwei Kunststoffteilen, die durch eine Achse verbunden sind: [&hellip;]<\/p>\n","protected":false},"author":3,"featured_media":0,"parent":8691,"menu_order":0,"comment_status":"closed","ping_status":"closed","template":"page-vehiculos.php","meta":{"footnotes":""},"class_list":["post-8717","page","type-page","status-publish","hentry"],"yoast_head":"<!-- This site is optimized with the Yoast SEO plugin v27.5 - https:\/\/yoast.com\/product\/yoast-seo-wordpress\/ -->\n<title>Ersatz-Dieseltankdeckel f\u00fcr Irizar-Busse- INDUSTRI<\/title>\n<meta name=\"description\" content=\"Bei INDUSTRI fertigen wir kundenspezifische Ersatz-Dieseltankdeckel f\u00fcr Irizar-Busse, wobei wir uns stets an den Bedarf jedes Kunden anpassen.\" \/>\n<meta name=\"robots\" content=\"index, follow, max-snippet:-1, max-image-preview:large, max-video-preview:-1\" \/>\n<link rel=\"canonical\" href=\"https:\/\/www.industri-sl.com\/de\/transport\/ersatzteile\/bus\/irizar\/dieseltankdeckel\/\" \/>\n<meta property=\"og:locale\" content=\"de_DE\" \/>\n<meta property=\"og:type\" content=\"article\" \/>\n<meta property=\"og:title\" content=\"Ersatz-Dieseltankdeckel f\u00fcr Irizar-Busse- INDUSTRI\" \/>\n<meta property=\"og:description\" content=\"Bei INDUSTRI fertigen wir kundenspezifische Ersatz-Dieseltankdeckel f\u00fcr Irizar-Busse, wobei wir uns stets an den Bedarf jedes Kunden anpassen.\" \/>\n<meta property=\"og:url\" content=\"https:\/\/www.industri-sl.com\/de\/transport\/ersatzteile\/bus\/irizar\/dieseltankdeckel\/\" \/>\n<meta property=\"og:site_name\" content=\"Industri SL\" \/>\n<meta property=\"article:modified_time\" content=\"2025-05-22T08:53:56+00:00\" \/>\n<meta property=\"og:image\" content=\"https:\/\/www.industri-sl.com\/wp-content\/uploads\/tapa-gasoil-2-1.jpg\" \/>\n<meta name=\"twitter:card\" content=\"summary_large_image\" \/>\n<meta name=\"twitter:label1\" content=\"Gesch\u00e4tzte Lesezeit\" \/>\n\t<meta name=\"twitter:data1\" content=\"2\u00a0Minuten\" \/>\n<script type=\"application\/ld+json\" class=\"yoast-schema-graph\">{\"@context\":\"https:\\\/\\\/schema.org\",\"@graph\":[{\"@type\":\"WebPage\",\"@id\":\"https:\\\/\\\/www.industri-sl.com\\\/de\\\/transport\\\/ersatzteile\\\/bus\\\/irizar\\\/dieseltankdeckel\\\/\",\"url\":\"https:\\\/\\\/www.industri-sl.com\\\/de\\\/transport\\\/ersatzteile\\\/bus\\\/irizar\\\/dieseltankdeckel\\\/\",\"name\":\"Ersatz-Dieseltankdeckel f\u00fcr Irizar-Busse- INDUSTRI\",\"isPartOf\":{\"@id\":\"https:\\\/\\\/www.industri-sl.com\\\/de\\\/#website\"},\"primaryImageOfPage\":{\"@id\":\"https:\\\/\\\/www.industri-sl.com\\\/de\\\/transport\\\/ersatzteile\\\/bus\\\/irizar\\\/dieseltankdeckel\\\/#primaryimage\"},\"image\":{\"@id\":\"https:\\\/\\\/www.industri-sl.com\\\/de\\\/transport\\\/ersatzteile\\\/bus\\\/irizar\\\/dieseltankdeckel\\\/#primaryimage\"},\"thumbnailUrl\":\"https:\\\/\\\/www.industri-sl.com\\\/wp-content\\\/uploads\\\/cortina-electrica-enrollable-1-300x225.jpg\",\"datePublished\":\"2019-10-02T11:19:17+00:00\",\"dateModified\":\"2025-05-22T08:53:56+00:00\",\"description\":\"Bei INDUSTRI fertigen wir kundenspezifische Ersatz-Dieseltankdeckel f\u00fcr Irizar-Busse, wobei wir uns stets an den Bedarf jedes Kunden anpassen.\",\"breadcrumb\":{\"@id\":\"https:\\\/\\\/www.industri-sl.com\\\/de\\\/transport\\\/ersatzteile\\\/bus\\\/irizar\\\/dieseltankdeckel\\\/#breadcrumb\"},\"inLanguage\":\"de\",\"potentialAction\":[{\"@type\":\"ReadAction\",\"target\":[\"https:\\\/\\\/www.industri-sl.com\\\/de\\\/transport\\\/ersatzteile\\\/bus\\\/irizar\\\/dieseltankdeckel\\\/\"]}]},{\"@type\":\"ImageObject\",\"inLanguage\":\"de\",\"@id\":\"https:\\\/\\\/www.industri-sl.com\\\/de\\\/transport\\\/ersatzteile\\\/bus\\\/irizar\\\/dieseltankdeckel\\\/#primaryimage\",\"url\":\"https:\\\/\\\/www.industri-sl.com\\\/wp-content\\\/uploads\\\/cortina-electrica-enrollable-1-300x225.jpg\",\"contentUrl\":\"https:\\\/\\\/www.industri-sl.com\\\/wp-content\\\/uploads\\\/cortina-electrica-enrollable-1-300x225.jpg\"},{\"@type\":\"BreadcrumbList\",\"@id\":\"https:\\\/\\\/www.industri-sl.com\\\/de\\\/transport\\\/ersatzteile\\\/bus\\\/irizar\\\/dieseltankdeckel\\\/#breadcrumb\",\"itemListElement\":[{\"@type\":\"ListItem\",\"position\":1,\"name\":\"Inicio\",\"item\":\"https:\\\/\\\/www.industri-sl.com\\\/de\\\/\"},{\"@type\":\"ListItem\",\"position\":2,\"name\":\"Gesch\u00e4ftsbereich Transport\",\"item\":\"https:\\\/\\\/www.industri-sl.com\\\/de\\\/transport\\\/\"},{\"@type\":\"ListItem\",\"position\":3,\"name\":\"Ersatzteilkatalog\",\"item\":\"https:\\\/\\\/www.industri-sl.com\\\/de\\\/transport\\\/ersatzteile\\\/\"},{\"@type\":\"ListItem\",\"position\":4,\"name\":\"Ersatzteile und Zubeh\u00f6r f\u00fcr Busse\",\"item\":\"https:\\\/\\\/www.industri-sl.com\\\/de\\\/transport\\\/ersatzteile\\\/bus\\\/\"},{\"@type\":\"ListItem\",\"position\":5,\"name\":\"Ersatzteile f\u00fcr Busse der Marke Irizar\",\"item\":\"https:\\\/\\\/www.industri-sl.com\\\/de\\\/transport\\\/ersatzteile\\\/bus\\\/irizar\\\/\"},{\"@type\":\"ListItem\",\"position\":6,\"name\":\"Ersatzteile f\u00fcr Dieseltankdeckel von Irizar\"}]},{\"@type\":\"WebSite\",\"@id\":\"https:\\\/\\\/www.industri-sl.com\\\/de\\\/#website\",\"url\":\"https:\\\/\\\/www.industri-sl.com\\\/de\\\/\",\"name\":\"Industri SL\",\"description\":\"\",\"publisher\":{\"@id\":\"https:\\\/\\\/www.industri-sl.com\\\/de\\\/#organization\"},\"potentialAction\":[{\"@type\":\"SearchAction\",\"target\":{\"@type\":\"EntryPoint\",\"urlTemplate\":\"https:\\\/\\\/www.industri-sl.com\\\/de\\\/?s={search_term_string}\"},\"query-input\":{\"@type\":\"PropertyValueSpecification\",\"valueRequired\":true,\"valueName\":\"search_term_string\"}}],\"inLanguage\":\"de\"},{\"@type\":\"Organization\",\"@id\":\"https:\\\/\\\/www.industri-sl.com\\\/de\\\/#organization\",\"name\":\"Industri SL\",\"url\":\"https:\\\/\\\/www.industri-sl.com\\\/de\\\/\",\"logo\":{\"@type\":\"ImageObject\",\"inLanguage\":\"de\",\"@id\":\"https:\\\/\\\/www.industri-sl.com\\\/de\\\/#\\\/schema\\\/logo\\\/image\\\/\",\"url\":\"https:\\\/\\\/www.industri-sl.com\\\/wp-content\\\/uploads\\\/industri-logo.png\",\"contentUrl\":\"https:\\\/\\\/www.industri-sl.com\\\/wp-content\\\/uploads\\\/industri-logo.png\",\"width\":248,\"height\":45,\"caption\":\"Industri SL\"},\"image\":{\"@id\":\"https:\\\/\\\/www.industri-sl.com\\\/de\\\/#\\\/schema\\\/logo\\\/image\\\/\"}}]}<\/script>\n<!-- \/ Yoast SEO plugin. -->","yoast_head_json":{"title":"Ersatz-Dieseltankdeckel f\u00fcr Irizar-Busse- INDUSTRI","description":"Bei INDUSTRI fertigen wir kundenspezifische Ersatz-Dieseltankdeckel f\u00fcr Irizar-Busse, wobei wir uns stets an den Bedarf jedes Kunden anpassen.","robots":{"index":"index","follow":"follow","max-snippet":"max-snippet:-1","max-image-preview":"max-image-preview:large","max-video-preview":"max-video-preview:-1"},"canonical":"https:\/\/www.industri-sl.com\/de\/transport\/ersatzteile\/bus\/irizar\/dieseltankdeckel\/","og_locale":"de_DE","og_type":"article","og_title":"Ersatz-Dieseltankdeckel f\u00fcr Irizar-Busse- INDUSTRI","og_description":"Bei INDUSTRI fertigen wir kundenspezifische Ersatz-Dieseltankdeckel f\u00fcr Irizar-Busse, wobei wir uns stets an den Bedarf jedes Kunden anpassen.","og_url":"https:\/\/www.industri-sl.com\/de\/transport\/ersatzteile\/bus\/irizar\/dieseltankdeckel\/","og_site_name":"Industri SL","article_modified_time":"2025-05-22T08:53:56+00:00","og_image":[{"url":"https:\/\/www.industri-sl.com\/wp-content\/uploads\/tapa-gasoil-2-1.jpg","type":"","width":"","height":""}],"twitter_card":"summary_large_image","twitter_misc":{"Gesch\u00e4tzte Lesezeit":"2\u00a0Minuten"},"schema":{"@context":"https:\/\/schema.org","@graph":[{"@type":"WebPage","@id":"https:\/\/www.industri-sl.com\/de\/transport\/ersatzteile\/bus\/irizar\/dieseltankdeckel\/","url":"https:\/\/www.industri-sl.com\/de\/transport\/ersatzteile\/bus\/irizar\/dieseltankdeckel\/","name":"Ersatz-Dieseltankdeckel f\u00fcr Irizar-Busse- INDUSTRI","isPartOf":{"@id":"https:\/\/www.industri-sl.com\/de\/#website"},"primaryImageOfPage":{"@id":"https:\/\/www.industri-sl.com\/de\/transport\/ersatzteile\/bus\/irizar\/dieseltankdeckel\/#primaryimage"},"image":{"@id":"https:\/\/www.industri-sl.com\/de\/transport\/ersatzteile\/bus\/irizar\/dieseltankdeckel\/#primaryimage"},"thumbnailUrl":"https:\/\/www.industri-sl.com\/wp-content\/uploads\/cortina-electrica-enrollable-1-300x225.jpg","datePublished":"2019-10-02T11:19:17+00:00","dateModified":"2025-05-22T08:53:56+00:00","description":"Bei INDUSTRI fertigen wir kundenspezifische Ersatz-Dieseltankdeckel f\u00fcr Irizar-Busse, wobei wir uns stets an den Bedarf jedes Kunden anpassen.","breadcrumb":{"@id":"https:\/\/www.industri-sl.com\/de\/transport\/ersatzteile\/bus\/irizar\/dieseltankdeckel\/#breadcrumb"},"inLanguage":"de","potentialAction":[{"@type":"ReadAction","target":["https:\/\/www.industri-sl.com\/de\/transport\/ersatzteile\/bus\/irizar\/dieseltankdeckel\/"]}]},{"@type":"ImageObject","inLanguage":"de","@id":"https:\/\/www.industri-sl.com\/de\/transport\/ersatzteile\/bus\/irizar\/dieseltankdeckel\/#primaryimage","url":"https:\/\/www.industri-sl.com\/wp-content\/uploads\/cortina-electrica-enrollable-1-300x225.jpg","contentUrl":"https:\/\/www.industri-sl.com\/wp-content\/uploads\/cortina-electrica-enrollable-1-300x225.jpg"},{"@type":"BreadcrumbList","@id":"https:\/\/www.industri-sl.com\/de\/transport\/ersatzteile\/bus\/irizar\/dieseltankdeckel\/#breadcrumb","itemListElement":[{"@type":"ListItem","position":1,"name":"Inicio","item":"https:\/\/www.industri-sl.com\/de\/"},{"@type":"ListItem","position":2,"name":"Gesch\u00e4ftsbereich Transport","item":"https:\/\/www.industri-sl.com\/de\/transport\/"},{"@type":"ListItem","position":3,"name":"Ersatzteilkatalog","item":"https:\/\/www.industri-sl.com\/de\/transport\/ersatzteile\/"},{"@type":"ListItem","position":4,"name":"Ersatzteile und Zubeh\u00f6r f\u00fcr Busse","item":"https:\/\/www.industri-sl.com\/de\/transport\/ersatzteile\/bus\/"},{"@type":"ListItem","position":5,"name":"Ersatzteile f\u00fcr Busse der Marke Irizar","item":"https:\/\/www.industri-sl.com\/de\/transport\/ersatzteile\/bus\/irizar\/"},{"@type":"ListItem","position":6,"name":"Ersatzteile f\u00fcr Dieseltankdeckel von Irizar"}]},{"@type":"WebSite","@id":"https:\/\/www.industri-sl.com\/de\/#website","url":"https:\/\/www.industri-sl.com\/de\/","name":"Industri SL","description":"","publisher":{"@id":"https:\/\/www.industri-sl.com\/de\/#organization"},"potentialAction":[{"@type":"SearchAction","target":{"@type":"EntryPoint","urlTemplate":"https:\/\/www.industri-sl.com\/de\/?s={search_term_string}"},"query-input":{"@type":"PropertyValueSpecification","valueRequired":true,"valueName":"search_term_string"}}],"inLanguage":"de"},{"@type":"Organization","@id":"https:\/\/www.industri-sl.com\/de\/#organization","name":"Industri SL","url":"https:\/\/www.industri-sl.com\/de\/","logo":{"@type":"ImageObject","inLanguage":"de","@id":"https:\/\/www.industri-sl.com\/de\/#\/schema\/logo\/image\/","url":"https:\/\/www.industri-sl.com\/wp-content\/uploads\/industri-logo.png","contentUrl":"https:\/\/www.industri-sl.com\/wp-content\/uploads\/industri-logo.png","width":248,"height":45,"caption":"Industri SL"},"image":{"@id":"https:\/\/www.industri-sl.com\/de\/#\/schema\/logo\/image\/"}}]}},"_links":{"self":[{"href":"https:\/\/www.industri-sl.com\/de\/wp-json\/wp\/v2\/pages\/8717","targetHints":{"allow":["GET"]}}],"collection":[{"href":"https:\/\/www.industri-sl.com\/de\/wp-json\/wp\/v2\/pages"}],"about":[{"href":"https:\/\/www.industri-sl.com\/de\/wp-json\/wp\/v2\/types\/page"}],"author":[{"embeddable":true,"href":"https:\/\/www.industri-sl.com\/de\/wp-json\/wp\/v2\/users\/3"}],"replies":[{"embeddable":true,"href":"https:\/\/www.industri-sl.com\/de\/wp-json\/wp\/v2\/comments?post=8717"}],"version-history":[{"count":0,"href":"https:\/\/www.industri-sl.com\/de\/wp-json\/wp\/v2\/pages\/8717\/revisions"}],"up":[{"embeddable":true,"href":"https:\/\/www.industri-sl.com\/de\/wp-json\/wp\/v2\/pages\/8691"}],"wp:attachment":[{"href":"https:\/\/www.industri-sl.com\/de\/wp-json\/wp\/v2\/media?parent=8717"}],"curies":[{"name":"wp","href":"https:\/\/api.w.org\/{rel}","templated":true}]}}