{"id":8715,"date":"2019-10-02T12:41:34","date_gmt":"2019-10-02T10:41:34","guid":{"rendered":"https:\/\/www.industri-sl.com\/transport\/ersatzteile\/bus\/irizar\/retrovisores\/"},"modified":"2025-05-22T10:45:30","modified_gmt":"2025-05-22T08:45:30","slug":"rueckspiegel","status":"publish","type":"page","link":"https:\/\/www.industri-sl.com\/de\/transport\/ersatzteile\/bus\/irizar\/rueckspiegel\/","title":{"rendered":"Ersatzteile f\u00fcr R\u00fcckspiegel von Irizar"},"content":{"rendered":"<h2>Ersatzteile und Zubeh\u00f6r f\u00fcr R\u00fcckspiegel von Irizar<\/h2>\n<p>Auf Anfrage stellen wir <strong>Innen- und Au\u00dfenspiegel<\/strong> f\u00fcr Busse und Kleinbusse verschiedener Modelle von Irizar her wie Century, i6, i8 und Pb. Unsere Leistung umfasst das gesamte Produktionsverfahren vom Design bis zur Fertigung: wir liefern den schon montierten und <a href=\"https:\/\/www.industri-sl.com\/de\/ingenieurleistungen\/\">an jeden Kunden<\/a> sowie das spezifische Bus- oder Kleinbusmodell angepassten R\u00fcckspiegel.<\/p>\n<p><a href=\"https:\/\/www.industri-sl.com\/de\/ueber-uns\/\">INDUSTRI verf\u00fcgt \u00fcber eine leistungsf\u00e4hige Produktionsstruktur<\/a>, bestehend aus flexiblen Fertigungszentren mit hochqualifiziertem Personal. Unsere F+E+I-Abteilung arbeitet an der Implementierung einer effizienten Anpassung bei jedem Projekt und R\u00fcckspiegelmodell und entwickelt Technologien, bei denen die Erfahrung mit neuen technologischen Verfahren vereint wird, um R\u00fcckspiegel von garantierter G\u00fcte zu fertigen.<\/p>\n<div class=\"slider-gallery-wrapper \"><div class=\"slider-gallery\"><div id=\"sliderify-carousel-1\" class=\"owl-carousel\"><div class=\"sliderify-owl-item-inner\"><img decoding=\"async\" src=\"https:\/\/www.industri-sl.com\/wp-content\/uploads\/espejo-kreta-1-1.jpg\"><\/div><div class=\"sliderify-owl-item-inner\"><img decoding=\"async\" src=\"https:\/\/www.industri-sl.com\/wp-content\/uploads\/espejo-i6-3-2.jpg\"><\/div><div class=\"sliderify-owl-item-inner\"><img decoding=\"async\" src=\"https:\/\/www.industri-sl.com\/wp-content\/uploads\/i8-electrico-1-1.jpg\"><\/div><div class=\"sliderify-owl-item-inner\"><img decoding=\"async\" src=\"https:\/\/www.industri-sl.com\/wp-content\/uploads\/espejo-sc-4-1.jpg\"><\/div><\/div><!-- .owl-carousel --><\/div><!-- .slider-gallery --><\/div><!-- .slider-gallery-wrapper --><script>\n\t\t\tjQuery(document).ready(function($){\n\t\t\t\tcarousel1 = $('#sliderify-carousel-1');\ncarousel1.imagesLoaded(function(){carousel1.owlCarousel({items:2,\nstagePadding:0,\nnav:1,\nnavText:['<span><\/span><span><\/span>','<span><\/span><span><\/span>'],\ncenter:1,\nloop:1,\nmargin:0,\nautoWidth:false,\nautoHeight:true,\nstageOuterClass:'sliderify-stage-outer',\nstageClass:'sliderify-stage',\nnavContainerClass:'sliderify-nav',\ncontrolsClass:'sliderify-controls',\ndotsClass:'sliderify-dots',\ndotClass:'sliderify-dot',\nonInitialized:function(event){\n\t\t\t\tconsole.log('init');\n\t\t\t},\n});});\n});\n\t\t\t<\/script>\n<p><iframe loading=\"lazy\" src=\"https:\/\/www.youtube.com\/embed\/CPJuabLEH9w?rel=0\" width=\"400\" height=\"225\" frameborder=\"0\" allowfullscreen=\"allowfullscreen\"><\/iframe><\/p>\n<div class=\"otras-piezas\">\n<h4>Wir arbeiten mit folgenden Busmodellen von Irizar:<\/h4>\n<div><a class=\"boton gris\" href=\"https:\/\/www.industri-sl.com\/de\/transport\/ersatzteile\/bus\/irizar\/century\/\">Irizar Century<\/a> <a class=\"boton gris\" href=\"https:\/\/www.industri-sl.com\/de\/transport\/ersatzteile\/bus\/irizar\/i4\/\">Irizar I4<\/a> <a class=\"boton gris\" href=\"https:\/\/www.industri-sl.com\/de\/transport\/ersatzteile\/bus\/irizar\/i6\/\">Irizar I6<\/a> <a class=\"boton gris\" href=\"https:\/\/www.industri-sl.com\/de\/transport\/ersatzteile\/bus\/irizar\/i8\/\">Irizar I8<\/a> <a class=\"boton gris\" href=\"https:\/\/www.industri-sl.com\/de\/transport\/ersatzteile\/bus\/irizar\/pb\/\">Irizar Pb<\/a><\/div>\n<\/div>\n<div class=\"modelos\">\n<h4>Sonstige Ersatzteile, die wir f\u00fcr Irizar fertigen:<\/h4>\n<div class=\"flex\">\n<a href=\"https:\/\/www.industri-sl.com\/de\/transport\/ersatzteile\/bus\/irizar\/vorhaenge\/\"><img loading=\"lazy\" decoding=\"async\" class=\"alignnone size-medium wp-image-778\" src=\"https:\/\/www.industri-sl.com\/wp-content\/uploads\/cortina-electrica-enrollable-1-300x225.jpg\" alt=\"Ersatzteile und Zubeh\u00f6r f\u00fcr Vorh\u00e4nge von Irizar\" width=\"300\" height=\"225\" srcset=\"https:\/\/www.industri-sl.com\/wp-content\/uploads\/cortina-electrica-enrollable-1-300x225.jpg 300w, https:\/\/www.industri-sl.com\/wp-content\/uploads\/cortina-electrica-enrollable-1-768x576.jpg 768w, https:\/\/www.industri-sl.com\/wp-content\/uploads\/cortina-electrica-enrollable-1.jpg 800w\" sizes=\"auto, (max-width: 300px) 100vw, 300px\" \/><br \/>\n<span>Vorh\u00e4nge<\/span><\/a><br \/>\n<a href=\"https:\/\/www.industri-sl.com\/de\/transport\/ersatzteile\/bus\/irizar\/scharniere\/\"><img loading=\"lazy\" decoding=\"async\" class=\"alignnone size-medium wp-image-807\" src=\"https:\/\/www.industri-sl.com\/wp-content\/uploads\/i8-curvada-2-2-300x216.jpg\" alt=\"Ersatzteile und Zubeh\u00f6r f\u00fcr Scharniere von Irizar\" width=\"300\" height=\"216\" srcset=\"https:\/\/www.industri-sl.com\/wp-content\/uploads\/i8-curvada-2-2-300x216.jpg 300w, https:\/\/www.industri-sl.com\/wp-content\/uploads\/i8-curvada-2-2-768x552.jpg 768w, https:\/\/www.industri-sl.com\/wp-content\/uploads\/i8-curvada-2-2.jpg 800w\" sizes=\"auto, (max-width: 300px) 100vw, 300px\" \/><br \/>\n<span>Scharniere<\/span><\/a><br \/>\n<a href=\"https:\/\/www.industri-sl.com\/de\/transport\/ersatzteile\/bus\/irizar\/trittstufen\/\"><img loading=\"lazy\" decoding=\"async\" class=\"alignnone wp-image-1964 size-medium\" src=\"https:\/\/www.industri-sl.com\/wp-content\/uploads\/reposapies-1-2-300x219.jpg\" alt=\"Ersatzteile und Zubeh\u00f6r f\u00fcr Trittstufen von Irizar\" width=\"300\" height=\"219\" srcset=\"https:\/\/www.industri-sl.com\/wp-content\/uploads\/reposapies-1-2-300x219.jpg 300w, https:\/\/www.industri-sl.com\/wp-content\/uploads\/reposapies-1-2-768x562.jpg 768w, https:\/\/www.industri-sl.com\/wp-content\/uploads\/reposapies-1-2.jpg 800w\" sizes=\"auto, (max-width: 300px) 100vw, 300px\" \/><br \/>\n<span>Trittstufen<\/span><\/a><br \/>\n<a href=\"https:\/\/www.industri-sl.com\/de\/transport\/ersatzteile\/bus\/irizar\/radkappen\/\"><img loading=\"lazy\" decoding=\"async\" class=\"alignnone wp-image-1644 size-medium\" src=\"https:\/\/www.industri-sl.com\/wp-content\/uploads\/pb-delantero-1-300x225.jpg\" alt=\"Ersatzteile und Zubeh\u00f6r f\u00fcr Radkappen von Irizar\" width=\"300\" height=\"225\" srcset=\"https:\/\/www.industri-sl.com\/wp-content\/uploads\/pb-delantero-1-300x225.jpg 300w, https:\/\/www.industri-sl.com\/wp-content\/uploads\/pb-delantero-1-768x576.jpg 768w, https:\/\/www.industri-sl.com\/wp-content\/uploads\/pb-delantero-1.jpg 800w\" sizes=\"auto, (max-width: 300px) 100vw, 300px\" \/><br \/>\n<span>Radkappen<\/span><\/a>\n<\/div>\n<\/div>\n","protected":false},"excerpt":{"rendered":"<p>Ersatzteile und Zubeh\u00f6r f\u00fcr R\u00fcckspiegel von Irizar Auf Anfrage stellen wir Innen- und Au\u00dfenspiegel f\u00fcr Busse und Kleinbusse verschiedener Modelle von Irizar her wie Century, i6, i8 und Pb. Unsere Leistung umfasst das gesamte Produktionsverfahren vom Design bis zur Fertigung: wir liefern den schon montierten und an jeden Kunden sowie das spezifische Bus- oder Kleinbusmodell [&hellip;]<\/p>\n","protected":false},"author":3,"featured_media":0,"parent":8691,"menu_order":0,"comment_status":"closed","ping_status":"closed","template":"page-vehiculos.php","meta":{"footnotes":""},"class_list":["post-8715","page","type-page","status-publish","hentry"],"yoast_head":"<!-- This site is optimized with the Yoast SEO plugin v27.5 - https:\/\/yoast.com\/product\/yoast-seo-wordpress\/ -->\n<title>Ersatzr\u00fcckspiegel f\u00fcr Irizar-Busse - INDUSTRI<\/title>\n<meta name=\"description\" content=\"Bei INDUSTRI fertigen wir kundenspezifische Ersatzteile f\u00fcr R\u00fcckspiegel von Irizar-Bussen, von Au\u00dfen- oder Innenspiegeln bis hin zu Komponenten f\u00fcr R\u00fcckspiegel.\" \/>\n<meta name=\"robots\" content=\"index, follow, max-snippet:-1, max-image-preview:large, max-video-preview:-1\" \/>\n<link rel=\"canonical\" href=\"https:\/\/www.industri-sl.com\/de\/transport\/ersatzteile\/bus\/irizar\/rueckspiegel\/\" \/>\n<meta property=\"og:locale\" content=\"de_DE\" \/>\n<meta property=\"og:type\" content=\"article\" \/>\n<meta property=\"og:title\" content=\"Ersatzr\u00fcckspiegel f\u00fcr Irizar-Busse - INDUSTRI\" \/>\n<meta property=\"og:description\" content=\"Bei INDUSTRI fertigen wir kundenspezifische Ersatzteile f\u00fcr R\u00fcckspiegel von Irizar-Bussen, von Au\u00dfen- oder Innenspiegeln bis hin zu Komponenten f\u00fcr R\u00fcckspiegel.\" \/>\n<meta property=\"og:url\" content=\"https:\/\/www.industri-sl.com\/de\/transport\/ersatzteile\/bus\/irizar\/rueckspiegel\/\" \/>\n<meta property=\"og:site_name\" content=\"Industri SL\" \/>\n<meta property=\"article:modified_time\" content=\"2025-05-22T08:45:30+00:00\" \/>\n<meta property=\"og:image\" content=\"https:\/\/www.industri-sl.com\/wp-content\/uploads\/espejo-kreta-1-1.jpg\" \/>\n<meta name=\"twitter:card\" content=\"summary_large_image\" \/>\n<meta name=\"twitter:label1\" content=\"Gesch\u00e4tzte Lesezeit\" \/>\n\t<meta name=\"twitter:data1\" content=\"2\u00a0Minuten\" \/>\n<script type=\"application\/ld+json\" class=\"yoast-schema-graph\">{\"@context\":\"https:\\\/\\\/schema.org\",\"@graph\":[{\"@type\":\"WebPage\",\"@id\":\"https:\\\/\\\/www.industri-sl.com\\\/de\\\/transport\\\/ersatzteile\\\/bus\\\/irizar\\\/rueckspiegel\\\/\",\"url\":\"https:\\\/\\\/www.industri-sl.com\\\/de\\\/transport\\\/ersatzteile\\\/bus\\\/irizar\\\/rueckspiegel\\\/\",\"name\":\"Ersatzr\u00fcckspiegel f\u00fcr Irizar-Busse - INDUSTRI\",\"isPartOf\":{\"@id\":\"https:\\\/\\\/www.industri-sl.com\\\/de\\\/#website\"},\"primaryImageOfPage\":{\"@id\":\"https:\\\/\\\/www.industri-sl.com\\\/de\\\/transport\\\/ersatzteile\\\/bus\\\/irizar\\\/rueckspiegel\\\/#primaryimage\"},\"image\":{\"@id\":\"https:\\\/\\\/www.industri-sl.com\\\/de\\\/transport\\\/ersatzteile\\\/bus\\\/irizar\\\/rueckspiegel\\\/#primaryimage\"},\"thumbnailUrl\":\"https:\\\/\\\/www.industri-sl.com\\\/wp-content\\\/uploads\\\/cortina-electrica-enrollable-1-300x225.jpg\",\"datePublished\":\"2019-10-02T10:41:34+00:00\",\"dateModified\":\"2025-05-22T08:45:30+00:00\",\"description\":\"Bei INDUSTRI fertigen wir kundenspezifische Ersatzteile f\u00fcr R\u00fcckspiegel von Irizar-Bussen, von Au\u00dfen- oder Innenspiegeln bis hin zu Komponenten f\u00fcr R\u00fcckspiegel.\",\"breadcrumb\":{\"@id\":\"https:\\\/\\\/www.industri-sl.com\\\/de\\\/transport\\\/ersatzteile\\\/bus\\\/irizar\\\/rueckspiegel\\\/#breadcrumb\"},\"inLanguage\":\"de\",\"potentialAction\":[{\"@type\":\"ReadAction\",\"target\":[\"https:\\\/\\\/www.industri-sl.com\\\/de\\\/transport\\\/ersatzteile\\\/bus\\\/irizar\\\/rueckspiegel\\\/\"]}]},{\"@type\":\"ImageObject\",\"inLanguage\":\"de\",\"@id\":\"https:\\\/\\\/www.industri-sl.com\\\/de\\\/transport\\\/ersatzteile\\\/bus\\\/irizar\\\/rueckspiegel\\\/#primaryimage\",\"url\":\"https:\\\/\\\/www.industri-sl.com\\\/wp-content\\\/uploads\\\/cortina-electrica-enrollable-1-300x225.jpg\",\"contentUrl\":\"https:\\\/\\\/www.industri-sl.com\\\/wp-content\\\/uploads\\\/cortina-electrica-enrollable-1-300x225.jpg\"},{\"@type\":\"BreadcrumbList\",\"@id\":\"https:\\\/\\\/www.industri-sl.com\\\/de\\\/transport\\\/ersatzteile\\\/bus\\\/irizar\\\/rueckspiegel\\\/#breadcrumb\",\"itemListElement\":[{\"@type\":\"ListItem\",\"position\":1,\"name\":\"Inicio\",\"item\":\"https:\\\/\\\/www.industri-sl.com\\\/de\\\/\"},{\"@type\":\"ListItem\",\"position\":2,\"name\":\"Gesch\u00e4ftsbereich Transport\",\"item\":\"https:\\\/\\\/www.industri-sl.com\\\/de\\\/transport\\\/\"},{\"@type\":\"ListItem\",\"position\":3,\"name\":\"Ersatzteilkatalog\",\"item\":\"https:\\\/\\\/www.industri-sl.com\\\/de\\\/transport\\\/ersatzteile\\\/\"},{\"@type\":\"ListItem\",\"position\":4,\"name\":\"Ersatzteile und Zubeh\u00f6r f\u00fcr Busse\",\"item\":\"https:\\\/\\\/www.industri-sl.com\\\/de\\\/transport\\\/ersatzteile\\\/bus\\\/\"},{\"@type\":\"ListItem\",\"position\":5,\"name\":\"Ersatzteile f\u00fcr Busse der Marke Irizar\",\"item\":\"https:\\\/\\\/www.industri-sl.com\\\/de\\\/transport\\\/ersatzteile\\\/bus\\\/irizar\\\/\"},{\"@type\":\"ListItem\",\"position\":6,\"name\":\"Ersatzteile f\u00fcr R\u00fcckspiegel von Irizar\"}]},{\"@type\":\"WebSite\",\"@id\":\"https:\\\/\\\/www.industri-sl.com\\\/de\\\/#website\",\"url\":\"https:\\\/\\\/www.industri-sl.com\\\/de\\\/\",\"name\":\"Industri SL\",\"description\":\"\",\"publisher\":{\"@id\":\"https:\\\/\\\/www.industri-sl.com\\\/de\\\/#organization\"},\"potentialAction\":[{\"@type\":\"SearchAction\",\"target\":{\"@type\":\"EntryPoint\",\"urlTemplate\":\"https:\\\/\\\/www.industri-sl.com\\\/de\\\/?s={search_term_string}\"},\"query-input\":{\"@type\":\"PropertyValueSpecification\",\"valueRequired\":true,\"valueName\":\"search_term_string\"}}],\"inLanguage\":\"de\"},{\"@type\":\"Organization\",\"@id\":\"https:\\\/\\\/www.industri-sl.com\\\/de\\\/#organization\",\"name\":\"Industri SL\",\"url\":\"https:\\\/\\\/www.industri-sl.com\\\/de\\\/\",\"logo\":{\"@type\":\"ImageObject\",\"inLanguage\":\"de\",\"@id\":\"https:\\\/\\\/www.industri-sl.com\\\/de\\\/#\\\/schema\\\/logo\\\/image\\\/\",\"url\":\"https:\\\/\\\/www.industri-sl.com\\\/wp-content\\\/uploads\\\/industri-logo.png\",\"contentUrl\":\"https:\\\/\\\/www.industri-sl.com\\\/wp-content\\\/uploads\\\/industri-logo.png\",\"width\":248,\"height\":45,\"caption\":\"Industri SL\"},\"image\":{\"@id\":\"https:\\\/\\\/www.industri-sl.com\\\/de\\\/#\\\/schema\\\/logo\\\/image\\\/\"}}]}<\/script>\n<!-- \/ Yoast SEO plugin. -->","yoast_head_json":{"title":"Ersatzr\u00fcckspiegel f\u00fcr Irizar-Busse - INDUSTRI","description":"Bei INDUSTRI fertigen wir kundenspezifische Ersatzteile f\u00fcr R\u00fcckspiegel von Irizar-Bussen, von Au\u00dfen- oder Innenspiegeln bis hin zu Komponenten f\u00fcr R\u00fcckspiegel.","robots":{"index":"index","follow":"follow","max-snippet":"max-snippet:-1","max-image-preview":"max-image-preview:large","max-video-preview":"max-video-preview:-1"},"canonical":"https:\/\/www.industri-sl.com\/de\/transport\/ersatzteile\/bus\/irizar\/rueckspiegel\/","og_locale":"de_DE","og_type":"article","og_title":"Ersatzr\u00fcckspiegel f\u00fcr Irizar-Busse - INDUSTRI","og_description":"Bei INDUSTRI fertigen wir kundenspezifische Ersatzteile f\u00fcr R\u00fcckspiegel von Irizar-Bussen, von Au\u00dfen- oder Innenspiegeln bis hin zu Komponenten f\u00fcr R\u00fcckspiegel.","og_url":"https:\/\/www.industri-sl.com\/de\/transport\/ersatzteile\/bus\/irizar\/rueckspiegel\/","og_site_name":"Industri SL","article_modified_time":"2025-05-22T08:45:30+00:00","og_image":[{"url":"https:\/\/www.industri-sl.com\/wp-content\/uploads\/espejo-kreta-1-1.jpg","type":"","width":"","height":""}],"twitter_card":"summary_large_image","twitter_misc":{"Gesch\u00e4tzte Lesezeit":"2\u00a0Minuten"},"schema":{"@context":"https:\/\/schema.org","@graph":[{"@type":"WebPage","@id":"https:\/\/www.industri-sl.com\/de\/transport\/ersatzteile\/bus\/irizar\/rueckspiegel\/","url":"https:\/\/www.industri-sl.com\/de\/transport\/ersatzteile\/bus\/irizar\/rueckspiegel\/","name":"Ersatzr\u00fcckspiegel f\u00fcr Irizar-Busse - INDUSTRI","isPartOf":{"@id":"https:\/\/www.industri-sl.com\/de\/#website"},"primaryImageOfPage":{"@id":"https:\/\/www.industri-sl.com\/de\/transport\/ersatzteile\/bus\/irizar\/rueckspiegel\/#primaryimage"},"image":{"@id":"https:\/\/www.industri-sl.com\/de\/transport\/ersatzteile\/bus\/irizar\/rueckspiegel\/#primaryimage"},"thumbnailUrl":"https:\/\/www.industri-sl.com\/wp-content\/uploads\/cortina-electrica-enrollable-1-300x225.jpg","datePublished":"2019-10-02T10:41:34+00:00","dateModified":"2025-05-22T08:45:30+00:00","description":"Bei INDUSTRI fertigen wir kundenspezifische Ersatzteile f\u00fcr R\u00fcckspiegel von Irizar-Bussen, von Au\u00dfen- oder Innenspiegeln bis hin zu Komponenten f\u00fcr R\u00fcckspiegel.","breadcrumb":{"@id":"https:\/\/www.industri-sl.com\/de\/transport\/ersatzteile\/bus\/irizar\/rueckspiegel\/#breadcrumb"},"inLanguage":"de","potentialAction":[{"@type":"ReadAction","target":["https:\/\/www.industri-sl.com\/de\/transport\/ersatzteile\/bus\/irizar\/rueckspiegel\/"]}]},{"@type":"ImageObject","inLanguage":"de","@id":"https:\/\/www.industri-sl.com\/de\/transport\/ersatzteile\/bus\/irizar\/rueckspiegel\/#primaryimage","url":"https:\/\/www.industri-sl.com\/wp-content\/uploads\/cortina-electrica-enrollable-1-300x225.jpg","contentUrl":"https:\/\/www.industri-sl.com\/wp-content\/uploads\/cortina-electrica-enrollable-1-300x225.jpg"},{"@type":"BreadcrumbList","@id":"https:\/\/www.industri-sl.com\/de\/transport\/ersatzteile\/bus\/irizar\/rueckspiegel\/#breadcrumb","itemListElement":[{"@type":"ListItem","position":1,"name":"Inicio","item":"https:\/\/www.industri-sl.com\/de\/"},{"@type":"ListItem","position":2,"name":"Gesch\u00e4ftsbereich Transport","item":"https:\/\/www.industri-sl.com\/de\/transport\/"},{"@type":"ListItem","position":3,"name":"Ersatzteilkatalog","item":"https:\/\/www.industri-sl.com\/de\/transport\/ersatzteile\/"},{"@type":"ListItem","position":4,"name":"Ersatzteile und Zubeh\u00f6r f\u00fcr Busse","item":"https:\/\/www.industri-sl.com\/de\/transport\/ersatzteile\/bus\/"},{"@type":"ListItem","position":5,"name":"Ersatzteile f\u00fcr Busse der Marke Irizar","item":"https:\/\/www.industri-sl.com\/de\/transport\/ersatzteile\/bus\/irizar\/"},{"@type":"ListItem","position":6,"name":"Ersatzteile f\u00fcr R\u00fcckspiegel von Irizar"}]},{"@type":"WebSite","@id":"https:\/\/www.industri-sl.com\/de\/#website","url":"https:\/\/www.industri-sl.com\/de\/","name":"Industri SL","description":"","publisher":{"@id":"https:\/\/www.industri-sl.com\/de\/#organization"},"potentialAction":[{"@type":"SearchAction","target":{"@type":"EntryPoint","urlTemplate":"https:\/\/www.industri-sl.com\/de\/?s={search_term_string}"},"query-input":{"@type":"PropertyValueSpecification","valueRequired":true,"valueName":"search_term_string"}}],"inLanguage":"de"},{"@type":"Organization","@id":"https:\/\/www.industri-sl.com\/de\/#organization","name":"Industri SL","url":"https:\/\/www.industri-sl.com\/de\/","logo":{"@type":"ImageObject","inLanguage":"de","@id":"https:\/\/www.industri-sl.com\/de\/#\/schema\/logo\/image\/","url":"https:\/\/www.industri-sl.com\/wp-content\/uploads\/industri-logo.png","contentUrl":"https:\/\/www.industri-sl.com\/wp-content\/uploads\/industri-logo.png","width":248,"height":45,"caption":"Industri SL"},"image":{"@id":"https:\/\/www.industri-sl.com\/de\/#\/schema\/logo\/image\/"}}]}},"_links":{"self":[{"href":"https:\/\/www.industri-sl.com\/de\/wp-json\/wp\/v2\/pages\/8715","targetHints":{"allow":["GET"]}}],"collection":[{"href":"https:\/\/www.industri-sl.com\/de\/wp-json\/wp\/v2\/pages"}],"about":[{"href":"https:\/\/www.industri-sl.com\/de\/wp-json\/wp\/v2\/types\/page"}],"author":[{"embeddable":true,"href":"https:\/\/www.industri-sl.com\/de\/wp-json\/wp\/v2\/users\/3"}],"replies":[{"embeddable":true,"href":"https:\/\/www.industri-sl.com\/de\/wp-json\/wp\/v2\/comments?post=8715"}],"version-history":[{"count":0,"href":"https:\/\/www.industri-sl.com\/de\/wp-json\/wp\/v2\/pages\/8715\/revisions"}],"up":[{"embeddable":true,"href":"https:\/\/www.industri-sl.com\/de\/wp-json\/wp\/v2\/pages\/8691"}],"wp:attachment":[{"href":"https:\/\/www.industri-sl.com\/de\/wp-json\/wp\/v2\/media?parent=8715"}],"curies":[{"name":"wp","href":"https:\/\/api.w.org\/{rel}","templated":true}]}}