{"id":8693,"date":"2019-10-02T13:09:10","date_gmt":"2019-10-02T11:09:10","guid":{"rendered":"https:\/\/www.industri-sl.com\/transport\/ersatzteile\/bus\/irizar\/ventanas\/"},"modified":"2025-05-22T10:45:56","modified_gmt":"2025-05-22T08:45:56","slug":"dachfenster","status":"publish","type":"page","link":"https:\/\/www.industri-sl.com\/de\/transport\/ersatzteile\/bus\/irizar\/dachfenster\/","title":{"rendered":"Ersatzteile f\u00fcr Dachfenster von Irizar"},"content":{"rendered":"<h2>Ersatzteile und Zubeh\u00f6r f\u00fcr Dachfenster von Irizar<\/h2>\n<p>INDUSTRI entwickelt und fertigt <a href=\"https:\/\/www.industri-sl.com\/de\/transport\/ersatzteile\/bus\/irizar\/\">Dachfenster f\u00fcr Busse und Kleinbusse<\/a> der Marke Irizar. Sie sind mechanisch besonders belastbar, thermogeformt und haben einen Polyurethankern. Sie sind im Fall eines Kippsturzes des Busses mit einem Not\u00f6ffnungssystem ausgestattet. Durch einen manuell bet\u00e4tigten Nothebel wird die \u00d6ffnungsmechanik des <strong>Dachfensters freigegeben<\/strong>, wodurch eine L\u00fccke zur Evakuierung der Fahrg\u00e4ste entsteht.<\/p>\n<p>Sie verf\u00fcgen \u00fcber Innengriffe, die ein manuelles \u00d6ffnen des Fensters zur Bel\u00fcftung des Busses erm\u00f6glichen. Diese Dachluken <strong>k\u00f6nnen jedoch mechanisch und elektrisch bet\u00e4tigt werden<\/strong>.<\/p>\n<div class=\"slider-gallery-wrapper \"><div class=\"slider-gallery\"><div id=\"sliderify-carousel-1\" class=\"owl-carousel\"><div class=\"sliderify-owl-item-inner\"><img decoding=\"async\" src=\"https:\/\/www.industri-sl.com\/wp-content\/uploads\/ventana-techo-i4-4.jpg\"><\/div><div class=\"sliderify-owl-item-inner\"><img decoding=\"async\" src=\"https:\/\/www.industri-sl.com\/wp-content\/uploads\/apertura-facial.jpg\"><\/div><div class=\"sliderify-owl-item-inner\"><img decoding=\"async\" src=\"https:\/\/www.industri-sl.com\/wp-content\/uploads\/ventana-mecanica.jpg\"><\/div><div class=\"sliderify-owl-item-inner\"><img decoding=\"async\" src=\"https:\/\/www.industri-sl.com\/wp-content\/uploads\/ventana-techo-i8-3.jpg\"><\/div><\/div><!-- .owl-carousel --><\/div><!-- .slider-gallery --><\/div><!-- .slider-gallery-wrapper --><script>\n\t\t\tjQuery(document).ready(function($){\n\t\t\t\tcarousel1 = $('#sliderify-carousel-1');\ncarousel1.imagesLoaded(function(){carousel1.owlCarousel({items:2,\nstagePadding:0,\nnav:1,\nnavText:['<span><\/span><span><\/span>','<span><\/span><span><\/span>'],\ncenter:1,\nloop:1,\nmargin:0,\nautoWidth:false,\nautoHeight:true,\nstageOuterClass:'sliderify-stage-outer',\nstageClass:'sliderify-stage',\nnavContainerClass:'sliderify-nav',\ncontrolsClass:'sliderify-controls',\ndotsClass:'sliderify-dots',\ndotClass:'sliderify-dot',\nonInitialized:function(event){\n\t\t\t\tconsole.log('init');\n\t\t\t},\n});});\n});\n\t\t\t<\/script>\n<div class=\"otras-piezas\">\n<h4>Wir arbeiten mit folgenden Busmodellen von Irizar:<\/h4>\n<div><a class=\"boton gris\" href=\"https:\/\/www.industri-sl.com\/de\/transport\/ersatzteile\/bus\/irizar\/century\/\">Irizar Century<\/a> <a class=\"boton gris\" href=\"https:\/\/www.industri-sl.com\/de\/transport\/ersatzteile\/bus\/irizar\/i4\/\">Irizar I4<\/a> <a class=\"boton gris\" href=\"https:\/\/www.industri-sl.com\/de\/transport\/ersatzteile\/bus\/irizar\/i6\/\">Irizar i6<\/a> <a class=\"boton gris\" href=\"https:\/\/www.industri-sl.com\/de\/transport\/ersatzteile\/bus\/irizar\/i8\/\">Irizar i8<\/a> <a class=\"boton gris\" href=\"https:\/\/www.industri-sl.com\/de\/transport\/ersatzteile\/bus\/irizar\/pb\/\">Irizar Pb<\/a><\/div>\n<\/div>\n<div class=\"modelos\">\n<h4>Sonstige Ersatzteile, die wir f\u00fcr Irizar fertigen:<\/h4>\n<div class=\"flex\"><a href=\"https:\/\/www.industri-sl.com\/de\/transport\/ersatzteile\/bus\/irizar\/vorhaenge\/\"><img loading=\"lazy\" decoding=\"async\" class=\"alignnone size-medium wp-image-766\" src=\"https:\/\/www.industri-sl.com\/wp-content\/uploads\/cortina-electrica-enrollable-2-300x225.jpg\" alt=\"Recambios de cortinas para autobuses Irizar\" width=\"300\" height=\"225\" srcset=\"https:\/\/www.industri-sl.com\/wp-content\/uploads\/cortina-electrica-enrollable-2-300x225.jpg 300w, https:\/\/www.industri-sl.com\/wp-content\/uploads\/cortina-electrica-enrollable-2-768x576.jpg 768w, https:\/\/www.industri-sl.com\/wp-content\/uploads\/cortina-electrica-enrollable-2.jpg 800w\" sizes=\"auto, (max-width: 300px) 100vw, 300px\" \/><br \/>\n<span>Vorh\u00e4nge<\/span><\/a><br \/>\n<a href=\"https:\/\/www.industri-sl.com\/de\/transport\/ersatzteile\/bus\/irizar\/scharniere\/\"><img loading=\"lazy\" decoding=\"async\" class=\"alignnone wp-image-1660 size-medium\" src=\"https:\/\/www.industri-sl.com\/wp-content\/uploads\/i8-curvada-1-2-300x216.jpg\" alt=\"Recambios de bisagras para autobuses Irizar\" width=\"300\" height=\"216\" srcset=\"https:\/\/www.industri-sl.com\/wp-content\/uploads\/i8-curvada-1-2-300x216.jpg 300w, https:\/\/www.industri-sl.com\/wp-content\/uploads\/i8-curvada-1-2-768x552.jpg 768w, https:\/\/www.industri-sl.com\/wp-content\/uploads\/i8-curvada-1-2.jpg 800w\" sizes=\"auto, (max-width: 300px) 100vw, 300px\" \/><br \/>\n<span>Scharniere<\/span><\/a><br \/>\n<a href=\"https:\/\/www.industri-sl.com\/de\/transport\/ersatzteile\/bus\/irizar\/trittstufen\/\"><img loading=\"lazy\" decoding=\"async\" class=\"alignnone wp-image-1964 size-medium\" src=\"https:\/\/www.industri-sl.com\/wp-content\/uploads\/reposapies-1-2-300x219.jpg\" alt=\"Recambios de reposapi\u00e9s para autobuses Irizar\" width=\"300\" height=\"219\" srcset=\"https:\/\/www.industri-sl.com\/wp-content\/uploads\/reposapies-1-2-300x219.jpg 300w, https:\/\/www.industri-sl.com\/wp-content\/uploads\/reposapies-1-2-768x562.jpg 768w, https:\/\/www.industri-sl.com\/wp-content\/uploads\/reposapies-1-2.jpg 800w\" sizes=\"auto, (max-width: 300px) 100vw, 300px\" \/><br \/>\n<span>Trittstufen<\/span><\/a><br \/>\n<a href=\"https:\/\/www.industri-sl.com\/de\/transport\/ersatzteile\/bus\/irizar\/rueckspiegel\/\"><img loading=\"lazy\" decoding=\"async\" class=\"alignnone wp-image-1596 size-medium\" src=\"https:\/\/www.industri-sl.com\/wp-content\/uploads\/espejo-i6-2-2-300x216.jpg\" alt=\"Recambios de retrovisores para autobuses Irizar\" width=\"300\" height=\"216\" srcset=\"https:\/\/www.industri-sl.com\/wp-content\/uploads\/espejo-i6-2-2-300x216.jpg 300w, https:\/\/www.industri-sl.com\/wp-content\/uploads\/espejo-i6-2-2-768x552.jpg 768w, https:\/\/www.industri-sl.com\/wp-content\/uploads\/espejo-i6-2-2.jpg 800w\" sizes=\"auto, (max-width: 300px) 100vw, 300px\" \/><br \/>\n<span>R\u00fcckspiegel<\/span><\/a><\/div>\n<\/div>\n","protected":false},"excerpt":{"rendered":"<p>Ersatzteile und Zubeh\u00f6r f\u00fcr Dachfenster von Irizar INDUSTRI entwickelt und fertigt Dachfenster f\u00fcr Busse und Kleinbusse der Marke Irizar. Sie sind mechanisch besonders belastbar, thermogeformt und haben einen Polyurethankern. Sie sind im Fall eines Kippsturzes des Busses mit einem Not\u00f6ffnungssystem ausgestattet. Durch einen manuell bet\u00e4tigten Nothebel wird die \u00d6ffnungsmechanik des Dachfensters freigegeben, wodurch eine L\u00fccke [&hellip;]<\/p>\n","protected":false},"author":3,"featured_media":0,"parent":8691,"menu_order":0,"comment_status":"closed","ping_status":"closed","template":"page-vehiculos.php","meta":{"footnotes":""},"class_list":["post-8693","page","type-page","status-publish","hentry"],"yoast_head":"<!-- This site is optimized with the Yoast SEO plugin v27.2 - https:\/\/yoast.com\/product\/yoast-seo-wordpress\/ -->\n<title>Ersatzdachfenster f\u00fcr Irizar-Busse - INDUSTRI<\/title>\n<meta name=\"description\" content=\"Bei INDUSTRI fertigen wir kundenspezifische Ersatzteile f\u00fcr Dachfenster f\u00fcr Irizar-Busse, wobei wir uns stets an den Bedarf jedes Kunden anpassen.\" \/>\n<meta name=\"robots\" content=\"index, follow, max-snippet:-1, max-image-preview:large, max-video-preview:-1\" \/>\n<link rel=\"canonical\" href=\"https:\/\/www.industri-sl.com\/de\/transport\/ersatzteile\/bus\/irizar\/dachfenster\/\" \/>\n<meta property=\"og:locale\" content=\"de_DE\" \/>\n<meta property=\"og:type\" content=\"article\" \/>\n<meta property=\"og:title\" content=\"Ersatzdachfenster f\u00fcr Irizar-Busse - INDUSTRI\" \/>\n<meta property=\"og:description\" content=\"Bei INDUSTRI fertigen wir kundenspezifische Ersatzteile f\u00fcr Dachfenster f\u00fcr Irizar-Busse, wobei wir uns stets an den Bedarf jedes Kunden anpassen.\" \/>\n<meta property=\"og:url\" content=\"https:\/\/www.industri-sl.com\/de\/transport\/ersatzteile\/bus\/irizar\/dachfenster\/\" \/>\n<meta property=\"og:site_name\" content=\"Industri SL\" \/>\n<meta property=\"article:modified_time\" content=\"2025-05-22T08:45:56+00:00\" \/>\n<meta property=\"og:image\" content=\"https:\/\/www.industri-sl.com\/wp-content\/uploads\/ventana-techo-i4-4.jpg\" \/>\n<meta name=\"twitter:card\" content=\"summary_large_image\" \/>\n<meta name=\"twitter:label1\" content=\"Gesch\u00e4tzte Lesezeit\" \/>\n\t<meta name=\"twitter:data1\" content=\"2\u00a0Minuten\" \/>\n<script type=\"application\/ld+json\" class=\"yoast-schema-graph\">{\"@context\":\"https:\/\/schema.org\",\"@graph\":[{\"@type\":\"WebPage\",\"@id\":\"https:\/\/www.industri-sl.com\/de\/transport\/ersatzteile\/bus\/irizar\/dachfenster\/\",\"url\":\"https:\/\/www.industri-sl.com\/de\/transport\/ersatzteile\/bus\/irizar\/dachfenster\/\",\"name\":\"Ersatzdachfenster f\u00fcr Irizar-Busse - INDUSTRI\",\"isPartOf\":{\"@id\":\"https:\/\/www.industri-sl.com\/de\/#website\"},\"primaryImageOfPage\":{\"@id\":\"https:\/\/www.industri-sl.com\/de\/transport\/ersatzteile\/bus\/irizar\/dachfenster\/#primaryimage\"},\"image\":{\"@id\":\"https:\/\/www.industri-sl.com\/de\/transport\/ersatzteile\/bus\/irizar\/dachfenster\/#primaryimage\"},\"thumbnailUrl\":\"https:\/\/www.industri-sl.com\/wp-content\/uploads\/cortina-electrica-enrollable-2-300x225.jpg\",\"datePublished\":\"2019-10-02T11:09:10+00:00\",\"dateModified\":\"2025-05-22T08:45:56+00:00\",\"description\":\"Bei INDUSTRI fertigen wir kundenspezifische Ersatzteile f\u00fcr Dachfenster f\u00fcr Irizar-Busse, wobei wir uns stets an den Bedarf jedes Kunden anpassen.\",\"breadcrumb\":{\"@id\":\"https:\/\/www.industri-sl.com\/de\/transport\/ersatzteile\/bus\/irizar\/dachfenster\/#breadcrumb\"},\"inLanguage\":\"de\",\"potentialAction\":[{\"@type\":\"ReadAction\",\"target\":[\"https:\/\/www.industri-sl.com\/de\/transport\/ersatzteile\/bus\/irizar\/dachfenster\/\"]}]},{\"@type\":\"ImageObject\",\"inLanguage\":\"de\",\"@id\":\"https:\/\/www.industri-sl.com\/de\/transport\/ersatzteile\/bus\/irizar\/dachfenster\/#primaryimage\",\"url\":\"https:\/\/www.industri-sl.com\/wp-content\/uploads\/cortina-electrica-enrollable-2-300x225.jpg\",\"contentUrl\":\"https:\/\/www.industri-sl.com\/wp-content\/uploads\/cortina-electrica-enrollable-2-300x225.jpg\"},{\"@type\":\"BreadcrumbList\",\"@id\":\"https:\/\/www.industri-sl.com\/de\/transport\/ersatzteile\/bus\/irizar\/dachfenster\/#breadcrumb\",\"itemListElement\":[{\"@type\":\"ListItem\",\"position\":1,\"name\":\"Inicio\",\"item\":\"https:\/\/www.industri-sl.com\/de\/\"},{\"@type\":\"ListItem\",\"position\":2,\"name\":\"Gesch\u00e4ftsbereich Transport\",\"item\":\"https:\/\/www.industri-sl.com\/de\/transport\/\"},{\"@type\":\"ListItem\",\"position\":3,\"name\":\"Ersatzteilkatalog\",\"item\":\"https:\/\/www.industri-sl.com\/de\/transport\/ersatzteile\/\"},{\"@type\":\"ListItem\",\"position\":4,\"name\":\"Ersatzteile und Zubeh\u00f6r f\u00fcr Busse\",\"item\":\"https:\/\/www.industri-sl.com\/de\/transport\/ersatzteile\/bus\/\"},{\"@type\":\"ListItem\",\"position\":5,\"name\":\"Ersatzteile f\u00fcr Busse der Marke Irizar\",\"item\":\"https:\/\/www.industri-sl.com\/de\/transport\/ersatzteile\/bus\/irizar\/\"},{\"@type\":\"ListItem\",\"position\":6,\"name\":\"Ersatzteile f\u00fcr Dachfenster von Irizar\"}]},{\"@type\":\"WebSite\",\"@id\":\"https:\/\/www.industri-sl.com\/de\/#website\",\"url\":\"https:\/\/www.industri-sl.com\/de\/\",\"name\":\"Industri SL\",\"description\":\"\",\"publisher\":{\"@id\":\"https:\/\/www.industri-sl.com\/de\/#organization\"},\"potentialAction\":[{\"@type\":\"SearchAction\",\"target\":{\"@type\":\"EntryPoint\",\"urlTemplate\":\"https:\/\/www.industri-sl.com\/de\/?s={search_term_string}\"},\"query-input\":{\"@type\":\"PropertyValueSpecification\",\"valueRequired\":true,\"valueName\":\"search_term_string\"}}],\"inLanguage\":\"de\"},{\"@type\":\"Organization\",\"@id\":\"https:\/\/www.industri-sl.com\/de\/#organization\",\"name\":\"Industri SL\",\"url\":\"https:\/\/www.industri-sl.com\/de\/\",\"logo\":{\"@type\":\"ImageObject\",\"inLanguage\":\"de\",\"@id\":\"https:\/\/www.industri-sl.com\/de\/#\/schema\/logo\/image\/\",\"url\":\"https:\/\/www.industri-sl.com\/wp-content\/uploads\/industri-logo.png\",\"contentUrl\":\"https:\/\/www.industri-sl.com\/wp-content\/uploads\/industri-logo.png\",\"width\":248,\"height\":45,\"caption\":\"Industri SL\"},\"image\":{\"@id\":\"https:\/\/www.industri-sl.com\/de\/#\/schema\/logo\/image\/\"}}]}<\/script>\n<!-- \/ Yoast SEO plugin. -->","yoast_head_json":{"title":"Ersatzdachfenster f\u00fcr Irizar-Busse - INDUSTRI","description":"Bei INDUSTRI fertigen wir kundenspezifische Ersatzteile f\u00fcr Dachfenster f\u00fcr Irizar-Busse, wobei wir uns stets an den Bedarf jedes Kunden anpassen.","robots":{"index":"index","follow":"follow","max-snippet":"max-snippet:-1","max-image-preview":"max-image-preview:large","max-video-preview":"max-video-preview:-1"},"canonical":"https:\/\/www.industri-sl.com\/de\/transport\/ersatzteile\/bus\/irizar\/dachfenster\/","og_locale":"de_DE","og_type":"article","og_title":"Ersatzdachfenster f\u00fcr Irizar-Busse - INDUSTRI","og_description":"Bei INDUSTRI fertigen wir kundenspezifische Ersatzteile f\u00fcr Dachfenster f\u00fcr Irizar-Busse, wobei wir uns stets an den Bedarf jedes Kunden anpassen.","og_url":"https:\/\/www.industri-sl.com\/de\/transport\/ersatzteile\/bus\/irizar\/dachfenster\/","og_site_name":"Industri SL","article_modified_time":"2025-05-22T08:45:56+00:00","og_image":[{"url":"https:\/\/www.industri-sl.com\/wp-content\/uploads\/ventana-techo-i4-4.jpg","type":"","width":"","height":""}],"twitter_card":"summary_large_image","twitter_misc":{"Gesch\u00e4tzte Lesezeit":"2\u00a0Minuten"},"schema":{"@context":"https:\/\/schema.org","@graph":[{"@type":"WebPage","@id":"https:\/\/www.industri-sl.com\/de\/transport\/ersatzteile\/bus\/irizar\/dachfenster\/","url":"https:\/\/www.industri-sl.com\/de\/transport\/ersatzteile\/bus\/irizar\/dachfenster\/","name":"Ersatzdachfenster f\u00fcr Irizar-Busse - INDUSTRI","isPartOf":{"@id":"https:\/\/www.industri-sl.com\/de\/#website"},"primaryImageOfPage":{"@id":"https:\/\/www.industri-sl.com\/de\/transport\/ersatzteile\/bus\/irizar\/dachfenster\/#primaryimage"},"image":{"@id":"https:\/\/www.industri-sl.com\/de\/transport\/ersatzteile\/bus\/irizar\/dachfenster\/#primaryimage"},"thumbnailUrl":"https:\/\/www.industri-sl.com\/wp-content\/uploads\/cortina-electrica-enrollable-2-300x225.jpg","datePublished":"2019-10-02T11:09:10+00:00","dateModified":"2025-05-22T08:45:56+00:00","description":"Bei INDUSTRI fertigen wir kundenspezifische Ersatzteile f\u00fcr Dachfenster f\u00fcr Irizar-Busse, wobei wir uns stets an den Bedarf jedes Kunden anpassen.","breadcrumb":{"@id":"https:\/\/www.industri-sl.com\/de\/transport\/ersatzteile\/bus\/irizar\/dachfenster\/#breadcrumb"},"inLanguage":"de","potentialAction":[{"@type":"ReadAction","target":["https:\/\/www.industri-sl.com\/de\/transport\/ersatzteile\/bus\/irizar\/dachfenster\/"]}]},{"@type":"ImageObject","inLanguage":"de","@id":"https:\/\/www.industri-sl.com\/de\/transport\/ersatzteile\/bus\/irizar\/dachfenster\/#primaryimage","url":"https:\/\/www.industri-sl.com\/wp-content\/uploads\/cortina-electrica-enrollable-2-300x225.jpg","contentUrl":"https:\/\/www.industri-sl.com\/wp-content\/uploads\/cortina-electrica-enrollable-2-300x225.jpg"},{"@type":"BreadcrumbList","@id":"https:\/\/www.industri-sl.com\/de\/transport\/ersatzteile\/bus\/irizar\/dachfenster\/#breadcrumb","itemListElement":[{"@type":"ListItem","position":1,"name":"Inicio","item":"https:\/\/www.industri-sl.com\/de\/"},{"@type":"ListItem","position":2,"name":"Gesch\u00e4ftsbereich Transport","item":"https:\/\/www.industri-sl.com\/de\/transport\/"},{"@type":"ListItem","position":3,"name":"Ersatzteilkatalog","item":"https:\/\/www.industri-sl.com\/de\/transport\/ersatzteile\/"},{"@type":"ListItem","position":4,"name":"Ersatzteile und Zubeh\u00f6r f\u00fcr Busse","item":"https:\/\/www.industri-sl.com\/de\/transport\/ersatzteile\/bus\/"},{"@type":"ListItem","position":5,"name":"Ersatzteile f\u00fcr Busse der Marke Irizar","item":"https:\/\/www.industri-sl.com\/de\/transport\/ersatzteile\/bus\/irizar\/"},{"@type":"ListItem","position":6,"name":"Ersatzteile f\u00fcr Dachfenster von Irizar"}]},{"@type":"WebSite","@id":"https:\/\/www.industri-sl.com\/de\/#website","url":"https:\/\/www.industri-sl.com\/de\/","name":"Industri SL","description":"","publisher":{"@id":"https:\/\/www.industri-sl.com\/de\/#organization"},"potentialAction":[{"@type":"SearchAction","target":{"@type":"EntryPoint","urlTemplate":"https:\/\/www.industri-sl.com\/de\/?s={search_term_string}"},"query-input":{"@type":"PropertyValueSpecification","valueRequired":true,"valueName":"search_term_string"}}],"inLanguage":"de"},{"@type":"Organization","@id":"https:\/\/www.industri-sl.com\/de\/#organization","name":"Industri SL","url":"https:\/\/www.industri-sl.com\/de\/","logo":{"@type":"ImageObject","inLanguage":"de","@id":"https:\/\/www.industri-sl.com\/de\/#\/schema\/logo\/image\/","url":"https:\/\/www.industri-sl.com\/wp-content\/uploads\/industri-logo.png","contentUrl":"https:\/\/www.industri-sl.com\/wp-content\/uploads\/industri-logo.png","width":248,"height":45,"caption":"Industri SL"},"image":{"@id":"https:\/\/www.industri-sl.com\/de\/#\/schema\/logo\/image\/"}}]}},"_links":{"self":[{"href":"https:\/\/www.industri-sl.com\/de\/wp-json\/wp\/v2\/pages\/8693","targetHints":{"allow":["GET"]}}],"collection":[{"href":"https:\/\/www.industri-sl.com\/de\/wp-json\/wp\/v2\/pages"}],"about":[{"href":"https:\/\/www.industri-sl.com\/de\/wp-json\/wp\/v2\/types\/page"}],"author":[{"embeddable":true,"href":"https:\/\/www.industri-sl.com\/de\/wp-json\/wp\/v2\/users\/3"}],"replies":[{"embeddable":true,"href":"https:\/\/www.industri-sl.com\/de\/wp-json\/wp\/v2\/comments?post=8693"}],"version-history":[{"count":0,"href":"https:\/\/www.industri-sl.com\/de\/wp-json\/wp\/v2\/pages\/8693\/revisions"}],"up":[{"embeddable":true,"href":"https:\/\/www.industri-sl.com\/de\/wp-json\/wp\/v2\/pages\/8691"}],"wp:attachment":[{"href":"https:\/\/www.industri-sl.com\/de\/wp-json\/wp\/v2\/media?parent=8693"}],"curies":[{"name":"wp","href":"https:\/\/api.w.org\/{rel}","templated":true}]}}