{"id":8689,"date":"2019-10-02T10:48:15","date_gmt":"2019-10-02T08:48:15","guid":{"rendered":"https:\/\/www.industri-sl.com\/transport\/ersatzteile\/autobus\/"},"modified":"2020-01-28T11:06:50","modified_gmt":"2020-01-28T10:06:50","slug":"bus","status":"publish","type":"page","link":"https:\/\/www.industri-sl.com\/de\/transport\/ersatzteile\/bus\/","title":{"rendered":"Ersatzteile und Zubeh\u00f6r f\u00fcr Busse"},"content":{"rendered":"<h2>Ersatzteilkatalog f\u00fcr Reisebusse<\/h2>\n<p>Bei INDUSTRI haben wir uns auf die <a href=\"https:\/\/www.industri-sl.com\/de\/ingenieurleistungen\/\">kundenspezifische Fertigung<\/a> von Ersatzteilen von Scharnieren, R\u00fcckspiegeln und Vorh\u00e4ngen \u00fcber Dachfenster bis hin zu Trittstufen und Radkappen f\u00fcr Busse aller Art spezialisiert.<\/p>\n<p>Gro\u00dfe Marken wie Irizar, Sunsundegui oder Unvi vertrauen <strong>bereits auf uns zur kundenspezifischen Fertigung exklusiver Ersatzteile<\/strong>.<\/p>\n<p>M\u00f6chten Sie wissen, was wir f\u00fcr Ihr Unternehmen tun k\u00f6nnen? <a href=\"https:\/\/www.industri-sl.com\/de\/kontakt\/\">Setzen Sie sich mit uns<\/a> in Verbindung und fordern Sie ein Angebot f\u00fcr Ihre kundenspezifischen Ersatzteile an.<\/p>\n<p><a href=\"https:\/\/www.industri-sl.com\/de\/transport\/ersatzteile\/bus\/irizar\/\"><img loading=\"lazy\" decoding=\"async\" class=\"size-medium wp-image-39 alignnone\" src=\"https:\/\/www.industri-sl.com\/wp-content\/uploads\/logo-irizar-300x200.png\" alt=\"Irizar logo\" width=\"300\" height=\"200\" srcset=\"https:\/\/www.industri-sl.com\/wp-content\/uploads\/logo-irizar-300x200.png 300w, https:\/\/www.industri-sl.com\/wp-content\/uploads\/logo-irizar.png 600w\" sizes=\"auto, (max-width: 300px) 100vw, 300px\" \/><\/a><\/p>\n<p><a href=\"https:\/\/www.industri-sl.com\/de\/transport\/ersatzteile\/bus\/irizar\/\">Irizar ansehen<\/a><\/p>\n<p>Irizar-Modelle, f\u00fcr die wir Ersatzteile f\u00fchren:<\/p>\n<p><img loading=\"lazy\" decoding=\"async\" class=\"alignnone size-medium wp-image-388\" src=\"https:\/\/www.industri-sl.com\/wp-content\/uploads\/century-3-300x224.jpg\" alt=\"Ersatzteilkatalog f\u00fcr Irizar Century Reisebusse\" width=\"300\" height=\"224\" srcset=\"https:\/\/www.industri-sl.com\/wp-content\/uploads\/century-3-300x224.jpg 300w, https:\/\/www.industri-sl.com\/wp-content\/uploads\/century-3-768x574.jpg 768w, https:\/\/www.industri-sl.com\/wp-content\/uploads\/century-3.jpg 800w\" sizes=\"auto, (max-width: 300px) 100vw, 300px\" \/><\/p>\n<p><a href=\"https:\/\/www.industri-sl.com\/de\/transport\/ersatzteile\/bus\/irizar\/century\/\">Irizar Century<\/a><\/p>\n<p><img loading=\"lazy\" decoding=\"async\" class=\"alignnone wp-image-3224 size-medium\" src=\"https:\/\/www.industri-sl.com\/wp-content\/uploads\/i4-2-300x225.jpg\" alt=\"Ersatzteilkatalog f\u00fcr Irizar I4 Reisebusse\" width=\"300\" height=\"225\" srcset=\"https:\/\/www.industri-sl.com\/wp-content\/uploads\/i4-2-300x225.jpg 300w, https:\/\/www.industri-sl.com\/wp-content\/uploads\/i4-2-768x576.jpg 768w, https:\/\/www.industri-sl.com\/wp-content\/uploads\/i4-2.jpg 800w\" sizes=\"auto, (max-width: 300px) 100vw, 300px\" \/><\/p>\n<p><a href=\"https:\/\/www.industri-sl.com\/de\/transport\/ersatzteile\/bus\/irizar\/i4\/\">Irizar I4<\/a><\/p>\n<p><img loading=\"lazy\" decoding=\"async\" class=\"size-medium wp-image-392 alignnone\" src=\"https:\/\/www.industri-sl.com\/wp-content\/uploads\/i6-3-300x224.jpg\" alt=\"Ersatzteilkatalog f\u00fcr Irizar I6 Reisebusse\" width=\"300\" height=\"224\" srcset=\"https:\/\/www.industri-sl.com\/wp-content\/uploads\/i6-3-300x224.jpg 300w, https:\/\/www.industri-sl.com\/wp-content\/uploads\/i6-3-768x574.jpg 768w, https:\/\/www.industri-sl.com\/wp-content\/uploads\/i6-3.jpg 800w\" sizes=\"auto, (max-width: 300px) 100vw, 300px\" \/><\/p>\n<p><a href=\"https:\/\/www.industri-sl.com\/de\/transport\/ersatzteile\/bus\/irizar\/i6\/\">Irizar I6<\/a><\/p>\n<p><img loading=\"lazy\" decoding=\"async\" class=\"alignnone wp-image-1708 size-medium\" src=\"https:\/\/www.industri-sl.com\/wp-content\/uploads\/i8-1-3-300x222.jpg\" alt=\"Ersatzteilkatalog f\u00fcr Irizar I8 Reisebusse\" width=\"300\" height=\"222\" srcset=\"https:\/\/www.industri-sl.com\/wp-content\/uploads\/i8-1-3-300x222.jpg 300w, https:\/\/www.industri-sl.com\/wp-content\/uploads\/i8-1-3-768x567.jpg 768w, https:\/\/www.industri-sl.com\/wp-content\/uploads\/i8-1-3.jpg 800w\" sizes=\"auto, (max-width: 300px) 100vw, 300px\" \/><\/p>\n<p><a href=\"https:\/\/www.industri-sl.com\/de\/transport\/ersatzteile\/bus\/irizar\/i8\/\">Irizar I8<\/a><\/p>\n<p><img decoding=\"async\" class=\"alignnone wp-image-1696 size-medium\" src=\"https:\/\/www.industri-sl.com\/wp-content\/uploads\/pb-1-3-300x225.jpg\" alt=\"Ersatzteilkatalog f\u00fcr Irizar Pb Reisebusse width=\" height=\"225\" srcset=\"https:\/\/www.industri-sl.com\/wp-content\/uploads\/pb-1-3-300x225.jpg 300w, https:\/\/www.industri-sl.com\/wp-content\/uploads\/pb-1-3-768x576.jpg 768w, https:\/\/www.industri-sl.com\/wp-content\/uploads\/pb-1-3.jpg 800w\" sizes=\"(max-width: 300px) 100vw, 300px\" \/><\/p>\n<p><a href=\"https:\/\/www.industri-sl.com\/de\/transport\/ersatzteile\/bus\/irizar\/pb\/\">Irizar Pb<\/a><\/p>\n<p>Wir bieten Ersatzteile f\u00fcr:<\/p>\n<p><a class=\"boton gris\" href=\"https:\/\/www.industri-sl.com\/de\/transport\/ersatzteile\/bus\/irizar\/vorhaenge\/\">Vorh\u00e4nge<\/a><\/p>\n<p><a class=\"boton gris\" href=\"https:\/\/www.industri-sl.com\/de\/transport\/ersatzteile\/bus\/irizar\/rueckspiegel\/\">R\u00fcckspiegel<\/a><\/p>\n<p><a class=\"boton gris\" href=\"https:\/\/www.industri-sl.com\/de\/transport\/ersatzteile\/bus\/irizar\/dachfenster\/\">Dachfenster<\/a><\/p>\n<p><a class=\"boton gris\" href=\"https:\/\/www.industri-sl.com\/de\/transport\/ersatzteile\/bus\/irizar\/scharniere\/\">Scharniere<\/a><\/p>\n<p><a class=\"boton gris\" href=\"https:\/\/www.industri-sl.com\/de\/transport\/ersatzteile\/bus\/irizar\/radkappen\/\">Radkappen<\/a><\/p>\n<p><a class=\"boton gris\" href=\"https:\/\/www.industri-sl.com\/de\/transport\/ersatzteile\/bus\/irizar\/trittstufen\/\">Trittstufen<\/a><\/p>\n<p><a class=\"boton gris\" href=\"https:\/\/www.industri-sl.com\/de\/transport\/ersatzteile\/bus\/irizar\/dieseltankdeckel\/\">Dieseltankdeckel<\/a><\/p>\n<p><a href=\"https:\/\/www.industri-sl.com\/de\/transport\/ersatzteile\/bus\/sunsundegui\/\"><img loading=\"lazy\" decoding=\"async\" class=\"alignnone size-medium wp-image-43\" src=\"https:\/\/www.industri-sl.com\/wp-content\/uploads\/logo-sunsundegui-300x200.png\" alt=\"Sunsundegui logo\" width=\"300\" height=\"200\" srcset=\"https:\/\/www.industri-sl.com\/wp-content\/uploads\/logo-sunsundegui-300x200.png 300w, https:\/\/www.industri-sl.com\/wp-content\/uploads\/logo-sunsundegui.png 600w\" sizes=\"auto, (max-width: 300px) 100vw, 300px\" \/><\/a><\/p>\n<p><a href=\"https:\/\/www.industri-sl.com\/de\/transport\/ersatzteile\/bus\/sunsundegui\/\">Sunsundegui ansehen<\/a><\/p>\n<p>Sunsundegui-Modelle, f\u00fcr die wir Ersatzteile f\u00fchren:<\/p>\n<p><img loading=\"lazy\" decoding=\"async\" class=\"alignnone wp-image-1512 size-medium\" src=\"https:\/\/www.industri-sl.com\/wp-content\/uploads\/sb3-3-1-2-300x216.jpg\" alt=\"Ersatzteilkatalog f\u00fcr Sunsundegui sb3 Reisebusse\" width=\"300\" height=\"216\" srcset=\"https:\/\/www.industri-sl.com\/wp-content\/uploads\/sb3-3-1-2-300x216.jpg 300w, https:\/\/www.industri-sl.com\/wp-content\/uploads\/sb3-3-1-2-768x552.jpg 768w, https:\/\/www.industri-sl.com\/wp-content\/uploads\/sb3-3-1-2.jpg 800w\" sizes=\"auto, (max-width: 300px) 100vw, 300px\" \/><\/p>\n<p><a href=\"https:\/\/www.industri-sl.com\/de\/transport\/ersatzteile\/bus\/sunsundegui\/sb3\/\">SB3<\/a><\/p>\n<p><img loading=\"lazy\" decoding=\"async\" class=\"alignnone wp-image-1508 size-medium\" src=\"https:\/\/www.industri-sl.com\/wp-content\/uploads\/sc5-2-1-300x217.jpg\" alt=\"Ersatzteilkatalog f\u00fcr Sunsundegui sc5 Reisebusse\" width=\"300\" height=\"217\" srcset=\"https:\/\/www.industri-sl.com\/wp-content\/uploads\/sc5-2-1-300x217.jpg 300w, https:\/\/www.industri-sl.com\/wp-content\/uploads\/sc5-2-1-768x556.jpg 768w, https:\/\/www.industri-sl.com\/wp-content\/uploads\/sc5-2-1.jpg 800w\" sizes=\"auto, (max-width: 300px) 100vw, 300px\" \/><\/p>\n<p><a href=\"https:\/\/www.industri-sl.com\/de\/transport\/ersatzteile\/bus\/sunsundegui\/sc5\/\">SC5<\/a><\/p>\n<p><img loading=\"lazy\" decoding=\"async\" class=\"alignnone wp-image-1500 size-medium\" src=\"https:\/\/www.industri-sl.com\/wp-content\/uploads\/sc7-2-2-300x217.jpg\" alt=\"Ersatzteilkatalog f\u00fcr Sunsundegui sc7 Reisebusse\" width=\"300\" height=\"217\" srcset=\"https:\/\/www.industri-sl.com\/wp-content\/uploads\/sc7-2-2-300x217.jpg 300w, https:\/\/www.industri-sl.com\/wp-content\/uploads\/sc7-2-2-768x555.jpg 768w, https:\/\/www.industri-sl.com\/wp-content\/uploads\/sc7-2-2.jpg 800w\" sizes=\"auto, (max-width: 300px) 100vw, 300px\" \/><\/p>\n<p><a href=\"https:\/\/www.industri-sl.com\/de\/transport\/ersatzteile\/bus\/sunsundegui\/sc7\/\">SC7<\/a><\/p>\n<p>Wir bieten Ersatzteile f\u00fcr:<\/p>\n<p><a class=\"boton gris\" href=\"https:\/\/www.industri-sl.com\/de\/transport\/ersatzteile\/bus\/sunsundegui\/vorhaenge\/\">Vorh\u00e4nge<\/a><\/p>\n<p><a class=\"boton gris\" href=\"https:\/\/www.industri-sl.com\/de\/transport\/ersatzteile\/bus\/sunsundegui\/rueckspiegel\/\">R\u00fcckspiegel<\/a><\/p>\n<p><a href=\"https:\/\/www.industri-sl.com\/de\/transport\/ersatzteile\/bus\/unvi\/\"><img loading=\"lazy\" decoding=\"async\" class=\"alignnone size-medium wp-image-47\" src=\"https:\/\/www.industri-sl.com\/wp-content\/uploads\/logo-unvi-300x200.png\" alt=\"Unvi logo\" width=\"300\" height=\"200\" srcset=\"https:\/\/www.industri-sl.com\/wp-content\/uploads\/logo-unvi-300x200.png 300w, https:\/\/www.industri-sl.com\/wp-content\/uploads\/logo-unvi.png 600w\" sizes=\"auto, (max-width: 300px) 100vw, 300px\" \/><\/a><\/p>\n<p><a href=\"https:\/\/www.industri-sl.com\/de\/transport\/ersatzteile\/bus\/unvi\/\">Unvi ansehen<\/a><\/p>\n<p>Finden Sie nicht, was Sie brauchen?<\/p>\n<p>Wir fertigen kundenspezifische Teile f\u00fcr Busse<\/p>\n<p><a href=\"https:\/\/www.industri-sl.com\/de\/transport\/bus\/\">Bus<\/a><\/p>\n<p>Ingenieurleistungen<\/p>\n<p>Bei INDUSTRI verf\u00fcgen wir neben der Herstellung von Teilen und Ersatzteilen f\u00fcr die Bahn- und AutomobilINDUSTRIe auch \u00fcber eine Forschungs- und Entwicklungsabteilung, in der in enger Zusammenarbeit mit unseren Kunden neue Produkte entwickelt werden. Wir haben umfangreiche Erfahrung in der Konstruktion von Spezialmaschinen zur Fertigung dieser Bauteile und Ausstattungen.<\/p>\n<p><a class=\"boton\" href=\"https:\/\/www.industri-sl.com\/de\/ingenieurleistungen\/\">Weitere Informationen<\/a><\/p>\n","protected":false},"excerpt":{"rendered":"<p>Ersatzteilkatalog f\u00fcr Reisebusse Bei INDUSTRI haben wir uns auf die kundenspezifische Fertigung von Ersatzteilen von Scharnieren, R\u00fcckspiegeln und Vorh\u00e4ngen \u00fcber Dachfenster bis hin zu Trittstufen und Radkappen f\u00fcr Busse aller Art spezialisiert. Gro\u00dfe Marken wie Irizar, Sunsundegui oder Unvi vertrauen bereits auf uns zur kundenspezifischen Fertigung exklusiver Ersatzteile. M\u00f6chten Sie wissen, was wir f\u00fcr Ihr [&hellip;]<\/p>\n","protected":false},"author":3,"featured_media":0,"parent":8685,"menu_order":0,"comment_status":"closed","ping_status":"closed","template":"page-recambios-autobus.php","meta":{"footnotes":""},"class_list":["post-8689","page","type-page","status-publish","hentry"],"yoast_head":"<!-- This site is optimized with the Yoast SEO plugin v27.2 - https:\/\/yoast.com\/product\/yoast-seo-wordpress\/ -->\n<title>Ersatzteile und Zubeh\u00f6r f\u00fcr Busse - INDUSTRI<\/title>\n<meta name=\"description\" content=\"Bei INDUSTRI sind wir auf die kundenspezifische Fertigung von Bus-Ersatzteilen aller Art spezialisiert, unter anderem Scharniere, R\u00fcckspiegel und Vorh\u00e4nge.\" \/>\n<meta name=\"robots\" content=\"index, follow, max-snippet:-1, max-image-preview:large, max-video-preview:-1\" \/>\n<link rel=\"canonical\" href=\"https:\/\/www.industri-sl.com\/de\/transport\/ersatzteile\/bus\/\" \/>\n<meta property=\"og:locale\" content=\"de_DE\" \/>\n<meta property=\"og:type\" content=\"article\" \/>\n<meta property=\"og:title\" content=\"Ersatzteile und Zubeh\u00f6r f\u00fcr Busse - INDUSTRI\" \/>\n<meta property=\"og:description\" content=\"Bei INDUSTRI sind wir auf die kundenspezifische Fertigung von Bus-Ersatzteilen aller Art spezialisiert, unter anderem Scharniere, R\u00fcckspiegel und Vorh\u00e4nge.\" \/>\n<meta property=\"og:url\" content=\"https:\/\/www.industri-sl.com\/de\/transport\/ersatzteile\/bus\/\" \/>\n<meta property=\"og:site_name\" content=\"Industri SL\" \/>\n<meta property=\"article:modified_time\" content=\"2020-01-28T10:06:50+00:00\" \/>\n<meta property=\"og:image\" content=\"https:\/\/www.industri-sl.com\/wp-content\/uploads\/logo-irizar-300x200.png\" \/>\n<meta name=\"twitter:card\" content=\"summary_large_image\" \/>\n<meta name=\"twitter:label1\" content=\"Gesch\u00e4tzte Lesezeit\" \/>\n\t<meta name=\"twitter:data1\" content=\"1\u00a0Minute\" \/>\n<script type=\"application\/ld+json\" class=\"yoast-schema-graph\">{\"@context\":\"https:\/\/schema.org\",\"@graph\":[{\"@type\":\"WebPage\",\"@id\":\"https:\/\/www.industri-sl.com\/de\/transport\/ersatzteile\/bus\/\",\"url\":\"https:\/\/www.industri-sl.com\/de\/transport\/ersatzteile\/bus\/\",\"name\":\"Ersatzteile und Zubeh\u00f6r f\u00fcr Busse - INDUSTRI\",\"isPartOf\":{\"@id\":\"https:\/\/www.industri-sl.com\/de\/#website\"},\"primaryImageOfPage\":{\"@id\":\"https:\/\/www.industri-sl.com\/de\/transport\/ersatzteile\/bus\/#primaryimage\"},\"image\":{\"@id\":\"https:\/\/www.industri-sl.com\/de\/transport\/ersatzteile\/bus\/#primaryimage\"},\"thumbnailUrl\":\"https:\/\/www.industri-sl.com\/wp-content\/uploads\/logo-irizar-300x200.png\",\"datePublished\":\"2019-10-02T08:48:15+00:00\",\"dateModified\":\"2020-01-28T10:06:50+00:00\",\"description\":\"Bei INDUSTRI sind wir auf die kundenspezifische Fertigung von Bus-Ersatzteilen aller Art spezialisiert, unter anderem Scharniere, R\u00fcckspiegel und Vorh\u00e4nge.\",\"breadcrumb\":{\"@id\":\"https:\/\/www.industri-sl.com\/de\/transport\/ersatzteile\/bus\/#breadcrumb\"},\"inLanguage\":\"de\",\"potentialAction\":[{\"@type\":\"ReadAction\",\"target\":[\"https:\/\/www.industri-sl.com\/de\/transport\/ersatzteile\/bus\/\"]}]},{\"@type\":\"ImageObject\",\"inLanguage\":\"de\",\"@id\":\"https:\/\/www.industri-sl.com\/de\/transport\/ersatzteile\/bus\/#primaryimage\",\"url\":\"https:\/\/www.industri-sl.com\/wp-content\/uploads\/logo-irizar-300x200.png\",\"contentUrl\":\"https:\/\/www.industri-sl.com\/wp-content\/uploads\/logo-irizar-300x200.png\"},{\"@type\":\"BreadcrumbList\",\"@id\":\"https:\/\/www.industri-sl.com\/de\/transport\/ersatzteile\/bus\/#breadcrumb\",\"itemListElement\":[{\"@type\":\"ListItem\",\"position\":1,\"name\":\"Inicio\",\"item\":\"https:\/\/www.industri-sl.com\/de\/\"},{\"@type\":\"ListItem\",\"position\":2,\"name\":\"Gesch\u00e4ftsbereich Transport\",\"item\":\"https:\/\/www.industri-sl.com\/de\/transport\/\"},{\"@type\":\"ListItem\",\"position\":3,\"name\":\"Ersatzteilkatalog\",\"item\":\"https:\/\/www.industri-sl.com\/de\/transport\/ersatzteile\/\"},{\"@type\":\"ListItem\",\"position\":4,\"name\":\"Ersatzteile und Zubeh\u00f6r f\u00fcr Busse\"}]},{\"@type\":\"WebSite\",\"@id\":\"https:\/\/www.industri-sl.com\/de\/#website\",\"url\":\"https:\/\/www.industri-sl.com\/de\/\",\"name\":\"Industri SL\",\"description\":\"\",\"publisher\":{\"@id\":\"https:\/\/www.industri-sl.com\/de\/#organization\"},\"potentialAction\":[{\"@type\":\"SearchAction\",\"target\":{\"@type\":\"EntryPoint\",\"urlTemplate\":\"https:\/\/www.industri-sl.com\/de\/?s={search_term_string}\"},\"query-input\":{\"@type\":\"PropertyValueSpecification\",\"valueRequired\":true,\"valueName\":\"search_term_string\"}}],\"inLanguage\":\"de\"},{\"@type\":\"Organization\",\"@id\":\"https:\/\/www.industri-sl.com\/de\/#organization\",\"name\":\"Industri SL\",\"url\":\"https:\/\/www.industri-sl.com\/de\/\",\"logo\":{\"@type\":\"ImageObject\",\"inLanguage\":\"de\",\"@id\":\"https:\/\/www.industri-sl.com\/de\/#\/schema\/logo\/image\/\",\"url\":\"https:\/\/www.industri-sl.com\/wp-content\/uploads\/industri-logo.png\",\"contentUrl\":\"https:\/\/www.industri-sl.com\/wp-content\/uploads\/industri-logo.png\",\"width\":248,\"height\":45,\"caption\":\"Industri SL\"},\"image\":{\"@id\":\"https:\/\/www.industri-sl.com\/de\/#\/schema\/logo\/image\/\"}}]}<\/script>\n<!-- \/ Yoast SEO plugin. -->","yoast_head_json":{"title":"Ersatzteile und Zubeh\u00f6r f\u00fcr Busse - INDUSTRI","description":"Bei INDUSTRI sind wir auf die kundenspezifische Fertigung von Bus-Ersatzteilen aller Art spezialisiert, unter anderem Scharniere, R\u00fcckspiegel und Vorh\u00e4nge.","robots":{"index":"index","follow":"follow","max-snippet":"max-snippet:-1","max-image-preview":"max-image-preview:large","max-video-preview":"max-video-preview:-1"},"canonical":"https:\/\/www.industri-sl.com\/de\/transport\/ersatzteile\/bus\/","og_locale":"de_DE","og_type":"article","og_title":"Ersatzteile und Zubeh\u00f6r f\u00fcr Busse - INDUSTRI","og_description":"Bei INDUSTRI sind wir auf die kundenspezifische Fertigung von Bus-Ersatzteilen aller Art spezialisiert, unter anderem Scharniere, R\u00fcckspiegel und Vorh\u00e4nge.","og_url":"https:\/\/www.industri-sl.com\/de\/transport\/ersatzteile\/bus\/","og_site_name":"Industri SL","article_modified_time":"2020-01-28T10:06:50+00:00","og_image":[{"url":"https:\/\/www.industri-sl.com\/wp-content\/uploads\/logo-irizar-300x200.png","type":"","width":"","height":""}],"twitter_card":"summary_large_image","twitter_misc":{"Gesch\u00e4tzte Lesezeit":"1\u00a0Minute"},"schema":{"@context":"https:\/\/schema.org","@graph":[{"@type":"WebPage","@id":"https:\/\/www.industri-sl.com\/de\/transport\/ersatzteile\/bus\/","url":"https:\/\/www.industri-sl.com\/de\/transport\/ersatzteile\/bus\/","name":"Ersatzteile und Zubeh\u00f6r f\u00fcr Busse - INDUSTRI","isPartOf":{"@id":"https:\/\/www.industri-sl.com\/de\/#website"},"primaryImageOfPage":{"@id":"https:\/\/www.industri-sl.com\/de\/transport\/ersatzteile\/bus\/#primaryimage"},"image":{"@id":"https:\/\/www.industri-sl.com\/de\/transport\/ersatzteile\/bus\/#primaryimage"},"thumbnailUrl":"https:\/\/www.industri-sl.com\/wp-content\/uploads\/logo-irizar-300x200.png","datePublished":"2019-10-02T08:48:15+00:00","dateModified":"2020-01-28T10:06:50+00:00","description":"Bei INDUSTRI sind wir auf die kundenspezifische Fertigung von Bus-Ersatzteilen aller Art spezialisiert, unter anderem Scharniere, R\u00fcckspiegel und Vorh\u00e4nge.","breadcrumb":{"@id":"https:\/\/www.industri-sl.com\/de\/transport\/ersatzteile\/bus\/#breadcrumb"},"inLanguage":"de","potentialAction":[{"@type":"ReadAction","target":["https:\/\/www.industri-sl.com\/de\/transport\/ersatzteile\/bus\/"]}]},{"@type":"ImageObject","inLanguage":"de","@id":"https:\/\/www.industri-sl.com\/de\/transport\/ersatzteile\/bus\/#primaryimage","url":"https:\/\/www.industri-sl.com\/wp-content\/uploads\/logo-irizar-300x200.png","contentUrl":"https:\/\/www.industri-sl.com\/wp-content\/uploads\/logo-irizar-300x200.png"},{"@type":"BreadcrumbList","@id":"https:\/\/www.industri-sl.com\/de\/transport\/ersatzteile\/bus\/#breadcrumb","itemListElement":[{"@type":"ListItem","position":1,"name":"Inicio","item":"https:\/\/www.industri-sl.com\/de\/"},{"@type":"ListItem","position":2,"name":"Gesch\u00e4ftsbereich Transport","item":"https:\/\/www.industri-sl.com\/de\/transport\/"},{"@type":"ListItem","position":3,"name":"Ersatzteilkatalog","item":"https:\/\/www.industri-sl.com\/de\/transport\/ersatzteile\/"},{"@type":"ListItem","position":4,"name":"Ersatzteile und Zubeh\u00f6r f\u00fcr Busse"}]},{"@type":"WebSite","@id":"https:\/\/www.industri-sl.com\/de\/#website","url":"https:\/\/www.industri-sl.com\/de\/","name":"Industri SL","description":"","publisher":{"@id":"https:\/\/www.industri-sl.com\/de\/#organization"},"potentialAction":[{"@type":"SearchAction","target":{"@type":"EntryPoint","urlTemplate":"https:\/\/www.industri-sl.com\/de\/?s={search_term_string}"},"query-input":{"@type":"PropertyValueSpecification","valueRequired":true,"valueName":"search_term_string"}}],"inLanguage":"de"},{"@type":"Organization","@id":"https:\/\/www.industri-sl.com\/de\/#organization","name":"Industri SL","url":"https:\/\/www.industri-sl.com\/de\/","logo":{"@type":"ImageObject","inLanguage":"de","@id":"https:\/\/www.industri-sl.com\/de\/#\/schema\/logo\/image\/","url":"https:\/\/www.industri-sl.com\/wp-content\/uploads\/industri-logo.png","contentUrl":"https:\/\/www.industri-sl.com\/wp-content\/uploads\/industri-logo.png","width":248,"height":45,"caption":"Industri SL"},"image":{"@id":"https:\/\/www.industri-sl.com\/de\/#\/schema\/logo\/image\/"}}]}},"_links":{"self":[{"href":"https:\/\/www.industri-sl.com\/de\/wp-json\/wp\/v2\/pages\/8689","targetHints":{"allow":["GET"]}}],"collection":[{"href":"https:\/\/www.industri-sl.com\/de\/wp-json\/wp\/v2\/pages"}],"about":[{"href":"https:\/\/www.industri-sl.com\/de\/wp-json\/wp\/v2\/types\/page"}],"author":[{"embeddable":true,"href":"https:\/\/www.industri-sl.com\/de\/wp-json\/wp\/v2\/users\/3"}],"replies":[{"embeddable":true,"href":"https:\/\/www.industri-sl.com\/de\/wp-json\/wp\/v2\/comments?post=8689"}],"version-history":[{"count":0,"href":"https:\/\/www.industri-sl.com\/de\/wp-json\/wp\/v2\/pages\/8689\/revisions"}],"up":[{"embeddable":true,"href":"https:\/\/www.industri-sl.com\/de\/wp-json\/wp\/v2\/pages\/8685"}],"wp:attachment":[{"href":"https:\/\/www.industri-sl.com\/de\/wp-json\/wp\/v2\/media?parent=8689"}],"curies":[{"name":"wp","href":"https:\/\/api.w.org\/{rel}","templated":true}]}}