{"id":8683,"date":"2019-09-05T13:05:13","date_gmt":"2019-09-05T11:05:13","guid":{"rendered":"https:\/\/www.industri-sl.com\/transporte\/"},"modified":"2020-01-29T09:21:24","modified_gmt":"2020-01-29T08:21:24","slug":"transport","status":"publish","type":"page","link":"https:\/\/www.industri-sl.com\/de\/transport\/","title":{"rendered":"Gesch\u00e4ftsbereich Transport"},"content":{"rendered":"<h1>Gesch\u00e4ftsbereich Transport<\/h1>\n<p>Seit <strong>mehr als 60 Jahren<\/strong> hat sich INDUSTRI auf die Herstellung von kundenspezifischen Ersatzteilen und Teilen f\u00fcr Z\u00fcge und Busse sowie sonstige Fahrzeuge wie Lastkraftwagen, Krankenwagen, Polizeifahrzeuge oder Sch\u00fclertransportfahrzeuge spezialisiert.<\/p>\n<p>Wir entwerfen, bemustern und fertigen mechanische und elektrische Vorh\u00e4nge, R\u00fcckspiegel, Scharniere, Radkappen, Trittstufen, Dachfenster, Dieseltankdeckel, Auspuffrohre und anderes Zubeh\u00f6r.<\/p>\n<p>Unser Ingenieurteam kann jedes unserer Zubeh\u00f6rteile an die technischen Anforderungen des Projekts anpassen oder das Teil von Grund auf neu entwickeln.<\/p>\n<h4>Was bieten wir?<\/h4>\n<div><a class=\"boton\" href=\"#primary\">KUNDENSPEZIFISCHE FERTIGUNG<\/a> <a class=\"boton\" href=\"#recambios\">ERSATZTEILKATALOG<\/a> <a class=\"boton\" href=\"#servicios-ingenieria\">INGENIEURLEISTUNGEN<\/a><\/div>\n","protected":false},"excerpt":{"rendered":"<p>Gesch\u00e4ftsbereich Transport Seit mehr als 60 Jahren hat sich INDUSTRI auf die Herstellung von kundenspezifischen Ersatzteilen und Teilen f\u00fcr Z\u00fcge und Busse sowie sonstige Fahrzeuge wie Lastkraftwagen, Krankenwagen, Polizeifahrzeuge oder Sch\u00fclertransportfahrzeuge spezialisiert. Wir entwerfen, bemustern und fertigen mechanische und elektrische Vorh\u00e4nge, R\u00fcckspiegel, Scharniere, Radkappen, Trittstufen, Dachfenster, Dieseltankdeckel, Auspuffrohre und anderes Zubeh\u00f6r. Unser Ingenieurteam kann jedes [&hellip;]<\/p>\n","protected":false},"author":3,"featured_media":0,"parent":0,"menu_order":0,"comment_status":"closed","ping_status":"closed","template":"page-transporte.php","meta":{"footnotes":""},"class_list":["post-8683","page","type-page","status-publish","hentry"],"yoast_head":"<!-- This site is optimized with the Yoast SEO plugin v27.2 - https:\/\/yoast.com\/product\/yoast-seo-wordpress\/ -->\n<title>Gesch\u00e4ftsbereich Transport - INDUSTRI<\/title>\n<meta name=\"description\" content=\"Bei INDUSTRI sind wir spezialisiert auf die Fertigung von kundenspezifischen Ersatzteilen und Teilen f\u00fcr Z\u00fcge, Busse und andere Fahrzeuge wie Lastkraftwagen, Krankenwagen usw.\" \/>\n<meta name=\"robots\" content=\"index, follow, max-snippet:-1, max-image-preview:large, max-video-preview:-1\" \/>\n<link rel=\"canonical\" href=\"https:\/\/www.industri-sl.com\/de\/transport\/\" \/>\n<meta property=\"og:locale\" content=\"de_DE\" \/>\n<meta property=\"og:type\" content=\"article\" \/>\n<meta property=\"og:title\" content=\"Gesch\u00e4ftsbereich Transport - INDUSTRI\" \/>\n<meta property=\"og:description\" content=\"Bei INDUSTRI sind wir spezialisiert auf die Fertigung von kundenspezifischen Ersatzteilen und Teilen f\u00fcr Z\u00fcge, Busse und andere Fahrzeuge wie Lastkraftwagen, Krankenwagen usw.\" \/>\n<meta property=\"og:url\" content=\"https:\/\/www.industri-sl.com\/de\/transport\/\" \/>\n<meta property=\"og:site_name\" content=\"Industri SL\" \/>\n<meta property=\"article:modified_time\" content=\"2020-01-29T08:21:24+00:00\" \/>\n<meta name=\"twitter:card\" content=\"summary_large_image\" \/>\n<script type=\"application\/ld+json\" class=\"yoast-schema-graph\">{\"@context\":\"https:\/\/schema.org\",\"@graph\":[{\"@type\":\"WebPage\",\"@id\":\"https:\/\/www.industri-sl.com\/de\/transport\/\",\"url\":\"https:\/\/www.industri-sl.com\/de\/transport\/\",\"name\":\"Gesch\u00e4ftsbereich Transport - INDUSTRI\",\"isPartOf\":{\"@id\":\"https:\/\/www.industri-sl.com\/de\/#website\"},\"datePublished\":\"2019-09-05T11:05:13+00:00\",\"dateModified\":\"2020-01-29T08:21:24+00:00\",\"description\":\"Bei INDUSTRI sind wir spezialisiert auf die Fertigung von kundenspezifischen Ersatzteilen und Teilen f\u00fcr Z\u00fcge, Busse und andere Fahrzeuge wie Lastkraftwagen, Krankenwagen usw.\",\"breadcrumb\":{\"@id\":\"https:\/\/www.industri-sl.com\/de\/transport\/#breadcrumb\"},\"inLanguage\":\"de\",\"potentialAction\":[{\"@type\":\"ReadAction\",\"target\":[\"https:\/\/www.industri-sl.com\/de\/transport\/\"]}]},{\"@type\":\"BreadcrumbList\",\"@id\":\"https:\/\/www.industri-sl.com\/de\/transport\/#breadcrumb\",\"itemListElement\":[{\"@type\":\"ListItem\",\"position\":1,\"name\":\"Inicio\",\"item\":\"https:\/\/www.industri-sl.com\/de\/\"},{\"@type\":\"ListItem\",\"position\":2,\"name\":\"Gesch\u00e4ftsbereich Transport\"}]},{\"@type\":\"WebSite\",\"@id\":\"https:\/\/www.industri-sl.com\/de\/#website\",\"url\":\"https:\/\/www.industri-sl.com\/de\/\",\"name\":\"Industri SL\",\"description\":\"\",\"publisher\":{\"@id\":\"https:\/\/www.industri-sl.com\/de\/#organization\"},\"potentialAction\":[{\"@type\":\"SearchAction\",\"target\":{\"@type\":\"EntryPoint\",\"urlTemplate\":\"https:\/\/www.industri-sl.com\/de\/?s={search_term_string}\"},\"query-input\":{\"@type\":\"PropertyValueSpecification\",\"valueRequired\":true,\"valueName\":\"search_term_string\"}}],\"inLanguage\":\"de\"},{\"@type\":\"Organization\",\"@id\":\"https:\/\/www.industri-sl.com\/de\/#organization\",\"name\":\"Industri SL\",\"url\":\"https:\/\/www.industri-sl.com\/de\/\",\"logo\":{\"@type\":\"ImageObject\",\"inLanguage\":\"de\",\"@id\":\"https:\/\/www.industri-sl.com\/de\/#\/schema\/logo\/image\/\",\"url\":\"https:\/\/www.industri-sl.com\/wp-content\/uploads\/industri-logo.png\",\"contentUrl\":\"https:\/\/www.industri-sl.com\/wp-content\/uploads\/industri-logo.png\",\"width\":248,\"height\":45,\"caption\":\"Industri SL\"},\"image\":{\"@id\":\"https:\/\/www.industri-sl.com\/de\/#\/schema\/logo\/image\/\"}}]}<\/script>\n<!-- \/ Yoast SEO plugin. -->","yoast_head_json":{"title":"Gesch\u00e4ftsbereich Transport - INDUSTRI","description":"Bei INDUSTRI sind wir spezialisiert auf die Fertigung von kundenspezifischen Ersatzteilen und Teilen f\u00fcr Z\u00fcge, Busse und andere Fahrzeuge wie Lastkraftwagen, Krankenwagen usw.","robots":{"index":"index","follow":"follow","max-snippet":"max-snippet:-1","max-image-preview":"max-image-preview:large","max-video-preview":"max-video-preview:-1"},"canonical":"https:\/\/www.industri-sl.com\/de\/transport\/","og_locale":"de_DE","og_type":"article","og_title":"Gesch\u00e4ftsbereich Transport - INDUSTRI","og_description":"Bei INDUSTRI sind wir spezialisiert auf die Fertigung von kundenspezifischen Ersatzteilen und Teilen f\u00fcr Z\u00fcge, Busse und andere Fahrzeuge wie Lastkraftwagen, Krankenwagen usw.","og_url":"https:\/\/www.industri-sl.com\/de\/transport\/","og_site_name":"Industri SL","article_modified_time":"2020-01-29T08:21:24+00:00","twitter_card":"summary_large_image","schema":{"@context":"https:\/\/schema.org","@graph":[{"@type":"WebPage","@id":"https:\/\/www.industri-sl.com\/de\/transport\/","url":"https:\/\/www.industri-sl.com\/de\/transport\/","name":"Gesch\u00e4ftsbereich Transport - INDUSTRI","isPartOf":{"@id":"https:\/\/www.industri-sl.com\/de\/#website"},"datePublished":"2019-09-05T11:05:13+00:00","dateModified":"2020-01-29T08:21:24+00:00","description":"Bei INDUSTRI sind wir spezialisiert auf die Fertigung von kundenspezifischen Ersatzteilen und Teilen f\u00fcr Z\u00fcge, Busse und andere Fahrzeuge wie Lastkraftwagen, Krankenwagen usw.","breadcrumb":{"@id":"https:\/\/www.industri-sl.com\/de\/transport\/#breadcrumb"},"inLanguage":"de","potentialAction":[{"@type":"ReadAction","target":["https:\/\/www.industri-sl.com\/de\/transport\/"]}]},{"@type":"BreadcrumbList","@id":"https:\/\/www.industri-sl.com\/de\/transport\/#breadcrumb","itemListElement":[{"@type":"ListItem","position":1,"name":"Inicio","item":"https:\/\/www.industri-sl.com\/de\/"},{"@type":"ListItem","position":2,"name":"Gesch\u00e4ftsbereich Transport"}]},{"@type":"WebSite","@id":"https:\/\/www.industri-sl.com\/de\/#website","url":"https:\/\/www.industri-sl.com\/de\/","name":"Industri SL","description":"","publisher":{"@id":"https:\/\/www.industri-sl.com\/de\/#organization"},"potentialAction":[{"@type":"SearchAction","target":{"@type":"EntryPoint","urlTemplate":"https:\/\/www.industri-sl.com\/de\/?s={search_term_string}"},"query-input":{"@type":"PropertyValueSpecification","valueRequired":true,"valueName":"search_term_string"}}],"inLanguage":"de"},{"@type":"Organization","@id":"https:\/\/www.industri-sl.com\/de\/#organization","name":"Industri SL","url":"https:\/\/www.industri-sl.com\/de\/","logo":{"@type":"ImageObject","inLanguage":"de","@id":"https:\/\/www.industri-sl.com\/de\/#\/schema\/logo\/image\/","url":"https:\/\/www.industri-sl.com\/wp-content\/uploads\/industri-logo.png","contentUrl":"https:\/\/www.industri-sl.com\/wp-content\/uploads\/industri-logo.png","width":248,"height":45,"caption":"Industri SL"},"image":{"@id":"https:\/\/www.industri-sl.com\/de\/#\/schema\/logo\/image\/"}}]}},"_links":{"self":[{"href":"https:\/\/www.industri-sl.com\/de\/wp-json\/wp\/v2\/pages\/8683","targetHints":{"allow":["GET"]}}],"collection":[{"href":"https:\/\/www.industri-sl.com\/de\/wp-json\/wp\/v2\/pages"}],"about":[{"href":"https:\/\/www.industri-sl.com\/de\/wp-json\/wp\/v2\/types\/page"}],"author":[{"embeddable":true,"href":"https:\/\/www.industri-sl.com\/de\/wp-json\/wp\/v2\/users\/3"}],"replies":[{"embeddable":true,"href":"https:\/\/www.industri-sl.com\/de\/wp-json\/wp\/v2\/comments?post=8683"}],"version-history":[{"count":0,"href":"https:\/\/www.industri-sl.com\/de\/wp-json\/wp\/v2\/pages\/8683\/revisions"}],"wp:attachment":[{"href":"https:\/\/www.industri-sl.com\/de\/wp-json\/wp\/v2\/media?parent=8683"}],"curies":[{"name":"wp","href":"https:\/\/api.w.org\/{rel}","templated":true}]}}