{"id":8676,"date":"2019-10-03T12:15:37","date_gmt":"2019-10-03T10:15:37","guid":{"rendered":"https:\/\/www.industri-sl.com\/bauwesen\/gruas\/"},"modified":"2020-01-28T10:39:53","modified_gmt":"2020-01-28T09:39:53","slug":"kraene","status":"publish","type":"page","link":"https:\/\/www.industri-sl.com\/de\/bauwesen\/kraene\/","title":{"rendered":"Fertigung von Zubeh\u00f6r f\u00fcr Kr\u00e4ne"},"content":{"rendered":"<h2>Fertigung kundenspezifischer Teile f\u00fcr Kr\u00e4ne<\/h2>\n<p><img loading=\"lazy\" decoding=\"async\" class=\"alignright wp-image-2280\" src=\"https:\/\/www.industri-sl.com\/wp-content\/uploads\/grua-1-1-300x225.jpg\" alt=\"Fertigung kundenspezifischer Vorh\u00e4nge f\u00fcr Kr\u00e4ne\" width=\"400\" height=\"300\" srcset=\"https:\/\/www.industri-sl.com\/wp-content\/uploads\/grua-1-1-300x225.jpg 300w, https:\/\/www.industri-sl.com\/wp-content\/uploads\/grua-1-1-768x576.jpg 768w, https:\/\/www.industri-sl.com\/wp-content\/uploads\/grua-1-1.jpg 800w\" sizes=\"auto, (max-width: 400px) 100vw, 400px\" \/><\/p>\n<p>INDUSTRI liefert Ersatzteile und ma\u00dfgefertigtes Zubeh\u00f6r <strong>f\u00fcr alle Arten von Fahrzeugen<\/strong>, einschlie\u00dflich Baufahrzeuge wie Kr\u00e4ne. Wir \u00fcbernehmen den gesamten Prozess vom kundenspezifischen Design gem\u00e4\u00df dem spezifischen Bedarf des Kunden bis zur Fertigung des Teils.<\/p>\n<p>Wir haben weitreichende Erfahrung in der Konstruktion und Fertigung kundenspezifischer Teile f\u00fcr Kr\u00e4ne und haben uns auf Vorh\u00e4nge spezialisiert. <a href=\"https:\/\/www.industri-sl.com\/de\/ingenieurleistungen\/\">Unsere F+E+I-Abteilung<\/a> arbeitet, um bei jedem Projekt eine effektive Kundenanpassung zu gew\u00e4hrleisten. Deshalb entwerfen wir genau den Vorhang, der Ihren Anforderungen am besten entspricht und liefern Ihnen das montierte Teil.<\/p>\n<p>Alle unsere Vorh\u00e4nge sind <strong>aus hochwertigen Materialien gefertigt<\/strong>, um den Wartungsaufwand auf ein Minimum zu reduzieren. In unserem Katalog finden Sie auch ein umfangreiches Sortiment an Grammaturen, Farben und Zubeh\u00f6r.<\/p>\n<h2>Welche Art von Vorh\u00e4ngen fertigen wir f\u00fcr Kr\u00e4ne?<\/h2>\n<h3>Scherenrollos<\/h3>\n<p><img loading=\"lazy\" decoding=\"async\" class=\"alignright wp-image-2363 size-medium\" src=\"https:\/\/www.industri-sl.com\/wp-content\/uploads\/cortina-london-1-3-e1576738920996-300x193.jpg\" alt=\"Fertigung kundenspezifischer Scherenrollos f\u00fcr Kr\u00e4ne\" width=\"300\" height=\"193\" srcset=\"https:\/\/www.industri-sl.com\/wp-content\/uploads\/cortina-london-1-3-e1576738920996-300x193.jpg 300w, https:\/\/www.industri-sl.com\/wp-content\/uploads\/cortina-london-1-3-e1576738920996-768x495.jpg 768w, https:\/\/www.industri-sl.com\/wp-content\/uploads\/cortina-london-1-3-e1576738920996.jpg 792w\" sizes=\"auto, (max-width: 300px) 100vw, 300px\" \/><\/p>\n<p>Dank eines von unserer <strong>F+E+I-Abteilung<\/strong> entwickelten Systems k\u00f6nnen diese Rollos je nach Platzierungsbedarf in verschiedenen Winkeln positioniert werden.<\/p>\n<p>Diese elektrischen Scherenrollos sind mit einem r\u00fcckw\u00e4rtigen Scherensystem ausgestattet, dank dem die seitlichen F\u00fchrungsstangen des Vorhangs \u00fcberfl\u00fcssig werden. Sie sind mit lautlosen 24V-Motoren mit Endschaltern zum programmierbaren \u00d6ffnen und Schlie\u00dfen ausgestattet. Das Geh\u00e4use ist aus <strong>grau lackiertem Aluminium<\/strong>.<\/p>\n<p>Zus\u00e4tzlich zur Scherenausf\u00fchrung ist auch ein <strong>X-f\u00f6rmiges Modell lieferbar<\/strong>.<\/p>\n<h3>Elektrische Rollos<\/h3>\n<p><img loading=\"lazy\" decoding=\"async\" class=\"alignright wp-image-2112 size-medium\" src=\"https:\/\/www.industri-sl.com\/wp-content\/uploads\/cortina-electrica-enrollable-1-2-e1576738594857-300x186.jpg\" alt=\"Fertigung kundenspezifischer Elektrische Rollos f\u00fcr Kr\u00e4ne\" width=\"300\" height=\"186\" srcset=\"https:\/\/www.industri-sl.com\/wp-content\/uploads\/cortina-electrica-enrollable-1-2-e1576738594857-300x186.jpg 300w, https:\/\/www.industri-sl.com\/wp-content\/uploads\/cortina-electrica-enrollable-1-2-e1576738594857-768x476.jpg 768w, https:\/\/www.industri-sl.com\/wp-content\/uploads\/cortina-electrica-enrollable-1-2-e1576738594857.jpg 800w\" sizes=\"auto, (max-width: 300px) 100vw, 300px\" \/><\/p>\n<p>Die elektrischen Rollos sind je nach Verwendungszweck mit unterschiedlichen Motortypen ausgestattet. <strong>In der Regel verwenden wir bei INDUSTRI einen Rohrmotor<\/strong>. Diese Vorh\u00e4nge werden mit einem Au\u00dfengeh\u00e4use aus Aluminium hergestellt, k\u00f6nnen aber auch ohne Geh\u00e4use gefertigt werden.<\/p>\n<p>Wir verf\u00fcgen \u00fcber <strong>eine gro\u00dfe Auswahl an Stoffen<\/strong> mit verschiedenen Grammaturen und Farben, die alle schwer entflammbar sind und die in der Automobilbranche g\u00fcltigen Brand- und Rauchschutzvorschriften erf\u00fcllen.<\/p>\n<h3>Mechanische Rollos<\/h3>\n<p><img loading=\"lazy\" decoding=\"async\" class=\"alignright wp-image-2813 size-medium\" src=\"https:\/\/www.industri-sl.com\/wp-content\/uploads\/cortina-mecanica-2-3-300x225.jpg\" alt=\"Fertigung kundenspezifischer Mechanische Rollos f\u00fcr Kr\u00e4ne\" width=\"300\" height=\"225\" srcset=\"https:\/\/www.industri-sl.com\/wp-content\/uploads\/cortina-mecanica-2-3-300x225.jpg 300w, https:\/\/www.industri-sl.com\/wp-content\/uploads\/cortina-mecanica-2-3-768x576.jpg 768w, https:\/\/www.industri-sl.com\/wp-content\/uploads\/cortina-mecanica-2-3.jpg 800w\" sizes=\"auto, (max-width: 300px) 100vw, 300px\" \/><\/p>\n<p>Die mechanisch bet\u00e4tigten Rollos verf\u00fcgen \u00fcber<strong> einen Rasthebel und eine Zugkordel zum Aufrollen<\/strong>. Diese Zugkordel kann links oder rechts neben dem Vorhang angebracht werden.<\/p>\n<p>Die Rollos haben ein mattschwarzes Au\u00dfengeh\u00e4use aus eloxiertem Aluminium, das den Stoff sch\u00fctzt, k\u00f6nnen jedoch mit oder ohne Geh\u00e4use gefertigt werden. In diesen F\u00e4llen gibt es keinen Rasthebel und <strong>die Bet\u00e4tigung ist frei laufend<\/strong>.<\/p>\n<p>Dazu besteht die M\u00f6glichkeit, im unteren Teil unserer mechanisch bet\u00e4tigten Rollos als Sonnenschutz einen undurchl\u00e4ssigen Streifen einzuf\u00fcgen. Sie k\u00f6nnen auch mit <strong>einem kleinen zentralen Mechanismus<\/strong> versehen werden, der als Griff dient.<\/p>\n","protected":false},"excerpt":{"rendered":"<p>Fertigung kundenspezifischer Teile f\u00fcr Kr\u00e4ne INDUSTRI liefert Ersatzteile und ma\u00dfgefertigtes Zubeh\u00f6r f\u00fcr alle Arten von Fahrzeugen, einschlie\u00dflich Baufahrzeuge wie Kr\u00e4ne. Wir \u00fcbernehmen den gesamten Prozess vom kundenspezifischen Design gem\u00e4\u00df dem spezifischen Bedarf des Kunden bis zur Fertigung des Teils. Wir haben weitreichende Erfahrung in der Konstruktion und Fertigung kundenspezifischer Teile f\u00fcr Kr\u00e4ne und haben uns [&hellip;]<\/p>\n","protected":false},"author":3,"featured_media":0,"parent":8670,"menu_order":0,"comment_status":"closed","ping_status":"closed","template":"page-vehiculos.php","meta":{"footnotes":""},"class_list":["post-8676","page","type-page","status-publish","hentry"],"yoast_head":"<!-- This site is optimized with the Yoast SEO plugin v27.5 - https:\/\/yoast.com\/product\/yoast-seo-wordpress\/ -->\n<title>Kundenspezifische Ersatzteile und Teile f\u00fcr Kr\u00e4ne - INDUSTRI<\/title>\n<meta name=\"description\" content=\"Bei INDUSTRI und fertigen wir kundenspezifische Ersatzteile und Teile f\u00fcr Kr\u00e4ne, von Vorh\u00e4ngen bis zu Innen- oder Au\u00dfenspiegeln.\" \/>\n<meta name=\"robots\" content=\"index, follow, max-snippet:-1, max-image-preview:large, max-video-preview:-1\" \/>\n<link rel=\"canonical\" href=\"https:\/\/www.industri-sl.com\/de\/bauwesen\/kraene\/\" \/>\n<meta property=\"og:locale\" content=\"de_DE\" \/>\n<meta property=\"og:type\" content=\"article\" \/>\n<meta property=\"og:title\" content=\"Kundenspezifische Ersatzteile und Teile f\u00fcr Kr\u00e4ne - INDUSTRI\" \/>\n<meta property=\"og:description\" content=\"Bei INDUSTRI und fertigen wir kundenspezifische Ersatzteile und Teile f\u00fcr Kr\u00e4ne, von Vorh\u00e4ngen bis zu Innen- oder Au\u00dfenspiegeln.\" \/>\n<meta property=\"og:url\" content=\"https:\/\/www.industri-sl.com\/de\/bauwesen\/kraene\/\" \/>\n<meta property=\"og:site_name\" content=\"Industri SL\" \/>\n<meta property=\"article:modified_time\" content=\"2020-01-28T09:39:53+00:00\" \/>\n<meta property=\"og:image\" content=\"https:\/\/www.industri-sl.com\/wp-content\/uploads\/grua-1-1-300x225.jpg\" \/>\n<meta name=\"twitter:card\" content=\"summary_large_image\" \/>\n<meta name=\"twitter:label1\" content=\"Gesch\u00e4tzte Lesezeit\" \/>\n\t<meta name=\"twitter:data1\" content=\"2\u00a0Minuten\" \/>\n<script type=\"application\/ld+json\" class=\"yoast-schema-graph\">{\"@context\":\"https:\\\/\\\/schema.org\",\"@graph\":[{\"@type\":\"WebPage\",\"@id\":\"https:\\\/\\\/www.industri-sl.com\\\/de\\\/bauwesen\\\/kraene\\\/\",\"url\":\"https:\\\/\\\/www.industri-sl.com\\\/de\\\/bauwesen\\\/kraene\\\/\",\"name\":\"Kundenspezifische Ersatzteile und Teile f\u00fcr Kr\u00e4ne - INDUSTRI\",\"isPartOf\":{\"@id\":\"https:\\\/\\\/www.industri-sl.com\\\/de\\\/#website\"},\"primaryImageOfPage\":{\"@id\":\"https:\\\/\\\/www.industri-sl.com\\\/de\\\/bauwesen\\\/kraene\\\/#primaryimage\"},\"image\":{\"@id\":\"https:\\\/\\\/www.industri-sl.com\\\/de\\\/bauwesen\\\/kraene\\\/#primaryimage\"},\"thumbnailUrl\":\"https:\\\/\\\/www.industri-sl.com\\\/wp-content\\\/uploads\\\/grua-1-1-300x225.jpg\",\"datePublished\":\"2019-10-03T10:15:37+00:00\",\"dateModified\":\"2020-01-28T09:39:53+00:00\",\"description\":\"Bei INDUSTRI und fertigen wir kundenspezifische Ersatzteile und Teile f\u00fcr Kr\u00e4ne, von Vorh\u00e4ngen bis zu Innen- oder Au\u00dfenspiegeln.\",\"breadcrumb\":{\"@id\":\"https:\\\/\\\/www.industri-sl.com\\\/de\\\/bauwesen\\\/kraene\\\/#breadcrumb\"},\"inLanguage\":\"de\",\"potentialAction\":[{\"@type\":\"ReadAction\",\"target\":[\"https:\\\/\\\/www.industri-sl.com\\\/de\\\/bauwesen\\\/kraene\\\/\"]}]},{\"@type\":\"ImageObject\",\"inLanguage\":\"de\",\"@id\":\"https:\\\/\\\/www.industri-sl.com\\\/de\\\/bauwesen\\\/kraene\\\/#primaryimage\",\"url\":\"https:\\\/\\\/www.industri-sl.com\\\/wp-content\\\/uploads\\\/grua-1-1-300x225.jpg\",\"contentUrl\":\"https:\\\/\\\/www.industri-sl.com\\\/wp-content\\\/uploads\\\/grua-1-1-300x225.jpg\"},{\"@type\":\"BreadcrumbList\",\"@id\":\"https:\\\/\\\/www.industri-sl.com\\\/de\\\/bauwesen\\\/kraene\\\/#breadcrumb\",\"itemListElement\":[{\"@type\":\"ListItem\",\"position\":1,\"name\":\"Inicio\",\"item\":\"https:\\\/\\\/www.industri-sl.com\\\/de\\\/\"},{\"@type\":\"ListItem\",\"position\":2,\"name\":\"Gesch\u00e4ftsbereich Bauwesen\",\"item\":\"https:\\\/\\\/www.industri-sl.com\\\/de\\\/bauwesen\\\/\"},{\"@type\":\"ListItem\",\"position\":3,\"name\":\"Fertigung von Zubeh\u00f6r f\u00fcr Kr\u00e4ne\"}]},{\"@type\":\"WebSite\",\"@id\":\"https:\\\/\\\/www.industri-sl.com\\\/de\\\/#website\",\"url\":\"https:\\\/\\\/www.industri-sl.com\\\/de\\\/\",\"name\":\"Industri SL\",\"description\":\"\",\"publisher\":{\"@id\":\"https:\\\/\\\/www.industri-sl.com\\\/de\\\/#organization\"},\"potentialAction\":[{\"@type\":\"SearchAction\",\"target\":{\"@type\":\"EntryPoint\",\"urlTemplate\":\"https:\\\/\\\/www.industri-sl.com\\\/de\\\/?s={search_term_string}\"},\"query-input\":{\"@type\":\"PropertyValueSpecification\",\"valueRequired\":true,\"valueName\":\"search_term_string\"}}],\"inLanguage\":\"de\"},{\"@type\":\"Organization\",\"@id\":\"https:\\\/\\\/www.industri-sl.com\\\/de\\\/#organization\",\"name\":\"Industri SL\",\"url\":\"https:\\\/\\\/www.industri-sl.com\\\/de\\\/\",\"logo\":{\"@type\":\"ImageObject\",\"inLanguage\":\"de\",\"@id\":\"https:\\\/\\\/www.industri-sl.com\\\/de\\\/#\\\/schema\\\/logo\\\/image\\\/\",\"url\":\"https:\\\/\\\/www.industri-sl.com\\\/wp-content\\\/uploads\\\/industri-logo.png\",\"contentUrl\":\"https:\\\/\\\/www.industri-sl.com\\\/wp-content\\\/uploads\\\/industri-logo.png\",\"width\":248,\"height\":45,\"caption\":\"Industri SL\"},\"image\":{\"@id\":\"https:\\\/\\\/www.industri-sl.com\\\/de\\\/#\\\/schema\\\/logo\\\/image\\\/\"}}]}<\/script>\n<!-- \/ Yoast SEO plugin. -->","yoast_head_json":{"title":"Kundenspezifische Ersatzteile und Teile f\u00fcr Kr\u00e4ne - INDUSTRI","description":"Bei INDUSTRI und fertigen wir kundenspezifische Ersatzteile und Teile f\u00fcr Kr\u00e4ne, von Vorh\u00e4ngen bis zu Innen- oder Au\u00dfenspiegeln.","robots":{"index":"index","follow":"follow","max-snippet":"max-snippet:-1","max-image-preview":"max-image-preview:large","max-video-preview":"max-video-preview:-1"},"canonical":"https:\/\/www.industri-sl.com\/de\/bauwesen\/kraene\/","og_locale":"de_DE","og_type":"article","og_title":"Kundenspezifische Ersatzteile und Teile f\u00fcr Kr\u00e4ne - INDUSTRI","og_description":"Bei INDUSTRI und fertigen wir kundenspezifische Ersatzteile und Teile f\u00fcr Kr\u00e4ne, von Vorh\u00e4ngen bis zu Innen- oder Au\u00dfenspiegeln.","og_url":"https:\/\/www.industri-sl.com\/de\/bauwesen\/kraene\/","og_site_name":"Industri SL","article_modified_time":"2020-01-28T09:39:53+00:00","og_image":[{"url":"https:\/\/www.industri-sl.com\/wp-content\/uploads\/grua-1-1-300x225.jpg","type":"","width":"","height":""}],"twitter_card":"summary_large_image","twitter_misc":{"Gesch\u00e4tzte Lesezeit":"2\u00a0Minuten"},"schema":{"@context":"https:\/\/schema.org","@graph":[{"@type":"WebPage","@id":"https:\/\/www.industri-sl.com\/de\/bauwesen\/kraene\/","url":"https:\/\/www.industri-sl.com\/de\/bauwesen\/kraene\/","name":"Kundenspezifische Ersatzteile und Teile f\u00fcr Kr\u00e4ne - INDUSTRI","isPartOf":{"@id":"https:\/\/www.industri-sl.com\/de\/#website"},"primaryImageOfPage":{"@id":"https:\/\/www.industri-sl.com\/de\/bauwesen\/kraene\/#primaryimage"},"image":{"@id":"https:\/\/www.industri-sl.com\/de\/bauwesen\/kraene\/#primaryimage"},"thumbnailUrl":"https:\/\/www.industri-sl.com\/wp-content\/uploads\/grua-1-1-300x225.jpg","datePublished":"2019-10-03T10:15:37+00:00","dateModified":"2020-01-28T09:39:53+00:00","description":"Bei INDUSTRI und fertigen wir kundenspezifische Ersatzteile und Teile f\u00fcr Kr\u00e4ne, von Vorh\u00e4ngen bis zu Innen- oder Au\u00dfenspiegeln.","breadcrumb":{"@id":"https:\/\/www.industri-sl.com\/de\/bauwesen\/kraene\/#breadcrumb"},"inLanguage":"de","potentialAction":[{"@type":"ReadAction","target":["https:\/\/www.industri-sl.com\/de\/bauwesen\/kraene\/"]}]},{"@type":"ImageObject","inLanguage":"de","@id":"https:\/\/www.industri-sl.com\/de\/bauwesen\/kraene\/#primaryimage","url":"https:\/\/www.industri-sl.com\/wp-content\/uploads\/grua-1-1-300x225.jpg","contentUrl":"https:\/\/www.industri-sl.com\/wp-content\/uploads\/grua-1-1-300x225.jpg"},{"@type":"BreadcrumbList","@id":"https:\/\/www.industri-sl.com\/de\/bauwesen\/kraene\/#breadcrumb","itemListElement":[{"@type":"ListItem","position":1,"name":"Inicio","item":"https:\/\/www.industri-sl.com\/de\/"},{"@type":"ListItem","position":2,"name":"Gesch\u00e4ftsbereich Bauwesen","item":"https:\/\/www.industri-sl.com\/de\/bauwesen\/"},{"@type":"ListItem","position":3,"name":"Fertigung von Zubeh\u00f6r f\u00fcr Kr\u00e4ne"}]},{"@type":"WebSite","@id":"https:\/\/www.industri-sl.com\/de\/#website","url":"https:\/\/www.industri-sl.com\/de\/","name":"Industri SL","description":"","publisher":{"@id":"https:\/\/www.industri-sl.com\/de\/#organization"},"potentialAction":[{"@type":"SearchAction","target":{"@type":"EntryPoint","urlTemplate":"https:\/\/www.industri-sl.com\/de\/?s={search_term_string}"},"query-input":{"@type":"PropertyValueSpecification","valueRequired":true,"valueName":"search_term_string"}}],"inLanguage":"de"},{"@type":"Organization","@id":"https:\/\/www.industri-sl.com\/de\/#organization","name":"Industri SL","url":"https:\/\/www.industri-sl.com\/de\/","logo":{"@type":"ImageObject","inLanguage":"de","@id":"https:\/\/www.industri-sl.com\/de\/#\/schema\/logo\/image\/","url":"https:\/\/www.industri-sl.com\/wp-content\/uploads\/industri-logo.png","contentUrl":"https:\/\/www.industri-sl.com\/wp-content\/uploads\/industri-logo.png","width":248,"height":45,"caption":"Industri SL"},"image":{"@id":"https:\/\/www.industri-sl.com\/de\/#\/schema\/logo\/image\/"}}]}},"_links":{"self":[{"href":"https:\/\/www.industri-sl.com\/de\/wp-json\/wp\/v2\/pages\/8676","targetHints":{"allow":["GET"]}}],"collection":[{"href":"https:\/\/www.industri-sl.com\/de\/wp-json\/wp\/v2\/pages"}],"about":[{"href":"https:\/\/www.industri-sl.com\/de\/wp-json\/wp\/v2\/types\/page"}],"author":[{"embeddable":true,"href":"https:\/\/www.industri-sl.com\/de\/wp-json\/wp\/v2\/users\/3"}],"replies":[{"embeddable":true,"href":"https:\/\/www.industri-sl.com\/de\/wp-json\/wp\/v2\/comments?post=8676"}],"version-history":[{"count":0,"href":"https:\/\/www.industri-sl.com\/de\/wp-json\/wp\/v2\/pages\/8676\/revisions"}],"up":[{"embeddable":true,"href":"https:\/\/www.industri-sl.com\/de\/wp-json\/wp\/v2\/pages\/8670"}],"wp:attachment":[{"href":"https:\/\/www.industri-sl.com\/de\/wp-json\/wp\/v2\/media?parent=8676"}],"curies":[{"name":"wp","href":"https:\/\/api.w.org\/{rel}","templated":true}]}}