{"id":8672,"date":"2019-11-11T14:51:06","date_gmt":"2019-11-11T13:51:06","guid":{"rendered":"https:\/\/www.industri-sl.com\/bauwesen\/camiones\/"},"modified":"2020-01-28T09:59:55","modified_gmt":"2020-01-28T08:59:55","slug":"lkw","status":"publish","type":"page","link":"https:\/\/www.industri-sl.com\/de\/bauwesen\/lkw\/","title":{"rendered":"Fertigung von Zubeh\u00f6r f\u00fcr Lkw"},"content":{"rendered":"<h2>Fertigung von kundenspezifischen Teilen f\u00fcr Lkw<\/h2>\n<p><img loading=\"lazy\" decoding=\"async\" class=\"alignright wp-image-2979\" src=\"https:\/\/www.industri-sl.com\/wp-content\/uploads\/camion-construccion-300x216.jpg\" alt=\"Fertigung von kundenspezifischen Teilen f\u00fcr Lkw\" width=\"450\" height=\"323\" srcset=\"https:\/\/www.industri-sl.com\/wp-content\/uploads\/camion-construccion-300x216.jpg 300w, https:\/\/www.industri-sl.com\/wp-content\/uploads\/camion-construccion-768x552.jpg 768w, https:\/\/www.industri-sl.com\/wp-content\/uploads\/camion-construccion.jpg 800w\" sizes=\"auto, (max-width: 450px) 100vw, 450px\" \/><\/p>\n<p>INDUSTRI liefert Ersatzteile und ma\u00dfgefertigtes Zubeh\u00f6r f\u00fcr alle Arten von Fahrzeugen, einschlie\u00dflich Baustellenfahrzeuge. <a href=\"https:\/\/www.industri-sl.com\/de\/ingenieurleistungen\/\">Wir \u00fcbernehmen den gesamten Prozess<\/a> vom kundenspezifischen Design gem\u00e4\u00df dem spezifischen Bedarf des Kunden bis zur Fertigung des Teils.<\/p>\n<p>Bau- oder Baustellenfahrzeuge m\u00fcssen <strong>speziell ausger\u00fcstet sein<\/strong>, da sie anderen Bedingungen als denen eines \u00fcblichen Nutzfahrzeugs ausgesetzt sind. Baustellen haben in der Regel unbefestigte B\u00f6den voller Kies und Sand, was das Lenken des Lkws erschwert. Aus diesem Grund m\u00fcssen diese Fahrzeuge \u00fcber Ausr\u00fcstungen und Zubeh\u00f6r verf\u00fcgen, die dem Fahrer helfen, sicher zu fahren.<\/p>\n<p><a href=\"https:\/\/www.industri-sl.com\/de\/ueber-uns\/\">INDUSTRI verf\u00fcgt \u00fcber umfassende Erfahrung<\/a> in der Entwicklung und Herstellung von kundenspezifischen Teilen f\u00fcr Baustellenfahrzeuge, wie z. B. R\u00fcckspiegel f\u00fcr den Innen- und Au\u00dfenbereich, R\u00fcckspiegelkomponenten und Vorh\u00e4nge. <strong>Unsere F+E+I-Abteilung<\/strong> arbeitet, um bei jedem Projekt eine effektive Kundenanpassung zu gew\u00e4hrleisten. Deshalb entwerfen wir genau den Vorhang, der dem Bedarf jedes Kunden am besten entspricht und liefern das montierte Teil.<\/p>\n<h2>Welche Art von R\u00fcckspiegeln fertigen wir f\u00fcr Baustellenfahrzeuge?<\/h2>\n<p>Wir entwerfen und fertigen Au\u00dfen- und Innenspiegel sowie Bauteile f\u00fcr diese R\u00fcckspiegel.<\/p>\n<p>INDUSTRI stellt Au\u00dfenspiegel mit Spiegelplatten f\u00fcr beheizte und unbeheizte Spiegel her, um so die Sicht des Fahrers an Tagen <strong>mit niedrigen Temperaturen zu optimieren<\/strong>.<\/p>\n<p>Die von INDUSTRI gefertigten Innenspiegel sind so konstruiert, dass sie im <strong>Innern des Lkws<\/strong> so platziert werden, dass sie dem Fahrer eine Rundumsicht des Fahrzeuginnenraums verschaffen.<\/p>\n<p>Zus\u00e4tzlich zur Komplettfertigung von R\u00fcckspiegeln f\u00fcr Baustellenfahrzeuge entwerfen und fertigen wir bei INDUSTRI separat einige der Einzelteile der Au\u00dfen- und Innenspiegel. Diese Bau- und Ersatzteile der R\u00fcckspiegel sind f\u00fcr <strong>ihre optimale Funktionsweise unerl\u00e4sslich<\/strong>.<\/p>\n<h2>Welche Art von Vorh\u00e4ngen fertigen wir f\u00fcr Baustellenfahrzeuge?<\/h2>\n<p>Alle unsere Vorh\u00e4nge <strong>sind aus hochwertigen Materialien gefertigt<\/strong>, um den Wartungsaufwand auf ein Minimum zu reduzieren. In unserem Katalog finden Sie auch ein umfangreiches Sortiment an Grammaturen, Farben und Zubeh\u00f6r.<\/p>\n<h3>Scherenrollos<\/h3>\n<p><img loading=\"lazy\" decoding=\"async\" class=\"alignright wp-image-2363 size-medium\" src=\"https:\/\/www.industri-sl.com\/wp-content\/uploads\/cortina-london-1-3-e1576738920996-300x193.jpg\" alt=\"Fertigung von kundenspezifischen Scherenrollos f\u00fcr Lkw\" width=\"300\" height=\"193\" srcset=\"https:\/\/www.industri-sl.com\/wp-content\/uploads\/cortina-london-1-3-e1576738920996-300x193.jpg 300w, https:\/\/www.industri-sl.com\/wp-content\/uploads\/cortina-london-1-3-e1576738920996-768x495.jpg 768w, https:\/\/www.industri-sl.com\/wp-content\/uploads\/cortina-london-1-3-e1576738920996.jpg 792w\" sizes=\"auto, (max-width: 300px) 100vw, 300px\" \/><\/p>\n<p>Dank eines von unserer F+E+I-Abteilung entwickelten Systems k\u00f6nnen diese Rollos je nach Platzierungsbedarf <strong>in verschiedenen Winkeln positioniert werden<\/strong>.<\/p>\n<p>Diese elektrischen Scherenrollos sind mit einem r\u00fcckw\u00e4rtigen Scherensystem ausgestattet, dank dem die seitlichen F\u00fchrungsstangen des Vorhangs \u00fcberfl\u00fcssig werden. Sie sind mit lautlosen 24V-Motoren mit Endschaltern zum programmierbaren \u00d6ffnen und Schlie\u00dfen ausgestattet. Das Geh\u00e4use ist aus grau <strong>lackiertem Aluminium<\/strong>.<\/p>\n<p>Zus\u00e4tzlich zur <strong>Scherenausf\u00fchrung<\/strong> ist auch ein X-f\u00f6rmiges Modell lieferbar.<\/p>\n<h3>Elektrische Rollos<\/h3>\n<p><img loading=\"lazy\" decoding=\"async\" class=\"alignright wp-image-2112 size-medium\" src=\"https:\/\/www.industri-sl.com\/wp-content\/uploads\/cortina-electrica-enrollable-1-2-e1576738594857-300x186.jpg\" alt=\"Fertigung von kundenspezifischen Elektrische Rollos f\u00fcr Lkw\" width=\"300\" height=\"186\" srcset=\"https:\/\/www.industri-sl.com\/wp-content\/uploads\/cortina-electrica-enrollable-1-2-e1576738594857-300x186.jpg 300w, https:\/\/www.industri-sl.com\/wp-content\/uploads\/cortina-electrica-enrollable-1-2-e1576738594857-768x476.jpg 768w, https:\/\/www.industri-sl.com\/wp-content\/uploads\/cortina-electrica-enrollable-1-2-e1576738594857.jpg 800w\" sizes=\"auto, (max-width: 300px) 100vw, 300px\" \/><\/p>\n<p>Die elektrischen Rollos sind je nach Verwendungszweck <strong>mit unterschiedlichen Motortypen ausgestattet<\/strong>. In der Regel verwenden wir bei INDUSTRI einen Rohrmotor. Diese Vorh\u00e4nge werden mit einem Au\u00dfengeh\u00e4use aus Aluminium hergestellt, k\u00f6nnen aber auch ohne Geh\u00e4use gefertigt werden.<\/p>\n<p>Wir verf\u00fcgen \u00fcber eine <strong>gro\u00dfe Auswahl an Stoffen<\/strong> mit verschiedenen Grammaturen und Farben, die alle schwer entflammbar sind und die in der Automobilbranche g\u00fcltigen Brand- und Rauchschutzvorschriften erf\u00fcllen.<\/p>\n<h3>Mechanische Rollos<\/h3>\n<p><img loading=\"lazy\" decoding=\"async\" class=\"alignright wp-image-2813 size-medium\" src=\"https:\/\/www.industri-sl.com\/wp-content\/uploads\/cortina-mecanica-2-3-300x225.jpg\" alt=\"Fertigung von kundenspezifischen Mechanische Rollos f\u00fcr Lkw\" width=\"300\" height=\"225\" srcset=\"https:\/\/www.industri-sl.com\/wp-content\/uploads\/cortina-mecanica-2-3-300x225.jpg 300w, https:\/\/www.industri-sl.com\/wp-content\/uploads\/cortina-mecanica-2-3-768x576.jpg 768w, https:\/\/www.industri-sl.com\/wp-content\/uploads\/cortina-mecanica-2-3.jpg 800w\" sizes=\"auto, (max-width: 300px) 100vw, 300px\" \/><\/p>\n<p>Die mechanisch bet\u00e4tigten Rollos verf\u00fcgen \u00fcber einen Rasthebel und <strong>eine Zugkordel zum Aufrollen<\/strong>. Diese Zugkordel kann links oder rechts neben dem Vorhang angebracht werden.<\/p>\n<p>Die Rollos haben ein mattschwarzes Au\u00dfengeh\u00e4use aus eloxiertem Aluminium, <strong>das den Stoff sch\u00fctzt<\/strong>, k\u00f6nnen jedoch mit oder ohne Geh\u00e4use gefertigt werden. In diesen F\u00e4llen gibt es keinen Rasthebel und die Bet\u00e4tigung ist frei laufend.<\/p>\n<p>Dazu besteht die M\u00f6glichkeit, im unteren Teil unserer mechanisch bet\u00e4tigten Rollos als Sonnenschutz einen undurchl\u00e4ssigen Streifen einzuf\u00fcgen. Sie k\u00f6nnen auch mit einem kleinen <strong>zentralen Mechanismus<\/strong> versehen werden, der als Griff dient.<\/p>\n","protected":false},"excerpt":{"rendered":"<p>Fertigung von kundenspezifischen Teilen f\u00fcr Lkw INDUSTRI liefert Ersatzteile und ma\u00dfgefertigtes Zubeh\u00f6r f\u00fcr alle Arten von Fahrzeugen, einschlie\u00dflich Baustellenfahrzeuge. Wir \u00fcbernehmen den gesamten Prozess vom kundenspezifischen Design gem\u00e4\u00df dem spezifischen Bedarf des Kunden bis zur Fertigung des Teils. Bau- oder Baustellenfahrzeuge m\u00fcssen speziell ausger\u00fcstet sein, da sie anderen Bedingungen als denen eines \u00fcblichen Nutzfahrzeugs ausgesetzt [&hellip;]<\/p>\n","protected":false},"author":3,"featured_media":0,"parent":8670,"menu_order":0,"comment_status":"closed","ping_status":"closed","template":"page-vehiculos.php","meta":{"footnotes":""},"class_list":["post-8672","page","type-page","status-publish","hentry"],"yoast_head":"<!-- This site is optimized with the Yoast SEO plugin v27.5 - https:\/\/yoast.com\/product\/yoast-seo-wordpress\/ -->\n<title>Kundenspezifische Ersatzteile und Teile f\u00fcr Lkw - INDUSTRI<\/title>\n<meta name=\"description\" content=\"Bei INDUSTRI entwerfen und fertigen wir kundenspezifische Ersatzteile und Teile f\u00fcr Lkw, von Vorh\u00e4ngen bis zu Innen- oder Au\u00dfenspiegeln.\" \/>\n<meta name=\"robots\" content=\"index, follow, max-snippet:-1, max-image-preview:large, max-video-preview:-1\" \/>\n<link rel=\"canonical\" href=\"https:\/\/www.industri-sl.com\/de\/bauwesen\/lkw\/\" \/>\n<meta property=\"og:locale\" content=\"de_DE\" \/>\n<meta property=\"og:type\" content=\"article\" \/>\n<meta property=\"og:title\" content=\"Kundenspezifische Ersatzteile und Teile f\u00fcr Lkw - INDUSTRI\" \/>\n<meta property=\"og:description\" content=\"Bei INDUSTRI entwerfen und fertigen wir kundenspezifische Ersatzteile und Teile f\u00fcr Lkw, von Vorh\u00e4ngen bis zu Innen- oder Au\u00dfenspiegeln.\" \/>\n<meta property=\"og:url\" content=\"https:\/\/www.industri-sl.com\/de\/bauwesen\/lkw\/\" \/>\n<meta property=\"og:site_name\" content=\"Industri SL\" \/>\n<meta property=\"article:modified_time\" content=\"2020-01-28T08:59:55+00:00\" \/>\n<meta property=\"og:image\" content=\"https:\/\/www.industri-sl.com\/wp-content\/uploads\/camion-construccion-300x216.jpg\" \/>\n<meta name=\"twitter:card\" content=\"summary_large_image\" \/>\n<meta name=\"twitter:label1\" content=\"Gesch\u00e4tzte Lesezeit\" \/>\n\t<meta name=\"twitter:data1\" content=\"3\u00a0Minuten\" \/>\n<script type=\"application\/ld+json\" class=\"yoast-schema-graph\">{\"@context\":\"https:\\\/\\\/schema.org\",\"@graph\":[{\"@type\":\"WebPage\",\"@id\":\"https:\\\/\\\/www.industri-sl.com\\\/de\\\/bauwesen\\\/lkw\\\/\",\"url\":\"https:\\\/\\\/www.industri-sl.com\\\/de\\\/bauwesen\\\/lkw\\\/\",\"name\":\"Kundenspezifische Ersatzteile und Teile f\u00fcr Lkw - INDUSTRI\",\"isPartOf\":{\"@id\":\"https:\\\/\\\/www.industri-sl.com\\\/de\\\/#website\"},\"primaryImageOfPage\":{\"@id\":\"https:\\\/\\\/www.industri-sl.com\\\/de\\\/bauwesen\\\/lkw\\\/#primaryimage\"},\"image\":{\"@id\":\"https:\\\/\\\/www.industri-sl.com\\\/de\\\/bauwesen\\\/lkw\\\/#primaryimage\"},\"thumbnailUrl\":\"https:\\\/\\\/www.industri-sl.com\\\/wp-content\\\/uploads\\\/camion-construccion-300x216.jpg\",\"datePublished\":\"2019-11-11T13:51:06+00:00\",\"dateModified\":\"2020-01-28T08:59:55+00:00\",\"description\":\"Bei INDUSTRI entwerfen und fertigen wir kundenspezifische Ersatzteile und Teile f\u00fcr Lkw, von Vorh\u00e4ngen bis zu Innen- oder Au\u00dfenspiegeln.\",\"breadcrumb\":{\"@id\":\"https:\\\/\\\/www.industri-sl.com\\\/de\\\/bauwesen\\\/lkw\\\/#breadcrumb\"},\"inLanguage\":\"de\",\"potentialAction\":[{\"@type\":\"ReadAction\",\"target\":[\"https:\\\/\\\/www.industri-sl.com\\\/de\\\/bauwesen\\\/lkw\\\/\"]}]},{\"@type\":\"ImageObject\",\"inLanguage\":\"de\",\"@id\":\"https:\\\/\\\/www.industri-sl.com\\\/de\\\/bauwesen\\\/lkw\\\/#primaryimage\",\"url\":\"https:\\\/\\\/www.industri-sl.com\\\/wp-content\\\/uploads\\\/camion-construccion-300x216.jpg\",\"contentUrl\":\"https:\\\/\\\/www.industri-sl.com\\\/wp-content\\\/uploads\\\/camion-construccion-300x216.jpg\"},{\"@type\":\"BreadcrumbList\",\"@id\":\"https:\\\/\\\/www.industri-sl.com\\\/de\\\/bauwesen\\\/lkw\\\/#breadcrumb\",\"itemListElement\":[{\"@type\":\"ListItem\",\"position\":1,\"name\":\"Inicio\",\"item\":\"https:\\\/\\\/www.industri-sl.com\\\/de\\\/\"},{\"@type\":\"ListItem\",\"position\":2,\"name\":\"Gesch\u00e4ftsbereich Bauwesen\",\"item\":\"https:\\\/\\\/www.industri-sl.com\\\/de\\\/bauwesen\\\/\"},{\"@type\":\"ListItem\",\"position\":3,\"name\":\"Fertigung von Zubeh\u00f6r f\u00fcr Lkw\"}]},{\"@type\":\"WebSite\",\"@id\":\"https:\\\/\\\/www.industri-sl.com\\\/de\\\/#website\",\"url\":\"https:\\\/\\\/www.industri-sl.com\\\/de\\\/\",\"name\":\"Industri SL\",\"description\":\"\",\"publisher\":{\"@id\":\"https:\\\/\\\/www.industri-sl.com\\\/de\\\/#organization\"},\"potentialAction\":[{\"@type\":\"SearchAction\",\"target\":{\"@type\":\"EntryPoint\",\"urlTemplate\":\"https:\\\/\\\/www.industri-sl.com\\\/de\\\/?s={search_term_string}\"},\"query-input\":{\"@type\":\"PropertyValueSpecification\",\"valueRequired\":true,\"valueName\":\"search_term_string\"}}],\"inLanguage\":\"de\"},{\"@type\":\"Organization\",\"@id\":\"https:\\\/\\\/www.industri-sl.com\\\/de\\\/#organization\",\"name\":\"Industri SL\",\"url\":\"https:\\\/\\\/www.industri-sl.com\\\/de\\\/\",\"logo\":{\"@type\":\"ImageObject\",\"inLanguage\":\"de\",\"@id\":\"https:\\\/\\\/www.industri-sl.com\\\/de\\\/#\\\/schema\\\/logo\\\/image\\\/\",\"url\":\"https:\\\/\\\/www.industri-sl.com\\\/wp-content\\\/uploads\\\/industri-logo.png\",\"contentUrl\":\"https:\\\/\\\/www.industri-sl.com\\\/wp-content\\\/uploads\\\/industri-logo.png\",\"width\":248,\"height\":45,\"caption\":\"Industri SL\"},\"image\":{\"@id\":\"https:\\\/\\\/www.industri-sl.com\\\/de\\\/#\\\/schema\\\/logo\\\/image\\\/\"}}]}<\/script>\n<!-- \/ Yoast SEO plugin. -->","yoast_head_json":{"title":"Kundenspezifische Ersatzteile und Teile f\u00fcr Lkw - INDUSTRI","description":"Bei INDUSTRI entwerfen und fertigen wir kundenspezifische Ersatzteile und Teile f\u00fcr Lkw, von Vorh\u00e4ngen bis zu Innen- oder Au\u00dfenspiegeln.","robots":{"index":"index","follow":"follow","max-snippet":"max-snippet:-1","max-image-preview":"max-image-preview:large","max-video-preview":"max-video-preview:-1"},"canonical":"https:\/\/www.industri-sl.com\/de\/bauwesen\/lkw\/","og_locale":"de_DE","og_type":"article","og_title":"Kundenspezifische Ersatzteile und Teile f\u00fcr Lkw - INDUSTRI","og_description":"Bei INDUSTRI entwerfen und fertigen wir kundenspezifische Ersatzteile und Teile f\u00fcr Lkw, von Vorh\u00e4ngen bis zu Innen- oder Au\u00dfenspiegeln.","og_url":"https:\/\/www.industri-sl.com\/de\/bauwesen\/lkw\/","og_site_name":"Industri SL","article_modified_time":"2020-01-28T08:59:55+00:00","og_image":[{"url":"https:\/\/www.industri-sl.com\/wp-content\/uploads\/camion-construccion-300x216.jpg","type":"","width":"","height":""}],"twitter_card":"summary_large_image","twitter_misc":{"Gesch\u00e4tzte Lesezeit":"3\u00a0Minuten"},"schema":{"@context":"https:\/\/schema.org","@graph":[{"@type":"WebPage","@id":"https:\/\/www.industri-sl.com\/de\/bauwesen\/lkw\/","url":"https:\/\/www.industri-sl.com\/de\/bauwesen\/lkw\/","name":"Kundenspezifische Ersatzteile und Teile f\u00fcr Lkw - INDUSTRI","isPartOf":{"@id":"https:\/\/www.industri-sl.com\/de\/#website"},"primaryImageOfPage":{"@id":"https:\/\/www.industri-sl.com\/de\/bauwesen\/lkw\/#primaryimage"},"image":{"@id":"https:\/\/www.industri-sl.com\/de\/bauwesen\/lkw\/#primaryimage"},"thumbnailUrl":"https:\/\/www.industri-sl.com\/wp-content\/uploads\/camion-construccion-300x216.jpg","datePublished":"2019-11-11T13:51:06+00:00","dateModified":"2020-01-28T08:59:55+00:00","description":"Bei INDUSTRI entwerfen und fertigen wir kundenspezifische Ersatzteile und Teile f\u00fcr Lkw, von Vorh\u00e4ngen bis zu Innen- oder Au\u00dfenspiegeln.","breadcrumb":{"@id":"https:\/\/www.industri-sl.com\/de\/bauwesen\/lkw\/#breadcrumb"},"inLanguage":"de","potentialAction":[{"@type":"ReadAction","target":["https:\/\/www.industri-sl.com\/de\/bauwesen\/lkw\/"]}]},{"@type":"ImageObject","inLanguage":"de","@id":"https:\/\/www.industri-sl.com\/de\/bauwesen\/lkw\/#primaryimage","url":"https:\/\/www.industri-sl.com\/wp-content\/uploads\/camion-construccion-300x216.jpg","contentUrl":"https:\/\/www.industri-sl.com\/wp-content\/uploads\/camion-construccion-300x216.jpg"},{"@type":"BreadcrumbList","@id":"https:\/\/www.industri-sl.com\/de\/bauwesen\/lkw\/#breadcrumb","itemListElement":[{"@type":"ListItem","position":1,"name":"Inicio","item":"https:\/\/www.industri-sl.com\/de\/"},{"@type":"ListItem","position":2,"name":"Gesch\u00e4ftsbereich Bauwesen","item":"https:\/\/www.industri-sl.com\/de\/bauwesen\/"},{"@type":"ListItem","position":3,"name":"Fertigung von Zubeh\u00f6r f\u00fcr Lkw"}]},{"@type":"WebSite","@id":"https:\/\/www.industri-sl.com\/de\/#website","url":"https:\/\/www.industri-sl.com\/de\/","name":"Industri SL","description":"","publisher":{"@id":"https:\/\/www.industri-sl.com\/de\/#organization"},"potentialAction":[{"@type":"SearchAction","target":{"@type":"EntryPoint","urlTemplate":"https:\/\/www.industri-sl.com\/de\/?s={search_term_string}"},"query-input":{"@type":"PropertyValueSpecification","valueRequired":true,"valueName":"search_term_string"}}],"inLanguage":"de"},{"@type":"Organization","@id":"https:\/\/www.industri-sl.com\/de\/#organization","name":"Industri SL","url":"https:\/\/www.industri-sl.com\/de\/","logo":{"@type":"ImageObject","inLanguage":"de","@id":"https:\/\/www.industri-sl.com\/de\/#\/schema\/logo\/image\/","url":"https:\/\/www.industri-sl.com\/wp-content\/uploads\/industri-logo.png","contentUrl":"https:\/\/www.industri-sl.com\/wp-content\/uploads\/industri-logo.png","width":248,"height":45,"caption":"Industri SL"},"image":{"@id":"https:\/\/www.industri-sl.com\/de\/#\/schema\/logo\/image\/"}}]}},"_links":{"self":[{"href":"https:\/\/www.industri-sl.com\/de\/wp-json\/wp\/v2\/pages\/8672","targetHints":{"allow":["GET"]}}],"collection":[{"href":"https:\/\/www.industri-sl.com\/de\/wp-json\/wp\/v2\/pages"}],"about":[{"href":"https:\/\/www.industri-sl.com\/de\/wp-json\/wp\/v2\/types\/page"}],"author":[{"embeddable":true,"href":"https:\/\/www.industri-sl.com\/de\/wp-json\/wp\/v2\/users\/3"}],"replies":[{"embeddable":true,"href":"https:\/\/www.industri-sl.com\/de\/wp-json\/wp\/v2\/comments?post=8672"}],"version-history":[{"count":0,"href":"https:\/\/www.industri-sl.com\/de\/wp-json\/wp\/v2\/pages\/8672\/revisions"}],"up":[{"embeddable":true,"href":"https:\/\/www.industri-sl.com\/de\/wp-json\/wp\/v2\/pages\/8670"}],"wp:attachment":[{"href":"https:\/\/www.industri-sl.com\/de\/wp-json\/wp\/v2\/media?parent=8672"}],"curies":[{"name":"wp","href":"https:\/\/api.w.org\/{rel}","templated":true}]}}