{"id":8659,"date":"2019-10-03T11:55:39","date_gmt":"2019-10-03T09:55:39","guid":{"rendered":"https:\/\/www.industri-sl.com\/landwirtschaft\/remolques\/"},"modified":"2020-01-28T10:09:20","modified_gmt":"2020-01-28T09:09:20","slug":"anhaenger","status":"publish","type":"page","link":"https:\/\/www.industri-sl.com\/de\/landwirtschaft\/anhaenger\/","title":{"rendered":"Fertigung von Zubeh\u00f6r f\u00fcr Anh\u00e4nger"},"content":{"rendered":"<h2>Fertigung kundenspezifischer Teile f\u00fcr landwirtschaftliche Anh\u00e4nger<\/h2>\n<p>Bei INDUSTRI entwerfen, bemustern und fertigen wir <strong>exklusives Zubeh\u00f6r f\u00fcr landwirtschaftliche<\/strong> Anh\u00e4nger.<\/p>\n<p>Wir sind auf das Design und die Fertigung von Au\u00dfen- und Innenspiegeln spezialisiert, sind jedoch jederzeit daran interessiert, andere Zubeh\u00f6rteile f\u00fcr Anh\u00e4nger zu entwerfen, die der Kunde m\u00f6glicherweise ben\u00f6tigt. <a href=\"https:\/\/www.industri-sl.com\/de\/ingenieurleistungen\/\">Unser Ingenieurteam<\/a> kann jedes unserer Zubeh\u00f6rteile an die technischen Anforderungen des Projekts anpassen oder das Teil von Grund auf neu konzipieren.<\/p>\n<h3>R\u00fcckspiegel f\u00fcr landwirtschaftliche Anh\u00e4nger<\/h3>\n<p>Das Gesetz schreibt f\u00fcr landwirtschaftliche Fahrzeuge <strong>zwei obligatorische R\u00fcckspiegel<\/strong> vor, den Innen- und den auf der linken Seite befestigten Au\u00dfenspiegel.<\/p>\n<p>INDUSTRI stellt Au\u00dfenspiegel mit Spiegelplatten f\u00fcr beheizte und unbeheizte Spiegel her, um so die Sicht des Fahrers an Tagen <strong>mit niedrigen Temperaturen zu optimieren<\/strong>.<\/p>\n<p>Zus\u00e4tzlich zur Komplettfertigung der Anh\u00e4ngerr\u00fcckspiegel entwerfen und fertigen wir bei INDUSTRI auch separat einige der Einzelteile f\u00fcr Au\u00dfen- und Innenspiegel. Diese Bau- und Ersatzteile der R\u00fcckspiegel sind <strong>f\u00fcr ihre optimale Funktionsweise unerl\u00e4sslich<\/strong>.<\/p>\n<div class=\"slider-gallery-wrapper \"><div class=\"slider-gallery\"><div id=\"sliderify-carousel-1\" class=\"owl-carousel\"><div class=\"sliderify-owl-item-inner\"><img decoding=\"async\" src=\"https:\/\/www.industri-sl.com\/wp-content\/uploads\/remolque-2-1.jpg\"><\/div><div class=\"sliderify-owl-item-inner\"><img decoding=\"async\" src=\"https:\/\/www.industri-sl.com\/wp-content\/uploads\/remolque-1-1.jpg\"><\/div><div class=\"sliderify-owl-item-inner\"><img decoding=\"async\" src=\"https:\/\/www.industri-sl.com\/wp-content\/uploads\/remolque-3.jpg\"><\/div><\/div><!-- .owl-carousel --><\/div><!-- .slider-gallery --><\/div><!-- .slider-gallery-wrapper --><script>\n\t\t\tjQuery(document).ready(function($){\n\t\t\t\tcarousel1 = $('#sliderify-carousel-1');\ncarousel1.imagesLoaded(function(){carousel1.owlCarousel({items:2,\nstagePadding:0,\nnav:1,\nnavText:['<span><\/span><span><\/span>','<span><\/span><span><\/span>'],\ncenter:1,\nloop:1,\nmargin:0,\nautoWidth:false,\nautoHeight:true,\nstageOuterClass:'sliderify-stage-outer',\nstageClass:'sliderify-stage',\nnavContainerClass:'sliderify-nav',\ncontrolsClass:'sliderify-controls',\ndotsClass:'sliderify-dots',\ndotClass:'sliderify-dot',\nonInitialized:function(event){\n\t\t\t\tconsole.log('init');\n\t\t\t},\n});});\n});\n\t\t\t<\/script>\n","protected":false},"excerpt":{"rendered":"<p>Fertigung kundenspezifischer Teile f\u00fcr landwirtschaftliche Anh\u00e4nger Bei INDUSTRI entwerfen, bemustern und fertigen wir exklusives Zubeh\u00f6r f\u00fcr landwirtschaftliche Anh\u00e4nger. Wir sind auf das Design und die Fertigung von Au\u00dfen- und Innenspiegeln spezialisiert, sind jedoch jederzeit daran interessiert, andere Zubeh\u00f6rteile f\u00fcr Anh\u00e4nger zu entwerfen, die der Kunde m\u00f6glicherweise ben\u00f6tigt. Unser Ingenieurteam kann jedes unserer Zubeh\u00f6rteile an die [&hellip;]<\/p>\n","protected":false},"author":3,"featured_media":0,"parent":8654,"menu_order":0,"comment_status":"closed","ping_status":"closed","template":"page-vehiculos.php","meta":{"footnotes":""},"class_list":["post-8659","page","type-page","status-publish","hentry"],"yoast_head":"<!-- This site is optimized with the Yoast SEO plugin v27.5 - https:\/\/yoast.com\/product\/yoast-seo-wordpress\/ -->\n<title>Kundenspezifische Ersatzteile und Teile f\u00fcr landwirtschaftliche Anh\u00e4nger - INDUSTRI<\/title>\n<meta name=\"description\" content=\"Bei INDUSTRI haben wir jahrelange Erfahrung in der Entwicklung und Fertigung von kundenspezifischen Ersatzteilen und Teilen f\u00fcr landwirtschaftliche Anh\u00e4nger.\" \/>\n<meta name=\"robots\" content=\"index, follow, max-snippet:-1, max-image-preview:large, max-video-preview:-1\" \/>\n<link rel=\"canonical\" href=\"https:\/\/www.industri-sl.com\/de\/landwirtschaft\/anhaenger\/\" \/>\n<meta property=\"og:locale\" content=\"de_DE\" \/>\n<meta property=\"og:type\" content=\"article\" \/>\n<meta property=\"og:title\" content=\"Kundenspezifische Ersatzteile und Teile f\u00fcr landwirtschaftliche Anh\u00e4nger - INDUSTRI\" \/>\n<meta property=\"og:description\" content=\"Bei INDUSTRI haben wir jahrelange Erfahrung in der Entwicklung und Fertigung von kundenspezifischen Ersatzteilen und Teilen f\u00fcr landwirtschaftliche Anh\u00e4nger.\" \/>\n<meta property=\"og:url\" content=\"https:\/\/www.industri-sl.com\/de\/landwirtschaft\/anhaenger\/\" \/>\n<meta property=\"og:site_name\" content=\"Industri SL\" \/>\n<meta property=\"article:modified_time\" content=\"2020-01-28T09:09:20+00:00\" \/>\n<meta property=\"og:image\" content=\"https:\/\/www.industri-sl.com\/wp-content\/uploads\/remolque-2-1.jpg\" \/>\n<meta name=\"twitter:card\" content=\"summary_large_image\" \/>\n<meta name=\"twitter:label1\" content=\"Gesch\u00e4tzte Lesezeit\" \/>\n\t<meta name=\"twitter:data1\" content=\"1\u00a0Minute\" \/>\n<script type=\"application\/ld+json\" class=\"yoast-schema-graph\">{\"@context\":\"https:\\\/\\\/schema.org\",\"@graph\":[{\"@type\":\"WebPage\",\"@id\":\"https:\\\/\\\/www.industri-sl.com\\\/de\\\/landwirtschaft\\\/anhaenger\\\/\",\"url\":\"https:\\\/\\\/www.industri-sl.com\\\/de\\\/landwirtschaft\\\/anhaenger\\\/\",\"name\":\"Kundenspezifische Ersatzteile und Teile f\u00fcr landwirtschaftliche Anh\u00e4nger - INDUSTRI\",\"isPartOf\":{\"@id\":\"https:\\\/\\\/www.industri-sl.com\\\/de\\\/#website\"},\"datePublished\":\"2019-10-03T09:55:39+00:00\",\"dateModified\":\"2020-01-28T09:09:20+00:00\",\"description\":\"Bei INDUSTRI haben wir jahrelange Erfahrung in der Entwicklung und Fertigung von kundenspezifischen Ersatzteilen und Teilen f\u00fcr landwirtschaftliche Anh\u00e4nger.\",\"breadcrumb\":{\"@id\":\"https:\\\/\\\/www.industri-sl.com\\\/de\\\/landwirtschaft\\\/anhaenger\\\/#breadcrumb\"},\"inLanguage\":\"de\",\"potentialAction\":[{\"@type\":\"ReadAction\",\"target\":[\"https:\\\/\\\/www.industri-sl.com\\\/de\\\/landwirtschaft\\\/anhaenger\\\/\"]}]},{\"@type\":\"BreadcrumbList\",\"@id\":\"https:\\\/\\\/www.industri-sl.com\\\/de\\\/landwirtschaft\\\/anhaenger\\\/#breadcrumb\",\"itemListElement\":[{\"@type\":\"ListItem\",\"position\":1,\"name\":\"Inicio\",\"item\":\"https:\\\/\\\/www.industri-sl.com\\\/de\\\/\"},{\"@type\":\"ListItem\",\"position\":2,\"name\":\"Gesch\u00e4ftsbereich Landwirtschaft\",\"item\":\"https:\\\/\\\/www.industri-sl.com\\\/de\\\/landwirtschaft\\\/\"},{\"@type\":\"ListItem\",\"position\":3,\"name\":\"Fertigung von Zubeh\u00f6r f\u00fcr Anh\u00e4nger\"}]},{\"@type\":\"WebSite\",\"@id\":\"https:\\\/\\\/www.industri-sl.com\\\/de\\\/#website\",\"url\":\"https:\\\/\\\/www.industri-sl.com\\\/de\\\/\",\"name\":\"Industri SL\",\"description\":\"\",\"publisher\":{\"@id\":\"https:\\\/\\\/www.industri-sl.com\\\/de\\\/#organization\"},\"potentialAction\":[{\"@type\":\"SearchAction\",\"target\":{\"@type\":\"EntryPoint\",\"urlTemplate\":\"https:\\\/\\\/www.industri-sl.com\\\/de\\\/?s={search_term_string}\"},\"query-input\":{\"@type\":\"PropertyValueSpecification\",\"valueRequired\":true,\"valueName\":\"search_term_string\"}}],\"inLanguage\":\"de\"},{\"@type\":\"Organization\",\"@id\":\"https:\\\/\\\/www.industri-sl.com\\\/de\\\/#organization\",\"name\":\"Industri SL\",\"url\":\"https:\\\/\\\/www.industri-sl.com\\\/de\\\/\",\"logo\":{\"@type\":\"ImageObject\",\"inLanguage\":\"de\",\"@id\":\"https:\\\/\\\/www.industri-sl.com\\\/de\\\/#\\\/schema\\\/logo\\\/image\\\/\",\"url\":\"https:\\\/\\\/www.industri-sl.com\\\/wp-content\\\/uploads\\\/industri-logo.png\",\"contentUrl\":\"https:\\\/\\\/www.industri-sl.com\\\/wp-content\\\/uploads\\\/industri-logo.png\",\"width\":248,\"height\":45,\"caption\":\"Industri SL\"},\"image\":{\"@id\":\"https:\\\/\\\/www.industri-sl.com\\\/de\\\/#\\\/schema\\\/logo\\\/image\\\/\"}}]}<\/script>\n<!-- \/ Yoast SEO plugin. -->","yoast_head_json":{"title":"Kundenspezifische Ersatzteile und Teile f\u00fcr landwirtschaftliche Anh\u00e4nger - INDUSTRI","description":"Bei INDUSTRI haben wir jahrelange Erfahrung in der Entwicklung und Fertigung von kundenspezifischen Ersatzteilen und Teilen f\u00fcr landwirtschaftliche Anh\u00e4nger.","robots":{"index":"index","follow":"follow","max-snippet":"max-snippet:-1","max-image-preview":"max-image-preview:large","max-video-preview":"max-video-preview:-1"},"canonical":"https:\/\/www.industri-sl.com\/de\/landwirtschaft\/anhaenger\/","og_locale":"de_DE","og_type":"article","og_title":"Kundenspezifische Ersatzteile und Teile f\u00fcr landwirtschaftliche Anh\u00e4nger - INDUSTRI","og_description":"Bei INDUSTRI haben wir jahrelange Erfahrung in der Entwicklung und Fertigung von kundenspezifischen Ersatzteilen und Teilen f\u00fcr landwirtschaftliche Anh\u00e4nger.","og_url":"https:\/\/www.industri-sl.com\/de\/landwirtschaft\/anhaenger\/","og_site_name":"Industri SL","article_modified_time":"2020-01-28T09:09:20+00:00","og_image":[{"url":"https:\/\/www.industri-sl.com\/wp-content\/uploads\/remolque-2-1.jpg","type":"","width":"","height":""}],"twitter_card":"summary_large_image","twitter_misc":{"Gesch\u00e4tzte Lesezeit":"1\u00a0Minute"},"schema":{"@context":"https:\/\/schema.org","@graph":[{"@type":"WebPage","@id":"https:\/\/www.industri-sl.com\/de\/landwirtschaft\/anhaenger\/","url":"https:\/\/www.industri-sl.com\/de\/landwirtschaft\/anhaenger\/","name":"Kundenspezifische Ersatzteile und Teile f\u00fcr landwirtschaftliche Anh\u00e4nger - INDUSTRI","isPartOf":{"@id":"https:\/\/www.industri-sl.com\/de\/#website"},"datePublished":"2019-10-03T09:55:39+00:00","dateModified":"2020-01-28T09:09:20+00:00","description":"Bei INDUSTRI haben wir jahrelange Erfahrung in der Entwicklung und Fertigung von kundenspezifischen Ersatzteilen und Teilen f\u00fcr landwirtschaftliche Anh\u00e4nger.","breadcrumb":{"@id":"https:\/\/www.industri-sl.com\/de\/landwirtschaft\/anhaenger\/#breadcrumb"},"inLanguage":"de","potentialAction":[{"@type":"ReadAction","target":["https:\/\/www.industri-sl.com\/de\/landwirtschaft\/anhaenger\/"]}]},{"@type":"BreadcrumbList","@id":"https:\/\/www.industri-sl.com\/de\/landwirtschaft\/anhaenger\/#breadcrumb","itemListElement":[{"@type":"ListItem","position":1,"name":"Inicio","item":"https:\/\/www.industri-sl.com\/de\/"},{"@type":"ListItem","position":2,"name":"Gesch\u00e4ftsbereich Landwirtschaft","item":"https:\/\/www.industri-sl.com\/de\/landwirtschaft\/"},{"@type":"ListItem","position":3,"name":"Fertigung von Zubeh\u00f6r f\u00fcr Anh\u00e4nger"}]},{"@type":"WebSite","@id":"https:\/\/www.industri-sl.com\/de\/#website","url":"https:\/\/www.industri-sl.com\/de\/","name":"Industri SL","description":"","publisher":{"@id":"https:\/\/www.industri-sl.com\/de\/#organization"},"potentialAction":[{"@type":"SearchAction","target":{"@type":"EntryPoint","urlTemplate":"https:\/\/www.industri-sl.com\/de\/?s={search_term_string}"},"query-input":{"@type":"PropertyValueSpecification","valueRequired":true,"valueName":"search_term_string"}}],"inLanguage":"de"},{"@type":"Organization","@id":"https:\/\/www.industri-sl.com\/de\/#organization","name":"Industri SL","url":"https:\/\/www.industri-sl.com\/de\/","logo":{"@type":"ImageObject","inLanguage":"de","@id":"https:\/\/www.industri-sl.com\/de\/#\/schema\/logo\/image\/","url":"https:\/\/www.industri-sl.com\/wp-content\/uploads\/industri-logo.png","contentUrl":"https:\/\/www.industri-sl.com\/wp-content\/uploads\/industri-logo.png","width":248,"height":45,"caption":"Industri SL"},"image":{"@id":"https:\/\/www.industri-sl.com\/de\/#\/schema\/logo\/image\/"}}]}},"_links":{"self":[{"href":"https:\/\/www.industri-sl.com\/de\/wp-json\/wp\/v2\/pages\/8659","targetHints":{"allow":["GET"]}}],"collection":[{"href":"https:\/\/www.industri-sl.com\/de\/wp-json\/wp\/v2\/pages"}],"about":[{"href":"https:\/\/www.industri-sl.com\/de\/wp-json\/wp\/v2\/types\/page"}],"author":[{"embeddable":true,"href":"https:\/\/www.industri-sl.com\/de\/wp-json\/wp\/v2\/users\/3"}],"replies":[{"embeddable":true,"href":"https:\/\/www.industri-sl.com\/de\/wp-json\/wp\/v2\/comments?post=8659"}],"version-history":[{"count":0,"href":"https:\/\/www.industri-sl.com\/de\/wp-json\/wp\/v2\/pages\/8659\/revisions"}],"up":[{"embeddable":true,"href":"https:\/\/www.industri-sl.com\/de\/wp-json\/wp\/v2\/pages\/8654"}],"wp:attachment":[{"href":"https:\/\/www.industri-sl.com\/de\/wp-json\/wp\/v2\/media?parent=8659"}],"curies":[{"name":"wp","href":"https:\/\/api.w.org\/{rel}","templated":true}]}}