{"id":8656,"date":"2019-10-03T11:08:45","date_gmt":"2019-10-03T09:08:45","guid":{"rendered":"https:\/\/www.industri-sl.com\/landwirtschaft\/cosechadoras\/"},"modified":"2020-01-14T12:00:58","modified_gmt":"2020-01-14T11:00:58","slug":"erntemaschinen","status":"publish","type":"page","link":"https:\/\/www.industri-sl.com\/de\/landwirtschaft\/erntemaschinen\/","title":{"rendered":"Fertigung von Zubeh\u00f6r f\u00fcr Erntemaschinen"},"content":{"rendered":"<h2>Fertigung kundenspezifischer Teile f\u00fcr Erntemaschinen<\/h2>\n<p>Bei INDUSTRI entwerfen, bemustern und fertigen wir <strong>exklusives Zubeh\u00f6r f\u00fcr landwirtschaftliche Fahrzeuge<\/strong> wie Erntemaschinen.<\/p>\n<p><a href=\"https:\/\/www.industri-sl.com\/de\/ingenieurleistungen\/\">Wir fertigen<\/a> mechanische und elektrische Vorh\u00e4nge oder Rollos sowie Innen- und Au\u00dfenspiegel f\u00fcr Erntemaschinen. Dar\u00fcber hinaus kann unser Ingenieur-Team jedes unserer Zubeh\u00f6rteile an die technischen Anforderungen des Projekts anpassen oder das Teil von Grund auf neu entwickeln.<\/p>\n<h3>Fertigung von R\u00fcckspiegeln f\u00fcr Erntemaschinen<\/h3>\n<p><img loading=\"lazy\" decoding=\"async\" class=\"alignright wp-image-2300\" src=\"https:\/\/www.industri-sl.com\/wp-content\/uploads\/cosechadora-1-1.jpg\" alt=\"Fertigung kundenspezifischer Teile f\u00fcr Erntemaschinen\" width=\"450\" height=\"323\" srcset=\"https:\/\/www.industri-sl.com\/wp-content\/uploads\/cosechadora-1-1.jpg 800w, https:\/\/www.industri-sl.com\/wp-content\/uploads\/cosechadora-1-1-300x216.jpg 300w, https:\/\/www.industri-sl.com\/wp-content\/uploads\/cosechadora-1-1-768x552.jpg 768w\" sizes=\"auto, (max-width: 450px) 100vw, 450px\" \/>Das Gesetz schreibt f\u00fcr landwirtschaftliche Fahrzeuge zwei <strong>obligatorische R\u00fcckspiegel<\/strong> vor, den Innen- und den auf der linken Seite befestigten Au\u00dfenspiegel.<\/p>\n<p>INDUSTRI stellt Au\u00dfenspiegel mit Spiegelplatten f\u00fcr beheizte und unbeheizte Spiegel her, um so die Sicht des Fahrers an Tagen mit niedrigen <strong>Temperaturen zu optimieren<\/strong>.<\/p>\n<p>Die von <a href=\"https:\/\/www.industri-sl.com\/de\/ueber-uns\/\">INDUSTRI<\/a> gefertigten Innenspiegel sind f\u00fcr eine Anbringung im Innern der Erntemaschine konzipiert, um dem Fahrer einen umfassenden Blick auf den Innenraum des Fahrzeugs zu verschaffen.<\/p>\n<p>Zus\u00e4tzlich zur Komplettfertigung von R\u00fcckspiegeln f\u00fcr Erntemaschinen entwerfen und fertigen wir bei INDUSTRI auch separat einige der Einzelteile der Au\u00dfen- und Innenspiegel. Diese Bau- und Ersatzteile der R\u00fcckspiegel sind f\u00fcr ihre <strong>optimale Funktionsweise unerl\u00e4sslich<\/strong>.<\/p>\n<h3>Fertigung von Vorh\u00e4ngen f\u00fcr Erntemaschinen<\/h3>\n<p>Wir fertigen mechanisch und elektrisch bet\u00e4tigte Vorh\u00e4nge und Rollos f\u00fcr Erntemaschinen. Unsere <strong>F+E+I-Abteilung<\/strong> arbeitet, um bei jedem Projekt eine effektive Kundenanpassung zu gew\u00e4hrleisten. Deshalb entwerfen wir genau den Vorhang, der Ihren Anforderungen am besten entspricht und liefern Ihnen das montierte Teil.<\/p>\n<p>Alle unsere Vorh\u00e4nge sind aus hochwertigen Materialien gefertigt, um den Wartungsaufwand <strong>auf ein Minimum zu reduzieren<\/strong>. In unserem Katalog finden Sie auch ein umfangreiches Sortiment an Grammaturen, Farben und Zubeh\u00f6r.<\/p>\n","protected":false},"excerpt":{"rendered":"<p>Fertigung kundenspezifischer Teile f\u00fcr Erntemaschinen Bei INDUSTRI entwerfen, bemustern und fertigen wir exklusives Zubeh\u00f6r f\u00fcr landwirtschaftliche Fahrzeuge wie Erntemaschinen. Wir fertigen mechanische und elektrische Vorh\u00e4nge oder Rollos sowie Innen- und Au\u00dfenspiegel f\u00fcr Erntemaschinen. Dar\u00fcber hinaus kann unser Ingenieur-Team jedes unserer Zubeh\u00f6rteile an die technischen Anforderungen des Projekts anpassen oder das Teil von Grund auf neu [&hellip;]<\/p>\n","protected":false},"author":3,"featured_media":0,"parent":8654,"menu_order":0,"comment_status":"closed","ping_status":"closed","template":"page-vehiculos.php","meta":{"footnotes":""},"class_list":["post-8656","page","type-page","status-publish","hentry"],"yoast_head":"<!-- This site is optimized with the Yoast SEO plugin v27.2 - https:\/\/yoast.com\/product\/yoast-seo-wordpress\/ -->\n<title>Kundenspezifische Ersatzteile und Teile f\u00fcr Erntemaschinen - INDUSTRI<\/title>\n<meta name=\"description\" content=\"Bei INDUSTRI entwerfen und fertigen wir kundenspezifische Ersatzteile und Teile f\u00fcr Erntemaschinen, von Vorh\u00e4ngen bis zu Innen- oder Au\u00dfenspiegeln.\" \/>\n<meta name=\"robots\" content=\"index, follow, max-snippet:-1, max-image-preview:large, max-video-preview:-1\" \/>\n<link rel=\"canonical\" href=\"https:\/\/www.industri-sl.com\/de\/landwirtschaft\/erntemaschinen\/\" \/>\n<meta property=\"og:locale\" content=\"de_DE\" \/>\n<meta property=\"og:type\" content=\"article\" \/>\n<meta property=\"og:title\" content=\"Kundenspezifische Ersatzteile und Teile f\u00fcr Erntemaschinen - INDUSTRI\" \/>\n<meta property=\"og:description\" content=\"Bei INDUSTRI entwerfen und fertigen wir kundenspezifische Ersatzteile und Teile f\u00fcr Erntemaschinen, von Vorh\u00e4ngen bis zu Innen- oder Au\u00dfenspiegeln.\" \/>\n<meta property=\"og:url\" content=\"https:\/\/www.industri-sl.com\/de\/landwirtschaft\/erntemaschinen\/\" \/>\n<meta property=\"og:site_name\" content=\"Industri SL\" \/>\n<meta property=\"article:modified_time\" content=\"2020-01-14T11:00:58+00:00\" \/>\n<meta property=\"og:image\" content=\"https:\/\/www.industri-sl.com\/wp-content\/uploads\/cosechadora-1-1.jpg\" \/>\n<meta name=\"twitter:card\" content=\"summary_large_image\" \/>\n<meta name=\"twitter:label1\" content=\"Gesch\u00e4tzte Lesezeit\" \/>\n\t<meta name=\"twitter:data1\" content=\"1\u00a0Minute\" \/>\n<script type=\"application\/ld+json\" class=\"yoast-schema-graph\">{\"@context\":\"https:\/\/schema.org\",\"@graph\":[{\"@type\":\"WebPage\",\"@id\":\"https:\/\/www.industri-sl.com\/de\/landwirtschaft\/erntemaschinen\/\",\"url\":\"https:\/\/www.industri-sl.com\/de\/landwirtschaft\/erntemaschinen\/\",\"name\":\"Kundenspezifische Ersatzteile und Teile f\u00fcr Erntemaschinen - INDUSTRI\",\"isPartOf\":{\"@id\":\"https:\/\/www.industri-sl.com\/de\/#website\"},\"primaryImageOfPage\":{\"@id\":\"https:\/\/www.industri-sl.com\/de\/landwirtschaft\/erntemaschinen\/#primaryimage\"},\"image\":{\"@id\":\"https:\/\/www.industri-sl.com\/de\/landwirtschaft\/erntemaschinen\/#primaryimage\"},\"thumbnailUrl\":\"https:\/\/www.industri-sl.com\/wp-content\/uploads\/cosechadora-1-1.jpg\",\"datePublished\":\"2019-10-03T09:08:45+00:00\",\"dateModified\":\"2020-01-14T11:00:58+00:00\",\"description\":\"Bei INDUSTRI entwerfen und fertigen wir kundenspezifische Ersatzteile und Teile f\u00fcr Erntemaschinen, von Vorh\u00e4ngen bis zu Innen- oder Au\u00dfenspiegeln.\",\"breadcrumb\":{\"@id\":\"https:\/\/www.industri-sl.com\/de\/landwirtschaft\/erntemaschinen\/#breadcrumb\"},\"inLanguage\":\"de\",\"potentialAction\":[{\"@type\":\"ReadAction\",\"target\":[\"https:\/\/www.industri-sl.com\/de\/landwirtschaft\/erntemaschinen\/\"]}]},{\"@type\":\"ImageObject\",\"inLanguage\":\"de\",\"@id\":\"https:\/\/www.industri-sl.com\/de\/landwirtschaft\/erntemaschinen\/#primaryimage\",\"url\":\"https:\/\/www.industri-sl.com\/wp-content\/uploads\/cosechadora-1-1.jpg\",\"contentUrl\":\"https:\/\/www.industri-sl.com\/wp-content\/uploads\/cosechadora-1-1.jpg\"},{\"@type\":\"BreadcrumbList\",\"@id\":\"https:\/\/www.industri-sl.com\/de\/landwirtschaft\/erntemaschinen\/#breadcrumb\",\"itemListElement\":[{\"@type\":\"ListItem\",\"position\":1,\"name\":\"Inicio\",\"item\":\"https:\/\/www.industri-sl.com\/de\/\"},{\"@type\":\"ListItem\",\"position\":2,\"name\":\"Gesch\u00e4ftsbereich Landwirtschaft\",\"item\":\"https:\/\/www.industri-sl.com\/de\/landwirtschaft\/\"},{\"@type\":\"ListItem\",\"position\":3,\"name\":\"Fertigung von Zubeh\u00f6r f\u00fcr Erntemaschinen\"}]},{\"@type\":\"WebSite\",\"@id\":\"https:\/\/www.industri-sl.com\/de\/#website\",\"url\":\"https:\/\/www.industri-sl.com\/de\/\",\"name\":\"Industri SL\",\"description\":\"\",\"publisher\":{\"@id\":\"https:\/\/www.industri-sl.com\/de\/#organization\"},\"potentialAction\":[{\"@type\":\"SearchAction\",\"target\":{\"@type\":\"EntryPoint\",\"urlTemplate\":\"https:\/\/www.industri-sl.com\/de\/?s={search_term_string}\"},\"query-input\":{\"@type\":\"PropertyValueSpecification\",\"valueRequired\":true,\"valueName\":\"search_term_string\"}}],\"inLanguage\":\"de\"},{\"@type\":\"Organization\",\"@id\":\"https:\/\/www.industri-sl.com\/de\/#organization\",\"name\":\"Industri SL\",\"url\":\"https:\/\/www.industri-sl.com\/de\/\",\"logo\":{\"@type\":\"ImageObject\",\"inLanguage\":\"de\",\"@id\":\"https:\/\/www.industri-sl.com\/de\/#\/schema\/logo\/image\/\",\"url\":\"https:\/\/www.industri-sl.com\/wp-content\/uploads\/industri-logo.png\",\"contentUrl\":\"https:\/\/www.industri-sl.com\/wp-content\/uploads\/industri-logo.png\",\"width\":248,\"height\":45,\"caption\":\"Industri SL\"},\"image\":{\"@id\":\"https:\/\/www.industri-sl.com\/de\/#\/schema\/logo\/image\/\"}}]}<\/script>\n<!-- \/ Yoast SEO plugin. -->","yoast_head_json":{"title":"Kundenspezifische Ersatzteile und Teile f\u00fcr Erntemaschinen - INDUSTRI","description":"Bei INDUSTRI entwerfen und fertigen wir kundenspezifische Ersatzteile und Teile f\u00fcr Erntemaschinen, von Vorh\u00e4ngen bis zu Innen- oder Au\u00dfenspiegeln.","robots":{"index":"index","follow":"follow","max-snippet":"max-snippet:-1","max-image-preview":"max-image-preview:large","max-video-preview":"max-video-preview:-1"},"canonical":"https:\/\/www.industri-sl.com\/de\/landwirtschaft\/erntemaschinen\/","og_locale":"de_DE","og_type":"article","og_title":"Kundenspezifische Ersatzteile und Teile f\u00fcr Erntemaschinen - INDUSTRI","og_description":"Bei INDUSTRI entwerfen und fertigen wir kundenspezifische Ersatzteile und Teile f\u00fcr Erntemaschinen, von Vorh\u00e4ngen bis zu Innen- oder Au\u00dfenspiegeln.","og_url":"https:\/\/www.industri-sl.com\/de\/landwirtschaft\/erntemaschinen\/","og_site_name":"Industri SL","article_modified_time":"2020-01-14T11:00:58+00:00","og_image":[{"url":"https:\/\/www.industri-sl.com\/wp-content\/uploads\/cosechadora-1-1.jpg","type":"","width":"","height":""}],"twitter_card":"summary_large_image","twitter_misc":{"Gesch\u00e4tzte Lesezeit":"1\u00a0Minute"},"schema":{"@context":"https:\/\/schema.org","@graph":[{"@type":"WebPage","@id":"https:\/\/www.industri-sl.com\/de\/landwirtschaft\/erntemaschinen\/","url":"https:\/\/www.industri-sl.com\/de\/landwirtschaft\/erntemaschinen\/","name":"Kundenspezifische Ersatzteile und Teile f\u00fcr Erntemaschinen - INDUSTRI","isPartOf":{"@id":"https:\/\/www.industri-sl.com\/de\/#website"},"primaryImageOfPage":{"@id":"https:\/\/www.industri-sl.com\/de\/landwirtschaft\/erntemaschinen\/#primaryimage"},"image":{"@id":"https:\/\/www.industri-sl.com\/de\/landwirtschaft\/erntemaschinen\/#primaryimage"},"thumbnailUrl":"https:\/\/www.industri-sl.com\/wp-content\/uploads\/cosechadora-1-1.jpg","datePublished":"2019-10-03T09:08:45+00:00","dateModified":"2020-01-14T11:00:58+00:00","description":"Bei INDUSTRI entwerfen und fertigen wir kundenspezifische Ersatzteile und Teile f\u00fcr Erntemaschinen, von Vorh\u00e4ngen bis zu Innen- oder Au\u00dfenspiegeln.","breadcrumb":{"@id":"https:\/\/www.industri-sl.com\/de\/landwirtschaft\/erntemaschinen\/#breadcrumb"},"inLanguage":"de","potentialAction":[{"@type":"ReadAction","target":["https:\/\/www.industri-sl.com\/de\/landwirtschaft\/erntemaschinen\/"]}]},{"@type":"ImageObject","inLanguage":"de","@id":"https:\/\/www.industri-sl.com\/de\/landwirtschaft\/erntemaschinen\/#primaryimage","url":"https:\/\/www.industri-sl.com\/wp-content\/uploads\/cosechadora-1-1.jpg","contentUrl":"https:\/\/www.industri-sl.com\/wp-content\/uploads\/cosechadora-1-1.jpg"},{"@type":"BreadcrumbList","@id":"https:\/\/www.industri-sl.com\/de\/landwirtschaft\/erntemaschinen\/#breadcrumb","itemListElement":[{"@type":"ListItem","position":1,"name":"Inicio","item":"https:\/\/www.industri-sl.com\/de\/"},{"@type":"ListItem","position":2,"name":"Gesch\u00e4ftsbereich Landwirtschaft","item":"https:\/\/www.industri-sl.com\/de\/landwirtschaft\/"},{"@type":"ListItem","position":3,"name":"Fertigung von Zubeh\u00f6r f\u00fcr Erntemaschinen"}]},{"@type":"WebSite","@id":"https:\/\/www.industri-sl.com\/de\/#website","url":"https:\/\/www.industri-sl.com\/de\/","name":"Industri SL","description":"","publisher":{"@id":"https:\/\/www.industri-sl.com\/de\/#organization"},"potentialAction":[{"@type":"SearchAction","target":{"@type":"EntryPoint","urlTemplate":"https:\/\/www.industri-sl.com\/de\/?s={search_term_string}"},"query-input":{"@type":"PropertyValueSpecification","valueRequired":true,"valueName":"search_term_string"}}],"inLanguage":"de"},{"@type":"Organization","@id":"https:\/\/www.industri-sl.com\/de\/#organization","name":"Industri SL","url":"https:\/\/www.industri-sl.com\/de\/","logo":{"@type":"ImageObject","inLanguage":"de","@id":"https:\/\/www.industri-sl.com\/de\/#\/schema\/logo\/image\/","url":"https:\/\/www.industri-sl.com\/wp-content\/uploads\/industri-logo.png","contentUrl":"https:\/\/www.industri-sl.com\/wp-content\/uploads\/industri-logo.png","width":248,"height":45,"caption":"Industri SL"},"image":{"@id":"https:\/\/www.industri-sl.com\/de\/#\/schema\/logo\/image\/"}}]}},"_links":{"self":[{"href":"https:\/\/www.industri-sl.com\/de\/wp-json\/wp\/v2\/pages\/8656","targetHints":{"allow":["GET"]}}],"collection":[{"href":"https:\/\/www.industri-sl.com\/de\/wp-json\/wp\/v2\/pages"}],"about":[{"href":"https:\/\/www.industri-sl.com\/de\/wp-json\/wp\/v2\/types\/page"}],"author":[{"embeddable":true,"href":"https:\/\/www.industri-sl.com\/de\/wp-json\/wp\/v2\/users\/3"}],"replies":[{"embeddable":true,"href":"https:\/\/www.industri-sl.com\/de\/wp-json\/wp\/v2\/comments?post=8656"}],"version-history":[{"count":0,"href":"https:\/\/www.industri-sl.com\/de\/wp-json\/wp\/v2\/pages\/8656\/revisions"}],"up":[{"embeddable":true,"href":"https:\/\/www.industri-sl.com\/de\/wp-json\/wp\/v2\/pages\/8654"}],"wp:attachment":[{"href":"https:\/\/www.industri-sl.com\/de\/wp-json\/wp\/v2\/media?parent=8656"}],"curies":[{"name":"wp","href":"https:\/\/api.w.org\/{rel}","templated":true}]}}