{"id":8654,"date":"2019-10-03T10:20:19","date_gmt":"2019-10-03T08:20:19","guid":{"rendered":"https:\/\/www.industri-sl.com\/agricola\/"},"modified":"2020-01-28T10:34:40","modified_gmt":"2020-01-28T09:34:40","slug":"landwirtschaft","status":"publish","type":"page","link":"https:\/\/www.industri-sl.com\/de\/landwirtschaft\/","title":{"rendered":"Gesch\u00e4ftsbereich Landwirtschaft"},"content":{"rendered":"<h1>Gesch\u00e4ftsbereich Landwirtschaft<\/h1>\n<p>INDUSTRI verf\u00fcgt \u00fcber <strong>mehr als 60 Jahre<\/strong> Erfahrung in der Entwicklung und Fertigung von kundenspezifischen Ersatzteilen und Teilen f\u00fcr den Agrarbereich.<\/p>\n<p>Wir entwerfen, bemustern und fertigen mechanisch und elektrisch bet\u00e4tigte Vorh\u00e4nge und Rollos sowie Innen- und Au\u00dfenspiegel f\u00fcr alle Arten landwirtschaftlicher Fahrzeuge wie Traktoren, Anh\u00e4nger oder Erntemaschinen. <\/p>\n<p>Unser Ingenieurteam kann jedes unserer Zubeh\u00f6rteile an die technischen Anforderungen des Projekts anpassen oder das Teil von Grund auf neu konzipieren. <\/p>\n<h4>Was bieten wir an?<\/h4>\n<div><a class=\"boton\" href=\"#primary\">KUNDENSPEZIFISCHE FERTIGUNG<\/a> <a class=\"boton\" href=\"#servicios-ingenieria\">INGENIEURLEISTUNGEN<\/a><\/div>\n","protected":false},"excerpt":{"rendered":"<p>Gesch\u00e4ftsbereich Landwirtschaft INDUSTRI verf\u00fcgt \u00fcber mehr als 60 Jahre Erfahrung in der Entwicklung und Fertigung von kundenspezifischen Ersatzteilen und Teilen f\u00fcr den Agrarbereich. Wir entwerfen, bemustern und fertigen mechanisch und elektrisch bet\u00e4tigte Vorh\u00e4nge und Rollos sowie Innen- und Au\u00dfenspiegel f\u00fcr alle Arten landwirtschaftlicher Fahrzeuge wie Traktoren, Anh\u00e4nger oder Erntemaschinen. Unser Ingenieurteam kann jedes unserer Zubeh\u00f6rteile [&hellip;]<\/p>\n","protected":false},"author":3,"featured_media":305,"parent":0,"menu_order":0,"comment_status":"closed","ping_status":"closed","template":"page-agricola.php","meta":{"footnotes":""},"class_list":["post-8654","page","type-page","status-publish","has-post-thumbnail","hentry"],"yoast_head":"<!-- This site is optimized with the Yoast SEO plugin v27.5 - https:\/\/yoast.com\/product\/yoast-seo-wordpress\/ -->\n<title>Gesch\u00e4ftsbereich Landwirtschaft - INDUSTRI<\/title>\n<meta name=\"description\" content=\"Wir haben mehr als 60 Jahre Erfahrung in der Entwicklung und Fertigung kundenspezifischer Teile f\u00fcr landwirtschaftliche Fahrzeuge, wie z. B. Traktoren oder Erntemaschinen.\" \/>\n<meta name=\"robots\" content=\"index, follow, max-snippet:-1, max-image-preview:large, max-video-preview:-1\" \/>\n<link rel=\"canonical\" href=\"https:\/\/www.industri-sl.com\/de\/landwirtschaft\/\" \/>\n<meta property=\"og:locale\" content=\"de_DE\" \/>\n<meta property=\"og:type\" content=\"article\" \/>\n<meta property=\"og:title\" content=\"Gesch\u00e4ftsbereich Landwirtschaft - INDUSTRI\" \/>\n<meta property=\"og:description\" content=\"Wir haben mehr als 60 Jahre Erfahrung in der Entwicklung und Fertigung kundenspezifischer Teile f\u00fcr landwirtschaftliche Fahrzeuge, wie z. B. Traktoren oder Erntemaschinen.\" \/>\n<meta property=\"og:url\" content=\"https:\/\/www.industri-sl.com\/de\/landwirtschaft\/\" \/>\n<meta property=\"og:site_name\" content=\"Industri SL\" \/>\n<meta property=\"article:modified_time\" content=\"2020-01-28T09:34:40+00:00\" \/>\n<meta property=\"og:image\" content=\"https:\/\/www.industri-sl.com\/wp-content\/uploads\/cortinas-tractores-1.jpg\" \/>\n\t<meta property=\"og:image:width\" content=\"1920\" \/>\n\t<meta property=\"og:image:height\" content=\"247\" \/>\n\t<meta property=\"og:image:type\" content=\"image\/jpeg\" \/>\n<meta name=\"twitter:card\" content=\"summary_large_image\" \/>\n<script type=\"application\/ld+json\" class=\"yoast-schema-graph\">{\"@context\":\"https:\\\/\\\/schema.org\",\"@graph\":[{\"@type\":\"WebPage\",\"@id\":\"https:\\\/\\\/www.industri-sl.com\\\/de\\\/landwirtschaft\\\/\",\"url\":\"https:\\\/\\\/www.industri-sl.com\\\/de\\\/landwirtschaft\\\/\",\"name\":\"Gesch\u00e4ftsbereich Landwirtschaft - INDUSTRI\",\"isPartOf\":{\"@id\":\"https:\\\/\\\/www.industri-sl.com\\\/de\\\/#website\"},\"primaryImageOfPage\":{\"@id\":\"https:\\\/\\\/www.industri-sl.com\\\/de\\\/landwirtschaft\\\/#primaryimage\"},\"image\":{\"@id\":\"https:\\\/\\\/www.industri-sl.com\\\/de\\\/landwirtschaft\\\/#primaryimage\"},\"thumbnailUrl\":\"https:\\\/\\\/www.industri-sl.com\\\/wp-content\\\/uploads\\\/cortinas-tractores-1.jpg\",\"datePublished\":\"2019-10-03T08:20:19+00:00\",\"dateModified\":\"2020-01-28T09:34:40+00:00\",\"description\":\"Wir haben mehr als 60 Jahre Erfahrung in der Entwicklung und Fertigung kundenspezifischer Teile f\u00fcr landwirtschaftliche Fahrzeuge, wie z. B. Traktoren oder Erntemaschinen.\",\"breadcrumb\":{\"@id\":\"https:\\\/\\\/www.industri-sl.com\\\/de\\\/landwirtschaft\\\/#breadcrumb\"},\"inLanguage\":\"de\",\"potentialAction\":[{\"@type\":\"ReadAction\",\"target\":[\"https:\\\/\\\/www.industri-sl.com\\\/de\\\/landwirtschaft\\\/\"]}]},{\"@type\":\"ImageObject\",\"inLanguage\":\"de\",\"@id\":\"https:\\\/\\\/www.industri-sl.com\\\/de\\\/landwirtschaft\\\/#primaryimage\",\"url\":\"https:\\\/\\\/www.industri-sl.com\\\/wp-content\\\/uploads\\\/cortinas-tractores-1.jpg\",\"contentUrl\":\"https:\\\/\\\/www.industri-sl.com\\\/wp-content\\\/uploads\\\/cortinas-tractores-1.jpg\",\"width\":1920,\"height\":247,\"caption\":\"Cortinas para tractore\"},{\"@type\":\"BreadcrumbList\",\"@id\":\"https:\\\/\\\/www.industri-sl.com\\\/de\\\/landwirtschaft\\\/#breadcrumb\",\"itemListElement\":[{\"@type\":\"ListItem\",\"position\":1,\"name\":\"Inicio\",\"item\":\"https:\\\/\\\/www.industri-sl.com\\\/de\\\/\"},{\"@type\":\"ListItem\",\"position\":2,\"name\":\"Gesch\u00e4ftsbereich Landwirtschaft\"}]},{\"@type\":\"WebSite\",\"@id\":\"https:\\\/\\\/www.industri-sl.com\\\/de\\\/#website\",\"url\":\"https:\\\/\\\/www.industri-sl.com\\\/de\\\/\",\"name\":\"Industri SL\",\"description\":\"\",\"publisher\":{\"@id\":\"https:\\\/\\\/www.industri-sl.com\\\/de\\\/#organization\"},\"potentialAction\":[{\"@type\":\"SearchAction\",\"target\":{\"@type\":\"EntryPoint\",\"urlTemplate\":\"https:\\\/\\\/www.industri-sl.com\\\/de\\\/?s={search_term_string}\"},\"query-input\":{\"@type\":\"PropertyValueSpecification\",\"valueRequired\":true,\"valueName\":\"search_term_string\"}}],\"inLanguage\":\"de\"},{\"@type\":\"Organization\",\"@id\":\"https:\\\/\\\/www.industri-sl.com\\\/de\\\/#organization\",\"name\":\"Industri SL\",\"url\":\"https:\\\/\\\/www.industri-sl.com\\\/de\\\/\",\"logo\":{\"@type\":\"ImageObject\",\"inLanguage\":\"de\",\"@id\":\"https:\\\/\\\/www.industri-sl.com\\\/de\\\/#\\\/schema\\\/logo\\\/image\\\/\",\"url\":\"https:\\\/\\\/www.industri-sl.com\\\/wp-content\\\/uploads\\\/industri-logo.png\",\"contentUrl\":\"https:\\\/\\\/www.industri-sl.com\\\/wp-content\\\/uploads\\\/industri-logo.png\",\"width\":248,\"height\":45,\"caption\":\"Industri SL\"},\"image\":{\"@id\":\"https:\\\/\\\/www.industri-sl.com\\\/de\\\/#\\\/schema\\\/logo\\\/image\\\/\"}}]}<\/script>\n<!-- \/ Yoast SEO plugin. -->","yoast_head_json":{"title":"Gesch\u00e4ftsbereich Landwirtschaft - INDUSTRI","description":"Wir haben mehr als 60 Jahre Erfahrung in der Entwicklung und Fertigung kundenspezifischer Teile f\u00fcr landwirtschaftliche Fahrzeuge, wie z. B. Traktoren oder Erntemaschinen.","robots":{"index":"index","follow":"follow","max-snippet":"max-snippet:-1","max-image-preview":"max-image-preview:large","max-video-preview":"max-video-preview:-1"},"canonical":"https:\/\/www.industri-sl.com\/de\/landwirtschaft\/","og_locale":"de_DE","og_type":"article","og_title":"Gesch\u00e4ftsbereich Landwirtschaft - INDUSTRI","og_description":"Wir haben mehr als 60 Jahre Erfahrung in der Entwicklung und Fertigung kundenspezifischer Teile f\u00fcr landwirtschaftliche Fahrzeuge, wie z. B. Traktoren oder Erntemaschinen.","og_url":"https:\/\/www.industri-sl.com\/de\/landwirtschaft\/","og_site_name":"Industri SL","article_modified_time":"2020-01-28T09:34:40+00:00","og_image":[{"width":1920,"height":247,"url":"https:\/\/www.industri-sl.com\/wp-content\/uploads\/cortinas-tractores-1.jpg","type":"image\/jpeg"}],"twitter_card":"summary_large_image","schema":{"@context":"https:\/\/schema.org","@graph":[{"@type":"WebPage","@id":"https:\/\/www.industri-sl.com\/de\/landwirtschaft\/","url":"https:\/\/www.industri-sl.com\/de\/landwirtschaft\/","name":"Gesch\u00e4ftsbereich Landwirtschaft - INDUSTRI","isPartOf":{"@id":"https:\/\/www.industri-sl.com\/de\/#website"},"primaryImageOfPage":{"@id":"https:\/\/www.industri-sl.com\/de\/landwirtschaft\/#primaryimage"},"image":{"@id":"https:\/\/www.industri-sl.com\/de\/landwirtschaft\/#primaryimage"},"thumbnailUrl":"https:\/\/www.industri-sl.com\/wp-content\/uploads\/cortinas-tractores-1.jpg","datePublished":"2019-10-03T08:20:19+00:00","dateModified":"2020-01-28T09:34:40+00:00","description":"Wir haben mehr als 60 Jahre Erfahrung in der Entwicklung und Fertigung kundenspezifischer Teile f\u00fcr landwirtschaftliche Fahrzeuge, wie z. B. Traktoren oder Erntemaschinen.","breadcrumb":{"@id":"https:\/\/www.industri-sl.com\/de\/landwirtschaft\/#breadcrumb"},"inLanguage":"de","potentialAction":[{"@type":"ReadAction","target":["https:\/\/www.industri-sl.com\/de\/landwirtschaft\/"]}]},{"@type":"ImageObject","inLanguage":"de","@id":"https:\/\/www.industri-sl.com\/de\/landwirtschaft\/#primaryimage","url":"https:\/\/www.industri-sl.com\/wp-content\/uploads\/cortinas-tractores-1.jpg","contentUrl":"https:\/\/www.industri-sl.com\/wp-content\/uploads\/cortinas-tractores-1.jpg","width":1920,"height":247,"caption":"Cortinas para tractore"},{"@type":"BreadcrumbList","@id":"https:\/\/www.industri-sl.com\/de\/landwirtschaft\/#breadcrumb","itemListElement":[{"@type":"ListItem","position":1,"name":"Inicio","item":"https:\/\/www.industri-sl.com\/de\/"},{"@type":"ListItem","position":2,"name":"Gesch\u00e4ftsbereich Landwirtschaft"}]},{"@type":"WebSite","@id":"https:\/\/www.industri-sl.com\/de\/#website","url":"https:\/\/www.industri-sl.com\/de\/","name":"Industri SL","description":"","publisher":{"@id":"https:\/\/www.industri-sl.com\/de\/#organization"},"potentialAction":[{"@type":"SearchAction","target":{"@type":"EntryPoint","urlTemplate":"https:\/\/www.industri-sl.com\/de\/?s={search_term_string}"},"query-input":{"@type":"PropertyValueSpecification","valueRequired":true,"valueName":"search_term_string"}}],"inLanguage":"de"},{"@type":"Organization","@id":"https:\/\/www.industri-sl.com\/de\/#organization","name":"Industri SL","url":"https:\/\/www.industri-sl.com\/de\/","logo":{"@type":"ImageObject","inLanguage":"de","@id":"https:\/\/www.industri-sl.com\/de\/#\/schema\/logo\/image\/","url":"https:\/\/www.industri-sl.com\/wp-content\/uploads\/industri-logo.png","contentUrl":"https:\/\/www.industri-sl.com\/wp-content\/uploads\/industri-logo.png","width":248,"height":45,"caption":"Industri SL"},"image":{"@id":"https:\/\/www.industri-sl.com\/de\/#\/schema\/logo\/image\/"}}]}},"_links":{"self":[{"href":"https:\/\/www.industri-sl.com\/de\/wp-json\/wp\/v2\/pages\/8654","targetHints":{"allow":["GET"]}}],"collection":[{"href":"https:\/\/www.industri-sl.com\/de\/wp-json\/wp\/v2\/pages"}],"about":[{"href":"https:\/\/www.industri-sl.com\/de\/wp-json\/wp\/v2\/types\/page"}],"author":[{"embeddable":true,"href":"https:\/\/www.industri-sl.com\/de\/wp-json\/wp\/v2\/users\/3"}],"replies":[{"embeddable":true,"href":"https:\/\/www.industri-sl.com\/de\/wp-json\/wp\/v2\/comments?post=8654"}],"version-history":[{"count":0,"href":"https:\/\/www.industri-sl.com\/de\/wp-json\/wp\/v2\/pages\/8654\/revisions"}],"wp:featuredmedia":[{"embeddable":true,"href":"https:\/\/www.industri-sl.com\/de\/wp-json\/wp\/v2\/media\/305"}],"wp:attachment":[{"href":"https:\/\/www.industri-sl.com\/de\/wp-json\/wp\/v2\/media?parent=8654"}],"curies":[{"name":"wp","href":"https:\/\/api.w.org\/{rel}","templated":true}]}}