{"id":12006,"date":"2021-06-28T11:52:43","date_gmt":"2021-06-28T09:52:43","guid":{"rendered":"https:\/\/www.industri-sl.com\/?page_id=12006"},"modified":"2021-08-13T13:56:30","modified_gmt":"2021-08-13T11:56:30","slug":"cookie-richtlinie","status":"publish","type":"page","link":"https:\/\/www.industri-sl.com\/de\/cookie-richtlinie\/","title":{"rendered":"Cookie-Richtlinie"},"content":{"rendered":"<p>INDUSTRI verwendet Cookies, um Ihnen einen besseren Service und ein besseres Surferlebnis zu bieten. Wir m\u00f6chten Sie klar und pr\u00e4zise \u00fcber die von uns verwendeten Cookies informieren. Im Folgenden erfahren Sie, was ein Cookie ist, wozu es dient, welche Arten von Cookies wir verwenden, wozu sie dienen und wie Sie sie auf Wunsch konfigurieren oder deaktivieren k\u00f6nnen.<\/p>\n<h3>Was ist ein Cookie und wozu dient es?<\/h3>\n<p>Ein Cookie ist eine kleine Datei, die auf dem Computer, Tablet, Smartphone oder einem anderen Ger\u00e4t des Benutzers mit Navigationsinformationen gespeichert wird.<\/p>\n<p>Die Gesamtheit an Cookies aller unserer Benutzer hilft uns, die Qualit\u00e4t unserer Website zu verbessern und zu kontrollieren, welche Seiten n\u00fctzlich sind, welche nicht und welche verbesserungsf\u00e4hig sind.<\/p>\n<p>Cookies sind f\u00fcr den Betrieb des Internets unerl\u00e4sslich. Sie bieten unz\u00e4hlige Vorteile bei der Bereitstellung interaktiver Dienste und erleichtern das Surfen auf sowie die Benutzerfreundlichkeit unserer Website. In keinem Fall k\u00f6nnen Cookies Ihren Computer besch\u00e4digen. Andererseits hilfst es uns, Fehler zu identifizieren und zu beheben, wenn sie aktiviert sind.<\/p>\n<h3>Welche Arten von Cookies verwenden wir?<\/h3>\n<h4><strong>Nach der Einrichtung, die es verwaltet<\/strong><\/h4>\n<h5><strong>Eigene Cookies<\/strong><\/h5>\n<p>Eigene Cookies sind diejenigen, die von unseren eigenen Computern oder Dom\u00e4nen an Ihren Computer gesendet werden und von denen aus wir den von Ihnen angeforderten Service bereitstellen.<\/p>\n<h5>Cookies von Drittanbietern<\/h5>\n<p>Dies sind diejenigen, die von einem Computer oder einer Dom\u00e4ne an Ihren Computer gesendet werden, die nicht von uns, sondern von einem anderen Partnerunternehmen verwaltet werden. Zum Beispiel solche, die von sozialen Netzwerken oder externen Inhalten wie Google Maps verwendet werden.<\/p>\n<h4>Je nach Zeitraum, w\u00e4hrend dem sie aktiviert bleiben<\/h4>\n<h5>Sitzungs-Cookies<\/h5>\n<p>Hierbei handelt es sich um tempor\u00e4re Cookies, die in der Cookie-Datei Ihres Browsers verbleiben, bis Sie die Website verlassen, weshalb keines auf der Festplatte Ihres Computers registriert wird. Die durch diese Cookies erhaltenen Informationen werden zur Analyse von Verkehrsmustern im Web verwendet. Auf diese Weise k\u00f6nnen wir auf lange Sicht ein besseres Erlebnis bieten, um den Inhalt zu verbessern und seine Verwendung zu erleichtern.<\/p>\n<h5>Permanente Cookies<\/h5>\n<p>Sie werden auf der Festplatte gespeichert und bei jedem neuen Besuch von unserer Website gelesen. Ein dauerhaftes Cookie hat ein bestimmtes Ablaufdatum. Nach diesem Datum funktioniert das Cookie nicht mehr.<\/p>\n<h4>Zweckgebunden Cookies<\/h4>\n<h5>Technische Cookies<\/h5>\n<p>Sie sind f\u00fcr die Navigation und das reibungslose Funktionieren unserer Website erforderlich. Sie erm\u00f6glichen beispielsweise, den Verkehr und die Datenkommunikation zu steuern, auf Teile mit eingeschr\u00e4nktem Zugriff zuzugreifen, Sicherheitsfunktionen zu verwenden, Inhalte zu speichern, um Videos zu verbreiten oder Inhalte \u00fcber soziale Netzwerke zu teilen.<\/p>\n<h5>Personalisierte Cookies<\/h5>\n<p>Sie erm\u00f6glichen Ihnen den Zugriff auf den Dienst mit vorab definierten Merkmalen, die auf einer Reihe von Kriterien basieren, z. B. der Sprache, dem Browsertyp, \u00fcber den auf den Dienst zugegriffen wird, der regionalen Konfiguration, von der aus auf den Dienst zugegriffen wird usw.<\/p>\n<h5>Analyse-Cookies<\/h5>\n<p>Sie erm\u00f6glichen es uns, die Anzahl der Nutzer zu quantifizieren und auf diese Weise die Nutzung der angebotenen Dienste zu messen und statistisch zu analysieren. Hierzu analysieren wir Ihr Surfverhalten auf unserer Website, um das Angebot unserer Produkte und Dienstleistungen zu verbessern.<\/p>\n<h5>Werbe-Cookies<\/h5>\n<p>Sie erm\u00f6glichen eine m\u00f6glichst effiziente Verwaltung der Werbefl\u00e4chen, die auf unserer Website enthalten sein k\u00f6nnen.<\/p>\n<h5>Cookies f\u00fcr Verhaltenswerbung<\/h5>\n<p>Diese Cookies speichern Informationen zum Nutzerverhalten, die durch kontinuierliche Beobachtung erhalten werden. Dank ihnen k\u00f6nnen wir mehr \u00fcber das Surfen im Internet erfahren und Ihnen Werbung in Bezug auf Ihr Surfprofil anzeigen.<\/p>\n<h3>Zweck jedes der verwendeten Cookies<\/h3>\n<p>Nachfolgend beschreiben wir die auf unserer Website verwendeten Cookies und deren Zweck.<\/p>\n<h4>Liste der in der Domain industri-sl.com verwendeten Cookies<\/h4>\n<h5>Erforderliche Cookies<\/h5>\n<table style=\"border-collapse: collapse;\">\n<tbody>\n<tr>\n<th style=\"border: 1px solid black; text-align: left;\">NAME<\/th>\n<th style=\"border: 1px solid black; text-align: left;\">SENDE-SERVER<\/th>\n<th style=\"border: 1px solid black; text-align: left;\">BESCHREIBUNG<\/th>\n<th style=\"border: 1px solid black; text-align: left;\">DAUER<\/th>\n<\/tr>\n<tr>\n<td style=\"border: 1px solid black; text-align: left;\">CONSENT<\/td>\n<td style=\"border: 1px solid black; text-align: left;\">.google.com<\/td>\n<td style=\"border: 1px solid black; text-align: left;\">Allgemeine Zustimmung zu Cookies.<\/td>\n<td style=\"border: 1px solid black; text-align: left;\">1 Jahr<\/td>\n<\/tr>\n<\/tbody>\n<\/table>\n<h5>Statistiche cookies<\/h5>\n<table style=\"border-collapse: collapse;\">\n<tbody>\n<tr>\n<th style=\"border: 1px solid black; text-align: left;\">NAME<\/th>\n<th style=\"border: 1px solid black; text-align: left;\">SENDE-SERVER<\/th>\n<th style=\"border: 1px solid black; text-align: left;\">BESCHREIBUNG<\/th>\n<th style=\"border: 1px solid black; text-align: left;\">DAUER<\/th>\n<\/tr>\n<tr>\n<td style=\"border: 1px solid black; text-align: left;\">_dc_gtm_[ID]<\/td>\n<td style=\"border: 1px solid black; text-align: left;\">.industri-sl.com<\/td>\n<td style=\"border: 1px solid black; text-align: left;\">Wird verwendet, um den Prozentsatz der Anfragen zu begrenzen.<\/td>\n<td style=\"border: 1px solid black; text-align: left;\">1 Minute<\/td>\n<\/tr>\n<tr>\n<td style=\"border: 1px solid black; text-align: left;\">_ga<\/td>\n<td style=\"border: 1px solid black; text-align: left;\">.industri-sl.com<\/td>\n<td style=\"border: 1px solid black; text-align: left;\">Zeichnet eine eindeutige ID auf, um statistische Daten dar\u00fcber zu generieren, wie der Benutzer die Website nutzt.<\/td>\n<td style=\"border: 1px solid black; text-align: left;\">2 Jahre<\/td>\n<\/tr>\n<tr>\n<td style=\"border: 1px solid black; text-align: left;\">_ga_[ID]<\/td>\n<td style=\"border: 1px solid black; text-align: left;\">.industri-sl.com<\/td>\n<td style=\"border: 1px solid black; text-align: left;\">Wird verwendet, um den Sitzungsstatus aufrechtzuerhalten.<\/td>\n<td style=\"border: 1px solid black; text-align: left;\">2 Jahre<\/td>\n<\/tr>\n<tr>\n<td style=\"border: 1px solid black; text-align: left;\">_gat_[ID]<\/td>\n<td style=\"border: 1px solid black; text-align: left;\">.industri-sl.com<\/td>\n<td style=\"border: 1px solid black; text-align: left;\">Wird verwendet, um den Prozentsatz der Anfragen zu begrenzen.<\/td>\n<td style=\"border: 1px solid black; text-align: left;\">1 Minute<\/td>\n<\/tr>\n<tr>\n<td style=\"border: 1px solid black; text-align: left;\">_gid<\/td>\n<td style=\"border: 1px solid black; text-align: left;\">.industri-sl.com<\/td>\n<td style=\"border: 1px solid black; text-align: left;\">Dient zur Unterscheidung der Benutzer.<\/td>\n<td style=\"border: 1px solid black; text-align: left;\">1 Tag<\/td>\n<\/tr>\n<\/tbody>\n<\/table>\n<h5>Marketing cookies<\/h5>\n<table style=\"border-collapse: collapse;\">\n<tbody>\n<tr>\n<th style=\"border: 1px solid black; text-align: left;\">NAME<\/th>\n<th style=\"border: 1px solid black; text-align: left;\">SENDE-SERVER<\/th>\n<th style=\"border: 1px solid black; text-align: left;\">BESCHREIBUNG<\/th>\n<th style=\"border: 1px solid black; text-align: left;\">DAUER<\/th>\n<\/tr>\n<tr>\n<td style=\"border: 1px solid black; text-align: left;\">_hjAbsoluteSessionInProgress<\/td>\n<td style=\"border: 1px solid black; text-align: left;\">.industri-sl.com<\/td>\n<td style=\"border: 1px solid black; text-align: left;\">Identifiziert den ersten Seitenaufruf eines Benutzers.<\/td>\n<td style=\"border: 1px solid black; text-align: left;\">30 Minuten<\/td>\n<\/tr>\n<tr>\n<td style=\"border: 1px solid black; text-align: left;\">_hjFirstSeen<\/td>\n<td style=\"border: 1px solid black; text-align: left;\">.industri-sl.com<\/td>\n<td style=\"border: 1px solid black; text-align: left;\">Identifiziert die erste Sitzung eines neuen Benutzers.<\/td>\n<td style=\"border: 1px solid black; text-align: left;\">Sitzung<\/td>\n<\/tr>\n<tr>\n<td style=\"border: 1px solid black; text-align: left;\">_hjIncludedInPageviewSample<\/td>\n<td style=\"border: 1px solid black; text-align: left;\">www.industri-sl.com<\/td>\n<td style=\"border: 1px solid black; text-align: left;\">Erm\u00f6glicht zu identifizieren, welcher Benutzer in der durch die Begrenzung der Seitenaufrufe der Website definierten Datenprobe enthalten ist.<\/td>\n<td style=\"border: 1px solid black; text-align: left;\">30 Minuten<\/td>\n<\/tr>\n<tr>\n<td style=\"border: 1px solid black; text-align: left;\">_hjTLDTest<\/td>\n<td style=\"border: 1px solid black; text-align: left;\">.industri-sl.com<\/td>\n<td style=\"border: 1px solid black; text-align: left;\">Jedes Mal, wenn Hotjar ausgef\u00fchrt wird, versucht es, einen m\u00f6glichst generischen Pfad zu ermitteln, anstatt den Hostnamen der Seite zu verwenden. Dies geschieht, um Cookies zwischen Subdomains (sofern zutreffend) teilen zu k\u00f6nnen. Um dies zu bestimmen, versuchen sie, dieses Cookie in verschiedenen alternativen URL-Teilzeichenfolgen zu speichern, bis es fehlschl\u00e4gt. Nach dieser Pr\u00fcfung wird das Cookie gel\u00f6scht.<\/td>\n<td style=\"border: 1px solid black; text-align: left;\">Sitzung<\/td>\n<\/tr>\n<tr>\n<td style=\"border: 1px solid black; text-align: left;\">_hjid<\/td>\n<td style=\"border: 1px solid black; text-align: left;\">.industri-sl.com<\/td>\n<td style=\"border: 1px solid black; text-align: left;\">Wird ausgel\u00f6st, wenn der Benutzer zum ersten Mal auf eine Seite gelangt, auf der das Hotjar-Skript installiert ist. Sie dient zur anonymen Identifizierung des Benutzers, um nachfolgende Besuche derselben Benutzer-ID zuzuordnen.<\/td>\n<td style=\"border: 1px solid black; text-align: left;\">1 Jahr<\/td>\n<\/tr>\n<tr>\n<td style=\"border: 1px solid black; text-align: left;\">iutk<\/td>\n<td style=\"border: 1px solid black; text-align: left;\">.issuu.com<\/td>\n<td style=\"border: 1px solid black; text-align: left;\">Erkennt das Ger\u00e4t des Benutzers und die gelesenen Issuu-Dokumente.<\/td>\n<td style=\"border: 1px solid black; text-align: left;\">1 Tag<\/td>\n<\/tr>\n<tr>\n<td style=\"border: 1px solid black; text-align: left;\">mautic_device_id<\/td>\n<td style=\"border: 1px solid black; text-align: left;\">www.industri-sl.com<\/td>\n<td style=\"border: 1px solid black; text-align: left;\">Weist jedem Ger\u00e4t eine ID zu.<\/td>\n<td style=\"border: 1px solid black; text-align: left;\">1 Jahr<\/td>\n<\/tr>\n<tr>\n<td style=\"border: 1px solid black; text-align: left;\">mautic_referer_id<\/td>\n<td style=\"border: 1px solid black; text-align: left;\">www.industri-sl.com<\/td>\n<td style=\"border: 1px solid black; text-align: left;\">Verweis auf die vom Besucher zuletzt besuchte Seite.<\/td>\n<td style=\"border: 1px solid black; text-align: left;\">Sitzung<\/td>\n<\/tr>\n<tr>\n<td style=\"border: 1px solid black; text-align: left;\">mautic_session_id<\/td>\n<td style=\"border: 1px solid black; text-align: left;\">\u00a0www.industri-sl.com<\/td>\n<td style=\"border: 1px solid black; text-align: left;\">Es registriert eine eindeutige Identifizierung f\u00fcr jeden Benutzer und wird verwendet, um statistische Daten dar\u00fcber zu generieren, wie der Besucher die Website \u00fcber eine lokale Installation von Mautic nutzt.<\/td>\n<td style=\"border: 1px solid black; text-align: left;\">Sitzung<\/td>\n<\/tr>\n<tr>\n<td style=\"border: 1px solid black; text-align: left;\">mc<\/td>\n<td style=\"border: 1px solid black; text-align: left;\">.quantserve.com<\/td>\n<td style=\"border: 1px solid black; text-align: left;\">Sammelt Benutzerdaten \u00fcber die besuchten Seiten, um gezielt Werbung zu machen.<\/td>\n<td style=\"border: 1px solid black; text-align: left;\">396 Tage<\/td>\n<\/tr>\n<tr>\n<td style=\"border: 1px solid black; text-align: left;\">cref<\/td>\n<td style=\"border: 1px solid black; text-align: left;\">.quantserve.com<\/td>\n<td style=\"border: 1px solid black; text-align: left;\">Sammelt Benutzerdaten \u00fcber die besuchten Seiten, um gezielt Werbung zu machen.<\/td>\n<td style=\"border: 1px solid black; text-align: left;\">396 Tage<\/td>\n<\/tr>\n<tr>\n<td style=\"border: 1px solid black; text-align: left;\">mtc_id<\/td>\n<td style=\"border: 1px solid black; text-align: left;\">\u00a0www.industri-sl.com<\/td>\n<td style=\"border: 1px solid black; text-align: left;\">Weist jedem Benutzer eine ID zu.<\/td>\n<td style=\"border: 1px solid black; text-align: left;\">Sitzung<\/td>\n<\/tr>\n<tr>\n<td style=\"border: 1px solid black; text-align: left;\">mtc_sid<\/td>\n<td style=\"border: 1px solid black; text-align: left;\">\u00a0www.industri-sl.com<\/td>\n<td style=\"border: 1px solid black; text-align: left;\">Funktionales Cookie f\u00fcr Mautic-Formulare.<\/td>\n<td style=\"border: 1px solid black; text-align: left;\">Sitzung<\/td>\n<\/tr>\n<tr>\n<td style=\"border: 1px solid black; text-align: left;\">test_cookie<\/td>\n<td style=\"border: 1px solid black; text-align: left;\">.doubleclick.net<\/td>\n<td style=\"border: 1px solid black; text-align: left;\">Wird verwendet, um zu pr\u00fcfen, ob der Browser des Benutzers Cookies unterst\u00fctzt.<\/td>\n<td style=\"border: 1px solid black; text-align: left;\">1 Tag<\/td>\n<\/tr>\n<tr>\n<td style=\"border: 1px solid black; text-align: left;\">IDE<\/td>\n<td style=\"border: 1px solid black; text-align: left;\">.doubleclick.net<\/td>\n<td style=\"border: 1px solid black; text-align: left;\">Wird f\u00fcr eine erneute Zielausrichtung, Optimierung, Auswertung und Zuordnung von Online-Anzeigen verwendet.<\/td>\n<td style=\"border: 1px solid black; text-align: left;\">1 Jahr<\/td>\n<\/tr>\n<tr>\n<td style=\"border: 1px solid black; text-align: left;\">VISITOR_INFO1_LIVE<\/td>\n<td style=\"border: 1px solid black; text-align: left;\">.youtube.com<\/td>\n<td style=\"border: 1px solid black; text-align: left;\">Wird von YouTube verwendet, um Benutzereinstellungen zu speichern.<\/td>\n<td style=\"border: 1px solid black; text-align: left;\">6 Monate<\/td>\n<\/tr>\n<tr>\n<td style=\"border: 1px solid black; text-align: left;\">YSC<\/td>\n<td style=\"border: 1px solid black; text-align: left;\">.youtube.com<\/td>\n<td style=\"border: 1px solid black; text-align: left;\">Wird von YouTube verwendet, um Benutzereinstellungen zu speichern.<\/td>\n<td style=\"border: 1px solid black; text-align: left;\">Sitzung<\/td>\n<\/tr>\n<tr>\n<td style=\"border: 1px solid black; text-align: left;\">_fbp<\/td>\n<td style=\"border: 1px solid black; text-align: left;\">.industri-sl.com<\/td>\n<td style=\"border: 1px solid black; text-align: left;\">Wird von Facebook f\u00fcr Werbung, Echtzeitgebote von Drittanbietern verwendet.<\/td>\n<td style=\"border: 1px solid black; text-align: left;\">3 Monate<\/td>\n<\/tr>\n<tr>\n<td style=\"border: 1px solid black; text-align: left;\">_gaexp<\/td>\n<td style=\"border: 1px solid black; text-align: left;\">.industri-sl.com<\/td>\n<td style=\"border: 1px solid black; text-align: left;\">Wird verwendet, um die Aufnahme eines Benutzers in ein Experiment sowie die Dauer der Experimente, an denen er teilnimmt, zu bestimmen.<\/td>\n<td style=\"border: 1px solid black; text-align: left;\">90 Tage<\/td>\n<\/tr>\n<tr>\n<td style=\"border: 1px solid black; text-align: left;\">_gcl_au<\/td>\n<td style=\"border: 1px solid black; text-align: left;\">.industri-sl.com<\/td>\n<td style=\"border: 1px solid black; text-align: left;\">Wird f\u00fcr die Zuweisung von Werbeumsetzungen verwendet.<\/td>\n<td style=\"border: 1px solid black; text-align: left;\">90 Tage<\/td>\n<\/tr>\n<\/tbody>\n<\/table>\n<p>&nbsp;<\/p>\n<h4>Wie k\u00f6nnen Sie Ihre Cookies konfigurieren oder deaktivieren?<\/h4>\n<p>Sie k\u00f6nnen die auf Ihrem Computer installierten Cookies zulassen, blockieren oder l\u00f6schen, indem Sie die Optionen Ihres Internetbrowsers konfigurieren. Falls Sie die Installation von Cookies in Ihrem Browser nicht zulassen, k\u00f6nnen Sie m\u00f6glicherweise nicht auf alle Dienste zugreifen und Ihre Erfahrungen auf unserer Website sind m\u00f6glicherweise weniger zufriedenstellend.<\/p>\n<p>\u00dcber die folgenden Links stehen Ihnen alle Informationen zur Verf\u00fcgung, um Ihre Cookies in jedem Browser zu konfigurieren oder zu deaktivieren:<\/p>\n<ul>\n<li><a href=\"https:\/\/support.google.com\/chrome\/answer\/95647?hl=es\">Google Chrome<\/a><\/li>\n<li><a href=\"https:\/\/support.mozilla.org\/es\/kb\/habilitar-y-deshabilitar-cookies-que-los-sitios-we\">Mozilla Firefox<\/a><\/li>\n<li><a href=\"http:\/\/windows.microsoft.com\/es-es\/windows-vista\/block-or-allow-cookies\">Internet Explorer<\/a><\/li>\n<li><a href=\"https:\/\/support.apple.com\/es-es\/guide\/safari\/sfri11471\/mac\">Safari<\/a><\/li>\n<li><a href=\"http:\/\/support.apple.com\/kb\/ht1677?viewlocale=es_es\">Safari f\u00fcr IOS (iPhone y iPad)<\/a><\/li>\n<li><a href=\"https:\/\/support.google.com\/chrome\/answer\/2392971?hl=es\">Chrome f\u00fcr Android<\/a><\/li>\n<\/ul>\n<h3>Einverst\u00e4ndniserkl\u00e4rung<\/h3>\n<p>INDUSTRI speichert niemals die pers\u00f6nlichen Daten unserer Benutzer, mit Ausnahme der oben beschriebenen IP-Adresse, es sei denn, Sie m\u00f6chten sich freiwillig registrieren, um mit uns in Kontakt zu treten oder Informationen \u00fcber Werbeaktionen und Inhalte von Interesse f\u00fcr Sie zu erhalten.<\/p>\n<p>Wenn Sie den Cookie-Hinweis akzeptieren, den Sie beim Aufrufen unserer Website vorfinden, stimmen Sie der Verwendung der oben genannten Cookies und den in dieser Cookie-Richtlinie enthaltenen Bedingungen zu.<\/p>\n","protected":false},"excerpt":{"rendered":"<p>INDUSTRI verwendet Cookies, um Ihnen einen besseren Service und ein besseres Surferlebnis zu bieten. Wir m\u00f6chten Sie klar und pr\u00e4zise \u00fcber die von uns verwendeten Cookies informieren. Im Folgenden erfahren Sie, was ein Cookie ist, wozu es dient, welche Arten von Cookies wir verwenden, wozu sie dienen und wie Sie sie auf Wunsch konfigurieren oder [&hellip;]<\/p>\n","protected":false},"author":3,"featured_media":0,"parent":0,"menu_order":0,"comment_status":"closed","ping_status":"closed","template":"","meta":{"footnotes":""},"class_list":["post-12006","page","type-page","status-publish","hentry"],"yoast_head":"<!-- This site is optimized with the Yoast SEO plugin v27.5 - https:\/\/yoast.com\/product\/yoast-seo-wordpress\/ -->\n<title>Cookie-Richtlinie - Industri SL<\/title>\n<meta name=\"robots\" content=\"index, follow, max-snippet:-1, max-image-preview:large, max-video-preview:-1\" \/>\n<link rel=\"canonical\" href=\"https:\/\/www.industri-sl.com\/de\/cookie-richtlinie\/\" \/>\n<meta property=\"og:locale\" content=\"de_DE\" \/>\n<meta property=\"og:type\" content=\"article\" \/>\n<meta property=\"og:title\" content=\"Cookie-Richtlinie - Industri SL\" \/>\n<meta property=\"og:description\" content=\"INDUSTRI verwendet Cookies, um Ihnen einen besseren Service und ein besseres Surferlebnis zu bieten. Wir m\u00f6chten Sie klar und pr\u00e4zise \u00fcber die von uns verwendeten Cookies informieren. Im Folgenden erfahren Sie, was ein Cookie ist, wozu es dient, welche Arten von Cookies wir verwenden, wozu sie dienen und wie Sie sie auf Wunsch konfigurieren oder [&hellip;]\" \/>\n<meta property=\"og:url\" content=\"https:\/\/www.industri-sl.com\/de\/cookie-richtlinie\/\" \/>\n<meta property=\"og:site_name\" content=\"Industri SL\" \/>\n<meta property=\"article:modified_time\" content=\"2021-08-13T11:56:30+00:00\" \/>\n<meta name=\"twitter:card\" content=\"summary_large_image\" \/>\n<meta name=\"twitter:label1\" content=\"Gesch\u00e4tzte Lesezeit\" \/>\n\t<meta name=\"twitter:data1\" content=\"6\u00a0Minuten\" \/>\n<script type=\"application\/ld+json\" class=\"yoast-schema-graph\">{\"@context\":\"https:\\\/\\\/schema.org\",\"@graph\":[{\"@type\":\"WebPage\",\"@id\":\"https:\\\/\\\/www.industri-sl.com\\\/de\\\/cookie-richtlinie\\\/\",\"url\":\"https:\\\/\\\/www.industri-sl.com\\\/de\\\/cookie-richtlinie\\\/\",\"name\":\"Cookie-Richtlinie - Industri SL\",\"isPartOf\":{\"@id\":\"https:\\\/\\\/www.industri-sl.com\\\/de\\\/#website\"},\"datePublished\":\"2021-06-28T09:52:43+00:00\",\"dateModified\":\"2021-08-13T11:56:30+00:00\",\"breadcrumb\":{\"@id\":\"https:\\\/\\\/www.industri-sl.com\\\/de\\\/cookie-richtlinie\\\/#breadcrumb\"},\"inLanguage\":\"de\",\"potentialAction\":[{\"@type\":\"ReadAction\",\"target\":[\"https:\\\/\\\/www.industri-sl.com\\\/de\\\/cookie-richtlinie\\\/\"]}]},{\"@type\":\"BreadcrumbList\",\"@id\":\"https:\\\/\\\/www.industri-sl.com\\\/de\\\/cookie-richtlinie\\\/#breadcrumb\",\"itemListElement\":[{\"@type\":\"ListItem\",\"position\":1,\"name\":\"Inicio\",\"item\":\"https:\\\/\\\/www.industri-sl.com\\\/de\\\/\"},{\"@type\":\"ListItem\",\"position\":2,\"name\":\"Cookie-Richtlinie\"}]},{\"@type\":\"WebSite\",\"@id\":\"https:\\\/\\\/www.industri-sl.com\\\/de\\\/#website\",\"url\":\"https:\\\/\\\/www.industri-sl.com\\\/de\\\/\",\"name\":\"Industri SL\",\"description\":\"\",\"publisher\":{\"@id\":\"https:\\\/\\\/www.industri-sl.com\\\/de\\\/#organization\"},\"potentialAction\":[{\"@type\":\"SearchAction\",\"target\":{\"@type\":\"EntryPoint\",\"urlTemplate\":\"https:\\\/\\\/www.industri-sl.com\\\/de\\\/?s={search_term_string}\"},\"query-input\":{\"@type\":\"PropertyValueSpecification\",\"valueRequired\":true,\"valueName\":\"search_term_string\"}}],\"inLanguage\":\"de\"},{\"@type\":\"Organization\",\"@id\":\"https:\\\/\\\/www.industri-sl.com\\\/de\\\/#organization\",\"name\":\"Industri SL\",\"url\":\"https:\\\/\\\/www.industri-sl.com\\\/de\\\/\",\"logo\":{\"@type\":\"ImageObject\",\"inLanguage\":\"de\",\"@id\":\"https:\\\/\\\/www.industri-sl.com\\\/de\\\/#\\\/schema\\\/logo\\\/image\\\/\",\"url\":\"https:\\\/\\\/www.industri-sl.com\\\/wp-content\\\/uploads\\\/industri-logo.png\",\"contentUrl\":\"https:\\\/\\\/www.industri-sl.com\\\/wp-content\\\/uploads\\\/industri-logo.png\",\"width\":248,\"height\":45,\"caption\":\"Industri SL\"},\"image\":{\"@id\":\"https:\\\/\\\/www.industri-sl.com\\\/de\\\/#\\\/schema\\\/logo\\\/image\\\/\"}}]}<\/script>\n<!-- \/ Yoast SEO plugin. -->","yoast_head_json":{"title":"Cookie-Richtlinie - Industri SL","robots":{"index":"index","follow":"follow","max-snippet":"max-snippet:-1","max-image-preview":"max-image-preview:large","max-video-preview":"max-video-preview:-1"},"canonical":"https:\/\/www.industri-sl.com\/de\/cookie-richtlinie\/","og_locale":"de_DE","og_type":"article","og_title":"Cookie-Richtlinie - Industri SL","og_description":"INDUSTRI verwendet Cookies, um Ihnen einen besseren Service und ein besseres Surferlebnis zu bieten. Wir m\u00f6chten Sie klar und pr\u00e4zise \u00fcber die von uns verwendeten Cookies informieren. Im Folgenden erfahren Sie, was ein Cookie ist, wozu es dient, welche Arten von Cookies wir verwenden, wozu sie dienen und wie Sie sie auf Wunsch konfigurieren oder [&hellip;]","og_url":"https:\/\/www.industri-sl.com\/de\/cookie-richtlinie\/","og_site_name":"Industri SL","article_modified_time":"2021-08-13T11:56:30+00:00","twitter_card":"summary_large_image","twitter_misc":{"Gesch\u00e4tzte Lesezeit":"6\u00a0Minuten"},"schema":{"@context":"https:\/\/schema.org","@graph":[{"@type":"WebPage","@id":"https:\/\/www.industri-sl.com\/de\/cookie-richtlinie\/","url":"https:\/\/www.industri-sl.com\/de\/cookie-richtlinie\/","name":"Cookie-Richtlinie - Industri SL","isPartOf":{"@id":"https:\/\/www.industri-sl.com\/de\/#website"},"datePublished":"2021-06-28T09:52:43+00:00","dateModified":"2021-08-13T11:56:30+00:00","breadcrumb":{"@id":"https:\/\/www.industri-sl.com\/de\/cookie-richtlinie\/#breadcrumb"},"inLanguage":"de","potentialAction":[{"@type":"ReadAction","target":["https:\/\/www.industri-sl.com\/de\/cookie-richtlinie\/"]}]},{"@type":"BreadcrumbList","@id":"https:\/\/www.industri-sl.com\/de\/cookie-richtlinie\/#breadcrumb","itemListElement":[{"@type":"ListItem","position":1,"name":"Inicio","item":"https:\/\/www.industri-sl.com\/de\/"},{"@type":"ListItem","position":2,"name":"Cookie-Richtlinie"}]},{"@type":"WebSite","@id":"https:\/\/www.industri-sl.com\/de\/#website","url":"https:\/\/www.industri-sl.com\/de\/","name":"Industri SL","description":"","publisher":{"@id":"https:\/\/www.industri-sl.com\/de\/#organization"},"potentialAction":[{"@type":"SearchAction","target":{"@type":"EntryPoint","urlTemplate":"https:\/\/www.industri-sl.com\/de\/?s={search_term_string}"},"query-input":{"@type":"PropertyValueSpecification","valueRequired":true,"valueName":"search_term_string"}}],"inLanguage":"de"},{"@type":"Organization","@id":"https:\/\/www.industri-sl.com\/de\/#organization","name":"Industri SL","url":"https:\/\/www.industri-sl.com\/de\/","logo":{"@type":"ImageObject","inLanguage":"de","@id":"https:\/\/www.industri-sl.com\/de\/#\/schema\/logo\/image\/","url":"https:\/\/www.industri-sl.com\/wp-content\/uploads\/industri-logo.png","contentUrl":"https:\/\/www.industri-sl.com\/wp-content\/uploads\/industri-logo.png","width":248,"height":45,"caption":"Industri SL"},"image":{"@id":"https:\/\/www.industri-sl.com\/de\/#\/schema\/logo\/image\/"}}]}},"_links":{"self":[{"href":"https:\/\/www.industri-sl.com\/de\/wp-json\/wp\/v2\/pages\/12006","targetHints":{"allow":["GET"]}}],"collection":[{"href":"https:\/\/www.industri-sl.com\/de\/wp-json\/wp\/v2\/pages"}],"about":[{"href":"https:\/\/www.industri-sl.com\/de\/wp-json\/wp\/v2\/types\/page"}],"author":[{"embeddable":true,"href":"https:\/\/www.industri-sl.com\/de\/wp-json\/wp\/v2\/users\/3"}],"replies":[{"embeddable":true,"href":"https:\/\/www.industri-sl.com\/de\/wp-json\/wp\/v2\/comments?post=12006"}],"version-history":[{"count":0,"href":"https:\/\/www.industri-sl.com\/de\/wp-json\/wp\/v2\/pages\/12006\/revisions"}],"wp:attachment":[{"href":"https:\/\/www.industri-sl.com\/de\/wp-json\/wp\/v2\/media?parent=12006"}],"curies":[{"name":"wp","href":"https:\/\/api.w.org\/{rel}","templated":true}]}}