{"id":11648,"date":"2021-04-28T09:44:57","date_gmt":"2021-04-28T07:44:57","guid":{"rendered":"https:\/\/www.industri-sl.com\/impresion-3d\/"},"modified":"2021-10-01T14:24:07","modified_gmt":"2021-10-01T12:24:07","slug":"impresion-3d","status":"publish","type":"page","link":"https:\/\/www.industri-sl.com\/de\/impresion-3d\/","title":{"rendered":"3D-Druck"},"content":{"rendered":"<div class=\"flex impresion\" style=\"margin: 50px 0;\">\n<div style=\"width: 40%;\">\n<h2>3D-DRUCK-SERVICE<\/h2>\n<p>Als Spezialist f\u00fcr kundenspezifische Fertigung verf\u00fcgt INDUSTRI \u00fcber einen industriellen 3D-Druck-Service. Auf diese Weise k\u00f6nnen wir einen integralen Service bieten,<strong> angefangen von der Entwicklungsphase bis hin zur Produktion von funktionalen Prototypen und kundenspezifischen Teilen sowie von kleinen und mittleren Serien.<\/strong><\/p>\n<p><a class=\"boton sin\" href=\"#formulario\">&gt; Unverbindlich beraten<\/a><\/p>\n<\/div>\n<div style=\"width: 50%;  text-align: center;\"><iframe loading=\"lazy\" width=\"560\" height=\"315\" src=\"https:\/\/www.youtube-nocookie.com\/embed\/4AcnJCifpSI?rel=0\" title=\"YouTube video player\" frameborder=\"0\" allow=\"accelerometer; autoplay; clipboard-write; encrypted-media; gyroscope; picture-in-picture\" allowfullscreen><\/iframe><\/div>\n<\/div>\n<div class=\"flex cont-grey\" style=\"margin: 0px;\">\n<div>\n<h2>Vorteile des 3D-Drucks<\/h2>\n<\/div>\n<\/div>\n<div class=\"flex cont-grey impresion impr-beneficios\" style=\"margin: 0px; justify-content: normal;\">\n<div><img decoding=\"async\" src=\"https:\/\/www.industri-sl.com\/wp-content\/uploads\/imagen-fabricacion-precision.jpg\" \/><\/div>\n<div style=\"width: 50%;\">\n<h3><img decoding=\"async\" src=\"https:\/\/www.industri-sl.com\/wp-content\/uploads\/bullet-beneficios.png\" \/>Pr\u00e4zisionsfertigung<\/h3>\n<p>Ausgehend von der additiven Fertigung <strong>k\u00f6nnen wir komplexe 3D-Designs mit hoher Pr\u00e4zision und mechanischen und thermisch-isotropischen Eigenschaften erstellen.<\/strong> Wir fertigen Prototypen und Teile mit optimaler Qualit\u00e4t und absoluter Funktionalit\u00e4t.<\/p>\n<\/div>\n<\/div>\n<div class=\"flex cont-grey impresion impr-beneficios\" style=\"margin: 0px; justify-content: normal;\">\n<div><img decoding=\"async\" src=\"https:\/\/www.industri-sl.com\/wp-content\/uploads\/imagen-impresiona-3d-color.jpg\" \/><\/div>\n<div style=\"width: 50%;\">\n<h3><img decoding=\"async\" src=\"https:\/\/www.industri-sl.com\/wp-content\/uploads\/bullet-beneficios.png\" \/>3D-Farbdruck<\/h3>\n<p>Um einen vollst\u00e4ndig kundenspezifischen Service sicherzustellen, bietet INDUSTRI <strong>die M\u00f6glichkeit des 3D-Drucks als Farbdruck oder in Schwarz-Wei\u00df.<\/strong> Hinzuf\u00fcgen von Farbe und klare Darstellung des Endergebnisses des Teils.<\/p>\n<\/div>\n<\/div>\n<div class=\"flex cont-grey impresion impr-beneficios\" style=\"margin: 0px; justify-content: normal;\">\n<div><img decoding=\"async\" src=\"https:\/\/www.industri-sl.com\/wp-content\/uploads\/imagen-aceleracion-procesos.jpg\" \/><\/div>\n<div style=\"width: 50%;\">\n<h3><img decoding=\"async\" src=\"https:\/\/www.industri-sl.com\/wp-content\/uploads\/bullet-beneficios.png\" \/> Beschleunigung der Prozesse<\/h3>\n<p><strong>Dank des 3D-Drucks werden die Fertigungsprozesse sowohl im Falle der Prototypenherstellung als auch der Serienproduktion beschleunigt.<\/strong> Wir schaffen einen Prototyp oder ein Funktionsteil und fertigen verschiedene Ausf\u00fchrungen in nur wenigen Stunden.<\/p>\n<\/div>\n<\/div>\n<div class=\"flex cont-white\" style=\"margin: 0px;\">\n<div>\n<h2>Unser 3D-Drucks-Service<\/h2>\n<\/div>\n<\/div>\n<div class=\"flex cont-white impresion impr-beneficios\" style=\"margin: 0px; justify-content: normal;\">\n<div><img decoding=\"async\" src=\"https:\/\/www.industri-sl.com\/wp-content\/uploads\/creacion-rapida-prototipos.jpg\" \/><\/div>\n<div style=\"width: 50%;\">\n<h3><img decoding=\"async\" src=\"https:\/\/www.industri-sl.com\/wp-content\/uploads\/bullet-beneficios.png\" \/>Rapid Prototyping<\/h3>\n<p>3D-Druck von Prototypen zur Bewertung des Aussehens, der Ergonomie und des Einsatzes des Teils oder Produkts vor der Fertigung.<\/p>\n<\/div>\n<\/div>\n<div class=\"flex cont-white impresion impr-beneficios\" style=\"margin: 0px; justify-content: normal;\">\n<div><img decoding=\"async\" src=\"https:\/\/www.industri-sl.com\/wp-content\/uploads\/facbricacion-tiradas-cortas.jpg\" \/><\/div>\n<div style=\"width: 50%;\">\n<h3><img decoding=\"async\" src=\"https:\/\/www.industri-sl.com\/wp-content\/uploads\/bullet-beneficios.png\" \/>Kleinserienfertigung<\/h3>\n<p>Schnelle Aufnahme der Produktion und Fertigung von Teilen w\u00e4hrend der Herstellung der Gussform, womit durch Wartezeiten verursachte Kosten reduziert werden.<\/p>\n<\/div>\n<\/div>\n<div class=\"flex cont-white impresion impr-beneficios\" style=\"margin: 0px; justify-content: normal;\">\n<div><img decoding=\"async\" src=\"https:\/\/www.industri-sl.com\/wp-content\/uploads\/modelos-apariencia.jpg\" \/><\/div>\n<div style=\"width: 50%;\">\n<h3><img decoding=\"async\" src=\"https:\/\/www.industri-sl.com\/wp-content\/uploads\/bullet-beneficios.png\" \/>Anschauungsmodelle<\/h3>\n<p>Anschauungsmodelle erm\u00f6glichen, das Design in seiner tats\u00e4chlichen physischen Form zu sehen, anzufassen und zu bewerten. Mit diesen Modellen kann sowohl das Design eines Teils oder Produkts verifiziert als auch seine Leistung und Belastbarkeit unter simulierten Bedingungen getestet werden.\n<\/p><\/div>\n<\/div>\n<div class=\"flex cont-grey impresion impr-tecnologia\" style=\"margin: 50px 0;\">\n<div style=\"width: 50%;\">\n<h2>Innovative Technik: Multi Jet Fusion<\/h2>\n<p><strong>Wir verwenden diese hochmoderne Technologie im Bereich des 3D-Drucks, um einen kompletten und qualitativ hochwertigen Service bieten zu k\u00f6nnen.<\/strong> Wir benutzen HP Vulcan 580 Drucker mit Multi Jet Fusion System, ideal f\u00fcr eine schnelle Prototypenerstellung.<\/p>\n<p><strong>Die Multi Jet Fusion Technologie arbeitet mit einem Druckkopf, der eine w\u00e4rmeleitende Fl\u00fcssigkeit, die als Fusion Agent bezeichnet wird, auf eine Pulverschicht abgibt.<\/strong> Unmittelbar nach dem Druck wird als W\u00e4rmequelle Infrarotlicht eingesetzt. Das Pulver in den Bereichen mit dem Wirkstoff Fusion Agent erw\u00e4rmt sich effizienter als das Pulver ohne den Wirkstoff; ersteres verschmilzt und daraus entsteht das fertige Teil.<\/p>\n<p><a class=\"boton sin\" href=\"#formulario\">&gt; Weitere Informationen<\/a><\/p>\n<\/div>\n<div style=\"width: 50%; text-align: center;\"><img decoding=\"async\" src=\"https:\/\/www.industri-sl.com\/wp-content\/uploads\/imagen-tecnologia-innovadora.jpg\" \/><\/div>\n<\/div>\n<div class=\"flex impresion\" style=\"margin: 50px 0;\">\n<div style=\"width: 50%;\">\n<h2>Material<\/h2>\n<p>Polyamid 12, auch PA 12 oder Nylon 12 genannt, ist ein verbreitet genutztes Polymer, das f\u00fcr seine <strong>Z\u00e4higkeit, Zugfestigkeit, Schlagfestigkeit und f\u00fcr seine F\u00e4higkeit bekannt ist, sich bruchfrei zu biegen. PA 12 wurde wegen seiner mechanischen Eigenschaften lange Zeit f\u00fcr die Herstellung von Spritzgussformen verwendet.<\/strong> Seit Kurzem wird PA 12 als g\u00e4ngiger Werkstoff f\u00fcr die Herstellung von Funktionsteilen und Prototypen in additiven Fertigungsprozessen verwendet.<\/p>\n<p>Polyamid 12 ist ein selbsttragendes Pulver, <strong>das keine St\u00fctzstrukturen erfordert, und eine ideale Option sowohl f\u00fcr funktionale Prototypen als auch f\u00fcr Funktionsteile.<\/strong> Au\u00dferdem bietet dieses Material die M\u00f6glichkeit von Ergebnissen, die raue Texturen, Pr\u00e4gungen, Gravuren oder Beschriftungen einschlie\u00dfen.<\/p>\n<\/div>\n<div style=\"width: 50%; text-align: center;\"><img decoding=\"async\" src=\"https:\/\/www.industri-sl.com\/wp-content\/uploads\/imagen-materiales.jpg\" \/><\/div>\n<\/div>\n<h2>Kundenbranchen<\/h2>\n<p>Der 3D-Service von INDUSTRI wird von zahlreichen Branchen genutzt:<\/p>\n<div class=\"flex impresion-sectores\">\n<div><img decoding=\"async\" src=\"https:\/\/www.industri-sl.com\/wp-content\/uploads\/imagen-fabricante-ferrocarriles-aleman.jpg\" \/><\/div>\n<div><img decoding=\"async\" src=\"https:\/\/www.industri-sl.com\/wp-content\/uploads\/imagen-autobuses-autocares-aleman.jpg\" \/><\/div>\n<div><img decoding=\"async\" src=\"https:\/\/www.industri-sl.com\/wp-content\/uploads\/imagen-camiones-aleman.jpg\" \/><\/div>\n<\/div>\n<div class=\"flex impresion-sectores\">\n<div><img decoding=\"async\" src=\"https:\/\/www.industri-sl.com\/wp-content\/uploads\/imagen-vehiculos-urbanos-aleman.jpg\" \/><\/div>\n<div><img decoding=\"async\" src=\"https:\/\/www.industri-sl.com\/wp-content\/uploads\/imagen-vehiculos-especiales-aleman.jpg\" \/><\/div>\n<div><img decoding=\"async\" src=\"https:\/\/www.industri-sl.com\/wp-content\/uploads\/imagen-maquinaria-agricola-aleman.jpg\" \/><\/div>\n<\/div>\n<div class=\"contact-section tren-contact\">\n<div id=\"formulario\">\n<h2>KONTAKT ODER FORDERN SIE EIN ANGEBOT<\/h2>\n<p>Unverbindlich beraten<\/p>\n\n<div class=\"wpcf7 no-js\" id=\"wpcf7-f9794-o1\" lang=\"de-DE\" dir=\"ltr\" data-wpcf7-id=\"9794\">\n<div class=\"screen-reader-response\"><p role=\"status\" aria-live=\"polite\" aria-atomic=\"true\"><\/p> <ul><\/ul><\/div>\n<form action=\"\/de\/wp-json\/wp\/v2\/pages\/11648#wpcf7-f9794-o1\" method=\"post\" class=\"wpcf7-form init wpcf7-acceptance-as-validation\" aria-label=\"Kontaktformular\" novalidate=\"novalidate\" data-status=\"init\">\n<fieldset class=\"hidden-fields-container\"><input type=\"hidden\" name=\"_wpcf7\" value=\"9794\" \/><input type=\"hidden\" name=\"_wpcf7_version\" value=\"6.1.5\" \/><input type=\"hidden\" name=\"_wpcf7_locale\" value=\"de_DE\" \/><input type=\"hidden\" name=\"_wpcf7_unit_tag\" value=\"wpcf7-f9794-o1\" \/><input type=\"hidden\" name=\"_wpcf7_container_post\" value=\"0\" \/><input type=\"hidden\" name=\"_wpcf7_posted_data_hash\" value=\"\" \/><input type=\"hidden\" name=\"_wpcf7_recaptcha_response\" value=\"\" \/>\n<\/fieldset>\n<div class=\"flex\">\n\t<div class=\"col-2\">\n\t\t<p><label> Name*<br \/>\n<span class=\"wpcf7-form-control-wrap\" data-name=\"nombre\"><input size=\"40\" maxlength=\"400\" class=\"wpcf7-form-control wpcf7-text wpcf7-validates-as-required\" aria-required=\"true\" aria-invalid=\"false\" value=\"\" type=\"text\" name=\"nombre\" \/><\/span> <\/label>\n\t\t<\/p>\n\t<\/div>\n\t<div class=\"col-2\">\n\t\t<p><label> E-Mail-Adresse*<br \/>\n<span class=\"wpcf7-form-control-wrap\" data-name=\"correo\"><input size=\"40\" maxlength=\"400\" class=\"wpcf7-form-control wpcf7-email wpcf7-validates-as-required wpcf7-text wpcf7-validates-as-email\" aria-required=\"true\" aria-invalid=\"false\" value=\"\" type=\"email\" name=\"correo\" \/><\/span> <\/label>\n\t\t<\/p>\n\t<\/div>\n<\/div>\n<div class=\"flex\">\n\t<div class=\"col-2\">\n\t\t<p><label> Firma*<br \/>\n<span class=\"wpcf7-form-control-wrap\" data-name=\"empresa\"><input size=\"40\" maxlength=\"400\" class=\"wpcf7-form-control wpcf7-text wpcf7-validates-as-required\" aria-required=\"true\" aria-invalid=\"false\" value=\"\" type=\"text\" name=\"empresa\" \/><\/span> <\/label>\n\t\t<\/p>\n\t<\/div>\n\t<div class=\"col-2\">\n\t\t<p><label> Telefonnummer<br \/>\n<span class=\"wpcf7-form-control-wrap\" data-name=\"telefono\"><input size=\"40\" maxlength=\"400\" class=\"wpcf7-form-control wpcf7-tel wpcf7-text wpcf7-validates-as-tel\" aria-invalid=\"false\" value=\"\" type=\"tel\" name=\"telefono\" \/><\/span> <\/label>\n\t\t<\/p>\n\t<\/div>\n<\/div>\n<p><label> Was brauchen Sie?<br \/>\n<span class=\"wpcf7-form-control-wrap\" data-name=\"mensaje\"><textarea cols=\"40\" rows=\"10\" maxlength=\"2000\" class=\"wpcf7-form-control wpcf7-textarea\" aria-invalid=\"false\" name=\"mensaje\"><\/textarea><\/span> <\/label>\n<\/p>\n<p><span class=\"wpcf7-form-control-wrap\" data-name=\"privacidad\"><span class=\"wpcf7-form-control wpcf7-acceptance\"><span class=\"wpcf7-list-item\"><label><input type=\"checkbox\" name=\"privacidad\" value=\"1\" aria-invalid=\"false\" \/><span class=\"wpcf7-list-item-label\">Ich akzeptiere <a rel=\"nofollow\" target=\"_blank\" href=\"https:\/\/www.industri-sl.com\/aviso-legal\/#privacidad\">die rechtlichen Hinweise<\/a>.<\/span><\/label><\/span><\/span><\/span>\n<\/p>\n<p><input class=\"wpcf7-form-control wpcf7-submit has-spinner\" type=\"submit\" value=\"Senden\" \/>\n<\/p>\n<p class='ciluzu'><span class=\"wpcf7-form-control-wrap\" data-name=\"ciluzu\"><input size=\"40\" maxlength=\"400\" class=\"wpcf7-form-control wpcf7-text\" aria-invalid=\"false\" value=\"\" type=\"text\" name=\"ciluzu\" \/><\/span>\n<\/p>\n<p class='nugeji'><span class=\"wpcf7-form-control-wrap\" data-name=\"nugeji\"><input size=\"40\" maxlength=\"400\" class=\"wpcf7-form-control wpcf7-text\" aria-invalid=\"false\" value=\"\" type=\"text\" name=\"nugeji\" \/><\/span>\n<\/p><p style=\"display: none !important;\" class=\"akismet-fields-container\" data-prefix=\"_wpcf7_ak_\"><label>&#916;<textarea name=\"_wpcf7_ak_hp_textarea\" cols=\"45\" rows=\"8\" maxlength=\"100\"><\/textarea><\/label><input type=\"hidden\" id=\"ak_js_1\" name=\"_wpcf7_ak_js\" value=\"82\"\/><script type=\"text\/javascript\">\n\/* <![CDATA[ *\/\ndocument.getElementById( \"ak_js_1\" ).setAttribute( \"value\", ( new Date() ).getTime() );\n\/* ]]> *\/\n<\/script>\n<\/p><div class=\"wpcf7-response-output\" aria-hidden=\"true\"><\/div>\n<\/form>\n<\/div>\n\n<\/div>\n<\/div>\n","protected":false},"excerpt":{"rendered":"<p>3D-DRUCK-SERVICE Als Spezialist f\u00fcr kundenspezifische Fertigung verf\u00fcgt INDUSTRI \u00fcber einen industriellen 3D-Druck-Service. Auf diese Weise k\u00f6nnen wir einen integralen Service bieten, angefangen von der Entwicklungsphase bis hin zur Produktion von funktionalen Prototypen und kundenspezifischen Teilen sowie von kleinen und mittleren Serien. &gt; Unverbindlich beraten Vorteile des 3D-Drucks Pr\u00e4zisionsfertigung Ausgehend von der additiven Fertigung k\u00f6nnen wir [&hellip;]<\/p>\n","protected":false},"author":3,"featured_media":0,"parent":0,"menu_order":0,"comment_status":"closed","ping_status":"closed","template":"page-fullwidth.php","meta":{"footnotes":""},"class_list":["post-11648","page","type-page","status-publish","hentry"],"yoast_head":"<!-- This site is optimized with the Yoast SEO plugin v27.5 - https:\/\/yoast.com\/product\/yoast-seo-wordpress\/ -->\n<title>3D-Druck - Industri SL<\/title>\n<meta name=\"description\" content=\"Als Spezialist f\u00fcr kundenspezifische Fertigung verf\u00fcgt INDUSTRI \u00fcber einen industriellen 3D-Druck-Service.\" \/>\n<meta name=\"robots\" content=\"index, follow, max-snippet:-1, max-image-preview:large, max-video-preview:-1\" \/>\n<link rel=\"canonical\" href=\"https:\/\/www.industri-sl.com\/de\/impresion-3d\/\" \/>\n<meta property=\"og:locale\" content=\"de_DE\" \/>\n<meta property=\"og:type\" content=\"article\" \/>\n<meta property=\"og:title\" content=\"3D-Druck - Industri SL\" \/>\n<meta property=\"og:description\" content=\"Als Spezialist f\u00fcr kundenspezifische Fertigung verf\u00fcgt INDUSTRI \u00fcber einen industriellen 3D-Druck-Service.\" \/>\n<meta property=\"og:url\" content=\"https:\/\/www.industri-sl.com\/de\/impresion-3d\/\" \/>\n<meta property=\"og:site_name\" content=\"Industri SL\" \/>\n<meta property=\"article:modified_time\" content=\"2021-10-01T12:24:07+00:00\" \/>\n<meta property=\"og:image\" content=\"https:\/\/www.industri-sl.com\/wp-content\/uploads\/imagen-fabricacion-precision.jpg\" \/>\n<meta name=\"twitter:card\" content=\"summary_large_image\" \/>\n<meta name=\"twitter:label1\" content=\"Gesch\u00e4tzte Lesezeit\" \/>\n\t<meta name=\"twitter:data1\" content=\"5\u00a0Minuten\" \/>\n<script type=\"application\/ld+json\" class=\"yoast-schema-graph\">{\"@context\":\"https:\\\/\\\/schema.org\",\"@graph\":[{\"@type\":\"WebPage\",\"@id\":\"https:\\\/\\\/www.industri-sl.com\\\/de\\\/impresion-3d\\\/\",\"url\":\"https:\\\/\\\/www.industri-sl.com\\\/de\\\/impresion-3d\\\/\",\"name\":\"3D-Druck - Industri SL\",\"isPartOf\":{\"@id\":\"https:\\\/\\\/www.industri-sl.com\\\/de\\\/#website\"},\"primaryImageOfPage\":{\"@id\":\"https:\\\/\\\/www.industri-sl.com\\\/de\\\/impresion-3d\\\/#primaryimage\"},\"image\":{\"@id\":\"https:\\\/\\\/www.industri-sl.com\\\/de\\\/impresion-3d\\\/#primaryimage\"},\"thumbnailUrl\":\"https:\\\/\\\/www.industri-sl.com\\\/wp-content\\\/uploads\\\/imagen-fabricacion-precision.jpg\",\"datePublished\":\"2021-04-28T07:44:57+00:00\",\"dateModified\":\"2021-10-01T12:24:07+00:00\",\"description\":\"Als Spezialist f\u00fcr kundenspezifische Fertigung verf\u00fcgt INDUSTRI \u00fcber einen industriellen 3D-Druck-Service.\",\"breadcrumb\":{\"@id\":\"https:\\\/\\\/www.industri-sl.com\\\/de\\\/impresion-3d\\\/#breadcrumb\"},\"inLanguage\":\"de\",\"potentialAction\":[{\"@type\":\"ReadAction\",\"target\":[\"https:\\\/\\\/www.industri-sl.com\\\/de\\\/impresion-3d\\\/\"]}]},{\"@type\":\"ImageObject\",\"inLanguage\":\"de\",\"@id\":\"https:\\\/\\\/www.industri-sl.com\\\/de\\\/impresion-3d\\\/#primaryimage\",\"url\":\"https:\\\/\\\/www.industri-sl.com\\\/wp-content\\\/uploads\\\/imagen-fabricacion-precision.jpg\",\"contentUrl\":\"https:\\\/\\\/www.industri-sl.com\\\/wp-content\\\/uploads\\\/imagen-fabricacion-precision.jpg\"},{\"@type\":\"BreadcrumbList\",\"@id\":\"https:\\\/\\\/www.industri-sl.com\\\/de\\\/impresion-3d\\\/#breadcrumb\",\"itemListElement\":[{\"@type\":\"ListItem\",\"position\":1,\"name\":\"Inicio\",\"item\":\"https:\\\/\\\/www.industri-sl.com\\\/de\\\/\"},{\"@type\":\"ListItem\",\"position\":2,\"name\":\"3D-Druck\"}]},{\"@type\":\"WebSite\",\"@id\":\"https:\\\/\\\/www.industri-sl.com\\\/de\\\/#website\",\"url\":\"https:\\\/\\\/www.industri-sl.com\\\/de\\\/\",\"name\":\"Industri SL\",\"description\":\"\",\"publisher\":{\"@id\":\"https:\\\/\\\/www.industri-sl.com\\\/de\\\/#organization\"},\"potentialAction\":[{\"@type\":\"SearchAction\",\"target\":{\"@type\":\"EntryPoint\",\"urlTemplate\":\"https:\\\/\\\/www.industri-sl.com\\\/de\\\/?s={search_term_string}\"},\"query-input\":{\"@type\":\"PropertyValueSpecification\",\"valueRequired\":true,\"valueName\":\"search_term_string\"}}],\"inLanguage\":\"de\"},{\"@type\":\"Organization\",\"@id\":\"https:\\\/\\\/www.industri-sl.com\\\/de\\\/#organization\",\"name\":\"Industri SL\",\"url\":\"https:\\\/\\\/www.industri-sl.com\\\/de\\\/\",\"logo\":{\"@type\":\"ImageObject\",\"inLanguage\":\"de\",\"@id\":\"https:\\\/\\\/www.industri-sl.com\\\/de\\\/#\\\/schema\\\/logo\\\/image\\\/\",\"url\":\"https:\\\/\\\/www.industri-sl.com\\\/wp-content\\\/uploads\\\/industri-logo.png\",\"contentUrl\":\"https:\\\/\\\/www.industri-sl.com\\\/wp-content\\\/uploads\\\/industri-logo.png\",\"width\":248,\"height\":45,\"caption\":\"Industri SL\"},\"image\":{\"@id\":\"https:\\\/\\\/www.industri-sl.com\\\/de\\\/#\\\/schema\\\/logo\\\/image\\\/\"}}]}<\/script>\n<!-- \/ Yoast SEO plugin. -->","yoast_head_json":{"title":"3D-Druck - Industri SL","description":"Als Spezialist f\u00fcr kundenspezifische Fertigung verf\u00fcgt INDUSTRI \u00fcber einen industriellen 3D-Druck-Service.","robots":{"index":"index","follow":"follow","max-snippet":"max-snippet:-1","max-image-preview":"max-image-preview:large","max-video-preview":"max-video-preview:-1"},"canonical":"https:\/\/www.industri-sl.com\/de\/impresion-3d\/","og_locale":"de_DE","og_type":"article","og_title":"3D-Druck - Industri SL","og_description":"Als Spezialist f\u00fcr kundenspezifische Fertigung verf\u00fcgt INDUSTRI \u00fcber einen industriellen 3D-Druck-Service.","og_url":"https:\/\/www.industri-sl.com\/de\/impresion-3d\/","og_site_name":"Industri SL","article_modified_time":"2021-10-01T12:24:07+00:00","og_image":[{"url":"https:\/\/www.industri-sl.com\/wp-content\/uploads\/imagen-fabricacion-precision.jpg","type":"","width":"","height":""}],"twitter_card":"summary_large_image","twitter_misc":{"Gesch\u00e4tzte Lesezeit":"5\u00a0Minuten"},"schema":{"@context":"https:\/\/schema.org","@graph":[{"@type":"WebPage","@id":"https:\/\/www.industri-sl.com\/de\/impresion-3d\/","url":"https:\/\/www.industri-sl.com\/de\/impresion-3d\/","name":"3D-Druck - Industri SL","isPartOf":{"@id":"https:\/\/www.industri-sl.com\/de\/#website"},"primaryImageOfPage":{"@id":"https:\/\/www.industri-sl.com\/de\/impresion-3d\/#primaryimage"},"image":{"@id":"https:\/\/www.industri-sl.com\/de\/impresion-3d\/#primaryimage"},"thumbnailUrl":"https:\/\/www.industri-sl.com\/wp-content\/uploads\/imagen-fabricacion-precision.jpg","datePublished":"2021-04-28T07:44:57+00:00","dateModified":"2021-10-01T12:24:07+00:00","description":"Als Spezialist f\u00fcr kundenspezifische Fertigung verf\u00fcgt INDUSTRI \u00fcber einen industriellen 3D-Druck-Service.","breadcrumb":{"@id":"https:\/\/www.industri-sl.com\/de\/impresion-3d\/#breadcrumb"},"inLanguage":"de","potentialAction":[{"@type":"ReadAction","target":["https:\/\/www.industri-sl.com\/de\/impresion-3d\/"]}]},{"@type":"ImageObject","inLanguage":"de","@id":"https:\/\/www.industri-sl.com\/de\/impresion-3d\/#primaryimage","url":"https:\/\/www.industri-sl.com\/wp-content\/uploads\/imagen-fabricacion-precision.jpg","contentUrl":"https:\/\/www.industri-sl.com\/wp-content\/uploads\/imagen-fabricacion-precision.jpg"},{"@type":"BreadcrumbList","@id":"https:\/\/www.industri-sl.com\/de\/impresion-3d\/#breadcrumb","itemListElement":[{"@type":"ListItem","position":1,"name":"Inicio","item":"https:\/\/www.industri-sl.com\/de\/"},{"@type":"ListItem","position":2,"name":"3D-Druck"}]},{"@type":"WebSite","@id":"https:\/\/www.industri-sl.com\/de\/#website","url":"https:\/\/www.industri-sl.com\/de\/","name":"Industri SL","description":"","publisher":{"@id":"https:\/\/www.industri-sl.com\/de\/#organization"},"potentialAction":[{"@type":"SearchAction","target":{"@type":"EntryPoint","urlTemplate":"https:\/\/www.industri-sl.com\/de\/?s={search_term_string}"},"query-input":{"@type":"PropertyValueSpecification","valueRequired":true,"valueName":"search_term_string"}}],"inLanguage":"de"},{"@type":"Organization","@id":"https:\/\/www.industri-sl.com\/de\/#organization","name":"Industri SL","url":"https:\/\/www.industri-sl.com\/de\/","logo":{"@type":"ImageObject","inLanguage":"de","@id":"https:\/\/www.industri-sl.com\/de\/#\/schema\/logo\/image\/","url":"https:\/\/www.industri-sl.com\/wp-content\/uploads\/industri-logo.png","contentUrl":"https:\/\/www.industri-sl.com\/wp-content\/uploads\/industri-logo.png","width":248,"height":45,"caption":"Industri SL"},"image":{"@id":"https:\/\/www.industri-sl.com\/de\/#\/schema\/logo\/image\/"}}]}},"_links":{"self":[{"href":"https:\/\/www.industri-sl.com\/de\/wp-json\/wp\/v2\/pages\/11648","targetHints":{"allow":["GET"]}}],"collection":[{"href":"https:\/\/www.industri-sl.com\/de\/wp-json\/wp\/v2\/pages"}],"about":[{"href":"https:\/\/www.industri-sl.com\/de\/wp-json\/wp\/v2\/types\/page"}],"author":[{"embeddable":true,"href":"https:\/\/www.industri-sl.com\/de\/wp-json\/wp\/v2\/users\/3"}],"replies":[{"embeddable":true,"href":"https:\/\/www.industri-sl.com\/de\/wp-json\/wp\/v2\/comments?post=11648"}],"version-history":[{"count":0,"href":"https:\/\/www.industri-sl.com\/de\/wp-json\/wp\/v2\/pages\/11648\/revisions"}],"wp:attachment":[{"href":"https:\/\/www.industri-sl.com\/de\/wp-json\/wp\/v2\/media?parent=11648"}],"curies":[{"name":"wp","href":"https:\/\/api.w.org\/{rel}","templated":true}]}}